{"id":178991,"date":"2025-06-07T15:46:48","date_gmt":"2025-06-07T13:46:48","guid":{"rendered":"https:\/\/www.secowarwick.com\/?page_id=178991"},"modified":"2025-09-10T11:09:24","modified_gmt":"2025-09-10T09:09:24","slug":"jakosc-energii","status":"publish","type":"page","link":"https:\/\/www.secowarwick.com\/pl\/service\/automatyka\/jakosc-energii\/","title":{"rendered":"Jako\u015b\u0107 energii"},"content":{"rendered":"<p>[et_pb_section fb_built=&#8221;1&#8243; admin_label=&#8221;section&#8221; _builder_version=&#8221;4.16&#8243; custom_padding=&#8221;0px|||&#8221; transparent_background=&#8221;off&#8221; make_fullwidth=&#8221;off&#8221; use_custom_width=&#8221;off&#8221; width_unit=&#8221;on&#8221; global_colors_info=&#8221;{}&#8221;][et_pb_row column_structure=&#8221;3_4,1_4&#8243; admin_label=&#8221;row&#8221; _builder_version=&#8221;4.23.1&#8243; background_size=&#8221;initial&#8221; background_position=&#8221;top_left&#8221; background_repeat=&#8221;repeat&#8221; custom_padding=&#8221;||||false|false&#8221; make_fullwidth=&#8221;off&#8221; use_custom_width=&#8221;off&#8221; width_unit=&#8221;on&#8221; global_colors_info=&#8221;{}&#8221;][et_pb_column type=&#8221;3_4&#8243; _builder_version=&#8221;4.16&#8243; custom_padding=&#8221;|||&#8221; global_colors_info=&#8221;{}&#8221; custom_padding__hover=&#8221;|||&#8221;][et_pb_code module_class=&#8221;custom-bread&#8221; _builder_version=&#8221;4.23.1&#8243; _module_preset=&#8221;default&#8221; global_colors_info=&#8221;{}&#8221;]<\/p>\n<div class=\"et_pb_module et_pb_breadcrumbs   et_pb_breadcrumbs_0\"><!-- [et_pb_line_break_holder] -->\t\t\t\t<pee id=\"breadcrumbs\"><span><span><a href=\"https:\/\/www.secowarwick.com\/pl\/\">HOME<\/a><\/span> \/ <span><a href=\"https:\/\/www.secowarwick.com\/pl\/service\/automatyka\/\">AUTOMATYKA<\/a><\/span> \/ <span class=\"breadcrumb_last\" aria-current=\"page\">JAKO\u015a\u0106 ENERGII<\/span><\/span><\/pee><!-- [et_pb_line_break_holder] -->\t\t\t<\/div>\n<p>[\/et_pb_code][et_pb_text module_class=&#8221;red-square-list-parent podtytuly&#8221; _builder_version=&#8221;4.23.1&#8243; header_2_text_align=&#8221;justify&#8221; background_size=&#8221;initial&#8221; background_position=&#8221;top_left&#8221; background_repeat=&#8221;repeat&#8221; use_border_color=&#8221;off&#8221; global_colors_info=&#8221;{}&#8221;]<\/p>\n<h1>JAKO\u015a\u0106 ENERGII<\/h1>\n<h2><img decoding=\"async\" class=\"alignleft wp-image-180422\" src=\"https:\/\/www.secowarwick.com\/wp-content\/uploads\/2025\/06\/jakosc-energii-v2-2.png\" alt=\"\" width=\"66\" height=\"75\" \/>\u200bW dobie rosn\u0105cych koszt\u00f3w energii elektrycznej i\u00a0zaostrzaj\u0105cych si\u0119 norm efektywno\u015bci energetycznej, jako\u015b\u0107 energii staje si\u0119 kluczowym czynnikiem wp\u0142ywaj\u0105cym na\u00a0stabilno\u015b\u0107 proces\u00f3w przemys\u0142owych oraz\u00a0koszty operacyjne.<\/h2>\n<p>&nbsp;<\/p>\n<p>SECO\/WARWICK, jako lider w\u00a0dziedzinie technologii obr\u00f3bki cieplnej i\u00a0automatyki przemys\u0142owej, oferuje kompleksowe rozwi\u0105zania wspieraj\u0105ce przedsi\u0119biorstwa w\u00a0optymalizacji parametr\u00f3w jako\u015bci energii \u2013 w\u00a0szczeg\u00f3lno\u015bci w\u00a0zakresie kompensacji mocy biernej.<\/p>\n<p>[\/et_pb_text][et_pb_text _builder_version=&#8221;4.23.1&#8243; _module_preset=&#8221;default&#8221; header_2_font_size=&#8221;35px&#8221; text_orientation=&#8221;justified&#8221; global_colors_info=&#8221;{}&#8221;]<\/p>\n<h2><span style=\"color: #dc291e;\">\/<\/span>Moc bierna \u2013 ukryty koszt, kt\u00f3ry\u00a0mo\u017cna wyeliminowa\u0107<\/h2>\n<p>Moc bierna, cho\u0107 nie\u00a0wykonuje pracy u\u017cytkowej, jest niezb\u0119dna do\u00a0dzia\u0142ania urz\u0105dze\u0144 elektrycznych. Jej nadmiar generuje jednak dodatkowe op\u0142aty i\u00a0obci\u0105\u017ca infrastruktur\u0119 energetyczn\u0105 zak\u0142adu. SECO\/WARWICK wspiera swoich klient\u00f3w w\u00a0identyfikacji i\u00a0eliminacji nadmiernego poboru mocy biernej poprzez:<\/p>\n<p><strong><span style=\"color: #dc291e;\">\/ <\/span><\/strong>Audyt energetyczny\u00a0z zaawansowan\u0105 analiz\u0105 profilu zu\u017cycia energii,<br \/><strong><span style=\"color: #dc291e;\">\/ <\/span><\/strong>Pomiary parametr\u00f3w jako\u015bci energii\u00a0(w\u00a0tym wsp\u00f3\u0142czynnika mocy \u2013 Power Factor),<br \/><strong><span style=\"color: #dc291e;\">\/ <\/span><\/strong>Dob\u00f3r i\u00a0wdro\u017cenie system\u00f3w kompensacji mocy biernej, takich jak nowoczesne kompensatory SVG.<\/p>\n<p>[\/et_pb_text][\/et_pb_column][et_pb_column type=&#8221;1_4&#8243; _builder_version=&#8221;4.23.1&#8243; custom_padding=&#8221;70px||||false|false&#8221; custom_padding_tablet=&#8221;0px||||false|false&#8221; custom_padding_phone=&#8221;0px||||false|false&#8221; custom_padding_last_edited=&#8221;on|desktop&#8221; global_colors_info=&#8221;{}&#8221; custom_padding__hover=&#8221;|||&#8221;][et_pb_text admin_label=&#8221;btn_pl_premiumlibrary&#8221; module_class=&#8221;premium-library-button&#8221; _builder_version=&#8221;4.23.1&#8243; _module_preset=&#8221;default&#8221; text_orientation=&#8221;center&#8221; global_module=&#8221;157169&#8243; saved_tabs=&#8221;all&#8221; locked=&#8221;off&#8221; global_colors_info=&#8221;{}&#8221;]<\/p>\n<a href='https:\/\/www.secowarwick.com\/pl\/trescipremium\/' class='small-button smallred'><span>TRE\u015aCI PREMIUM<\/span><\/a>\n<p>[\/et_pb_text][et_pb_text admin_label=&#8221;R&#038;D PL&#8221; module_class=&#8221;product_widget_wrap_rd&#8221; _builder_version=&#8221;4.23.1&#8243; _module_preset=&#8221;default&#8221; text_orientation=&#8221;center&#8221; global_module=&#8221;165497&#8243; saved_tabs=&#8221;all&#8221; locked=&#8221;off&#8221; global_colors_info=&#8221;{}&#8221;]<\/p>\n<p><a href=\"https:\/\/www.secowarwick.com\/pl\/rd\/\"><span class=\"product_wigtet_name\">R&amp;D<\/span><\/a><\/p>\n<p>[\/et_pb_text][et_pb_text admin_label=&#8221;PRODUKTY pl&#8221; module_class=&#8221;product_widget_wrap_products&#8221; _builder_version=&#8221;4.23.1&#8243; _module_preset=&#8221;default&#8221; global_module=&#8221;178154&#8243; saved_tabs=&#8221;all&#8221; locked=&#8221;off&#8221; global_colors_info=&#8221;{}&#8221;]<\/p>\n<p><a href=\"https:\/\/www.secowarwick.com\/pl\/produkty\/\" target=\"_blank\" rel=\"noopener\"><span class=\"product_wigtet_name\">PRODUKTY<\/span><\/a><\/p>\n<p>[\/et_pb_text][et_pb_text admin_label=&#8221;SERVICE PL&#8221; module_class=&#8221;product_widget_wrap_service&#8221; _builder_version=&#8221;4.23.1&#8243; _module_preset=&#8221;default&#8221; global_module=&#8221;165500&#8243; saved_tabs=&#8221;all&#8221; locked=&#8221;off&#8221; global_colors_info=&#8221;{}&#8221;]<\/p>\n<p><a href=\"https:\/\/www.secowarwick.com\/pl\/profesjonalne-uslugi-serwisowe\/\"><span class=\"product_wigtet_name\">SERWIS<\/span><\/a><\/p>\n<p>[\/et_pb_text][et_pb_text admin_label=&#8221;SUPLEMENTALS PL&#8221; module_class=&#8221;product_widget_wrap_supleme&#8221; _builder_version=&#8221;4.23.1&#8243; _module_preset=&#8221;default&#8221; global_module=&#8221;165502&#8243; saved_tabs=&#8221;all&#8221; locked=&#8221;off&#8221; global_colors_info=&#8221;{}&#8221;]<\/p>\n<p><span class=\"product_wigtet_name\">DODATKOWE:<\/span><\/p>\n<p>[\/et_pb_text][et_pb_text admin_label=&#8221;dnabook-pl&#8221; module_class=&#8221;suplementals_product_dna suplementals_wrap&#8221; _builder_version=&#8221;4.23.1&#8243; _module_preset=&#8221;default&#8221; global_module=&#8221;165509&#8243; saved_tabs=&#8221;all&#8221; locked=&#8221;off&#8221; global_colors_info=&#8221;{}&#8221;]<\/p>\n<p><a href=\"https:\/\/www.secowarwick.com\/wp-content\/uploads\/2025\/07\/DNA_BOOK.pdf\" target=\"_blank\" rel=\"noopener\">DNA\/BOOK<\/a><\/p>\n<p>[\/et_pb_text][et_pb_text admin_label=&#8221;ECO\/BOOK-pl&#8221; module_class=&#8221;suplementals_product_eco suplementals_wrap&#8221; _builder_version=&#8221;4.23.1&#8243; _module_preset=&#8221;default&#8221; global_module=&#8221;165511&#8243; saved_tabs=&#8221;all&#8221; locked=&#8221;off&#8221; global_colors_info=&#8221;{}&#8221;]<\/p>\n<p><a href=\"https:\/\/www.secowarwick.com\/wp-content\/uploads\/2023\/06\/ECOBOOK-2-1.pdf\" target=\"_blank\" rel=\"noopener\">ECO\/BOOK<\/a><\/p>\n<p>[\/et_pb_text][\/et_pb_column][\/et_pb_row][\/et_pb_section][et_pb_section fb_built=&#8221;1&#8243; admin_label=&#8221;section&#8221; _builder_version=&#8221;4.16&#8243; background_color=&#8221;#f8f8f8&#8243; transparent_background=&#8221;off&#8221; make_fullwidth=&#8221;off&#8221; use_custom_width=&#8221;off&#8221; width_unit=&#8221;on&#8221; global_colors_info=&#8221;{}&#8221;][et_pb_row column_structure=&#8221;1_2,1_2&#8243; admin_label=&#8221;row&#8221; _builder_version=&#8221;4.16&#8243; background_size=&#8221;initial&#8221; background_position=&#8221;top_left&#8221; background_repeat=&#8221;repeat&#8221; global_colors_info=&#8221;{}&#8221;][et_pb_column type=&#8221;1_2&#8243; _builder_version=&#8221;4.16&#8243; custom_padding=&#8221;|||&#8221; global_colors_info=&#8221;{}&#8221; custom_padding__hover=&#8221;|||&#8221;][et_pb_text module_class=&#8221;red-hash-list-parent&#8221; _builder_version=&#8221;4.23.1&#8243; _module_preset=&#8221;default&#8221; header_2_font_size=&#8221;35px&#8221; text_orientation=&#8221;justified&#8221; global_colors_info=&#8221;{}&#8221;]<\/p>\n<h2><span style=\"color: #dc291e;\"><strong>\/<\/strong><\/span>\u200bZaawansowana kompensacja mocy biernej z&nbsp;wykorzystaniem SVG<\/h2>\n<p>SECO\/WARWICK wdra\u017ca dynamiczne kompensatory SVG (Static Var Generator), kt\u00f3re oferuj\u0105:<\/p>\n<ul>\n<li>Kompensacj\u0119 zar\u00f3wno mocy biernej indukcyjnej, jak i\u00a0pojemno\u015bciowej,<\/li>\n<li>Reakcj\u0119 w\u00a0czasie poni\u017cej 10 ms, co\u00a0pozwala na\u00a0natychmiastowe dostosowanie do\u00a0zmian obci\u0105\u017cenia,<\/li>\n<li>Filtracj\u0119 harmonicznych, poprawiaj\u0105c\u0105 jako\u015b\u0107 energii i\u00a0chroni\u0105c\u0105 urz\u0105dzenia,<\/li>\n<li>Precyzyjne sterowanie poziomem kompensacji, co\u00a0przek\u0142ada si\u0119 na\u00a0realne oszcz\u0119dno\u015bci.<\/li>\n<\/ul>\n<p>[\/et_pb_text][\/et_pb_column][et_pb_column type=&#8221;1_2&#8243; _builder_version=&#8221;4.16&#8243; custom_padding=&#8221;|||&#8221; global_colors_info=&#8221;{}&#8221; custom_padding__hover=&#8221;|||&#8221;][et_pb_text module_class=&#8221;red-hash-list-parent&#8221; _builder_version=&#8221;4.23.1&#8243; _module_preset=&#8221;default&#8221; header_2_font_size=&#8221;35px&#8221; text_orientation=&#8221;justified&#8221; global_colors_info=&#8221;{}&#8221;]<\/p>\n<h2><span style=\"color: #dc291e;\"><strong>\/<\/strong><\/span>Nowoczesne sterowanie moc\u0105 grzejn\u0105 \u2013 bez&nbsp;strat jako\u015bci energii<\/h2>\n<p>W\u00a0piecach pr\u00f3\u017cniowych SECO\/WARWICK rezygnuje z\u00a0tradycyjnego sterowania k\u0105tem fazowym (Phase Angle), kt\u00f3re negatywnie wp\u0142ywa na\u00a0wsp\u00f3\u0142czynnik mocy i\u00a0generuje zak\u0142\u00f3cenia. Zamiast tego stosujemy:<\/p>\n<p><strong><span style=\"color: #dc291e;\">\/<\/span><\/strong> Sterowanie tyrystorowe oparte na\u00a0czystej sinusoidzie,<br \/><strong><span style=\"color: #dc291e;\">\/<\/span><\/strong> Synchronizacj\u0119 pracy uk\u0142ad\u00f3w grzania w\u00a0ca\u0142ej hartowni,<br \/><strong><span style=\"color: #dc291e;\">\/<\/span><\/strong> Sekwencyjne za\u0142\u0105czanie obci\u0105\u017ce\u0144 i\u00a0dzielenie mocy, co\u00a0pozwala unikn\u0105\u0107 przekrocze\u0144 mocy umownej.<\/p>\n<p>[\/et_pb_text][\/et_pb_column][\/et_pb_row][et_pb_row _builder_version=&#8221;4.23.1&#8243; _module_preset=&#8221;default&#8221; global_colors_info=&#8221;{}&#8221;][et_pb_column type=&#8221;4_4&#8243; _builder_version=&#8221;4.23.1&#8243; _module_preset=&#8221;default&#8221; global_colors_info=&#8221;{}&#8221;][et_pb_text _builder_version=&#8221;4.23.1&#8243; _module_preset=&#8221;default&#8221; text_orientation=&#8221;justified&#8221; global_colors_info=&#8221;{}&#8221;]<\/p>\n<h2>Efekty?<\/h2>\n<p>Zastosowanie tego rozwi\u0105zania pozwala na&nbsp;znaczn\u0105 redukcj\u0119 mocy biernej oraz&nbsp;popraw\u0119 wsp\u00f3\u0142czynnika Power Factor, co&nbsp;przynosi wymierne korzy\u015bci. Na&nbsp;przyk\u0142ad, w&nbsp;jednym z&nbsp;przypadk\u00f3w moc bierna zosta\u0142a zredukowana z&nbsp;poziomu 3500 kVArh do&nbsp;500 kVArh dla 8 piec\u00f3w, a&nbsp;wsp\u00f3\u0142czynnik Power Factor wzr\u00f3s\u0142 z&nbsp;0,6 do&nbsp;ponad 0,92. Dodatkowo, zapotrzebowanie na&nbsp;baterie kondensator\u00f3w zosta\u0142o ograniczone nawet o&nbsp;60%.<\/p>\n<p>[\/et_pb_text][\/et_pb_column][\/et_pb_row][\/et_pb_section][et_pb_section fb_built=&#8221;1&#8243; _builder_version=&#8221;4.23.1&#8243; _module_preset=&#8221;default&#8221; global_colors_info=&#8221;{}&#8221;][et_pb_row column_structure=&#8221;3_4,1_4&#8243; use_custom_gutter=&#8221;on&#8221; gutter_width=&#8221;2&#8243; module_class=&#8221;automatycy-wiersz-korzysci&#8221; _builder_version=&#8221;4.23.1&#8243; _module_preset=&#8221;default&#8221; locked=&#8221;off&#8221; global_colors_info=&#8221;{}&#8221;][et_pb_column type=&#8221;3_4&#8243; _builder_version=&#8221;4.23.1&#8243; _module_preset=&#8221;default&#8221; global_colors_info=&#8221;{}&#8221;][et_pb_text module_class=&#8221;przecinek-tlo-nizej&#8221; _builder_version=&#8221;4.23.1&#8243; text_text_color=&#8221;#000000&#8243; background_size=&#8221;initial&#8221; background_position=&#8221;top_left&#8221; background_repeat=&#8221;repeat&#8221; use_border_color=&#8221;off&#8221; global_colors_info=&#8221;{}&#8221;]<\/p>\n<p>KORZY\u015aCI<\/p>\n<p>[\/et_pb_text][et_pb_text module_class=&#8221;opis-korzysci&#8221; _builder_version=&#8221;4.23.1&#8243; _module_preset=&#8221;default&#8221; text_orientation=&#8221;justified&#8221; custom_margin=&#8221;20px||||false|false&#8221; global_colors_info=&#8221;{}&#8221;]<\/p>\n<p><strong><span style=\"color: #dc291e;\">\/\u00a0<\/span>Redukcja koszt\u00f3w energii<\/strong> \u2013 dzi\u0119ki eliminacji op\u0142at za\u00a0moc biern\u0105 i\u00a0poprawie wsp\u00f3\u0142czynnika mocy,<br \/><strong><span style=\"color: #dc291e;\">\/\u00a0<\/span>Zwi\u0119kszenie efektywno\u015bci energetycznej<\/strong> \u2013 poprzez optymalizacj\u0119 pracy urz\u0105dze\u0144 i\u00a0system\u00f3w grzewczych,<br \/><strong><span style=\"color: #dc291e;\">\/\u00a0<\/span>Wyd\u0142u\u017cenie \u017cywotno\u015bci sprz\u0119tu<\/strong> \u2013 dzi\u0119ki poprawie jako\u015bci zasilania i\u00a0redukcji harmonicznych,<br \/><strong><span style=\"color: #dc291e;\">\/\u00a0<\/span>Zwi\u0119kszenie niezawodno\u015bci proces\u00f3w produkcyjnych<\/strong> \u2013 poprzez stabilne i\u00a0przewidywalne parametry zasilania.<\/p>\n<p>[\/et_pb_text][\/et_pb_column][et_pb_column type=&#8221;1_4&#8243; _builder_version=&#8221;4.23.1&#8243; _module_preset=&#8221;default&#8221; global_colors_info=&#8221;{}&#8221;][et_pb_image src=&#8221;https:\/\/www.secowarwick.com\/wp-content\/uploads\/2024\/05\/korzysci.png&#8221; alt=&#8221;korzy\u015bci&#8221; align=&#8221;center&#8221; module_class=&#8221;obraz-korzysci&#8221; _builder_version=&#8221;4.23.1&#8243; _module_preset=&#8221;default&#8221; global_colors_info=&#8221;{}&#8221;][\/et_pb_image][\/et_pb_column][\/et_pb_row][et_pb_row _builder_version=&#8221;4.23.1&#8243; _module_preset=&#8221;default&#8221; global_colors_info=&#8221;{}&#8221;][et_pb_column type=&#8221;4_4&#8243; _builder_version=&#8221;4.23.1&#8243; _module_preset=&#8221;default&#8221; global_colors_info=&#8221;{}&#8221;][et_pb_text _builder_version=&#8221;4.23.1&#8243; _module_preset=&#8221;default&#8221; text_orientation=&#8221;justified&#8221; global_colors_info=&#8221;{}&#8221;]<\/p>\n<p>SECO\/WARWICK to\u00a0nie\u00a0tylko\u00a0dostawca technologii \u2013 to\u00a0partner w\u00a0budowaniu efektywnego, nowoczesnego i\u00a0energooszcz\u0119dnego zak\u0142adu przemys\u0142owego.<\/p>\n<p>[\/et_pb_text][\/et_pb_column][\/et_pb_row][\/et_pb_section]<\/p>\n","protected":false},"excerpt":{"rendered":"<p>JAKO\u015a\u0106 ENERGII \u200bW dobie rosn\u0105cych koszt\u00f3w energii elektrycznej i\u00a0zaostrzaj\u0105cych si\u0119 norm efektywno\u015bci energetycznej, jako\u015b\u0107 energii staje si\u0119 kluczowym czynnikiem wp\u0142ywaj\u0105cym na\u00a0stabilno\u015b\u0107 proces\u00f3w przemys\u0142owych oraz\u00a0koszty operacyjne. &nbsp; SECO\/WARWICK, jako lider w\u00a0dziedzinie technologii obr\u00f3bki cieplnej i\u00a0automatyki przemys\u0142owej, oferuje kompleksowe rozwi\u0105zania wspieraj\u0105ce przedsi\u0119biorstwa w\u00a0optymalizacji parametr\u00f3w jako\u015bci energii \u2013 w\u00a0szczeg\u00f3lno\u015bci w\u00a0zakresie kompensacji mocy biernej.\/Moc bierna \u2013 ukryty koszt, kt\u00f3ry\u00a0mo\u017cna [&hellip;]<\/p>\n","protected":false},"author":2,"featured_media":0,"parent":124591,"menu_order":0,"comment_status":"closed","ping_status":"closed","template":"","meta":{"_acf_changed":false,"_et_pb_use_builder":"on","_et_pb_old_content":"","_et_gb_content_width":"","footnotes":""},"class_list":["post-178991","page","type-page","status-publish"],"acf":[],"_links":{"self":[{"href":"https:\/\/www.secowarwick.com\/pl\/wp-json\/wp\/v2\/pages\/178991","targetHints":{"allow":["GET"]}}],"collection":[{"href":"https:\/\/www.secowarwick.com\/pl\/wp-json\/wp\/v2\/pages"}],"about":[{"href":"https:\/\/www.secowarwick.com\/pl\/wp-json\/wp\/v2\/types\/page"}],"author":[{"embeddable":true,"href":"https:\/\/www.secowarwick.com\/pl\/wp-json\/wp\/v2\/users\/2"}],"replies":[{"embeddable":true,"href":"https:\/\/www.secowarwick.com\/pl\/wp-json\/wp\/v2\/comments?post=178991"}],"version-history":[{"count":17,"href":"https:\/\/www.secowarwick.com\/pl\/wp-json\/wp\/v2\/pages\/178991\/revisions"}],"predecessor-version":[{"id":184098,"href":"https:\/\/www.secowarwick.com\/pl\/wp-json\/wp\/v2\/pages\/178991\/revisions\/184098"}],"up":[{"embeddable":true,"href":"https:\/\/www.secowarwick.com\/pl\/wp-json\/wp\/v2\/pages\/124591"}],"wp:attachment":[{"href":"https:\/\/www.secowarwick.com\/pl\/wp-json\/wp\/v2\/media?parent=178991"}],"curies":[{"name":"wp","href":"https:\/\/api.w.org\/{rel}","templated":true}]}}