{"id":179003,"date":"2025-06-08T07:50:13","date_gmt":"2025-06-08T05:50:13","guid":{"rendered":"https:\/\/www.secowarwick.com\/?page_id=179003"},"modified":"2025-09-10T11:36:42","modified_gmt":"2025-09-10T09:36:42","slug":"optymalizacja-kosztow-energii","status":"publish","type":"page","link":"https:\/\/www.secowarwick.com\/pl\/service\/automatyka\/optymalizacja-kosztow-energii\/","title":{"rendered":"Optymalizacja koszt\u00f3w energii i medi\u00f3w z wykorzystaniem rozwi\u0105za\u0144 SECO\/WARWICK"},"content":{"rendered":"<p>[et_pb_section fb_built=&#8221;1&#8243; admin_label=&#8221;section&#8221; _builder_version=&#8221;4.16&#8243; custom_padding=&#8221;0px|||&#8221; transparent_background=&#8221;off&#8221; make_fullwidth=&#8221;off&#8221; use_custom_width=&#8221;off&#8221; width_unit=&#8221;on&#8221; global_colors_info=&#8221;{}&#8221;][et_pb_row column_structure=&#8221;3_4,1_4&#8243; admin_label=&#8221;row&#8221; _builder_version=&#8221;4.23.1&#8243; background_size=&#8221;initial&#8221; background_position=&#8221;top_left&#8221; background_repeat=&#8221;repeat&#8221; custom_padding=&#8221;||||false|false&#8221; make_fullwidth=&#8221;off&#8221; use_custom_width=&#8221;off&#8221; width_unit=&#8221;on&#8221; global_colors_info=&#8221;{}&#8221;][et_pb_column type=&#8221;3_4&#8243; _builder_version=&#8221;4.16&#8243; custom_padding=&#8221;|||&#8221; global_colors_info=&#8221;{}&#8221; custom_padding__hover=&#8221;|||&#8221;][et_pb_code module_class=&#8221;custom-bread&#8221; _builder_version=&#8221;4.23.1&#8243; _module_preset=&#8221;default&#8221; hover_enabled=&#8221;0&#8243; global_colors_info=&#8221;{}&#8221; sticky_enabled=&#8221;0&#8243;]<\/p>\n<div class=\"et_pb_module et_pb_breadcrumbs   et_pb_breadcrumbs_0\"><!-- [et_pb_line_break_holder] -->\t\t\t\t<pee id=\"breadcrumbs\"><span><span><a href=\"https:\/\/www.secowarwick.com\/pl\/\">HOME<\/a><\/span> \/ <span><a href=\"https:\/\/www.secowarwick.com\/pl\/service\/automatyka\/\">AUTOMATYKA<\/a><\/span> \/ <span class=\"breadcrumb_last\" aria-current=\"page\">OPTYMALIAZACJA KOSZT\u00d3W ENERGII<\/span><\/span><\/pee><!-- [et_pb_line_break_holder] -->\t\t\t<\/div>\n<p>[\/et_pb_code][et_pb_text module_class=&#8221;red-square-list-parent podtytuly&#8221; _builder_version=&#8221;4.23.1&#8243; background_size=&#8221;initial&#8221; background_position=&#8221;top_left&#8221; background_repeat=&#8221;repeat&#8221; text_orientation=&#8221;justified&#8221; use_border_color=&#8221;off&#8221; global_colors_info=&#8221;{}&#8221;]<\/p>\n<h1>Optymalizacja koszt\u00f3w energii i\u00a0medi\u00f3w z\u00a0wykorzystaniem rozwi\u0105za\u0144 SECO\/WARWICK<\/h1>\n<h2><img decoding=\"async\" class=\"alignleft wp-image-180382\" src=\"https:\/\/www.secowarwick.com\/wp-content\/uploads\/2025\/06\/optymalizacja-kosztow-v2-1.png\" alt=\"Optymalizacja koszt\u00f3w energii\" width=\"62\" height=\"75\" \/>\u200bW SECO\/WARWICK optymalizacja koszt\u00f3w energii i\u00a0medi\u00f3w to\u00a0nie\u00a0tylko\u00a0kwestia zakupu \u2013 to\u00a0kompleksowe podej\u015bcie oparte na\u00a0zaawansowanej automatyce, analizie danych i\u00a0precyzyjnym dopasowaniu parametr\u00f3w pracy urz\u0105dze\u0144 do\u00a0rzeczywistych potrzeb produkcyjnych.<\/h2>\n<p>&nbsp;<\/p>\n<p>Dzi\u0119ki naszym systemom automatyki przemys\u0142owej mo\u017cliwe jest bie\u017c\u0105ce monitorowanie i\u00a0zarz\u0105dzanie zu\u017cyciem energii w\u00a0czasie rzeczywistym. Inteligentne systemy pozwalaj\u0105 na\u00a0dynamiczne dostosowanie parametr\u00f3w proces\u00f3w cieplnych, co\u00a0przek\u0142ada si\u0119 na\u00a0oszcz\u0119dno\u015bci \u2013 zar\u00f3wno w\u00a0zakresie energii elektrycznej, jak i\u00a0gazu technologicznego.<\/p>\n<p>Nasze rozwi\u0105zania wspieraj\u0105 r\u00f3wnie\u017c optymalizacj\u0119 mocy umownej \u2013 poprzez analiz\u0119 profilu zu\u017cycia energii i\u00a0identyfikacj\u0119 szczyt\u00f3w oraz\u00a0dolin zapotrzebowania, mo\u017cliwe jest precyzyjne dopasowanie mocy zam\u00f3wionej do\u00a0rzeczywistych potrzeb zak\u0142adu. To\u00a0z\u00a0kolei pozwala unikn\u0105\u0107 zar\u00f3wno nadp\u0142at, jak i\u00a0kar za\u00a0przekroczenia.<\/p>\n<p>Dodatkowo, integracja z\u00a0lokalnymi \u017ar\u00f3d\u0142ami energii (np.\u00a0kogeneracja, fotowoltaika) oraz\u00a0mo\u017cliwo\u015b\u0107 pracy w\u00a0trybie hybrydowym pozwala na\u00a0dalsz\u0105 redukcj\u0119 koszt\u00f3w i\u00a0zwi\u0119kszenie niezale\u017cno\u015bci energetycznej.<\/p>\n<p>[\/et_pb_text][\/et_pb_column][et_pb_column type=&#8221;1_4&#8243; _builder_version=&#8221;4.23.1&#8243; custom_padding=&#8221;70px||||false|false&#8221; custom_padding_tablet=&#8221;0px||||false|false&#8221; custom_padding_phone=&#8221;0px||||false|false&#8221; custom_padding_last_edited=&#8221;on|desktop&#8221; global_colors_info=&#8221;{}&#8221; custom_padding__hover=&#8221;|||&#8221;][et_pb_text admin_label=&#8221;btn_pl_premiumlibrary&#8221; module_class=&#8221;premium-library-button&#8221; _builder_version=&#8221;4.23.1&#8243; _module_preset=&#8221;default&#8221; text_orientation=&#8221;center&#8221; global_module=&#8221;157169&#8243; saved_tabs=&#8221;all&#8221; locked=&#8221;off&#8221; global_colors_info=&#8221;{}&#8221;]<\/p>\n<a href='https:\/\/www.secowarwick.com\/pl\/trescipremium\/' class='small-button smallred'><span>TRE\u015aCI PREMIUM<\/span><\/a>\n<p>[\/et_pb_text][et_pb_text admin_label=&#8221;R&#038;D PL&#8221; module_class=&#8221;product_widget_wrap_rd&#8221; _builder_version=&#8221;4.23.1&#8243; _module_preset=&#8221;default&#8221; text_orientation=&#8221;center&#8221; global_module=&#8221;165497&#8243; saved_tabs=&#8221;all&#8221; locked=&#8221;off&#8221; global_colors_info=&#8221;{}&#8221;]<\/p>\n<p><a href=\"https:\/\/www.secowarwick.com\/pl\/rd\/\"><span class=\"product_wigtet_name\">R&amp;D<\/span><\/a><\/p>\n<p>[\/et_pb_text][et_pb_text admin_label=&#8221;PRODUKTY pl&#8221; module_class=&#8221;product_widget_wrap_products&#8221; _builder_version=&#8221;4.23.1&#8243; _module_preset=&#8221;default&#8221; global_module=&#8221;178154&#8243; saved_tabs=&#8221;all&#8221; locked=&#8221;off&#8221; global_colors_info=&#8221;{}&#8221;]<\/p>\n<p><a href=\"https:\/\/www.secowarwick.com\/pl\/produkty\/\" target=\"_blank\" rel=\"noopener\"><span class=\"product_wigtet_name\">PRODUKTY<\/span><\/a><\/p>\n<p>[\/et_pb_text][et_pb_text admin_label=&#8221;SERVICE PL&#8221; module_class=&#8221;product_widget_wrap_service&#8221; _builder_version=&#8221;4.23.1&#8243; _module_preset=&#8221;default&#8221; global_module=&#8221;165500&#8243; saved_tabs=&#8221;all&#8221; locked=&#8221;off&#8221; global_colors_info=&#8221;{}&#8221;]<\/p>\n<p><a href=\"https:\/\/www.secowarwick.com\/pl\/profesjonalne-uslugi-serwisowe\/\"><span class=\"product_wigtet_name\">SERWIS<\/span><\/a><\/p>\n<p>[\/et_pb_text][et_pb_text admin_label=&#8221;SUPLEMENTALS PL&#8221; module_class=&#8221;product_widget_wrap_supleme&#8221; _builder_version=&#8221;4.23.1&#8243; _module_preset=&#8221;default&#8221; global_module=&#8221;165502&#8243; saved_tabs=&#8221;all&#8221; locked=&#8221;off&#8221; global_colors_info=&#8221;{}&#8221;]<\/p>\n<p><span class=\"product_wigtet_name\">DODATKOWE:<\/span><\/p>\n<p>[\/et_pb_text][et_pb_text admin_label=&#8221;dnabook-pl&#8221; module_class=&#8221;suplementals_product_dna suplementals_wrap&#8221; _builder_version=&#8221;4.23.1&#8243; _module_preset=&#8221;default&#8221; global_module=&#8221;165509&#8243; saved_tabs=&#8221;all&#8221; locked=&#8221;off&#8221; global_colors_info=&#8221;{}&#8221;]<\/p>\n<p><a href=\"https:\/\/www.secowarwick.com\/wp-content\/uploads\/2025\/07\/DNA_BOOK.pdf\" target=\"_blank\" rel=\"noopener\">DNA\/BOOK<\/a><\/p>\n<p>[\/et_pb_text][et_pb_text admin_label=&#8221;ECO\/BOOK-pl&#8221; module_class=&#8221;suplementals_product_eco suplementals_wrap&#8221; _builder_version=&#8221;4.23.1&#8243; _module_preset=&#8221;default&#8221; global_module=&#8221;165511&#8243; saved_tabs=&#8221;all&#8221; locked=&#8221;off&#8221; global_colors_info=&#8221;{}&#8221;]<\/p>\n<p><a href=\"https:\/\/www.secowarwick.com\/wp-content\/uploads\/2023\/06\/ECOBOOK-2-1.pdf\" target=\"_blank\" rel=\"noopener\">ECO\/BOOK<\/a><\/p>\n<p>[\/et_pb_text][\/et_pb_column][\/et_pb_row][\/et_pb_section][et_pb_section fb_built=&#8221;1&#8243; _builder_version=&#8221;4.23.1&#8243; _module_preset=&#8221;default&#8221; global_colors_info=&#8221;{}&#8221;][et_pb_row column_structure=&#8221;3_4,1_4&#8243; use_custom_gutter=&#8221;on&#8221; gutter_width=&#8221;2&#8243; module_class=&#8221;automatycy-wiersz-korzysci&#8221; _builder_version=&#8221;4.23.1&#8243; _module_preset=&#8221;default&#8221; locked=&#8221;off&#8221; global_colors_info=&#8221;{}&#8221;][et_pb_column type=&#8221;3_4&#8243; _builder_version=&#8221;4.23.1&#8243; _module_preset=&#8221;default&#8221; global_colors_info=&#8221;{}&#8221;][et_pb_text module_class=&#8221;przecinek-tlo-nizej&#8221; _builder_version=&#8221;4.23.1&#8243; text_text_color=&#8221;#000000&#8243; background_size=&#8221;initial&#8221; background_position=&#8221;top_left&#8221; background_repeat=&#8221;repeat&#8221; use_border_color=&#8221;off&#8221; global_colors_info=&#8221;{}&#8221;]<\/p>\n<p>KORZY\u015aCI<\/p>\n<p>[\/et_pb_text][et_pb_text module_class=&#8221;opis-korzysci&#8221; _builder_version=&#8221;4.23.1&#8243; _module_preset=&#8221;default&#8221; custom_margin=&#8221;20px||||false|false&#8221; global_colors_info=&#8221;{}&#8221;]<\/p>\n<p><strong><span style=\"color: #dc291e;\">\/<\/span><\/strong>\u00a0Redukcja jednostkowych koszt\u00f3w energii i&nbsp;medi\u00f3w dzi\u0119ki inteligentnemu sterowaniu procesami,<br \/><strong><span style=\"color: #dc291e;\">\/<\/span><\/strong>\u00a0Optymalizacja modelu zakupowego poprzez analiz\u0119 danych i&nbsp;wsparcie decyzyjne,<br \/><strong><span style=\"color: #dc291e;\">\/<\/span><\/strong>\u00a0Dopasowanie taryf i&nbsp;mocy umownej do&nbsp;rzeczywistego profilu zu\u017cycia,<br \/><strong><span style=\"color: #dc291e;\">\/<\/span><\/strong>\u00a0Zwi\u0119kszenie efektywno\u015bci energetycznej ca\u0142ego zak\u0142adu,<br \/><strong><span style=\"color: #dc291e;\">\/<\/span><\/strong>\u00a0Integracja z&nbsp;systemami zarz\u0105dzania produkcj\u0105 (MES\/ERP) dla pe\u0142nej kontroli nad&nbsp;kosztami medi\u00f3w.<\/p>\n<p>[\/et_pb_text][\/et_pb_column][et_pb_column type=&#8221;1_4&#8243; _builder_version=&#8221;4.23.1&#8243; _module_preset=&#8221;default&#8221; global_colors_info=&#8221;{}&#8221;][et_pb_image src=&#8221;https:\/\/www.secowarwick.com\/wp-content\/uploads\/2024\/05\/korzysci.png&#8221; alt=&#8221;korzy\u015bci&#8221; align=&#8221;center&#8221; module_class=&#8221;obraz-korzysci&#8221; _builder_version=&#8221;4.23.1&#8243; _module_preset=&#8221;default&#8221; global_colors_info=&#8221;{}&#8221;][\/et_pb_image][\/et_pb_column][\/et_pb_row][\/et_pb_section]<\/p>\n","protected":false},"excerpt":{"rendered":"<p>Optymalizacja koszt\u00f3w energii i\u00a0medi\u00f3w z\u00a0wykorzystaniem rozwi\u0105za\u0144 SECO\/WARWICK \u200bW SECO\/WARWICK optymalizacja koszt\u00f3w energii i\u00a0medi\u00f3w to\u00a0nie\u00a0tylko\u00a0kwestia zakupu \u2013 to\u00a0kompleksowe podej\u015bcie oparte na\u00a0zaawansowanej automatyce, analizie danych i\u00a0precyzyjnym dopasowaniu parametr\u00f3w pracy urz\u0105dze\u0144 do\u00a0rzeczywistych potrzeb produkcyjnych. &nbsp; Dzi\u0119ki naszym systemom automatyki przemys\u0142owej mo\u017cliwe jest bie\u017c\u0105ce monitorowanie i\u00a0zarz\u0105dzanie zu\u017cyciem energii w\u00a0czasie rzeczywistym. Inteligentne systemy pozwalaj\u0105 na\u00a0dynamiczne dostosowanie parametr\u00f3w proces\u00f3w cieplnych, co\u00a0przek\u0142ada [&hellip;]<\/p>\n","protected":false},"author":2,"featured_media":0,"parent":124591,"menu_order":0,"comment_status":"closed","ping_status":"closed","template":"","meta":{"_acf_changed":false,"_et_pb_use_builder":"on","_et_pb_old_content":"","_et_gb_content_width":"","footnotes":""},"class_list":["post-179003","page","type-page","status-publish"],"acf":[],"_links":{"self":[{"href":"https:\/\/www.secowarwick.com\/pl\/wp-json\/wp\/v2\/pages\/179003","targetHints":{"allow":["GET"]}}],"collection":[{"href":"https:\/\/www.secowarwick.com\/pl\/wp-json\/wp\/v2\/pages"}],"about":[{"href":"https:\/\/www.secowarwick.com\/pl\/wp-json\/wp\/v2\/types\/page"}],"author":[{"embeddable":true,"href":"https:\/\/www.secowarwick.com\/pl\/wp-json\/wp\/v2\/users\/2"}],"replies":[{"embeddable":true,"href":"https:\/\/www.secowarwick.com\/pl\/wp-json\/wp\/v2\/comments?post=179003"}],"version-history":[{"count":11,"href":"https:\/\/www.secowarwick.com\/pl\/wp-json\/wp\/v2\/pages\/179003\/revisions"}],"predecessor-version":[{"id":184112,"href":"https:\/\/www.secowarwick.com\/pl\/wp-json\/wp\/v2\/pages\/179003\/revisions\/184112"}],"up":[{"embeddable":true,"href":"https:\/\/www.secowarwick.com\/pl\/wp-json\/wp\/v2\/pages\/124591"}],"wp:attachment":[{"href":"https:\/\/www.secowarwick.com\/pl\/wp-json\/wp\/v2\/media?parent=179003"}],"curies":[{"name":"wp","href":"https:\/\/api.w.org\/{rel}","templated":true}]}}