{"id":179018,"date":"2025-06-08T08:01:43","date_gmt":"2025-06-08T06:01:43","guid":{"rendered":"https:\/\/www.secowarwick.com\/?page_id=179018"},"modified":"2025-09-25T15:23:53","modified_gmt":"2025-09-25T13:23:53","slug":"audyt-energetyczny","status":"publish","type":"page","link":"https:\/\/www.secowarwick.com\/pl\/service\/automatyka\/audyt-energetyczny\/","title":{"rendered":"Audyt energetyczny z SECO\/WARWICK"},"content":{"rendered":"<p>[et_pb_section fb_built=&#8221;1&#8243; admin_label=&#8221;section&#8221; _builder_version=&#8221;4.16&#8243; custom_padding=&#8221;0px|||&#8221; transparent_background=&#8221;off&#8221; make_fullwidth=&#8221;off&#8221; use_custom_width=&#8221;off&#8221; width_unit=&#8221;on&#8221; global_colors_info=&#8221;{}&#8221;][et_pb_row column_structure=&#8221;3_4,1_4&#8243; admin_label=&#8221;row&#8221; _builder_version=&#8221;4.23.1&#8243; background_size=&#8221;initial&#8221; background_position=&#8221;top_left&#8221; background_repeat=&#8221;repeat&#8221; custom_padding=&#8221;||||false|false&#8221; make_fullwidth=&#8221;off&#8221; use_custom_width=&#8221;off&#8221; width_unit=&#8221;on&#8221; global_colors_info=&#8221;{}&#8221;][et_pb_column type=&#8221;3_4&#8243; _builder_version=&#8221;4.16&#8243; custom_padding=&#8221;|||&#8221; global_colors_info=&#8221;{}&#8221; custom_padding__hover=&#8221;|||&#8221;][et_pb_code module_class=&#8221;custom-bread&#8221; _builder_version=&#8221;4.23.1&#8243; _module_preset=&#8221;default&#8221; global_colors_info=&#8221;{}&#8221;]<\/p>\n<div class=\"et_pb_module et_pb_breadcrumbs   et_pb_breadcrumbs_0\"><!-- [et_pb_line_break_holder] -->\t\t\t\t<pee id=\"breadcrumbs\"><span><span><a href=\"https:\/\/www.secowarwick.com\/pl\/\">HOME<\/a><\/span> \/ <span><a href=\"https:\/\/www.secowarwick.com\/pl\/service\/automatyka\/\">AUTOMATYKA<\/a><\/span> \/ <span class=\"breadcrumb_last\" aria-current=\"page\">AUDYT ENERGETYCZNY<\/span><\/span><\/pee><!-- [et_pb_line_break_holder] -->\t\t\t<\/div>\n<p>[\/et_pb_code][et_pb_text module_class=&#8221;red-square-list-parent podtytuly&#8221; _builder_version=&#8221;4.23.1&#8243; background_size=&#8221;initial&#8221; background_position=&#8221;top_left&#8221; background_repeat=&#8221;repeat&#8221; text_orientation=&#8221;justified&#8221; use_border_color=&#8221;off&#8221; global_colors_info=&#8221;{}&#8221;]<\/p>\n<h1>Audyt energetyczny z\u00a0SECO\/WARWICK<\/h1>\n<h2><img decoding=\"async\" class=\"alignleft wp-image-180413\" src=\"https:\/\/www.secowarwick.com\/wp-content\/uploads\/2025\/06\/audit-energetyczny-v2-3.png\" alt=\"Audyt energetyczny\" width=\"66\" height=\"75\" \/>Pierwszy krok do\u00a0realnych oszcz\u0119dno\u015bci &#8211; identyfikacja dzia\u0142a\u0144<\/h2>\n<p>&nbsp;<\/p>\n<p>W\u00a0SECO\/WARWICK audyt energetyczny to\u00a0nie\u00a0tylko\u00a0spe\u0142nienie ustawowego obowi\u0105zku \u2013 to\u00a0przede wszystkim narz\u0119dzie strategiczne, kt\u00f3re pozwala naszym klientom przemys\u0142owym na\u00a0<strong>identyfikacj\u0119 konkretnych dzia\u0142a\u0144 prowadz\u0105cych do\u00a0zwi\u0119kszenia efektywno\u015bci energetycznej i\u00a0redukcji koszt\u00f3w operacyjnych.<\/strong><\/p>\n<p>Nasze audyty koncentruj\u0105 si\u0119 przede wszystkim na\u00a0analizie proces\u00f3w technologicznych \u2013 tam, gdzie w\u00a0zak\u0142adach przemys\u0142owych tkwi najwi\u0119kszy potencja\u0142 oszcz\u0119dno\u015bci. Dzi\u0119ki zaawansowanym systemom automatyki i\u00a0monitoringu, jeste\u015bmy w\u00a0stanie precyzyjnie zidentyfikowa\u0107 obszary o\u00a0najwi\u0119kszym zu\u017cyciu energii, wskaza\u0107 miejsca wymagaj\u0105ce dodatkowego opomiarowania oraz\u00a0zaproponowa\u0107 konkretne dzia\u0142ania optymalizacyjne.<\/p>\n<p>W\u00a0ramach audytu oceniamy r\u00f3wnie\u017c zasadno\u015b\u0107 inwestycji we\u00a0w\u0142asne \u017ar\u00f3d\u0142a energii, takie jak instalacje fotowoltaiczne czy\u00a0uk\u0142ady kogeneracyjne, uwzgl\u0119dniaj\u0105c zar\u00f3wno aspekty ekonomiczne, jak i\u00a0\u015brodowiskowe \u2013 w\u00a0tym potencjaln\u0105 redukcj\u0119 emisji CO\u2082.<\/p>\n<p>[\/et_pb_text][\/et_pb_column][et_pb_column type=&#8221;1_4&#8243; _builder_version=&#8221;4.23.1&#8243; custom_padding=&#8221;70px||||false|false&#8221; custom_padding_tablet=&#8221;0px||||false|false&#8221; custom_padding_phone=&#8221;0px||||false|false&#8221; custom_padding_last_edited=&#8221;on|desktop&#8221; global_colors_info=&#8221;{}&#8221; custom_padding__hover=&#8221;|||&#8221;][et_pb_text admin_label=&#8221;btn_pl_premiumlibrary&#8221; module_class=&#8221;premium-library-button&#8221; _builder_version=&#8221;4.23.1&#8243; _module_preset=&#8221;default&#8221; text_orientation=&#8221;center&#8221; global_module=&#8221;157169&#8243; saved_tabs=&#8221;all&#8221; locked=&#8221;off&#8221; global_colors_info=&#8221;{}&#8221;]<\/p>\n<a href='https:\/\/www.secowarwick.com\/pl\/trescipremium\/' class='small-button smallred'><span>TRE\u015aCI PREMIUM<\/span><\/a>\n<p>[\/et_pb_text][et_pb_text admin_label=&#8221;R&#038;D PL&#8221; module_class=&#8221;product_widget_wrap_rd&#8221; _builder_version=&#8221;4.23.1&#8243; _module_preset=&#8221;default&#8221; text_orientation=&#8221;center&#8221; global_module=&#8221;165497&#8243; saved_tabs=&#8221;all&#8221; locked=&#8221;off&#8221; global_colors_info=&#8221;{}&#8221;]<\/p>\n<p><a href=\"https:\/\/www.secowarwick.com\/pl\/rd\/\"><span class=\"product_wigtet_name\">R&amp;D<\/span><\/a><\/p>\n<p>[\/et_pb_text][et_pb_text admin_label=&#8221;PRODUKTY pl&#8221; module_class=&#8221;product_widget_wrap_products&#8221; _builder_version=&#8221;4.23.1&#8243; _module_preset=&#8221;default&#8221; global_module=&#8221;178154&#8243; saved_tabs=&#8221;all&#8221; locked=&#8221;off&#8221; global_colors_info=&#8221;{}&#8221;]<\/p>\n<p><a href=\"https:\/\/www.secowarwick.com\/pl\/produkty\/\" target=\"_blank\" rel=\"noopener\"><span class=\"product_wigtet_name\">PRODUKTY<\/span><\/a><\/p>\n<p>[\/et_pb_text][et_pb_text admin_label=&#8221;SERVICE PL&#8221; module_class=&#8221;product_widget_wrap_service&#8221; _builder_version=&#8221;4.23.1&#8243; _module_preset=&#8221;default&#8221; global_module=&#8221;165500&#8243; saved_tabs=&#8221;all&#8221; locked=&#8221;off&#8221; global_colors_info=&#8221;{}&#8221;]<\/p>\n<p><a href=\"https:\/\/www.secowarwick.com\/pl\/profesjonalne-uslugi-serwisowe\/\"><span class=\"product_wigtet_name\">SERWIS<\/span><\/a><\/p>\n<p>[\/et_pb_text][et_pb_text admin_label=&#8221;SUPLEMENTALS PL&#8221; module_class=&#8221;product_widget_wrap_supleme&#8221; _builder_version=&#8221;4.23.1&#8243; _module_preset=&#8221;default&#8221; global_module=&#8221;165502&#8243; saved_tabs=&#8221;all&#8221; locked=&#8221;off&#8221; global_colors_info=&#8221;{}&#8221;]<\/p>\n<p><span class=\"product_wigtet_name\">DODATKOWE:<\/span><\/p>\n<p>[\/et_pb_text][et_pb_text admin_label=&#8221;dnabook-pl&#8221; module_class=&#8221;suplementals_product_dna suplementals_wrap&#8221; _builder_version=&#8221;4.23.1&#8243; _module_preset=&#8221;default&#8221; global_module=&#8221;165509&#8243; saved_tabs=&#8221;all&#8221; locked=&#8221;off&#8221; global_colors_info=&#8221;{}&#8221;]<\/p>\n<p><a href=\"https:\/\/www.secowarwick.com\/wp-content\/uploads\/2025\/07\/DNA_BOOK.pdf\" target=\"_blank\" rel=\"noopener\">DNA\/BOOK<\/a><\/p>\n<p>[\/et_pb_text][et_pb_text admin_label=&#8221;ECO\/BOOK-pl&#8221; module_class=&#8221;suplementals_product_eco suplementals_wrap&#8221; _builder_version=&#8221;4.23.1&#8243; _module_preset=&#8221;default&#8221; global_module=&#8221;165511&#8243; saved_tabs=&#8221;all&#8221; locked=&#8221;off&#8221; global_colors_info=&#8221;{}&#8221;]<\/p>\n<p><a href=\"https:\/\/www.secowarwick.com\/wp-content\/uploads\/2023\/06\/ECOBOOK-2-1.pdf\" target=\"_blank\" rel=\"noopener\">ECO\/BOOK<\/a><\/p>\n<p>[\/et_pb_text][\/et_pb_column][\/et_pb_row][\/et_pb_section][et_pb_section fb_built=&#8221;1&#8243; admin_label=&#8221;section&#8221; _builder_version=&#8221;4.16&#8243; background_color=&#8221;#f8f8f8&#8243; transparent_background=&#8221;off&#8221; make_fullwidth=&#8221;off&#8221; use_custom_width=&#8221;off&#8221; width_unit=&#8221;on&#8221; global_colors_info=&#8221;{}&#8221;][et_pb_row _builder_version=&#8221;4.23.1&#8243; _module_preset=&#8221;default&#8221; global_colors_info=&#8221;{}&#8221;][et_pb_column type=&#8221;4_4&#8243; _builder_version=&#8221;4.23.1&#8243; _module_preset=&#8221;default&#8221; global_colors_info=&#8221;{}&#8221;][et_pb_text _builder_version=&#8221;4.23.1&#8243; _module_preset=&#8221;default&#8221; header_2_font_size=&#8221;35px&#8221; hover_enabled=&#8221;0&#8243; header_2_font_size_tablet=&#8221;35px&#8221; header_2_font_size_phone=&#8221;25px&#8221; header_2_font_size_last_edited=&#8221;on|phone&#8221; global_colors_info=&#8221;{}&#8221; sticky_enabled=&#8221;0&#8243;]<\/p>\n<h2><span style=\"color: #dc291e;\">\/<\/span>Etapy audytu energetycznego<\/h2>\n<p>&nbsp;<\/p>\n<p>[\/et_pb_text][et_pb_image src=&#8221;https:\/\/www.secowarwick.com\/wp-content\/uploads\/2025\/09\/PL-audyt-energetyczny-etapy.png&#8221; alt=&#8221;Etapy audytu energetycznego&#8221; _builder_version=&#8221;4.23.1&#8243; _module_preset=&#8221;default&#8221; hover_enabled=&#8221;0&#8243; global_colors_info=&#8221;{}&#8221; sticky_enabled=&#8221;0&#8243;][\/et_pb_image][\/et_pb_column][\/et_pb_row][et_pb_row column_structure=&#8221;1_3,1_3,1_3&#8243; disabled_on=&#8221;on|on|on&#8221; _builder_version=&#8221;4.23.1&#8243; _module_preset=&#8221;default&#8221; disabled=&#8221;on&#8221; global_colors_info=&#8221;{}&#8221;][et_pb_column type=&#8221;1_3&#8243; _builder_version=&#8221;4.23.1&#8243; _module_preset=&#8221;default&#8221; global_colors_info=&#8221;{}&#8221;][et_pb_image src=&#8221;https:\/\/www.secowarwick.com\/wp-content\/uploads\/2025\/06\/Inwentaryzacja-techniczna.png&#8221; alt=&#8221;Poprawa bezpiecze\u0144stwa pracy&#8221; module_class=&#8221;ikony-serwis&#8221; _builder_version=&#8221;4.23.1&#8243; _module_preset=&#8221;default&#8221; locked=&#8221;off&#8221; global_colors_info=&#8221;{}&#8221;][\/et_pb_image][et_pb_text module_class=&#8221;red-hash-list-parent&#8221; _builder_version=&#8221;4.23.1&#8243; background_size=&#8221;initial&#8221; background_position=&#8221;top_left&#8221; background_repeat=&#8221;repeat&#8221; text_orientation=&#8221;justified&#8221; use_border_color=&#8221;off&#8221; border_color=&#8221;#ffffff&#8221; border_style=&#8221;solid&#8221; locked=&#8221;off&#8221; global_colors_info=&#8221;{}&#8221;]<\/p>\n<h2 style=\"text-align: left;\">Inwentaryzacja techniczna<\/h2>\n<ul>\n<li>Okre\u015blenie rodzaju obiektu, urz\u0105dze\u0144 technicznych i\u00a0instalacji,<\/li>\n<li>Zebranie danych technicznych i\u00a0parametr\u00f3w pracy.<\/li>\n<\/ul>\n<p>[\/et_pb_text][\/et_pb_column][et_pb_column type=&#8221;1_3&#8243; _builder_version=&#8221;4.23.1&#8243; _module_preset=&#8221;default&#8221; global_colors_info=&#8221;{}&#8221;][et_pb_image src=&#8221;https:\/\/www.secowarwick.com\/wp-content\/uploads\/2025\/06\/Pomiary-i-analiza-zuzycia-energii.png&#8221; alt=&#8221;Pomiary i\u00a0analiza zu\u017cycia energii&#8221; module_class=&#8221;ikony-serwis&#8221; _builder_version=&#8221;4.23.1&#8243; _module_preset=&#8221;default&#8221; locked=&#8221;off&#8221; global_colors_info=&#8221;{}&#8221;][\/et_pb_image][et_pb_text module_class=&#8221;red-hash-list-parent&#8221; _builder_version=&#8221;4.23.1&#8243; background_size=&#8221;initial&#8221; background_position=&#8221;top_left&#8221; background_repeat=&#8221;repeat&#8221; text_orientation=&#8221;justified&#8221; use_border_color=&#8221;off&#8221; border_color=&#8221;#ffffff&#8221; border_style=&#8221;solid&#8221; locked=&#8221;off&#8221; global_colors_info=&#8221;{}&#8221;]<\/p>\n<h2 style=\"text-align: left;\">Pomiary i\u00a0analiza zu\u017cycia energii<\/h2>\n<ul>\n<li>Wykonanie pomiar\u00f3w wielko\u015bci fizycznych i\u00a0parametr\u00f3w pracy,<\/li>\n<li>Analiza zu\u017cycia energii z\u00a0uwzgl\u0119dnieniem czynnik\u00f3w wp\u0142ywaj\u0105cych na\u00a0jej pob\u00f3r.<\/li>\n<\/ul>\n<p>[\/et_pb_text][\/et_pb_column][et_pb_column type=&#8221;1_3&#8243; _builder_version=&#8221;4.23.1&#8243; _module_preset=&#8221;default&#8221; global_colors_info=&#8221;{}&#8221;][et_pb_image src=&#8221;https:\/\/www.secowarwick.com\/wp-content\/uploads\/2025\/06\/Ocena-stanu-technicznego.png&#8221; alt=&#8221;Zwi\u0119kszenie niezawodno\u015bci i \u0142atwo\u015bci serwisowania&#8221; module_class=&#8221;ikony-serwis&#8221; _builder_version=&#8221;4.23.1&#8243; _module_preset=&#8221;default&#8221; locked=&#8221;off&#8221; global_colors_info=&#8221;{}&#8221;][\/et_pb_image][et_pb_text module_class=&#8221;red-hash-list-parent&#8221; _builder_version=&#8221;4.23.1&#8243; background_size=&#8221;initial&#8221; background_position=&#8221;top_left&#8221; background_repeat=&#8221;repeat&#8221; text_orientation=&#8221;justified&#8221; use_border_color=&#8221;off&#8221; border_color=&#8221;#ffffff&#8221; border_style=&#8221;solid&#8221; locked=&#8221;off&#8221; global_colors_info=&#8221;{}&#8221;]<\/p>\n<h2 style=\"text-align: left;\">Ocena stanu technicznego<\/h2>\n<ul>\n<li>Ocena b\u0142\u0119d\u00f3w pomiar\u00f3w i\u00a0oszacowa\u0144 zu\u017cycia energii,<\/li>\n<li>Uzgodnienie wynik\u00f3w pomiar\u00f3w z\u00a0oszacowaniami analitycznymi.<\/li>\n<\/ul>\n<p>[\/et_pb_text][\/et_pb_column][\/et_pb_row][et_pb_row column_structure=&#8221;1_3,1_3,1_3&#8243; disabled_on=&#8221;on|on|on&#8221; _builder_version=&#8221;4.23.1&#8243; _module_preset=&#8221;default&#8221; disabled=&#8221;on&#8221; global_colors_info=&#8221;{}&#8221;][et_pb_column type=&#8221;1_3&#8243; _builder_version=&#8221;4.23.1&#8243; _module_preset=&#8221;default&#8221; global_colors_info=&#8221;{}&#8221;][et_pb_image src=&#8221;https:\/\/www.secowarwick.com\/wp-content\/uploads\/2025\/06\/Okreslenie-poziomu-mocy-biernej.png&#8221; alt=&#8221;Okre\u015blenie poziomu mocy biernej&#8221; module_class=&#8221;ikony-serwis&#8221; _builder_version=&#8221;4.23.1&#8243; _module_preset=&#8221;default&#8221; locked=&#8221;off&#8221; global_colors_info=&#8221;{}&#8221;][\/et_pb_image][et_pb_text module_class=&#8221;red-hash-list-parent&#8221; _builder_version=&#8221;4.23.1&#8243; background_size=&#8221;initial&#8221; background_position=&#8221;top_left&#8221; background_repeat=&#8221;repeat&#8221; text_orientation=&#8221;justified&#8221; use_border_color=&#8221;off&#8221; border_color=&#8221;#ffffff&#8221; border_style=&#8221;solid&#8221; locked=&#8221;off&#8221; global_colors_info=&#8221;{}&#8221;]<\/p>\n<h2 style=\"text-align: left;\">Okre\u015blenie poziomu mocy biernej<\/h2>\n<ul>\n<li>Rejestracja mocy, energii i\u00a0parametr\u00f3w elektrycznych,<\/li>\n<li>Analiza charakterystyki odbior\u00f3w i\u00a0przebiegu zu\u017cycia energii,<\/li>\n<li>Weryfikacja profilu godzinowego zu\u017cycia energii.<\/li>\n<\/ul>\n<p>[\/et_pb_text][\/et_pb_column][et_pb_column type=&#8221;1_3&#8243; _builder_version=&#8221;4.23.1&#8243; _module_preset=&#8221;default&#8221; global_colors_info=&#8221;{}&#8221;][et_pb_image src=&#8221;https:\/\/www.secowarwick.com\/wp-content\/uploads\/2025\/06\/Propozycje-dzialan-korygujacych.png&#8221; alt=&#8221;Mo\u017cliwo\u015b\u0107 dostosowania do nowoczesnych uk\u0142ad\u00f3w grzejnych&#8221; module_class=&#8221;ikony-serwis&#8221; _builder_version=&#8221;4.23.1&#8243; _module_preset=&#8221;default&#8221; locked=&#8221;off&#8221; global_colors_info=&#8221;{}&#8221;][\/et_pb_image][et_pb_text module_class=&#8221;red-hash-list-parent&#8221; _builder_version=&#8221;4.23.1&#8243; background_size=&#8221;initial&#8221; background_position=&#8221;top_left&#8221; background_repeat=&#8221;repeat&#8221; text_orientation=&#8221;justified&#8221; use_border_color=&#8221;off&#8221; border_color=&#8221;#ffffff&#8221; border_style=&#8221;solid&#8221; locked=&#8221;off&#8221; global_colors_info=&#8221;{}&#8221;]<\/p>\n<h2 style=\"text-align: left;\">Propozycje dzia\u0142a\u0144 koryguj\u0105cych<\/h2>\n<ul>\n<li>Analiza techniczno-ekonomiczna mo\u017cliwo\u015bci zastosowania uk\u0142ad\u00f3w do\u00a0kompensacji mocy biernej,<\/li>\n<li>Propozycje rozwi\u0105za\u0144 w\u00a0celu poprawy efektywno\u015bci energetycznej.<\/li>\n<\/ul>\n<p>[\/et_pb_text][\/et_pb_column][et_pb_column type=&#8221;1_3&#8243; _builder_version=&#8221;4.23.1&#8243; _module_preset=&#8221;default&#8221; global_colors_info=&#8221;{}&#8221;][\/et_pb_column][\/et_pb_row][\/et_pb_section][et_pb_section fb_built=&#8221;1&#8243; _builder_version=&#8221;4.23.1&#8243; _module_preset=&#8221;default&#8221; global_colors_info=&#8221;{}&#8221;][et_pb_row column_structure=&#8221;3_4,1_4&#8243; use_custom_gutter=&#8221;on&#8221; gutter_width=&#8221;2&#8243; module_class=&#8221;automatycy-wiersz-korzysci&#8221; _builder_version=&#8221;4.23.1&#8243; _module_preset=&#8221;default&#8221; locked=&#8221;off&#8221; global_colors_info=&#8221;{}&#8221;][et_pb_column type=&#8221;3_4&#8243; _builder_version=&#8221;4.23.1&#8243; _module_preset=&#8221;default&#8221; global_colors_info=&#8221;{}&#8221;][et_pb_text module_class=&#8221;przecinek-tlo-nizej&#8221; _builder_version=&#8221;4.23.1&#8243; text_text_color=&#8221;#000000&#8243; background_size=&#8221;initial&#8221; background_position=&#8221;top_left&#8221; background_repeat=&#8221;repeat&#8221; use_border_color=&#8221;off&#8221; global_colors_info=&#8221;{}&#8221;]<\/p>\n<p>KORZY\u015aCI<\/p>\n<p>[\/et_pb_text][et_pb_text module_class=&#8221;opis-korzysci&#8221; _builder_version=&#8221;4.23.1&#8243; _module_preset=&#8221;default&#8221; text_orientation=&#8221;justified&#8221; custom_margin=&#8221;20px||||false|false&#8221; global_colors_info=&#8221;{}&#8221;]<\/p>\n<p><strong><span style=\"color: #dc291e;\">\/<\/span><\/strong><strong>\u00a0Dok\u0142adn\u0105 analiz\u0119 zu\u017cycia energii w\u00a0procesach przemys\u0142owych<\/strong>, wspart\u0105 danymi z\u00a0system\u00f3w automatyki,<br \/><strong><span style=\"color: #dc291e;\">\/<\/span> Wykaz dzia\u0142a\u0144 optymalizacyjnych\u00a0<\/strong>dostosowanych do\u00a0specyfiki Twojej\u00a0produkcji,<br \/><strong><span style=\"color: #dc291e;\">\/<\/span> Rekomendacje inwestycyjne <\/strong>w\u00a0technologie poprawiaj\u0105ce efektywno\u015b\u0107 energetyczn\u0105,<br \/><strong><span style=\"color: #dc291e;\">\/<\/span>\u00a0Redukcj\u0119 koszt\u00f3w i\u00a0emisji CO\u2082<\/strong>, dzi\u0119ki wdro\u017ceniu wskazanych rozwi\u0105za\u0144,<br \/><strong><span style=\"color: #dc291e;\">\/<\/span>\u00a0Integracj\u0119 wynik\u00f3w audytu z\u00a0systemami sterowania i\u00a0monitoringu<\/strong>, co\u00a0umo\u017cliwia bie\u017c\u0105ce \u015bledzenie efekt\u00f3w wdro\u017conych dzia\u0142a\u0144.<\/p>\n<p>[\/et_pb_text][\/et_pb_column][et_pb_column type=&#8221;1_4&#8243; _builder_version=&#8221;4.23.1&#8243; _module_preset=&#8221;default&#8221; global_colors_info=&#8221;{}&#8221;][et_pb_image src=&#8221;https:\/\/www.secowarwick.com\/wp-content\/uploads\/2024\/05\/korzysci.png&#8221; alt=&#8221;korzy\u015bci&#8221; align=&#8221;center&#8221; module_class=&#8221;obraz-korzysci&#8221; _builder_version=&#8221;4.23.1&#8243; _module_preset=&#8221;default&#8221; global_colors_info=&#8221;{}&#8221;][\/et_pb_image][\/et_pb_column][\/et_pb_row][\/et_pb_section]<\/p>\n","protected":false},"excerpt":{"rendered":"<p>Audyt energetyczny z\u00a0SECO\/WARWICK Pierwszy krok do\u00a0realnych oszcz\u0119dno\u015bci &#8211; identyfikacja dzia\u0142a\u0144 &nbsp; W\u00a0SECO\/WARWICK audyt energetyczny to\u00a0nie\u00a0tylko\u00a0spe\u0142nienie ustawowego obowi\u0105zku \u2013 to\u00a0przede wszystkim narz\u0119dzie strategiczne, kt\u00f3re pozwala naszym klientom przemys\u0142owym na\u00a0identyfikacj\u0119 konkretnych dzia\u0142a\u0144 prowadz\u0105cych do\u00a0zwi\u0119kszenia efektywno\u015bci energetycznej i\u00a0redukcji koszt\u00f3w operacyjnych. Nasze audyty koncentruj\u0105 si\u0119 przede wszystkim na\u00a0analizie proces\u00f3w technologicznych \u2013 tam, gdzie w\u00a0zak\u0142adach przemys\u0142owych tkwi najwi\u0119kszy potencja\u0142 oszcz\u0119dno\u015bci. [&hellip;]<\/p>\n","protected":false},"author":2,"featured_media":0,"parent":124591,"menu_order":0,"comment_status":"closed","ping_status":"closed","template":"","meta":{"_acf_changed":false,"_et_pb_use_builder":"on","_et_pb_old_content":"","_et_gb_content_width":"","footnotes":""},"class_list":["post-179018","page","type-page","status-publish"],"acf":[],"_links":{"self":[{"href":"https:\/\/www.secowarwick.com\/pl\/wp-json\/wp\/v2\/pages\/179018","targetHints":{"allow":["GET"]}}],"collection":[{"href":"https:\/\/www.secowarwick.com\/pl\/wp-json\/wp\/v2\/pages"}],"about":[{"href":"https:\/\/www.secowarwick.com\/pl\/wp-json\/wp\/v2\/types\/page"}],"author":[{"embeddable":true,"href":"https:\/\/www.secowarwick.com\/pl\/wp-json\/wp\/v2\/users\/2"}],"replies":[{"embeddable":true,"href":"https:\/\/www.secowarwick.com\/pl\/wp-json\/wp\/v2\/comments?post=179018"}],"version-history":[{"count":24,"href":"https:\/\/www.secowarwick.com\/pl\/wp-json\/wp\/v2\/pages\/179018\/revisions"}],"predecessor-version":[{"id":184600,"href":"https:\/\/www.secowarwick.com\/pl\/wp-json\/wp\/v2\/pages\/179018\/revisions\/184600"}],"up":[{"embeddable":true,"href":"https:\/\/www.secowarwick.com\/pl\/wp-json\/wp\/v2\/pages\/124591"}],"wp:attachment":[{"href":"https:\/\/www.secowarwick.com\/pl\/wp-json\/wp\/v2\/media?parent=179018"}],"curies":[{"name":"wp","href":"https:\/\/api.w.org\/{rel}","templated":true}]}}