{"id":179595,"date":"2025-06-13T07:09:08","date_gmt":"2025-06-13T05:09:08","guid":{"rendered":"https:\/\/www.secowarwick.com\/piec-przemyslowy-z-drugiej-reki\/the-vacuum-furnace-type-200x1000\/"},"modified":"2025-12-11T08:58:13","modified_gmt":"2025-12-11T07:58:13","slug":"piec-prozniowy-typ-200x1000","status":"publish","type":"page","link":"https:\/\/www.secowarwick.com\/pl\/piec-przemyslowy-z-drugiej-reki\/piec-prozniowy-typ-200x1000\/","title":{"rendered":"Piec pr\u00f3\u017cniowy TYP 200&#215;1000"},"content":{"rendered":"<p>[et_pb_section fb_built=&#8221;1&#8243; admin_label=&#8221;section&#8221; _builder_version=&#8221;4.16&#8243; custom_padding=&#8221;0px|||&#8221; transparent_background=&#8221;off&#8221; make_fullwidth=&#8221;off&#8221; use_custom_width=&#8221;off&#8221; width_unit=&#8221;on&#8221; global_colors_info=&#8221;{}&#8221;][et_pb_row _builder_version=&#8221;4.16&#8243; _module_preset=&#8221;default&#8221; global_colors_info=&#8221;{}&#8221;][et_pb_column type=&#8221;4_4&#8243; _builder_version=&#8221;4.16&#8243; _module_preset=&#8221;default&#8221; global_colors_info=&#8221;{}&#8221;][et_pb_breadcrumbs _builder_version=&#8221;4.10.3&#8243; _module_preset=&#8221;default&#8221; global_colors_info=&#8221;{}&#8221;][\/et_pb_breadcrumbs][\/et_pb_column][\/et_pb_row][et_pb_row admin_label=&#8221;row&#8221; _builder_version=&#8221;4.16&#8243; background_size=&#8221;initial&#8221; background_position=&#8221;top_left&#8221; background_repeat=&#8221;repeat&#8221; custom_padding=&#8221;0px|||&#8221; make_fullwidth=&#8221;off&#8221; use_custom_width=&#8221;off&#8221; width_unit=&#8221;on&#8221; global_colors_info=&#8221;{}&#8221;][et_pb_column type=&#8221;4_4&#8243; _builder_version=&#8221;4.16&#8243; custom_padding=&#8221;|||&#8221; global_colors_info=&#8221;{}&#8221; custom_padding__hover=&#8221;|||&#8221;][et_pb_text module_class=&#8221;red-square-list-parent&#8221; _builder_version=&#8221;4.23.1&#8243; background_size=&#8221;initial&#8221; background_position=&#8221;top_left&#8221; background_repeat=&#8221;repeat&#8221; hover_enabled=&#8221;0&#8243; use_border_color=&#8221;off&#8221; global_colors_info=&#8221;{}&#8221; sticky_enabled=&#8221;0&#8243;]<\/p>\n<h1>Piec pr\u00f3\u017cniowy TYP 200&#215;1000<\/h1>\n<p>&nbsp;<\/p>\n<h3><strong>Informacje og\u00f3lne:<\/strong><\/h3>\n<p><strong><span style=\"color: #dc291e;\">\/<\/span><\/strong>\u00a0Piec pr\u00f3\u017cniowy do\u00a0obr\u00f3bki cieplnej i\u00a0cieplna chemicznej<br \/><strong><span style=\"color: #dc291e;\">\/<\/span><\/strong>\u00a0Producent SECO\/WARWICK<br \/><strong><span style=\"color: #dc291e;\">\/<\/span><\/strong>\u00a0Rok produkcji 2017<br \/><strong><span style=\"color: #dc291e;\">\/<\/span><\/strong>\u00a0Lokalizacja \u2013 Polska \u2013 siedziba SECO\/WARWICK<br \/><strong><span style=\"color: #dc291e;\">\/<\/span><\/strong> Stan: Bardzo dobry. Piec pracowa\u0142 w\u00a0warunkach laboratoryjnych<br \/><strong><span style=\"color: #dc291e;\">\/<\/span><\/strong> Oferujemy ocen\u0119 techniczn\u0105, modyfikacje oraz\u00a0relokacj\u0119 oraz\u00a0monta\u017c urz\u0105dzenia w\u00a0miejscu docelowym na\u00a0trenie E.U<\/p>\n<h3><strong>Przeznaczenie:<\/strong><\/h3>\n<p><strong><span style=\"color: #dc291e;\">\/<\/span><\/strong> Piec pr\u00f3\u017cniowy przeznaczony jest do\u00a0obr\u00f3bki cieplnej i\u00a0cieplno-chemicznej \u00a0w pr\u00f3\u017cni do\u00a010-4 mbar.<br \/>Urz\u0105dzenie mo\u017ce zosta\u0107 zarekomendowane do\u00a0przeprowadzenia nast\u0119puj\u0105cych proces\u00f3w:<br \/>&#8211; naw\u0119glanie niskoci\u015bnieniowe LPC (bez\u00a0funkcji hartowania),<br \/>&#8211; lutowanie miedzi\u0105.<\/p>\n<h3><strong>Uwagi:<\/strong><\/h3>\n<p>Nie\u00a0rekomenduje si\u0119 przeprowadzania obu powy\u017cszych proces\u00f3w zamiennie na\u00a0jednym urz\u0105dzeniu.<br \/>Mo\u017cliwo\u015b\u0107 instalacji komory studzenia na\u00a0specjalne \u017cyczenie klienta.<\/p>\n<h3><strong>Cena:<\/strong><\/h3>\n<p>59 000 Euro \/ 250 000 z\u0142<\/p>\n<p>[\/et_pb_text][\/et_pb_column][\/et_pb_row][\/et_pb_section][et_pb_section fb_built=&#8221;1&#8243; admin_label=&#8221;section&#8221; _builder_version=&#8221;4.19.2&#8243; background_color=&#8221;#f8f8f8&#8243; custom_margin=&#8221;-20px||||false|false&#8221; custom_padding=&#8221;0px||||false|false&#8221; transparent_background=&#8221;off&#8221; make_fullwidth=&#8221;off&#8221; use_custom_width=&#8221;off&#8221; width_unit=&#8221;on&#8221; global_colors_info=&#8221;{}&#8221;][et_pb_row column_structure=&#8221;1_2,1_2&#8243; admin_label=&#8221;row&#8221; _builder_version=&#8221;4.19.2&#8243; background_size=&#8221;initial&#8221; background_position=&#8221;top_left&#8221; background_repeat=&#8221;repeat&#8221; custom_margin=&#8221;-20px||||false|false&#8221; global_colors_info=&#8221;{}&#8221;][et_pb_column type=&#8221;1_2&#8243; _builder_version=&#8221;4.16&#8243; custom_padding=&#8221;|||&#8221; global_colors_info=&#8221;{}&#8221; custom_padding__hover=&#8221;|||&#8221;][et_pb_gallery gallery_ids=&#8221;181090,181097,181104,181111,181118&#8243; posts_number=&#8221;1&#8243; show_title_and_caption=&#8221;off&#8221; show_pagination=&#8221;off&#8221; zoom_icon_color=&#8221;#FFFFFF&#8221; module_class=&#8221;seco-products-gallery-new2025&#8243; _builder_version=&#8221;4.23.1&#8243; title_text_color=&#8221;#FFFFFF&#8221; pagination_text_color=&#8221;#FFFFFF&#8221; background_layout=&#8221;dark&#8221; custom_margin=&#8221;||||false|false&#8221; custom_css_before=&#8221; color: #fff !important;&#8221; custom_css_free_form=&#8221;.et_overlay:before {||    content: 'GALERIA&#8217; !important;||}&#8221; locked=&#8221;off&#8221; global_colors_info=&#8221;{}&#8221; custom_css_before_last_edited=&#8221;off|desktop&#8221;][\/et_pb_gallery][et_pb_image src=&#8221;https:\/\/www.secowarwick.com\/wp-content\/uploads\/2025\/07\/The-vacuum-furnace-TYPE-200X1000-scaled.jpg&#8221; alt=&#8221;Piec pr\u00f3\u017cniowy TYP 200&#215;1000&#8243; align_tablet=&#8221;center&#8221; align_phone=&#8221;&#8221; align_last_edited=&#8221;on|desktop&#8221; _builder_version=&#8221;4.23.1&#8243; global_colors_info=&#8221;{}&#8221;][\/et_pb_image][\/et_pb_column][et_pb_column type=&#8221;1_2&#8243; _builder_version=&#8221;4.16&#8243; custom_padding=&#8221;|||&#8221; global_colors_info=&#8221;{}&#8221; custom_padding__hover=&#8221;|||&#8221;][et_pb_text admin_label=&#8221;apostrof&#8221; module_class=&#8221;przecinek-tlo-nizej&#8221; _builder_version=&#8221;4.23.1&#8243; custom_margin=&#8221;||||false|false&#8221; custom_margin_tablet=&#8221;&#8221; custom_margin_phone=&#8221;&#8221; custom_margin_last_edited=&#8221;on|desktop&#8221; saved_tabs=&#8221;all&#8221; global_colors_info=&#8221;{}&#8221;]<\/p>\n<h2>Dane techniczne<\/h2>\n<p>[\/et_pb_text][et_pb_text _builder_version=&#8221;4.23.1&#8243; _module_preset=&#8221;default&#8221; global_colors_info=&#8221;{}&#8221;]<\/p>\n<table style=\"border-collapse: collapse; width: 100%;\">\n<tbody>\n<tr>\n<td colspan=\"2\"><strong>Charakterystyka reaktora\u00a0<\/strong><\/td>\n<\/tr>\n<tr>\n<td>Maksymalna temperatura robocza<\/td>\n<td>1200\u00b0C przy zastosowaniu termopar kontrolnych typu S<br \/>1120\u00b0C przy zastosowaniu termopar kontrolnych typu N<\/td>\n<\/tr>\n<tr>\n<td>R\u00f3wnomierno\u015b\u0107 rozk\u0142adu temperatury w\u00a0pr\u00f3\u017cni w\u00a0zakresie od\u00a0750 do\u00a01200\u00b0C<\/td>\n<td>\u00b12\u00b0C<\/td>\n<\/tr>\n<tr>\n<td>Poziom pr\u00f3\u017cni<\/td>\n<td>Zakres 10<sup>-4<\/sup> mbar<\/td>\n<\/tr>\n<tr>\n<td>Naciek<\/td>\n<td>&lt; 3\u02d110<sup>-3<\/sup> mbar x\u00a01\/s<\/td>\n<\/tr>\n<tr>\n<td>Masa<\/td>\n<td>3000 kg<\/td>\n<\/tr>\n<tr>\n<td colspan=\"2\"><strong>Obudowa<\/strong><\/td>\n<\/tr>\n<tr>\n<td>Materia\u0142<\/td>\n<td>Stal w\u0119glowa<\/td>\n<\/tr>\n<tr>\n<td>Obj\u0119to\u015b\u0107<\/td>\n<td>0,75 m<sup>3<\/sup><\/td>\n<\/tr>\n<tr>\n<td>Zamkni\u0119cie drzwi<\/td>\n<td>Uk\u0142ad hydrauliczny<\/td>\n<\/tr>\n<tr>\n<td>Maksymalne ci\u015bnienie pracy<\/td>\n<td>50 mbar<\/td>\n<\/tr>\n<tr>\n<td colspan=\"2\"><strong>Komora grzejna<\/strong><\/td>\n<\/tr>\n<tr>\n<td>Materia\u0142 obudowy komory<\/td>\n<td>Stal w\u0119glowa<\/td>\n<\/tr>\n<tr>\n<td>Materia\u0142 izolacyjny komory<\/td>\n<td>P\u0142yta grafitowa 50 mm<\/td>\n<\/tr>\n<tr>\n<td>Wymiary u\u017cyteczne strefy grzejnej<\/td>\n<td>\u03c6200 mm x\u00a01000 mm<\/td>\n<\/tr>\n<tr>\n<td><strong>System grzejny<\/strong><\/td>\n<td>\u00a0<\/td>\n<\/tr>\n<tr>\n<td>Materia\u0142 element\u00f3w grzejnych<\/td>\n<td>Grafit 1501G \/ Premium<\/td>\n<\/tr>\n<tr>\n<td>Moc element\u00f3w grzejnych<\/td>\n<td>54 kW<\/td>\n<\/tr>\n<tr>\n<td>Ilo\u015b\u0107 stref grzejnych<\/td>\n<td>6<\/td>\n<\/tr>\n<tr>\n<td>Rozmieszczenie element\u00f3w grzejnych<\/td>\n<td>Nad\u00a0i\u00a0pod\u00a0wsadem<\/td>\n<\/tr>\n<tr>\n<td><strong>System pompowy<\/strong><\/td>\n<td>\u00a0<\/td>\n<\/tr>\n<tr>\n<td>Pompa mechaniczna TRIVAC D40B<\/td>\n<td>Oerlikon Leybold<\/td>\n<\/tr>\n<tr>\n<td>Pompa Roots\u2019a WS 501<\/td>\n<td>Oerlikon Leybold<\/td>\n<\/tr>\n<tr>\n<td>Pompa Roots\u2019a WS 251<\/td>\n<td>Oerlikon Leybold<\/td>\n<\/tr>\n<tr>\n<td colspan=\"2\"><strong>Aparatura kontrolno-pomiarowa<\/strong><\/td>\n<\/tr>\n<tr>\n<td>Termopara regulacyjna i\u00a0zabezpieczaj\u0105ca<\/td>\n<td>Typ N<\/td>\n<\/tr>\n<tr>\n<td>Programowalny regulator temperatury<\/td>\n<td>Na\u00a0bazie PLC<\/td>\n<\/tr>\n<tr>\n<td>Regulator zabezpieczaj\u0105cy<\/td>\n<td>32116i Eurotherm<\/td>\n<\/tr>\n<tr>\n<td rowspan=\"3\">G\u0142owice pr\u00f3\u017cni<\/td>\n<td>TTR 91S Oerlikon Leybold<\/td>\n<\/tr>\n<tr>\n<td>CTR 100 10Torr Oerlikon Leybold<\/td>\n<\/tr>\n<tr>\n<td>PTR 90 Oerlikon Leybold<\/td>\n<\/tr>\n<\/tbody>\n<\/table>\n<p>&nbsp;<\/p>\n<p>[\/et_pb_text][\/et_pb_column][\/et_pb_row][\/et_pb_section]<\/p>\n","protected":false},"excerpt":{"rendered":"<p>[et_pb_breadcrumbs _builder_version=&#8221;4.10.3&#8243; _module_preset=&#8221;default&#8221; global_colors_info=&#8221;{}&#8221;][\/et_pb_breadcrumbs]Piec pr\u00f3\u017cniowy TYP 200&#215;1000 &nbsp; Informacje og\u00f3lne: \/\u00a0Piec pr\u00f3\u017cniowy do\u00a0obr\u00f3bki cieplnej i\u00a0cieplna chemicznej\/\u00a0Producent SECO\/WARWICK\/\u00a0Rok produkcji 2017\/\u00a0Lokalizacja \u2013 Polska \u2013 siedziba SECO\/WARWICK\/ Stan: Bardzo dobry. Piec pracowa\u0142 w\u00a0warunkach laboratoryjnych\/ Oferujemy ocen\u0119 techniczn\u0105, modyfikacje oraz\u00a0relokacj\u0119 oraz\u00a0monta\u017c urz\u0105dzenia w\u00a0miejscu docelowym na\u00a0trenie E.U Przeznaczenie: \/ Piec pr\u00f3\u017cniowy przeznaczony jest do\u00a0obr\u00f3bki cieplnej i\u00a0cieplno-chemicznej \u00a0w pr\u00f3\u017cni do\u00a010-4 mbar.Urz\u0105dzenie [&hellip;]<\/p>\n","protected":false},"author":2,"featured_media":179588,"parent":138631,"menu_order":0,"comment_status":"closed","ping_status":"closed","template":"","meta":{"_acf_changed":false,"_et_pb_use_builder":"on","_et_pb_old_content":"","_et_gb_content_width":"","footnotes":""},"class_list":["post-179595","page","type-page","status-publish","has-post-thumbnail"],"acf":[],"_links":{"self":[{"href":"https:\/\/www.secowarwick.com\/pl\/wp-json\/wp\/v2\/pages\/179595","targetHints":{"allow":["GET"]}}],"collection":[{"href":"https:\/\/www.secowarwick.com\/pl\/wp-json\/wp\/v2\/pages"}],"about":[{"href":"https:\/\/www.secowarwick.com\/pl\/wp-json\/wp\/v2\/types\/page"}],"author":[{"embeddable":true,"href":"https:\/\/www.secowarwick.com\/pl\/wp-json\/wp\/v2\/users\/2"}],"replies":[{"embeddable":true,"href":"https:\/\/www.secowarwick.com\/pl\/wp-json\/wp\/v2\/comments?post=179595"}],"version-history":[{"count":9,"href":"https:\/\/www.secowarwick.com\/pl\/wp-json\/wp\/v2\/pages\/179595\/revisions"}],"predecessor-version":[{"id":188395,"href":"https:\/\/www.secowarwick.com\/pl\/wp-json\/wp\/v2\/pages\/179595\/revisions\/188395"}],"up":[{"embeddable":true,"href":"https:\/\/www.secowarwick.com\/pl\/wp-json\/wp\/v2\/pages\/138631"}],"wp:featuredmedia":[{"embeddable":true,"href":"https:\/\/www.secowarwick.com\/pl\/wp-json\/wp\/v2\/media\/179588"}],"wp:attachment":[{"href":"https:\/\/www.secowarwick.com\/pl\/wp-json\/wp\/v2\/media?parent=179595"}],"curies":[{"name":"wp","href":"https:\/\/api.w.org\/{rel}","templated":true}]}}