{"id":181291,"date":"2025-07-10T12:54:22","date_gmt":"2025-07-10T10:54:22","guid":{"rendered":"https:\/\/www.secowarwick.com\/?page_id=181291"},"modified":"2025-07-11T08:48:26","modified_gmt":"2025-07-11T06:48:26","slug":"piec-prozniowy-z-chlodzeniem-gazowym","status":"publish","type":"page","link":"https:\/\/www.secowarwick.com\/pl\/piec-przemyslowy-z-drugiej-reki\/piec-prozniowy-z-chlodzeniem-gazowym\/","title":{"rendered":"Piec pr\u00f3\u017cniowy z ch\u0142odzeniem gazowym  pod ci\u015bnieniem 15 BAR  i opcj\u0105 azotowana pr\u00f3\u017cniowego LPN  TYP 15.0 VPT-4035\/36LPN"},"content":{"rendered":"<p>[et_pb_section fb_built=&#8221;1&#8243; admin_label=&#8221;section&#8221; _builder_version=&#8221;4.16&#8243; custom_padding=&#8221;0px|||&#8221; transparent_background=&#8221;off&#8221; make_fullwidth=&#8221;off&#8221; use_custom_width=&#8221;off&#8221; width_unit=&#8221;on&#8221; global_colors_info=&#8221;{}&#8221;][et_pb_row _builder_version=&#8221;4.16&#8243; _module_preset=&#8221;default&#8221; global_colors_info=&#8221;{}&#8221;][et_pb_column type=&#8221;4_4&#8243; _builder_version=&#8221;4.16&#8243; _module_preset=&#8221;default&#8221; global_colors_info=&#8221;{}&#8221;][et_pb_breadcrumbs _builder_version=&#8221;4.10.3&#8243; _module_preset=&#8221;default&#8221; global_colors_info=&#8221;{}&#8221;][\/et_pb_breadcrumbs][\/et_pb_column][\/et_pb_row][et_pb_row admin_label=&#8221;row&#8221; _builder_version=&#8221;4.16&#8243; background_size=&#8221;initial&#8221; background_position=&#8221;top_left&#8221; background_repeat=&#8221;repeat&#8221; custom_padding=&#8221;0px|||&#8221; make_fullwidth=&#8221;off&#8221; use_custom_width=&#8221;off&#8221; width_unit=&#8221;on&#8221; global_colors_info=&#8221;{}&#8221;][et_pb_column type=&#8221;4_4&#8243; _builder_version=&#8221;4.16&#8243; custom_padding=&#8221;|||&#8221; global_colors_info=&#8221;{}&#8221; custom_padding__hover=&#8221;|||&#8221;][et_pb_divider show_divider=&#8221;off&#8221; _builder_version=&#8221;4.16&#8243; _module_preset=&#8221;default&#8221; global_colors_info=&#8221;{}&#8221;][\/et_pb_divider][et_pb_text module_class=&#8221;red-square-list-parent&#8221; _builder_version=&#8221;4.23.1&#8243; background_size=&#8221;initial&#8221; background_position=&#8221;top_left&#8221; background_repeat=&#8221;repeat&#8221; use_border_color=&#8221;off&#8221; global_colors_info=&#8221;{}&#8221;]<\/p>\n<h1>Piec pr\u00f3\u017cniowy z&nbsp;ch\u0142odzeniem gazowym pod&nbsp;ci\u015bnieniem 15 BAR\u00a0 i&nbsp;opcj\u0105 azotowana pr\u00f3\u017cniowego LPN TYP 15.0 VPT-4035\/36LPN<\/h1>\n<p>&nbsp;<\/p>\n<h3><strong>Informacje og\u00f3lne:<\/strong><\/h3>\n<p><strong><span style=\"color: #dc291e;\">\/<\/span><\/strong>\u00a0Piec pr\u00f3\u017cniowy z&nbsp;ch\u0142odzeniem gazowym pod&nbsp;ci\u015bnieniem 15 bar\u00a0 z&nbsp;funkcj\u0105 azotowania w&nbsp;pr\u00f3\u017cni<br \/><strong><span style=\"color: #dc291e;\">\/<\/span><\/strong>\u00a0Producent SECO\/WARWICK<br \/><strong><span style=\"color: #dc291e;\">\/<\/span><\/strong>\u00a0Rok produkcji 2015<br \/><strong><span style=\"color: #dc291e;\">\/<\/span><\/strong>\u00a0Lokalizacja \u2013 Polska P\u00f3\u0142nocna<br \/><strong><span style=\"color: #dc291e;\">\/<\/span><\/strong>\u00a0Stan pieca zosta\u0142 sprawdzony przez&nbsp;producenta w&nbsp;czerwcu 2025 \u2013 dost\u0119pny raport<br \/><strong><span style=\"color: #dc291e;\">\/<\/span><\/strong>\u00a0Wraz z&nbsp;piecem kompletny uk\u0142ad ch\u0142odzenia ch\u0142odnia wentylatorowa, zbiornik buforowy azotu oraz&nbsp;w\u00f3zek za\u0142adowczy!<br \/><strong><span style=\"color: #dc291e;\">\/<\/span><\/strong>\u00a0Piec nie&nbsp;by\u0142 u\u017cywany, poza rozruchem wst\u0119pnym!<br \/><strong><span style=\"color: #dc291e;\">\/<\/span><\/strong>\u00a0Oferujemy relokacj\u0119 oraz&nbsp;monta\u017c urz\u0105dzenia w&nbsp;miejscu docelowym<\/p>\n<p>[\/et_pb_text][\/et_pb_column][\/et_pb_row][\/et_pb_section][et_pb_section fb_built=&#8221;1&#8243; admin_label=&#8221;section&#8221; _builder_version=&#8221;4.19.2&#8243; background_color=&#8221;#f8f8f8&#8243; custom_margin=&#8221;-20px||||false|false&#8221; custom_padding=&#8221;0px||||false|false&#8221; transparent_background=&#8221;off&#8221; make_fullwidth=&#8221;off&#8221; use_custom_width=&#8221;off&#8221; width_unit=&#8221;on&#8221; global_colors_info=&#8221;{}&#8221;][et_pb_row column_structure=&#8221;1_2,1_2&#8243; admin_label=&#8221;row&#8221; _builder_version=&#8221;4.19.2&#8243; background_size=&#8221;initial&#8221; background_position=&#8221;top_left&#8221; background_repeat=&#8221;repeat&#8221; custom_margin=&#8221;-20px||||false|false&#8221; global_colors_info=&#8221;{}&#8221;][et_pb_column type=&#8221;1_2&#8243; _builder_version=&#8221;4.16&#8243; custom_padding=&#8221;|||&#8221; global_colors_info=&#8221;{}&#8221; custom_padding__hover=&#8221;|||&#8221;][et_pb_gallery gallery_ids=&#8221;181170,181177,181184&#8243; posts_number=&#8221;1&#8243; show_title_and_caption=&#8221;off&#8221; show_pagination=&#8221;off&#8221; zoom_icon_color=&#8221;#FFFFFF&#8221; module_class=&#8221;seco-products-gallery-new2025&#8243; _builder_version=&#8221;4.23.1&#8243; title_text_color=&#8221;#FFFFFF&#8221; pagination_text_color=&#8221;#FFFFFF&#8221; background_layout=&#8221;dark&#8221; custom_margin=&#8221;||||false|false&#8221; hover_enabled=&#8221;0&#8243; custom_css_before=&#8221; color: #fff !important;&#8221; custom_css_free_form=&#8221;.et_overlay:before {||    content: 'GALERIA&#8217; !important;||}&#8221; locked=&#8221;off&#8221; global_colors_info=&#8221;{}&#8221; custom_css_before_last_edited=&#8221;off|desktop&#8221; sticky_enabled=&#8221;0&#8243;][\/et_pb_gallery][et_pb_image src=&#8221;https:\/\/www.secowarwick.com\/wp-content\/uploads\/2025\/07\/piec-15VP.jpg&#8221; alt=&#8221;Piec pr\u00f3\u017cniowy z\u00a0ch\u0142odzeniem gazowym pod\u00a0ci\u015bnieniem 15 BAR  i\u00a0opcj\u0105 azotowana pr\u00f3\u017cniowego LPN TYP 15.0 VPT-4035\/36LPN&#8221; align_tablet=&#8221;center&#8221; align_phone=&#8221;&#8221; align_last_edited=&#8221;on|desktop&#8221; _builder_version=&#8221;4.23.1&#8243; global_colors_info=&#8221;{}&#8221;][\/et_pb_image][\/et_pb_column][et_pb_column type=&#8221;1_2&#8243; _builder_version=&#8221;4.16&#8243; custom_padding=&#8221;|||&#8221; global_colors_info=&#8221;{}&#8221; custom_padding__hover=&#8221;|||&#8221;][et_pb_text admin_label=&#8221;apostrof&#8221; module_class=&#8221;przecinek-tlo-nizej&#8221; _builder_version=&#8221;4.23.1&#8243; custom_margin=&#8221;||||false|false&#8221; custom_margin_tablet=&#8221;&#8221; custom_margin_phone=&#8221;&#8221; custom_margin_last_edited=&#8221;on|desktop&#8221; saved_tabs=&#8221;all&#8221; global_colors_info=&#8221;{}&#8221;]<\/p>\n<h2>Dane techniczne<\/h2>\n<p>[\/et_pb_text][et_pb_text _builder_version=&#8221;4.23.1&#8243; _module_preset=&#8221;default&#8221; global_colors_info=&#8221;{}&#8221;]<\/p>\n<p>&nbsp;<\/p>\n<table style=\"border-collapse: collapse; width: 100%;\">\n<tbody>\n<tr>\n<td>Strefa robocza &#8211; U\u017cyteczne wymiary (S\u00a0x\u00a0W\u00a0x\u00a0G)<\/td>\n<td>600 x\u00a0600 x\u00a0900 mm<\/td>\n<\/tr>\n<tr>\n<td>Maksymalna waga brutto za\u0142adunku<\/td>\n<td>800 kg<\/td>\n<\/tr>\n<tr>\n<td><strong>Temperatura<\/strong><\/td>\n<td>\u00a0<\/td>\n<\/tr>\n<tr>\n<td>Temperatura nominalna<\/td>\n<td>1300\u00b0C<\/td>\n<\/tr>\n<tr>\n<td>Jednorodno\u015b\u0107 temperatury:<\/td>\n<td>\u00a0<\/td>\n<\/tr>\n<tr>\n<td>\u00a0<\/td>\n<td>&#8211; od\u00a0150\u00b0C do\u00a0750\u00b0C w\u00a0gazie konwekcyjnym \u00b1 5\u00b0C<\/td>\n<\/tr>\n<tr>\n<td>\u00a0<\/td>\n<td>&#8211; od\u00a0600\u00b0C do\u00a01150\u00b0C w\u00a0pr\u00f3\u017cni \u00b1 5\u00b0C<\/td>\n<\/tr>\n<tr>\n<td><strong>Pr\u00f3\u017cnia<\/strong><\/td>\n<td>\u00a0<\/td>\n<\/tr>\n<tr>\n<td>Pr\u00f3\u017cnia robocza<\/td>\n<td>5&#215;10-2 mbar<\/td>\n<\/tr>\n<tr>\n<td>Maksymalna pr\u00f3\u017cnia (czysty, suchy, wypompowany, zimny i\u00a0pusty piec)<\/td>\n<td>1&#215;10-2 mbar<\/td>\n<\/tr>\n<tr>\n<td>Szybko\u015b\u0107 przecieku (czysty, suchy, wypompowany, zimny i\u00a0pusty piec)<\/td>\n<td>&lt;3&#215;10-3 mbar_l\/s<\/td>\n<\/tr>\n<tr>\n<td>Zakres kontroli ci\u015bnienia cz\u0119\u015bciowego<\/td>\n<td>10-1 \u00f7 10 mbar<\/td>\n<\/tr>\n<tr>\n<td><strong>Strefa gor\u0105ca<\/strong><\/td>\n<td>\u00a0<\/td>\n<\/tr>\n<tr>\n<td colspan=\"2\">Materia\u0142 konstrukcyjny stal w\u0119glowa<\/td>\n<\/tr>\n<tr>\n<td colspan=\"2\">Izolacja termiczna p\u0142yty grafitowe CFC o\u00a0grubo\u015bci 40 mm z\u00a0twardego filcu, wzmocnione mi\u0119kkim grafitem o\u00a0grubo\u015bci 10 mm<\/td>\n<\/tr>\n<tr>\n<td><strong>System grzewczy<\/strong><\/td>\n<td>\u00a0<\/td>\n<\/tr>\n<tr>\n<td colspan=\"2\">Elementy grzewcze grafitowe pasy niskonapi\u0119ciowe<\/td>\n<\/tr>\n<tr>\n<td colspan=\"2\">Rozk\u0142ad element\u00f3w grzewczych dooko\u0142a za\u0142adunku<\/td>\n<\/tr>\n<tr>\n<td>Moc grzewcza<\/td>\n<td>150 kW<\/td>\n<\/tr>\n<tr>\n<td>Liczba stref kontroli grzania<\/td>\n<td>1<\/td>\n<\/tr>\n<tr>\n<td colspan=\"2\">Tryb kontroli mocy grzewczej nap\u0119d o\u00a0zmiennej cz\u0119stotliwo\u015bci<\/td>\n<\/tr>\n<tr>\n<td><strong>Ogrzewanie konwekcyjne<\/strong><\/td>\n<td>\u00a0<\/td>\n<\/tr>\n<tr>\n<td>Gaz konwekcyjny (gaz \/ ci\u015bnienie)<\/td>\n<td>azot \/ 1\u00f73 bar abs.<\/td>\n<\/tr>\n<tr>\n<td>Wentylator konwekcyjny<\/td>\n<td>2,2 kW<\/td>\n<\/tr>\n<tr>\n<td colspan=\"2\">Tryb sterowania silnikiem nap\u0119d o\u00a0zmiennej cz\u0119stotliwo\u015bci<\/td>\n<\/tr>\n<tr>\n<td><strong>System pompowania pr\u00f3\u017cniowego<\/strong><\/td>\n<td>\u00a0<\/td>\n<\/tr>\n<tr>\n<td>Pompa pr\u00f3\u017cniowa SV300 Oerlikon Leybold<\/td>\n<td>nominalna wydajno\u015b\u0107 pompy 280 m<sup>3<\/sup>\/h<\/td>\n<\/tr>\n<tr>\n<td>Pompa Root\u2019s WH700 Oerlikon Leybold<\/td>\n<td>nominalna wydajno\u015b\u0107 pompy 1500 m<sup>3<\/sup>\/h<\/td>\n<\/tr>\n<tr>\n<td><strong>Korpus pieca<\/strong><\/td>\n<td>\u00a0<\/td>\n<\/tr>\n<tr>\n<td>Materia\u0142<\/td>\n<td>stal w\u0119glowa<\/td>\n<\/tr>\n<tr>\n<td>Obj\u0119to\u015b\u0107<\/td>\n<td>5,5 m<sup>3<\/sup><\/td>\n<\/tr>\n<tr>\n<td colspan=\"2\">Mechanizm blokuj\u0105cy drzwi Trzeci pier\u015bcie\u0144 zaciskowy obs\u0142ugiwany przez\u00a0elektryczny si\u0142ownik liniowy<\/td>\n<\/tr>\n<tr>\n<td><strong>System ch\u0142odzenia gazu<\/strong><\/td>\n<td>\u00a0<\/td>\n<\/tr>\n<tr>\n<td>Gaz hartowniczy<\/td>\n<td>azot<\/td>\n<\/tr>\n<tr>\n<td>Maksymalne ci\u015bnienie hartowania<\/td>\n<td>15 bar abs.<\/td>\n<\/tr>\n<tr>\n<td>Silnik wentylatora 2SKPW250-2A<\/td>\n<td>\u00a0<\/td>\n<\/tr>\n<tr>\n<td>\u00a0<\/td>\n<td>moc silnika S2=180 kW; S1=110 kW<\/td>\n<\/tr>\n<tr>\n<td>\u00a0<\/td>\n<td>tryb sterowania nap\u0119d o\u00a0zmiennej cz\u0119stotliwo\u015bci<\/td>\n<\/tr>\n<tr>\n<td colspan=\"2\">Dysze wlotowe ch\u0142odnego gazu wok\u00f3\u0142 za\u0142adunku i\u00a0przednich drzwi<\/td>\n<\/tr>\n<tr>\n<td colspan=\"2\">Okno wylotowe gor\u0105cego gazu w\u00a0tylnej \u015bcianie<\/td>\n<\/tr>\n<tr>\n<td><strong>Instrumentacja<\/strong><\/td>\n<td>\u00a0<\/td>\n<\/tr>\n<tr>\n<td>Czujniki kontrolne i\u00a0nadmiarowe temperatury<\/td>\n<td>1 kpl., podw\u00f3jny, typ S<\/td>\n<\/tr>\n<tr>\n<td>Czujniki temperatury za\u0142adunku<\/td>\n<td>2 kpl., typ N<\/td>\n<\/tr>\n<tr>\n<td>Przetwornik pr\u00f3\u017cni<\/td>\n<td>TTR-91S \/ Oerlikon Leybold<\/td>\n<\/tr>\n<tr>\n<td>Przetwornik wysokiej pr\u00f3\u017cni (OPCJONALNIE)<\/td>\n<td>PTR-90 \/ Oerlikon Leybold<\/td>\n<\/tr>\n<tr>\n<td>\n<p><strong>System sterowania <\/strong><\/p>\n<\/td>\n<td>\u00a0<\/td>\n<\/tr>\n<tr>\n<td colspan=\"2\">PLC S7-1500 \/ Siemens<\/td>\n<\/tr>\n<tr>\n<td>Interfejs operatora<\/td>\n<td>Siemens TP1500<\/td>\n<\/tr>\n<tr>\n<td colspan=\"2\">15-calowy ekran dotykowy<\/td>\n<\/tr>\n<tr>\n<td>Regulator temperatury<\/td>\n<td>3216i Eurotherm<\/td>\n<\/tr>\n<tr>\n<td colspan=\"2\">\n<p>Przemienniki cz\u0119stotliwo\u015bci Danfoss<\/p>\n<\/td>\n<\/tr>\n<\/tbody>\n<\/table>\n<p>[\/et_pb_text][\/et_pb_column][\/et_pb_row][\/et_pb_section]<\/p>\n","protected":false},"excerpt":{"rendered":"<p>[et_pb_breadcrumbs _builder_version=&#8221;4.10.3&#8243; _module_preset=&#8221;default&#8221; global_colors_info=&#8221;{}&#8221;][\/et_pb_breadcrumbs]Piec pr\u00f3\u017cniowy z&nbsp;ch\u0142odzeniem gazowym pod&nbsp;ci\u015bnieniem 15 BAR\u00a0 i&nbsp;opcj\u0105 azotowana pr\u00f3\u017cniowego LPN TYP 15.0 VPT-4035\/36LPN &nbsp; Informacje og\u00f3lne: \/\u00a0Piec pr\u00f3\u017cniowy z&nbsp;ch\u0142odzeniem gazowym pod&nbsp;ci\u015bnieniem 15 bar\u00a0 z&nbsp;funkcj\u0105 azotowania w&nbsp;pr\u00f3\u017cni\/\u00a0Producent SECO\/WARWICK\/\u00a0Rok produkcji 2015\/\u00a0Lokalizacja \u2013 Polska P\u00f3\u0142nocna\/\u00a0Stan pieca zosta\u0142 sprawdzony przez&nbsp;producenta w&nbsp;czerwcu 2025 \u2013 dost\u0119pny raport\/\u00a0Wraz z&nbsp;piecem kompletny uk\u0142ad ch\u0142odzenia ch\u0142odnia wentylatorowa, zbiornik buforowy azotu oraz&nbsp;w\u00f3zek [&hellip;]<\/p>\n","protected":false},"author":2,"featured_media":181162,"parent":138631,"menu_order":0,"comment_status":"closed","ping_status":"closed","template":"","meta":{"_acf_changed":false,"_et_pb_use_builder":"on","_et_pb_old_content":"","_et_gb_content_width":"","footnotes":""},"class_list":["post-181291","page","type-page","status-publish","has-post-thumbnail"],"acf":[],"_links":{"self":[{"href":"https:\/\/www.secowarwick.com\/pl\/wp-json\/wp\/v2\/pages\/181291","targetHints":{"allow":["GET"]}}],"collection":[{"href":"https:\/\/www.secowarwick.com\/pl\/wp-json\/wp\/v2\/pages"}],"about":[{"href":"https:\/\/www.secowarwick.com\/pl\/wp-json\/wp\/v2\/types\/page"}],"author":[{"embeddable":true,"href":"https:\/\/www.secowarwick.com\/pl\/wp-json\/wp\/v2\/users\/2"}],"replies":[{"embeddable":true,"href":"https:\/\/www.secowarwick.com\/pl\/wp-json\/wp\/v2\/comments?post=181291"}],"version-history":[{"count":12,"href":"https:\/\/www.secowarwick.com\/pl\/wp-json\/wp\/v2\/pages\/181291\/revisions"}],"predecessor-version":[{"id":181413,"href":"https:\/\/www.secowarwick.com\/pl\/wp-json\/wp\/v2\/pages\/181291\/revisions\/181413"}],"up":[{"embeddable":true,"href":"https:\/\/www.secowarwick.com\/pl\/wp-json\/wp\/v2\/pages\/138631"}],"wp:featuredmedia":[{"embeddable":true,"href":"https:\/\/www.secowarwick.com\/pl\/wp-json\/wp\/v2\/media\/181162"}],"wp:attachment":[{"href":"https:\/\/www.secowarwick.com\/pl\/wp-json\/wp\/v2\/media?parent=181291"}],"curies":[{"name":"wp","href":"https:\/\/api.w.org\/{rel}","templated":true}]}}