{"id":185874,"date":"2025-10-26T09:16:25","date_gmt":"2025-10-26T08:16:25","guid":{"rendered":"https:\/\/www.secowarwick.com\/the-best-of-industry-4-0-awards-presented\/"},"modified":"2025-10-26T09:25:28","modified_gmt":"2025-10-26T08:25:28","slug":"nagrody-the-best-of-industry-40-rozdane","status":"publish","type":"page","link":"https:\/\/www.secowarwick.com\/pl\/ospolce\/nagrody-i-wyroznienia\/nagrody-the-best-of-industry-40-rozdane\/","title":{"rendered":"Nagrody The Best of Industry 4.0 rozdane"},"content":{"rendered":"<h3>Jedna z nagr\u00f3d trafi\u0142a w nasze r\u0119ce, a dok\u0142adniej w r\u0119ce S\u0142awomira Wachowskiego, kt\u00f3ry\u00a0 odbiera\u0142 trofeum <strong>The Best of Industry 4.0<\/strong> \u00a0w kategorii <strong>\u201eZak\u0142ad produkcyjny\u201d<\/strong>.<\/h3>\n<p><img decoding=\"async\" class=\"aligncenter wp-image-185864 size-full\" src=\"https:\/\/www.secowarwick.com\/wp-content\/uploads\/2025\/10\/The-Best-of-Industry-4-0-Awards.jpg\" alt=\"Nagrody The Best of Industry 4.0 rozdane\" width=\"1280\" height=\"963\" srcset=\"https:\/\/www.secowarwick.com\/wp-content\/uploads\/2025\/10\/The-Best-of-Industry-4-0-Awards.jpg 1280w, https:\/\/www.secowarwick.com\/wp-content\/uploads\/2025\/10\/The-Best-of-Industry-4-0-Awards-980x737.jpg 980w, https:\/\/www.secowarwick.com\/wp-content\/uploads\/2025\/10\/The-Best-of-Industry-4-0-Awards-480x361.jpg 480w\" sizes=\"(min-width: 0px) and (max-width: 480px) 480px, (min-width: 481px) and (max-width: 980px) 980px, (min-width: 981px) 1280px, 100vw\" \/><\/p>\n<p>Nagroda wr\u0119czana by\u0142a 14 pa\u017adziernika 2025 r. w Mi\u0119dzynarodowym Centrum Kongresowym w Katowicach, podczas Forum Nowego Przemys\u0142u, Mi\u0119dzynarodowym Targom Obrabiarek, Narz\u0119dzi i Technologii Obr\u00f3bki TOOLEX oraz Mi\u0119dzynarodowym Targom Spawalniczym ExpoWELDING. .<\/p>\n<p>\u201eTo liderzy cyfrowej produkcji. &#8211; Przyszed\u0142 czas, by konkurowa\u0107 poprzez wprowadzanie nowych technologii, przez automatyzacj\u0119 i robotyzacj\u0119, wykorzystuj\u0105c mo\u017cliwo\u015bci sztucznej inteligencji\u201d podkre\u015bla\u0142 podczas gali w Katowicach Wojciech Ku\u015bpik, prezes grupy PTWP.<\/p>\n<p>W konkursie The Best of Industry 4.0 rywalizuj\u0105 liderzy cyfrowej produkcji: zak\u0142ady realizuj\u0105ce w praktyce ide\u0119 fabryki przysz\u0142o\u015bci oraz dostawcy innowacyjnych\u00a0rozwi\u0105za\u0144 technologicznych.<\/p>\n<p>Do oceny zg\u0142oszonych do konkursu projekt\u00f3w zaproszeni zostali przedstawicieli czo\u0142owych firm europejskiego i polskiego przemys\u0142u, wiod\u0105cy dostawcy innowacyjnych rozwi\u0105za\u0144, eksperci wdro\u017ceniowi, praktycy biznesu, naukowcy oraz specjali\u015bci w dziedzinie Przemys\u0142u 4.0.<\/p>\n<p>&nbsp;<\/p>\n","protected":false},"excerpt":{"rendered":"<p>Jedna z nagr\u00f3d trafi\u0142a w nasze r\u0119ce, a dok\u0142adniej w r\u0119ce S\u0142awomira Wachowskiego, kt\u00f3ry\u00a0 odbiera\u0142 trofeum The Best of Industry 4.0 \u00a0w kategorii \u201eZak\u0142ad produkcyjny\u201d. Nagroda wr\u0119czana by\u0142a 14 pa\u017adziernika 2025 r. w Mi\u0119dzynarodowym Centrum Kongresowym w Katowicach, podczas Forum Nowego Przemys\u0142u, Mi\u0119dzynarodowym Targom Obrabiarek, Narz\u0119dzi i Technologii Obr\u00f3bki TOOLEX oraz Mi\u0119dzynarodowym Targom Spawalniczym ExpoWELDING. [&hellip;]<\/p>\n","protected":false},"author":2,"featured_media":185867,"parent":6722,"menu_order":0,"comment_status":"closed","ping_status":"closed","template":"","meta":{"_acf_changed":false,"_et_pb_use_builder":"off","_et_pb_old_content":"","_et_gb_content_width":"","footnotes":""},"class_list":["post-185874","page","type-page","status-publish","has-post-thumbnail"],"acf":[],"_links":{"self":[{"href":"https:\/\/www.secowarwick.com\/pl\/wp-json\/wp\/v2\/pages\/185874","targetHints":{"allow":["GET"]}}],"collection":[{"href":"https:\/\/www.secowarwick.com\/pl\/wp-json\/wp\/v2\/pages"}],"about":[{"href":"https:\/\/www.secowarwick.com\/pl\/wp-json\/wp\/v2\/types\/page"}],"author":[{"embeddable":true,"href":"https:\/\/www.secowarwick.com\/pl\/wp-json\/wp\/v2\/users\/2"}],"replies":[{"embeddable":true,"href":"https:\/\/www.secowarwick.com\/pl\/wp-json\/wp\/v2\/comments?post=185874"}],"version-history":[{"count":1,"href":"https:\/\/www.secowarwick.com\/pl\/wp-json\/wp\/v2\/pages\/185874\/revisions"}],"predecessor-version":[{"id":185883,"href":"https:\/\/www.secowarwick.com\/pl\/wp-json\/wp\/v2\/pages\/185874\/revisions\/185883"}],"up":[{"embeddable":true,"href":"https:\/\/www.secowarwick.com\/pl\/wp-json\/wp\/v2\/pages\/6722"}],"wp:featuredmedia":[{"embeddable":true,"href":"https:\/\/www.secowarwick.com\/pl\/wp-json\/wp\/v2\/media\/185867"}],"wp:attachment":[{"href":"https:\/\/www.secowarwick.com\/pl\/wp-json\/wp\/v2\/media?parent=185874"}],"curies":[{"name":"wp","href":"https:\/\/api.w.org\/{rel}","templated":true}]}}