{"id":186900,"date":"2025-11-05T07:24:10","date_gmt":"2025-11-05T06:24:10","guid":{"rendered":"https:\/\/www.secowarwick.com\/5000th-solution-event\/"},"modified":"2025-11-05T11:06:30","modified_gmt":"2025-11-05T10:06:30","slug":"5000-rozwiazanie-galeria-zdjec-z-uroczystosci","status":"publish","type":"page","link":"https:\/\/www.secowarwick.com\/pl\/5000-rozwiazanie-galeria-zdjec-z-uroczystosci\/","title":{"rendered":"5000. rozwi\u0105zanie \u2013 galeria zdj\u0119\u0107 z uroczysto\u015bci"},"content":{"rendered":"<p>[et_pb_section fb_built=&#8221;1&#8243; _builder_version=&#8221;4.23.1&#8243; _module_preset=&#8221;default&#8221; custom_margin=&#8221;||||false|false&#8221; custom_padding=&#8221;10px||||false|false&#8221; global_colors_info=&#8221;{}&#8221;][et_pb_row use_custom_gutter=&#8221;on&#8221; gutter_width=&#8221;2&#8243; _builder_version=&#8221;4.23.1&#8243; _module_preset=&#8221;default&#8221; global_colors_info=&#8221;{}&#8221;][et_pb_column type=&#8221;4_4&#8243; _builder_version=&#8221;4.23.1&#8243; _module_preset=&#8221;default&#8221; global_colors_info=&#8221;{}&#8221;][et_pb_text _builder_version=&#8221;4.23.1&#8243; _module_preset=&#8221;default&#8221; hover_enabled=&#8221;0&#8243; global_colors_info=&#8221;{}&#8221; sticky_enabled=&#8221;0&#8243;]<\/p>\n<h2><span style=\"color: #dc291e;\">\/<\/span> GALERIA ZDJ\u0118\u0106<\/h2>\n<p>[\/et_pb_text][et_pb_gallery gallery_ids=&#8221;186717,186724,186731,186738,186745,186752,186759,186766,186773,186780,186787,186794,186801,186808,186815,186822,186829,186836,186843,186850,186857,186864,186871,186878,186885&#8243; posts_number=&#8221;40&#8243; show_title_and_caption=&#8221;off&#8221; _builder_version=&#8221;4.23.1&#8243; _module_preset=&#8221;default&#8221; global_colors_info=&#8221;{}&#8221;][\/et_pb_gallery][\/et_pb_column][\/et_pb_row][\/et_pb_section]<\/p>\n","protected":false},"excerpt":{"rendered":"<p>\/ GALERIA ZDJ\u0118\u0106<\/p>\n","protected":false},"author":2,"featured_media":186801,"parent":0,"menu_order":0,"comment_status":"closed","ping_status":"closed","template":"","meta":{"_acf_changed":false,"_et_pb_use_builder":"on","_et_pb_old_content":"","_et_gb_content_width":"","footnotes":""},"class_list":["post-186900","page","type-page","status-publish","has-post-thumbnail"],"acf":[],"_links":{"self":[{"href":"https:\/\/www.secowarwick.com\/pl\/wp-json\/wp\/v2\/pages\/186900","targetHints":{"allow":["GET"]}}],"collection":[{"href":"https:\/\/www.secowarwick.com\/pl\/wp-json\/wp\/v2\/pages"}],"about":[{"href":"https:\/\/www.secowarwick.com\/pl\/wp-json\/wp\/v2\/types\/page"}],"author":[{"embeddable":true,"href":"https:\/\/www.secowarwick.com\/pl\/wp-json\/wp\/v2\/users\/2"}],"replies":[{"embeddable":true,"href":"https:\/\/www.secowarwick.com\/pl\/wp-json\/wp\/v2\/comments?post=186900"}],"version-history":[{"count":3,"href":"https:\/\/www.secowarwick.com\/pl\/wp-json\/wp\/v2\/pages\/186900\/revisions"}],"predecessor-version":[{"id":186908,"href":"https:\/\/www.secowarwick.com\/pl\/wp-json\/wp\/v2\/pages\/186900\/revisions\/186908"}],"wp:featuredmedia":[{"embeddable":true,"href":"https:\/\/www.secowarwick.com\/pl\/wp-json\/wp\/v2\/media\/186801"}],"wp:attachment":[{"href":"https:\/\/www.secowarwick.com\/pl\/wp-json\/wp\/v2\/media?parent=186900"}],"curies":[{"name":"wp","href":"https:\/\/api.w.org\/{rel}","templated":true}]}}