{"id":188264,"date":"2025-12-06T09:47:44","date_gmt":"2025-12-06T08:47:44","guid":{"rendered":"https:\/\/www.secowarwick.com\/ospolce\/nagrody-i-wyroznienia\/lubuski-zawodowiec-2025\/"},"modified":"2025-12-06T09:51:09","modified_gmt":"2025-12-06T08:51:09","slug":"lubuski-zawodowiec-2025","status":"publish","type":"page","link":"https:\/\/www.secowarwick.com\/pl\/ospolce\/nagrody-i-wyroznienia\/lubuski-zawodowiec-2025\/","title":{"rendered":"SECO\/WARWICK z nagrod\u0105 Lubuski Zawodowiec 2025"},"content":{"rendered":"<h3>SECO\/WARWICK zosta\u0142o ponownie wyr\u00f3\u017cnione w kategorii <strong>du\u017cych firm kszta\u0142c\u0105cych m\u0142odocianych pracownik\u00f3w<\/strong>. Podczas wydarzenia <em>Lubuskie Forum Kszta\u0142cenia Zawodowego &#8211; rola przedsi\u0119biorc\u00f3w w przygotowaniu kadr<\/em> otrzymali\u015bmy statuetk\u0119 Lubuski Zawodowiec 2025.<\/h3>\n<p><img decoding=\"async\" class=\"alignnone size-full wp-image-188254\" src=\"https:\/\/www.secowarwick.com\/wp-content\/uploads\/2025\/12\/Lubuski-Zawodowiec-2025-2.jpg\" alt=\"SECO\/WARWICK awarded Lubuski Zawodowiec 2025\" width=\"1380\" height=\"1039\" srcset=\"https:\/\/www.secowarwick.com\/wp-content\/uploads\/2025\/12\/Lubuski-Zawodowiec-2025-2.jpg 1380w, https:\/\/www.secowarwick.com\/wp-content\/uploads\/2025\/12\/Lubuski-Zawodowiec-2025-2-1280x964.jpg 1280w, https:\/\/www.secowarwick.com\/wp-content\/uploads\/2025\/12\/Lubuski-Zawodowiec-2025-2-980x738.jpg 980w, https:\/\/www.secowarwick.com\/wp-content\/uploads\/2025\/12\/Lubuski-Zawodowiec-2025-2-480x361.jpg 480w\" sizes=\"(min-width: 0px) and (max-width: 480px) 480px, (min-width: 481px) and (max-width: 980px) 980px, (min-width: 981px) and (max-width: 1280px) 1280px, (min-width: 1281px) 1380px, 100vw\" \/><\/p>\n<p>Nagroda Lubuski Zawodowiec jest przyznawana przedsi\u0119biorstwom, kt\u00f3re aktywnie uczestnicz\u0105 w kszta\u0142ceniu zawodowym m\u0142odzie\u017cy, wspieraj\u0105 rozw\u00f3j lokalnych kadr i wdra\u017caj\u0105 dobre praktyki w zakresie edukacji zawodowej. Wyr\u00f3\u017cnienie dla SECO\/WARWICK potwierdza jej pozycj\u0119 jako lidera w regionie oraz zaanga\u017cowanie w rozw\u00f3j spo\u0142eczno\u015bci lokalnej.<\/p>\n<p>&nbsp;<\/p>\n","protected":false},"excerpt":{"rendered":"<p>SECO\/WARWICK zosta\u0142o ponownie wyr\u00f3\u017cnione w kategorii du\u017cych firm kszta\u0142c\u0105cych m\u0142odocianych pracownik\u00f3w. Podczas wydarzenia Lubuskie Forum Kszta\u0142cenia Zawodowego &#8211; rola przedsi\u0119biorc\u00f3w w przygotowaniu kadr otrzymali\u015bmy statuetk\u0119 Lubuski Zawodowiec 2025. Nagroda Lubuski Zawodowiec jest przyznawana przedsi\u0119biorstwom, kt\u00f3re aktywnie uczestnicz\u0105 w kszta\u0142ceniu zawodowym m\u0142odzie\u017cy, wspieraj\u0105 rozw\u00f3j lokalnych kadr i wdra\u017caj\u0105 dobre praktyki w zakresie edukacji zawodowej. Wyr\u00f3\u017cnienie dla [&hellip;]<\/p>\n","protected":false},"author":2,"featured_media":188257,"parent":6722,"menu_order":0,"comment_status":"closed","ping_status":"closed","template":"","meta":{"_acf_changed":false,"_et_pb_use_builder":"off","_et_pb_old_content":"","_et_gb_content_width":"","footnotes":""},"class_list":["post-188264","page","type-page","status-publish","has-post-thumbnail"],"acf":[],"_links":{"self":[{"href":"https:\/\/www.secowarwick.com\/pl\/wp-json\/wp\/v2\/pages\/188264","targetHints":{"allow":["GET"]}}],"collection":[{"href":"https:\/\/www.secowarwick.com\/pl\/wp-json\/wp\/v2\/pages"}],"about":[{"href":"https:\/\/www.secowarwick.com\/pl\/wp-json\/wp\/v2\/types\/page"}],"author":[{"embeddable":true,"href":"https:\/\/www.secowarwick.com\/pl\/wp-json\/wp\/v2\/users\/2"}],"replies":[{"embeddable":true,"href":"https:\/\/www.secowarwick.com\/pl\/wp-json\/wp\/v2\/comments?post=188264"}],"version-history":[{"count":1,"href":"https:\/\/www.secowarwick.com\/pl\/wp-json\/wp\/v2\/pages\/188264\/revisions"}],"predecessor-version":[{"id":188266,"href":"https:\/\/www.secowarwick.com\/pl\/wp-json\/wp\/v2\/pages\/188264\/revisions\/188266"}],"up":[{"embeddable":true,"href":"https:\/\/www.secowarwick.com\/pl\/wp-json\/wp\/v2\/pages\/6722"}],"wp:featuredmedia":[{"embeddable":true,"href":"https:\/\/www.secowarwick.com\/pl\/wp-json\/wp\/v2\/media\/188257"}],"wp:attachment":[{"href":"https:\/\/www.secowarwick.com\/pl\/wp-json\/wp\/v2\/media?parent=188264"}],"curies":[{"name":"wp","href":"https:\/\/api.w.org\/{rel}","templated":true}]}}