{"id":189256,"date":"2026-01-28T11:27:28","date_gmt":"2026-01-28T10:27:28","guid":{"rendered":"https:\/\/www.secowarwick.com\/thank-you-for-updating-your-details\/"},"modified":"2026-01-28T11:43:51","modified_gmt":"2026-01-28T10:43:51","slug":"dziekujemy-za-aktualizacje-towich-danych","status":"publish","type":"page","link":"https:\/\/www.secowarwick.com\/pl\/dziekujemy-za-aktualizacje-towich-danych\/","title":{"rendered":"Dzi\u0119kujemy za aktualizacj\u0119 Towich danych!"},"content":{"rendered":"<p>[et_pb_section fb_built=&#8221;1&#8243; module_class=&#8221;skos-slider-bottom innowacje-top&#8221; _builder_version=&#8221;4.23.1&#8243; background_image=&#8221;https:\/\/www.secowarwick.com\/wp-content\/uploads\/2024\/03\/SURVEY_NEW__.jpg&#8221; custom_padding=&#8221;0px||0px|&#8221; global_colors_info=&#8221;{}&#8221;][et_pb_row _builder_version=&#8221;4.16&#8243; custom_padding=&#8221;0px||0px|&#8221; global_colors_info=&#8221;{}&#8221;][et_pb_column type=&#8221;4_4&#8243; _builder_version=&#8221;4.16&#8243; custom_padding=&#8221;|||&#8221; global_colors_info=&#8221;{}&#8221; custom_padding__hover=&#8221;|||&#8221;][et_pb_text admin_label=&#8221;apostrof&#8221; module_class=&#8221;przecinek-tlo inne-naglowki&#8221; _builder_version=&#8221;4.23.1&#8243; global_colors_info=&#8221;{}&#8221;]<\/p>\n<h1><span style=\"color: #000000;\">SECO<span style=\"color: #dc291e;\">\/<\/span>WARWICK<\/span><\/h1>\n<p>[\/et_pb_text][et_pb_text module_class=&#8221;naglowek-innowacje&#8221; _builder_version=&#8221;4.23.1&#8243; header_2_font=&#8221;|600|||||||&#8221; header_2_text_color=&#8221;#ffffff&#8221; header_2_font_size=&#8221;35px&#8221; global_colors_info=&#8221;{}&#8221;][\/et_pb_text][\/et_pb_column][\/et_pb_row][\/et_pb_section][et_pb_section fb_built=&#8221;1&#8243; custom_padding_last_edited=&#8221;on|desktop&#8221; _builder_version=&#8221;4.16&#8243; custom_padding=&#8221;||0px|&#8221; custom_padding_tablet=&#8221;50px|0|50px|0&#8243; custom_padding_phone=&#8221;&#8221; global_colors_info=&#8221;{}&#8221;][et_pb_row column_structure=&#8221;1_4,3_4&#8243; use_custom_gutter=&#8221;on&#8221; gutter_width=&#8221;2&#8243; custom_padding_last_edited=&#8221;on|tablet&#8221; _builder_version=&#8221;4.16&#8243; custom_margin=&#8221;-125px|||&#8221; custom_margin_tablet=&#8221;-125px||0px|&#8221; custom_margin_phone=&#8221;&#8221; custom_margin_last_edited=&#8221;on|phone&#8221; custom_padding_tablet=&#8221;||0px|&#8221; custom_padding_phone=&#8221;&#8221; global_colors_info=&#8221;{}&#8221;][et_pb_column type=&#8221;1_4&#8243; _builder_version=&#8221;4.16&#8243; custom_padding=&#8221;|||&#8221; global_colors_info=&#8221;{}&#8221; custom_padding__hover=&#8221;|||&#8221;][et_pb_text module_class=&#8221;welcome-mediacenter&#8221; _builder_version=&#8221;4.23.1&#8243; text_font=&#8221;Titillium Web|||on|||||&#8221; custom_padding=&#8221;10px|||&#8221; hover_enabled=&#8221;0&#8243; border_color_right=&#8221;#dc291e&#8221; global_colors_info=&#8221;{}&#8221; sticky_enabled=&#8221;0&#8243;]<span style=\"font-size: 36px;\"><strong><span style=\"color: #dc291e;\">DZI\u0118KUJEMY<\/span><\/strong><\/span><br \/>\n<span style=\"font-size: 20px;\">ZA AKTUALIZACJ\u0118<br \/>\nTWOICH DANYCH<br \/>\n<\/span>[\/et_pb_text][\/et_pb_column][et_pb_column type=&#8221;3_4&#8243; _builder_version=&#8221;4.16&#8243; custom_padding=&#8221;|||&#8221; global_colors_info=&#8221;{}&#8221; custom_padding__hover=&#8221;|||&#8221;][et_pb_text _builder_version=&#8221;4.23.1&#8243; text_font_size=&#8221;18px&#8221; custom_padding=&#8221;15px||15px|25px&#8221; hover_enabled=&#8221;0&#8243; custom_css_main_element=&#8221;min-height: 95px;||display: grid;||align-content: center;&#8221; border_width_left=&#8221;2&#8243; border_color_left=&#8221;#dc291e&#8221; global_colors_info=&#8221;{}&#8221; sticky_enabled=&#8221;0&#8243;]<\/p>\n<p>Twoja aktualizacja pomo\u017ce nam lepiej dopasowa\u0107 komunikacj\u0119 oraz zadba\u0107 o komfort naszej wsp\u00f3\u0142pracy. Cieszymy si\u0119, \u017ce jeste\u015b z nami i \u017ce wsp\u00f3lnie mo\u017cemy rozwija\u0107 relacje oparte na zaufaniu i wymianie warto\u015bci.<\/p>\n<p><strong>Tw\u00f3j eBook <a href=\"https:\/\/www.secowarwick.com\/wp-content\/uploads\/2025\/03\/EBOOK-Production-Economics-According-to-SECOWARWICK.pdf\" target=\"_blank\" rel=\"noopener\">czeka na pobranie<\/a><\/strong><\/p>\n<p>Przygotowali\u015bmy dla Ciebie materia\u0142 pe\u0142en praktycznych wskaz\u00f3wek i oszcz\u0119dnych rozwi\u0105za\u0144 stosowanych w <strong>obr\u00f3bce cieplnej i metalurgii<\/strong> \u2014 jako podzi\u0119kowanie za po\u015bwi\u0119cony czas i zaufanie.<\/p>\n<p><b>Pobierz eBook o ekonomicznych rozwi\u0105zaniach.<\/b><\/p>\n<p>[\/et_pb_text][\/et_pb_column][\/et_pb_row][et_pb_row column_structure=&#8221;1_4,3_4&#8243; _builder_version=&#8221;4.16&#8243; global_colors_info=&#8221;{}&#8221;][et_pb_column type=&#8221;1_4&#8243; _builder_version=&#8221;4.16&#8243; custom_padding=&#8221;|||&#8221; global_colors_info=&#8221;{}&#8221; custom_padding__hover=&#8221;|||&#8221;][\/et_pb_column][et_pb_column type=&#8221;3_4&#8243; _builder_version=&#8221;4.16&#8243; custom_padding=&#8221;|||&#8221; global_colors_info=&#8221;{}&#8221; custom_padding__hover=&#8221;|||&#8221;][et_pb_image src=&#8221;https:\/\/www.secowarwick.com\/wp-content\/uploads\/2026\/01\/EBOOK_miniatura.png&#8221; alt=&#8221;E-BOOK PRODUCTION ECONOMICS BY\u00a0SECO\/WARWICK&#8221; url=&#8221;https:\/\/www.secowarwick.com\/wp-content\/uploads\/2025\/03\/EBOOK-Production-Economics-According-to-SECOWARWICK.pdf&#8221; url_new_window=&#8221;on&#8221; align=&#8221;center&#8221; _builder_version=&#8221;4.23.1&#8243; _module_preset=&#8221;default&#8221; max_width=&#8221;800px&#8221; hover_enabled=&#8221;0&#8243; global_colors_info=&#8221;{}&#8221; sticky_enabled=&#8221;0&#8243;][\/et_pb_image][\/et_pb_column][\/et_pb_row][et_pb_row _builder_version=&#8221;4.23.1&#8243; _module_preset=&#8221;default&#8221; global_colors_info=&#8221;{}&#8221;][et_pb_column type=&#8221;4_4&#8243; _builder_version=&#8221;4.23.1&#8243; _module_preset=&#8221;default&#8221; global_colors_info=&#8221;{}&#8221;][\/et_pb_column][\/et_pb_row][\/et_pb_section]<\/p>\n","protected":false},"excerpt":{"rendered":"<p>SECO\/WARWICKDZI\u0118KUJEMY ZA AKTUALIZACJ\u0118 TWOICH DANYCH Twoja aktualizacja pomo\u017ce nam lepiej dopasowa\u0107 komunikacj\u0119 oraz zadba\u0107 o komfort naszej wsp\u00f3\u0142pracy. Cieszymy si\u0119, \u017ce jeste\u015b z nami i \u017ce wsp\u00f3lnie mo\u017cemy rozwija\u0107 relacje oparte na zaufaniu i wymianie warto\u015bci. Tw\u00f3j eBook czeka na pobranie Przygotowali\u015bmy dla Ciebie materia\u0142 pe\u0142en praktycznych wskaz\u00f3wek i oszcz\u0119dnych rozwi\u0105za\u0144 stosowanych w obr\u00f3bce cieplnej [&hellip;]<\/p>\n","protected":false},"author":2,"featured_media":0,"parent":0,"menu_order":0,"comment_status":"closed","ping_status":"closed","template":"","meta":{"_acf_changed":false,"_et_pb_use_builder":"on","_et_pb_old_content":"","_et_gb_content_width":"","footnotes":""},"class_list":["post-189256","page","type-page","status-publish"],"acf":[],"_links":{"self":[{"href":"https:\/\/www.secowarwick.com\/pl\/wp-json\/wp\/v2\/pages\/189256","targetHints":{"allow":["GET"]}}],"collection":[{"href":"https:\/\/www.secowarwick.com\/pl\/wp-json\/wp\/v2\/pages"}],"about":[{"href":"https:\/\/www.secowarwick.com\/pl\/wp-json\/wp\/v2\/types\/page"}],"author":[{"embeddable":true,"href":"https:\/\/www.secowarwick.com\/pl\/wp-json\/wp\/v2\/users\/2"}],"replies":[{"embeddable":true,"href":"https:\/\/www.secowarwick.com\/pl\/wp-json\/wp\/v2\/comments?post=189256"}],"version-history":[{"count":3,"href":"https:\/\/www.secowarwick.com\/pl\/wp-json\/wp\/v2\/pages\/189256\/revisions"}],"predecessor-version":[{"id":189260,"href":"https:\/\/www.secowarwick.com\/pl\/wp-json\/wp\/v2\/pages\/189256\/revisions\/189260"}],"wp:attachment":[{"href":"https:\/\/www.secowarwick.com\/pl\/wp-json\/wp\/v2\/media?parent=189256"}],"curies":[{"name":"wp","href":"https:\/\/api.w.org\/{rel}","templated":true}]}}