{"id":190463,"date":"2026-03-18T12:25:58","date_gmt":"2026-03-18T11:25:58","guid":{"rendered":"https:\/\/www.secowarwick.com\/?page_id=190463"},"modified":"2026-03-18T13:31:42","modified_gmt":"2026-03-18T12:31:42","slug":"piece-do-chemicznego-osadzania-z-fazy-gazowej","status":"publish","type":"page","link":"https:\/\/www.secowarwick.com\/pl\/produkty\/piece-prozniowe\/oczyszczanie-materialow-grafitowych\/piece-do-chemicznego-osadzania-z-fazy-gazowej\/","title":{"rendered":"Piece do chemicznego osadzania z fazy gazowej"},"content":{"rendered":"<p>[et_pb_section fb_built=&#8221;1&#8243; _builder_version=&#8221;4.16&#8243; global_colors_info=&#8221;{}&#8221;][et_pb_row _builder_version=&#8221;4.16&#8243; background_size=&#8221;initial&#8221; background_position=&#8221;top_left&#8221; background_repeat=&#8221;repeat&#8221; global_colors_info=&#8221;{}&#8221;][et_pb_column type=&#8221;4_4&#8243; _builder_version=&#8221;4.16&#8243; custom_padding=&#8221;|||&#8221; global_colors_info=&#8221;{}&#8221; custom_padding__hover=&#8221;|||&#8221;][et_pb_image src=&#8221;https:\/\/www.secowarwick.com\/wp-content\/uploads\/2026\/03\/Slider-CVD.png&#8221; alt=&#8221;Vacuum furnaaces &#8211; graphene purification&#8221; title_text=&#8221;Piece do chemicznego osadzania z fazy gazowej &#8221; align_tablet=&#8221;center&#8221; align_phone=&#8221;center&#8221; align_last_edited=&#8221;on|desktop&#8221; _builder_version=&#8221;4.27.6&#8243; global_colors_info=&#8221;{}&#8221;][\/et_pb_image][et_pb_breadcrumbs _builder_version=&#8221;3.6&#8243; global_colors_info=&#8221;{}&#8221;][\/et_pb_breadcrumbs][\/et_pb_column][\/et_pb_row][et_pb_row column_structure=&#8221;3_4,1_4&#8243; _builder_version=&#8221;4.16&#8243; global_colors_info=&#8221;{}&#8221;][et_pb_column type=&#8221;3_4&#8243; _builder_version=&#8221;4.16&#8243; custom_padding=&#8221;|||&#8221; global_colors_info=&#8221;{}&#8221; custom_padding__hover=&#8221;|||&#8221;][et_pb_text _builder_version=&#8221;4.27.6&#8243; text_orientation=&#8221;justified&#8221; custom_margin_tablet=&#8221;&#8221; custom_margin_phone=&#8221;-40px|||&#8221; custom_margin_last_edited=&#8221;on|phone&#8221; global_colors_info=&#8221;{}&#8221;]<\/p>\n<h1><span class=\"TextRun Highlight SCXW27817505 BCX0\" lang=\"EN-US\" xml:lang=\"EN-US\" data-contrast=\"auto\"><span class=\"NormalTextRun SCXW27817505 BCX0\" data-ccp-charstyle=\"Strong\"><span class=\"NormalTextRun SCXW61783568 BCX0\" data-ccp-charstyle=\"Strong\">Piece<\/span><span class=\"NormalTextRun SCXW61783568 BCX0\" data-ccp-charstyle=\"Strong\"> do&nbsp;chemicznego osadzania z&nbsp;fazy gazowej (CVD &#8211; Chemical Vapor Deposition)\u00a0<\/span><\/span><\/span><\/h1>\n<h2><span class=\"TextRun Highlight SCXW102863552 BCX0\" lang=\"PL-PL\" xml:lang=\"PL-PL\" data-contrast=\"none\"><span class=\"NormalTextRun SCXW102863552 BCX0\">Precyzyjne osadzenie pow\u0142ok z&nbsp;fazy gazowej<\/span><\/span><\/h2>\n<p><b><span data-contrast=\"none\">Piece do&nbsp;chemicznego osadzania z&nbsp;fazy gazowej <\/span><\/b>(CVD \u2013 Chemical Vapor Deposition) s\u0142u\u017c\u0105 do&nbsp;precyzyjnego nanoszenia warstw ochronnych i&nbsp;funkcjonalnych na&nbsp;r\u00f3\u017cne materia\u0142y w&nbsp;kontrolowanej atmosferze gazowej. Np.: pow\u0142oki TBC \u2013 thermal barier coating.<b><span data-contrast=\"none\"><\/p>\n<p><\/span><\/b>Proces CVD pozwala uzyska\u0107 <b><span data-contrast=\"none\">jednorodne, trwa\u0142e i&nbsp;odporne na&nbsp;wysokie temperatury i&nbsp;korozj\u0119 pow\u0142oki, <\/span><\/b>znacz\u0105co zwi\u0119kszaj\u0105ce \u017cywotno\u015b\u0107 i&nbsp;w\u0142a\u015bciwo\u015bci u\u017cytkowe komponent\u00f3w<b><span data-contrast=\"none\">. <br \/><\/span><\/b><\/p>\n<p>[\/et_pb_text][et_pb_tabs module_class=&#8221;red-tabs  eco-tab8&#8243; _builder_version=&#8221;4.27.6&#8243; custom_css_main_element=&#8221;margin-top: 2rem;||margin-bottom: 2rem;&#8221; global_colors_info=&#8221;{}&#8221;][et_pb_tab title=&#8221;Opis&#8221; _builder_version=&#8221;4.27.6&#8243; global_colors_info=&#8221;{}&#8221;]<\/p>\n<p>Chemical Vapor Deposition (CVD) to&nbsp;<strong>proces osadzania pow\u0142ok ochronnych i&nbsp;funkcjonalnych na&nbsp;materia\u0142ach w&nbsp;warunkach wysokiej temperatury i&nbsp;kontrolowanej atmosfery gazowej lub pr\u00f3\u017cni.<\/strong><\/p>\n<p>Technologia ta&nbsp;zapewnia wyj\u0105tkow\u0105 trwa\u0142o\u015b\u0107, odporno\u015b\u0107 termiczn\u0105 i&nbsp;precyzyjne w\u0142a\u015bciwo\u015bci powierzchniowe, niezb\u0119dne w&nbsp;lotnictwie, energetyce, \u00a0\u00a0i przemy\u015ble medycznym i&nbsp;chemicznym.<\/p>\n<p>&nbsp;<\/p>\n<p>[\/et_pb_tab][et_pb_tab title=&#8221;Zalety&#8221; _builder_version=&#8221;4.27.6&#8243; global_colors_info=&#8221;{}&#8221;]<\/p>\n<p><span style=\"color: #ff0000;\">\/<\/span> Wysoka jako\u015b\u0107 pow\u0142ok ochronnych.<br \/><span style=\"color: #ff0000;\">\/<\/span> Zwi\u0119kszona trwa\u0142o\u015b\u0107 narz\u0119dzi i&nbsp;komponent\u00f3w.<br \/><span style=\"color: #ff0000;\">\/<\/span> Odporno\u015b\u0107 na&nbsp;\u015bcieranie, korozj\u0119 i&nbsp;wysokie temperatury.<\/p>\n<p>[\/et_pb_tab][et_pb_tab title=&#8221;Przewagi&#8221; _builder_version=&#8221;4.27.6&#8243; global_colors_info=&#8221;{}&#8221;]<\/p>\n<p><span style=\"color: #ff0000;\">\/<\/span> Precyzyjna kontrola temperatury, ci\u015bnienia i&nbsp;sk\u0142adu gazu.<br \/><span style=\"color: #ff0000;\">\/<\/span> Mo\u017cliwo\u015b\u0107 osadzania r\u00f3\u017cnych materia\u0142\u00f3w (np.&nbsp;ceramika, w\u0119gliki).<br \/><span style=\"color: #ff0000;\">\/<\/span> Technologia stosowana w&nbsp;lotnictwie, energetyce, i&nbsp;przemy\u015ble medycznym i&nbsp;chemicznym.<\/p>\n<p>[\/et_pb_tab][et_pb_tab title=&#8221;Cechy&#8221; _builder_version=&#8221;4.27.6&#8243; global_colors_info=&#8221;{}&#8221;]<\/p>\n<p><span style=\"color: #ff0000;\">\/<\/span> Komora reakcyjna o&nbsp;wysokiej temperaturze <br \/><span style=\"color: #ff0000;\">\/<\/span> Zaawansowane systemy sterowania temperatur\u0105 i&nbsp;przep\u0142ywem gaz\u00f3w.<br \/><span style=\"color: #ff0000;\">\/<\/span> Mo\u017cliwo\u015b\u0107 pracy z&nbsp;r\u00f3\u017cnymi prekursorami gazowymi.<\/p>\n<p>[\/et_pb_tab][et_pb_tab title=&#8221;Procesy&#8221; _builder_version=&#8221;4.27.6&#8243; global_colors_info=&#8221;{}&#8221;]<\/p>\n<p><span style=\"color: #ff0000;\">\/<\/span> Osadzanie z&nbsp;fazy gazowej (CVD &#8211; Chemical Vapor Deposition)<br \/><span style=\"color: #ff0000;\">\/<\/span> Procesy pokrewne:<br \/><span style=\"color: #000000;\">\u00a0 \/ <strong>Pow\u0142oki zawiesinowe:<\/strong> metoda nak\u0142adania warstw na&nbsp;bazie suspensji<br \/>\/ <strong>FIC<\/strong> (Fluoride Ion Cleaning) \u2013 oczyszczanie powierzchni superstop\u00f3w<\/span><\/p>\n<p>[\/et_pb_tab][et_pb_tab title=&#8221;Materia\u0142y&#8221; _builder_version=&#8221;4.27.6&#8243; global_colors_info=&#8221;{}&#8221;]<\/p>\n<p><span style=\"color: #ff0000;\">\/<\/span> Ceramika<br \/><span style=\"color: #ff0000;\">\/<\/span> W\u0119gliki<br \/><span style=\"color: #ff0000;\">\/<\/span> Pow\u0142oki ochronne<\/p>\n<p>[\/et_pb_tab][et_pb_tab title=&#8221;Opcje&#8221; _builder_version=&#8221;4.27.6&#8243; global_colors_info=&#8221;{}&#8221;]<\/p>\n<p><span style=\"color: #ff0000;\">\/<\/span> Wielko\u015b\u0107 przestrzeni roboczej dopasowana do&nbsp;wymaga\u0144. <br \/><span style=\"color: #ff0000;\">\/<\/span> Dedykowane systemy podawania gazu <br \/><span style=\"color: #ff0000;\">\/<\/span> Integracja cyfrowa i&nbsp;automatyzacja<\/p>\n<p>[\/et_pb_tab][et_pb_tab title=&#8221;Przemys\u0142y&#8221; _builder_version=&#8221;4.27.6&#8243; global_colors_info=&#8221;{}&#8221;]<\/p>\n<p><span style=\"color: #ff0000;\">\/<\/span> Lotniczy i&nbsp;kosmiczny (kompozyty w\u0119glowe i&nbsp;ceramiczne)<br \/><span style=\"color: #ff0000;\">\/<\/span> Energetyczny<br \/><span style=\"color: #ff0000;\">\/<\/span> Medyczny<br \/><span style=\"color: #ff0000;\">\/<\/span> Chemiczny<\/p>\n<p>[\/et_pb_tab][et_pb_tab title=&#8221; &#8221; _builder_version=&#8221;4.27.6&#8243; global_colors_info=&#8221;{}&#8221;]<\/p>\n<p><b><span data-contrast=\"auto\"><strong><span style=\"color: #ff0000;\">\/ <\/span><\/strong><\/span><\/b><span data-contrast=\"auto\">Energooszcz\u0119dno\u015b\u0107<br \/><b><strong><span style=\"color: #ff0000;\">\/ <\/span><\/strong><\/b>Minimalne zu\u017cycie gaz\u00f3w procesowych i&nbsp;emisji gaz\u00f3w poprocesowych<br \/><b><strong><span style=\"color: #ff0000;\">\/ <\/span><\/strong><\/b>Wysoka sprawno\u015b\u0107 energetyczna u\u017cytych komponent\u00f3w elektrycznych (silniki klasy IE3, sterowanie falownikowe, itp.)<br \/><b><strong><span style=\"color: #ff0000;\">\/ <\/span><\/strong><\/b>Zastosowanie system\u00f3w i&nbsp;algorytm\u00f3w ograniczaj\u0105cych zu\u017cycie czynnik\u00f3w energetycznych i&nbsp;technologicznych (system pompowy, grzania i&nbsp;ch\u0142odzenia)<\/span><\/p>\n<p>&nbsp;<\/p>\n<p>[\/et_pb_tab][\/et_pb_tabs][et_pb_code _builder_version=&#8221;4.10.3&#8243; _module_preset=&#8221;default&#8221; global_module=&#8221;123769&#8243; saved_tabs=&#8221;all&#8221; locked=&#8221;off&#8221; global_colors_info=&#8221;{}&#8221;]<!-- [et_pb_line_break_holder] --><pee style=\"text-align: center;\"><a class=\"small-button smallred\" style=\"font-size: 20px; padding: 20px 60px;\" href=\"https:\/\/www.secowarwick.com\/pl\/zapytaj-o-oferte\/\"><span style=\"display: block; transform: skew(15deg,0deg); -webkit-transform: skew(15deg,0deg); font-size: 20px; !important\">ZAPYTAJ O OFERT\u0118<\/span><\/a><\/pee>[\/et_pb_code][\/et_pb_column][et_pb_column type=&#8221;1_4&#8243; _builder_version=&#8221;4.16&#8243; custom_padding=&#8221;|||&#8221; global_colors_info=&#8221;{}&#8221; custom_padding__hover=&#8221;|||&#8221;][et_pb_text admin_label=&#8221;btn_pl_premiumlibrary&#8221; module_class=&#8221;premium-library-button&#8221; _builder_version=&#8221;4.23.1&#8243; _module_preset=&#8221;default&#8221; text_orientation=&#8221;center&#8221; global_module=&#8221;157169&#8243; saved_tabs=&#8221;all&#8221; locked=&#8221;off&#8221; global_colors_info=&#8221;{}&#8221;]<\/p>\n<a href='https:\/\/www.secowarwick.com\/pl\/trescipremium\/' class='small-button smallred'><span>TRE\u015aCI PREMIUM<\/span><\/a>\n<p>[\/et_pb_text][et_pb_text admin_label=&#8221;R&#038;D PL&#8221; module_class=&#8221;product_widget_wrap_rd&#8221; _builder_version=&#8221;4.23.1&#8243; _module_preset=&#8221;default&#8221; text_orientation=&#8221;center&#8221; global_module=&#8221;165497&#8243; saved_tabs=&#8221;all&#8221; locked=&#8221;off&#8221; global_colors_info=&#8221;{}&#8221;]<\/p>\n<p><a href=\"https:\/\/www.secowarwick.com\/pl\/rd\/\"><span class=\"product_wigtet_name\">R&amp;D<\/span><\/a><\/p>\n<p>[\/et_pb_text][et_pb_text admin_label=&#8221;AUTOMATYKA PL&#8221; module_class=&#8221;product_widget_wrap_automation&#8221; _builder_version=&#8221;4.23.1&#8243; _module_preset=&#8221;default&#8221; global_module=&#8221;165495&#8243; saved_tabs=&#8221;all&#8221; locked=&#8221;off&#8221; global_colors_info=&#8221;{}&#8221;]<\/p>\n<p><a href=\"https:\/\/www.secowarwick.com\/pl\/service\/automatyka\/\"><span class=\"product_wigtet_name\">AUTOMATYKA<\/span><\/a><\/p>\n<p>[\/et_pb_text][et_pb_text admin_label=&#8221;SERVICE PL&#8221; module_class=&#8221;product_widget_wrap_service&#8221; _builder_version=&#8221;4.23.1&#8243; _module_preset=&#8221;default&#8221; global_module=&#8221;165500&#8243; saved_tabs=&#8221;all&#8221; locked=&#8221;off&#8221; global_colors_info=&#8221;{}&#8221;]<\/p>\n<p><a href=\"https:\/\/www.secowarwick.com\/pl\/profesjonalne-uslugi-serwisowe\/\"><span class=\"product_wigtet_name\">SERWIS<\/span><\/a><\/p>\n<p>[\/et_pb_text][et_pb_text admin_label=&#8221;SUPLEMENTALS PL&#8221; module_class=&#8221;product_widget_wrap_supleme&#8221; _builder_version=&#8221;4.23.1&#8243; _module_preset=&#8221;default&#8221; global_module=&#8221;165502&#8243; saved_tabs=&#8221;all&#8221; locked=&#8221;off&#8221; global_colors_info=&#8221;{}&#8221;]<\/p>\n<p><span class=\"product_wigtet_name\">DODATKOWE:<\/span><\/p>\n<p>[\/et_pb_text][et_pb_text admin_label=&#8221;Katalog produkt\u00f3w vac pl&#8221; module_class=&#8221;suplementals_product_catalogue suplementals_wrap&#8221; _builder_version=&#8221;4.23.1&#8243; _module_preset=&#8221;default&#8221; global_module=&#8221;169522&#8243; saved_tabs=&#8221;all&#8221; locked=&#8221;off&#8221; global_colors_info=&#8221;{}&#8221;]<\/p>\n<p><a href=\"https:\/\/www.secowarwick.com\/wp-content\/uploads\/2025\/11\/VAC-VACUUM-FURNACE-WWW.pdf\" target=\"_blank\" rel=\"noopener\" class=\"ga4_product_widget_catalogue\">Katalog produkt\u00f3w<\/a><\/p>\n<p>[\/et_pb_text][et_pb_text admin_label=&#8221;Product movie playlista&#8221; module_class=&#8221;suplementals_product_movie suplementals_wrap&#8221; _builder_version=&#8221;4.23.1&#8243; _module_preset=&#8221;default&#8221; global_module=&#8221;169535&#8243; saved_tabs=&#8221;all&#8221; locked=&#8221;off&#8221; global_colors_info=&#8221;{}&#8221;]<\/p>\n<p><a href=\"https:\/\/www.youtube.com\/playlist?list=PLa0hhW_hoQqEsIHM5LQtr9h_9UlwGFBO8\" target=\"_blank\" rel=\"noopener\">Film produktowy<\/a><\/p>\n<p>[\/et_pb_text][et_pb_text admin_label=&#8221;dnabook-pl&#8221; module_class=&#8221;suplementals_product_dna suplementals_wrap&#8221; _builder_version=&#8221;4.23.1&#8243; _module_preset=&#8221;default&#8221; global_module=&#8221;165509&#8243; saved_tabs=&#8221;all&#8221; locked=&#8221;off&#8221; global_colors_info=&#8221;{}&#8221;]<\/p>\n<p><a href=\"https:\/\/www.secowarwick.com\/wp-content\/uploads\/2025\/07\/DNA_BOOK.pdf\" target=\"_blank\" rel=\"noopener\">DNA\/BOOK<\/a><\/p>\n<p>[\/et_pb_text][et_pb_text admin_label=&#8221;ECO\/BOOK-pl&#8221; module_class=&#8221;suplementals_product_eco suplementals_wrap&#8221; _builder_version=&#8221;4.23.1&#8243; _module_preset=&#8221;default&#8221; global_module=&#8221;165511&#8243; saved_tabs=&#8221;all&#8221; locked=&#8221;off&#8221; global_colors_info=&#8221;{}&#8221;]<\/p>\n<p><a href=\"https:\/\/www.secowarwick.com\/wp-content\/uploads\/2023\/06\/ECOBOOK-2-1.pdf\" target=\"_blank\" rel=\"noopener\">ECO\/BOOK<\/a><\/p>\n<p>[\/et_pb_text][et_pb_text admin_label=&#8221;RFQ product widget pl&#8221; module_class=&#8221;product_widget_wrap_rfq-en&#8221; _builder_version=&#8221;4.23.1&#8243; _module_preset=&#8221;default&#8221; global_module=&#8221;186180&#8243; saved_tabs=&#8221;all&#8221; locked=&#8221;off&#8221; global_colors_info=&#8221;{}&#8221;]<\/p>\n<p style=\"text-align: center;\"><a class=\"small-button smallred rfq-gtm-product-widget\" href=\"https:\/\/www.secowarwick.com\/pl\/zapytaj-o-oferte\/\"><span class=\"product_wigtet_name\">ZAPYTAJ O&nbsp;OFERT\u0118<\/span><\/a><\/p>\n<p>[\/et_pb_text][\/et_pb_column][\/et_pb_row][\/et_pb_section]<\/p>\n","protected":false},"excerpt":{"rendered":"<p>[et_pb_breadcrumbs _builder_version=&#8221;3.6&#8243; global_colors_info=&#8221;{}&#8221;][\/et_pb_breadcrumbs]Piece do&nbsp;chemicznego osadzania z&nbsp;fazy gazowej (CVD &#8211; Chemical Vapor Deposition)\u00a0 Precyzyjne osadzenie pow\u0142ok z&nbsp;fazy gazowej Piece do&nbsp;chemicznego osadzania z&nbsp;fazy gazowej (CVD \u2013 Chemical Vapor Deposition) s\u0142u\u017c\u0105 do&nbsp;precyzyjnego nanoszenia warstw ochronnych i&nbsp;funkcjonalnych na&nbsp;r\u00f3\u017cne materia\u0142y w&nbsp;kontrolowanej atmosferze gazowej. Np.: pow\u0142oki TBC \u2013 thermal barier coating. Proces CVD pozwala uzyska\u0107 jednorodne, trwa\u0142e i&nbsp;odporne na&nbsp;wysokie temperatury i&nbsp;korozj\u0119 [&hellip;]<\/p>\n","protected":false},"author":2,"featured_media":0,"parent":150812,"menu_order":0,"comment_status":"closed","ping_status":"closed","template":"","meta":{"_acf_changed":false,"_et_pb_use_builder":"on","_et_pb_old_content":"","_et_gb_content_width":"","footnotes":""},"class_list":["post-190463","page","type-page","status-publish"],"acf":[],"_links":{"self":[{"href":"https:\/\/www.secowarwick.com\/pl\/wp-json\/wp\/v2\/pages\/190463","targetHints":{"allow":["GET"]}}],"collection":[{"href":"https:\/\/www.secowarwick.com\/pl\/wp-json\/wp\/v2\/pages"}],"about":[{"href":"https:\/\/www.secowarwick.com\/pl\/wp-json\/wp\/v2\/types\/page"}],"author":[{"embeddable":true,"href":"https:\/\/www.secowarwick.com\/pl\/wp-json\/wp\/v2\/users\/2"}],"replies":[{"embeddable":true,"href":"https:\/\/www.secowarwick.com\/pl\/wp-json\/wp\/v2\/comments?post=190463"}],"version-history":[{"count":10,"href":"https:\/\/www.secowarwick.com\/pl\/wp-json\/wp\/v2\/pages\/190463\/revisions"}],"predecessor-version":[{"id":190896,"href":"https:\/\/www.secowarwick.com\/pl\/wp-json\/wp\/v2\/pages\/190463\/revisions\/190896"}],"up":[{"embeddable":true,"href":"https:\/\/www.secowarwick.com\/pl\/wp-json\/wp\/v2\/pages\/150812"}],"wp:attachment":[{"href":"https:\/\/www.secowarwick.com\/pl\/wp-json\/wp\/v2\/media?parent=190463"}],"curies":[{"name":"wp","href":"https:\/\/api.w.org\/{rel}","templated":true}]}}