{"id":190467,"date":"2026-03-18T12:16:33","date_gmt":"2026-03-18T11:16:33","guid":{"rendered":"https:\/\/www.secowarwick.com\/?page_id=190467"},"modified":"2026-03-18T13:53:24","modified_gmt":"2026-03-18T12:53:24","slug":"piece-do-chemicznej-infiltracji-z-fazy-gazowej","status":"publish","type":"page","link":"https:\/\/www.secowarwick.com\/pl\/produkty\/piece-prozniowe\/oczyszczanie-materialow-grafitowych\/piece-do-chemicznej-infiltracji-z-fazy-gazowej\/","title":{"rendered":"Piece do chemicznej infiltracji z fazy gazowej"},"content":{"rendered":"<p>[et_pb_section fb_built=&#8221;1&#8243; _builder_version=&#8221;4.16&#8243; global_colors_info=&#8221;{}&#8221;][et_pb_row _builder_version=&#8221;4.16&#8243; background_size=&#8221;initial&#8221; background_position=&#8221;top_left&#8221; background_repeat=&#8221;repeat&#8221; global_colors_info=&#8221;{}&#8221;][et_pb_column type=&#8221;4_4&#8243; _builder_version=&#8221;4.16&#8243; custom_padding=&#8221;|||&#8221; global_colors_info=&#8221;{}&#8221; custom_padding__hover=&#8221;|||&#8221;][et_pb_image src=&#8221;https:\/\/www.secowarwick.com\/wp-content\/uploads\/2026\/03\/Slider-CVI.png&#8221; alt=&#8221;Vacuum furnaaces &#8211; graphene purification&#8221; title_text=&#8221;Piece do chemicznej infiltracji z fazy gazowej &#8221; align_tablet=&#8221;center&#8221; align_phone=&#8221;center&#8221; align_last_edited=&#8221;on|desktop&#8221; _builder_version=&#8221;4.27.6&#8243; hover_enabled=&#8221;0&#8243; global_colors_info=&#8221;{}&#8221; sticky_enabled=&#8221;0&#8243;][\/et_pb_image][et_pb_breadcrumbs _builder_version=&#8221;3.6&#8243; global_colors_info=&#8221;{}&#8221;][\/et_pb_breadcrumbs][\/et_pb_column][\/et_pb_row][et_pb_row column_structure=&#8221;3_4,1_4&#8243; _builder_version=&#8221;4.16&#8243; global_colors_info=&#8221;{}&#8221;][et_pb_column type=&#8221;3_4&#8243; _builder_version=&#8221;4.16&#8243; custom_padding=&#8221;|||&#8221; global_colors_info=&#8221;{}&#8221; custom_padding__hover=&#8221;|||&#8221;][et_pb_text _builder_version=&#8221;4.27.6&#8243; text_orientation=&#8221;justified&#8221; custom_margin_tablet=&#8221;&#8221; custom_margin_phone=&#8221;-40px|||&#8221; custom_margin_last_edited=&#8221;on|phone&#8221; global_colors_info=&#8221;{}&#8221;]<\/p>\n<h1><span class=\"TextRun Highlight SCXW27817505 BCX0\" lang=\"EN-US\" xml:lang=\"EN-US\" data-contrast=\"auto\"><span class=\"NormalTextRun SCXW27817505 BCX0\" data-ccp-charstyle=\"Strong\"><span class=\"NormalTextRun SCXW61783568 BCX0\" data-ccp-charstyle=\"Strong\">Piece do&nbsp;chemicznej infiltracji z&nbsp;fazy gazowej (CVI \u2013 Chemical Vapor Infiltration)<\/span><\/span><\/span><\/h1>\n<h2><span class=\"TextRun SCXW102863552 BCX0\" lang=\"PL-PL\" xml:lang=\"PL-PL\" data-contrast=\"auto\"><span class=\"NormalTextRun SCXW102863552 BCX0\">Precyzyjna infiltracja w\u0119glowa dla komponent\u00f3w wysokiej wydajno\u015bci.<\/span><\/span><\/h2>\n<p>Piece do&nbsp;chemicznej infiltracji z&nbsp;fazy gazowej (CVI \u2013 <strong>C<\/strong>hemical <strong>V<\/strong>apor <strong>I<\/strong>nfiltration) umo\u017cliwiaj\u0105 r\u00f3wnomierne nasycanie porowatych materia\u0142\u00f3w gazowymi prekursorami w&nbsp;warunkach wysokiej temperatury. <\/p>\n<p>Proces CVI pozwala tworzy\u0107 lekkie, wytrzyma\u0142e i&nbsp;odporne na&nbsp;temperatur\u0119 kompozyty w\u0119glowe o&nbsp;doskona\u0142ych w\u0142a\u015bciwo\u015bciach mechanicznych i&nbsp;termicznych. Technologia ta&nbsp;znajduje zastosowanie m.in.&nbsp;w&nbsp;motoryzacji, energetyce, lotnictwie i&nbsp;przemy\u015ble kosmicznym.<\/p>\n<p>[\/et_pb_text][et_pb_tabs module_class=&#8221;red-tabs eco-tab8&#8243; _builder_version=&#8221;4.27.6&#8243; custom_css_main_element=&#8221;margin-top: 2rem;||margin-bottom: 2rem;&#8221; global_colors_info=&#8221;{}&#8221;][et_pb_tab title=&#8221;Opis&#8221; _builder_version=&#8221;4.27.6&#8243; global_colors_info=&#8221;{}&#8221;]<\/p>\n<p>Chemical Vapor Infiltration (CVI) to&nbsp;zaawansowany proces infiltracji porowatych struktur gazowymi zwi\u0105zkami chemicznymi, prowadz\u0105cy do&nbsp;powstania wyj\u0105tkowo trwa\u0142ych kompozyt\u00f3w w\u0119glowych.<\/p>\n<p>Technologia ta&nbsp;jest kluczowa wsz\u0119dzie tam, gdzie wymagane s\u0105&nbsp;niska masa, wysoka odporno\u015b\u0107 termiczna i&nbsp;\u015bwietna stabilno\u015b\u0107 &#8211; np.&nbsp;w&nbsp;systemach hamulcowych, elementach konstrukcyjnych czy&nbsp;komponentach wysokotemperaturowych.<\/p>\n<p>[\/et_pb_tab][et_pb_tab title=&#8221;Zalety&#8221; _builder_version=&#8221;4.27.6&#8243; global_colors_info=&#8221;{}&#8221;]<\/p>\n<p><span style=\"color: #ff0000;\">\/<\/span> Produkcja komponent\u00f3w o&nbsp;wysokiej wytrzyma\u0142o\u015bci i&nbsp;niskiej masie.<br \/><span style=\"color: #ff0000;\">\/<\/span> Zwi\u0119kszona odporno\u015b\u0107 na&nbsp;wysokie temperatury.<br \/><span style=\"color: #ff0000;\">\/<\/span> Idealne rozwi\u0105zanie dla przemys\u0142u motoryzacyjnego i&nbsp;lotniczego.<\/p>\n<p>[\/et_pb_tab][et_pb_tab title=&#8221;Przewagi&#8221; _builder_version=&#8221;4.27.6&#8243; global_colors_info=&#8221;{}&#8221;]<\/p>\n<p><span style=\"color: #ff0000;\">\/<\/span> Skuteczny i&nbsp;wydajny proces. <br \/><span style=\"color: #ff0000;\">\/<\/span> Oszcz\u0119dno\u015b\u0107 w&nbsp;zu\u017cyciu energii elektrycznej i&nbsp;gaz\u00f3w procesowych.<br \/><span style=\"color: #ff0000;\">\/<\/span> Mo\u017cliwo\u015b\u0107 dostosowania konstrukcji reaktora do&nbsp;r\u00f3\u017cnych zastosowa\u0144.<br \/><span style=\"color: #ff0000;\">\/<\/span> Sprawdzone rozwi\u0105zanie dla kompozyt\u00f3w w\u0119glowych wysokiej jako\u015bci.<\/p>\n<p>[\/et_pb_tab][et_pb_tab title=&#8221;Cechy&#8221; _builder_version=&#8221;4.27.6&#8243; global_colors_info=&#8221;{}&#8221;]<\/p>\n<p><span style=\"color: #ff0000;\">\/ <\/span>Komora reakcyjna o&nbsp;wysokiej temperaturze. <br \/><span style=\"color: #ff0000;\">\/ <\/span>Infiltracja gazowa z&nbsp;u\u017cyciem metanu, acetylenu lub innych w\u0119glowodor\u00f3w.<br \/><span style=\"color: #ff0000;\">\/ <\/span>Zaawansowane systemy sterowania temperatur\u0105 i&nbsp;przep\u0142ywem gaz\u00f3w.<\/p>\n<p>[\/et_pb_tab][et_pb_tab title=&#8221;Materia\u0142y&#8221; _builder_version=&#8221;4.27.6&#8243; global_colors_info=&#8221;{}&#8221;]<\/p>\n<p><span style=\"color: #ff0000;\">\/ <\/span>Kompozyty w\u0119glowe <br \/><span style=\"color: #ff0000;\">\/ <\/span>Porowate pod\u0142o\u017ca<\/p>\n<p>[\/et_pb_tab][et_pb_tab title=&#8221;Procesy&#8221; _builder_version=&#8221;4.27.6&#8243; global_colors_info=&#8221;{}&#8221;]<\/p>\n<p><span style=\"color: #ff0000;\">\/ <\/span>Chemiczna infiltracja dla kompozyt\u00f3w w\u0119glowych<br \/><span style=\"color: #ff0000;\">\/ <\/span>Procesy pokrewne:<br \/><strong>\/ Grafityzacja:<\/strong> wysokotemperaturowe przekszta\u0142canie struktur grafitowych<br \/><strong>\/ CVD:<\/strong> proces osadzania pow\u0142ok w&nbsp;fazie gazowej, komplementarny wobec CVI<br \/><strong>\/ FIC:<\/strong> Fluoride Ion Cleaning \u2013 oczyszczanie powierzchni superstop\u00f3w.<br \/><strong>\/ Obr\u00f3bka termiczna<\/strong>: stabilizacja materia\u0142\u00f3w w&nbsp;pr\u00f3\u017cni i&nbsp;atmosferach kontrolowanych<\/p>\n<p><span style=\"color: #ff0000;\">\/ <\/span>Infiltracja gazowa z&nbsp;u\u017cyciem metanu, acetylenu lub innych w\u0119glowodor\u00f3w.<br \/><span style=\"color: #ff0000;\">\/ <\/span>Zaawansowane systemy sterowania temperatur\u0105 i&nbsp;przep\u0142ywem gaz\u00f3w.<\/p>\n<p>[\/et_pb_tab][et_pb_tab title=&#8221;Opcje&#8221; _builder_version=&#8221;4.27.6&#8243; global_colors_info=&#8221;{}&#8221;]<\/p>\n<p><span style=\"color: #ff0000;\">\/ <\/span>Wielko\u015b\u0107 przestrzeni roboczej dopasowana do&nbsp;wymaga\u0144. <br \/><span style=\"color: #ff0000;\">\/ <\/span>Dedykowane systemy podawania gazu.<br \/><span style=\"color: #ff0000;\">\/ <\/span>Integracja cyfrowa i&nbsp;automatyzacja.<\/p>\n<p>[\/et_pb_tab][et_pb_tab title=&#8221;Przemys\u0142y&#8221; _builder_version=&#8221;4.27.6&#8243; global_colors_info=&#8221;{}&#8221;]<\/p>\n<p><b><span data-contrast=\"auto\"><strong><span style=\"color: #ff0000;\">\/\u00a0<\/span><\/strong>Przemys\u0142 motoryzacyjny<br \/><\/span><\/b>Tarcze hamulcowe do\u00a0aut sportowych i\u00a0elektrycznych<\/p>\n<p><b><span data-contrast=\"auto\"><strong><span style=\"color: #ff0000;\">\/\u00a0<\/span><\/strong>Przemys\u0142 lotniczy i\u00a0obronny:<br \/><\/span><\/b>Elementy konstrukcyjne i\u00a0funkcjonalne<\/p>\n<p><b><span data-contrast=\"auto\"><strong><span style=\"color: #ff0000;\">\/\u00a0<\/span><\/strong>Przemys\u0142 energetyczny:<br \/><\/span><\/b><span data-contrast=\"auto\">Komponenty reaktor\u00f3w i&nbsp;materia\u0142y izolacyjne<\/span><\/p>\n<p>[\/et_pb_tab][et_pb_tab title=&#8221; &#8221; _builder_version=&#8221;4.27.6&#8243; global_colors_info=&#8221;{}&#8221;]<\/p>\n<p><b><span data-contrast=\"auto\"><strong><span style=\"color: #ff0000;\">\/ <\/span><\/strong><\/span><\/b>Energooszcz\u0119dno\u015b\u0107.<br \/><b><span data-contrast=\"auto\"><strong><span style=\"color: #ff0000;\">\/ <\/span><\/strong><\/span><\/b>Minimalne zu\u017cycie gaz\u00f3w procesowych i&nbsp;emisji gaz\u00f3w poprocesowych.<br \/><b><span data-contrast=\"auto\"><strong><span style=\"color: #ff0000;\">\/ <\/span><\/strong><\/span><\/b>Wysoka sprawno\u015b\u0107 energetyczna u\u017cytych komponent\u00f3w elektrycznych (silniki klasy IE3, sterowanie falownikowe, itp.).<br \/><b><span data-contrast=\"auto\"><strong><span style=\"color: #ff0000;\">\/ <\/span><\/strong><\/span><\/b>Zastosowanie system\u00f3w i&nbsp;algorytm\u00f3w ograniczaj\u0105cych zu\u017cycie czynnik\u00f3w energetycznych i&nbsp;technologicznych (system pompowy, grzania i&nbsp;ch\u0142odzenia).<b><\/b><\/p>\n<p>[\/et_pb_tab][\/et_pb_tabs][et_pb_code _builder_version=&#8221;4.10.3&#8243; _module_preset=&#8221;default&#8221; global_module=&#8221;123769&#8243; saved_tabs=&#8221;all&#8221; locked=&#8221;off&#8221; global_colors_info=&#8221;{}&#8221;]<!-- [et_pb_line_break_holder] --><pee style=\"text-align: center;\"><a class=\"small-button smallred\" style=\"font-size: 20px; padding: 20px 60px;\" href=\"https:\/\/www.secowarwick.com\/pl\/zapytaj-o-oferte\/\"><span style=\"display: block; transform: skew(15deg,0deg); -webkit-transform: skew(15deg,0deg); font-size: 20px; !important\">ZAPYTAJ O OFERT\u0118<\/span><\/a><\/pee>[\/et_pb_code][\/et_pb_column][et_pb_column type=&#8221;1_4&#8243; _builder_version=&#8221;4.16&#8243; custom_padding=&#8221;|||&#8221; global_colors_info=&#8221;{}&#8221; custom_padding__hover=&#8221;|||&#8221;][et_pb_text admin_label=&#8221;btn_pl_premiumlibrary&#8221; module_class=&#8221;premium-library-button&#8221; _builder_version=&#8221;4.23.1&#8243; _module_preset=&#8221;default&#8221; text_orientation=&#8221;center&#8221; global_module=&#8221;157169&#8243; saved_tabs=&#8221;all&#8221; locked=&#8221;off&#8221; global_colors_info=&#8221;{}&#8221;]<\/p>\n<a href='https:\/\/www.secowarwick.com\/pl\/trescipremium\/' class='small-button smallred'><span>TRE\u015aCI PREMIUM<\/span><\/a>\n<p>[\/et_pb_text][et_pb_text admin_label=&#8221;R&#038;D PL&#8221; module_class=&#8221;product_widget_wrap_rd&#8221; _builder_version=&#8221;4.23.1&#8243; _module_preset=&#8221;default&#8221; text_orientation=&#8221;center&#8221; global_module=&#8221;165497&#8243; saved_tabs=&#8221;all&#8221; locked=&#8221;off&#8221; global_colors_info=&#8221;{}&#8221;]<\/p>\n<p><a href=\"https:\/\/www.secowarwick.com\/pl\/rd\/\"><span class=\"product_wigtet_name\">R&amp;D<\/span><\/a><\/p>\n<p>[\/et_pb_text][et_pb_text admin_label=&#8221;AUTOMATYKA PL&#8221; module_class=&#8221;product_widget_wrap_automation&#8221; _builder_version=&#8221;4.23.1&#8243; _module_preset=&#8221;default&#8221; global_module=&#8221;165495&#8243; saved_tabs=&#8221;all&#8221; locked=&#8221;off&#8221; global_colors_info=&#8221;{}&#8221;]<\/p>\n<p><a href=\"https:\/\/www.secowarwick.com\/pl\/service\/automatyka\/\"><span class=\"product_wigtet_name\">AUTOMATYKA<\/span><\/a><\/p>\n<p>[\/et_pb_text][et_pb_text admin_label=&#8221;SERVICE PL&#8221; module_class=&#8221;product_widget_wrap_service&#8221; _builder_version=&#8221;4.23.1&#8243; _module_preset=&#8221;default&#8221; global_module=&#8221;165500&#8243; saved_tabs=&#8221;all&#8221; locked=&#8221;off&#8221; global_colors_info=&#8221;{}&#8221;]<\/p>\n<p><a href=\"https:\/\/www.secowarwick.com\/pl\/profesjonalne-uslugi-serwisowe\/\"><span class=\"product_wigtet_name\">SERWIS<\/span><\/a><\/p>\n<p>[\/et_pb_text][et_pb_text admin_label=&#8221;SUPLEMENTALS PL&#8221; module_class=&#8221;product_widget_wrap_supleme&#8221; _builder_version=&#8221;4.23.1&#8243; _module_preset=&#8221;default&#8221; global_module=&#8221;165502&#8243; saved_tabs=&#8221;all&#8221; locked=&#8221;off&#8221; global_colors_info=&#8221;{}&#8221;]<\/p>\n<p><span class=\"product_wigtet_name\">DODATKOWE:<\/span><\/p>\n<p>[\/et_pb_text][et_pb_text admin_label=&#8221;Katalog produkt\u00f3w vac pl&#8221; module_class=&#8221;suplementals_product_catalogue suplementals_wrap&#8221; _builder_version=&#8221;4.23.1&#8243; _module_preset=&#8221;default&#8221; global_module=&#8221;169522&#8243; saved_tabs=&#8221;all&#8221; locked=&#8221;off&#8221; global_colors_info=&#8221;{}&#8221;]<\/p>\n<p><a href=\"https:\/\/www.secowarwick.com\/wp-content\/uploads\/2025\/11\/VAC-VACUUM-FURNACE-WWW.pdf\" target=\"_blank\" rel=\"noopener\" class=\"ga4_product_widget_catalogue\">Katalog produkt\u00f3w<\/a><\/p>\n<p>[\/et_pb_text][et_pb_text admin_label=&#8221;Product movie playlista&#8221; module_class=&#8221;suplementals_product_movie suplementals_wrap&#8221; _builder_version=&#8221;4.23.1&#8243; _module_preset=&#8221;default&#8221; global_module=&#8221;169535&#8243; saved_tabs=&#8221;all&#8221; locked=&#8221;off&#8221; global_colors_info=&#8221;{}&#8221;]<\/p>\n<p><a href=\"https:\/\/www.youtube.com\/playlist?list=PLa0hhW_hoQqEsIHM5LQtr9h_9UlwGFBO8\" target=\"_blank\" rel=\"noopener\">Film produktowy<\/a><\/p>\n<p>[\/et_pb_text][et_pb_text admin_label=&#8221;dnabook-pl&#8221; module_class=&#8221;suplementals_product_dna suplementals_wrap&#8221; _builder_version=&#8221;4.23.1&#8243; _module_preset=&#8221;default&#8221; global_module=&#8221;165509&#8243; saved_tabs=&#8221;all&#8221; locked=&#8221;off&#8221; global_colors_info=&#8221;{}&#8221;]<\/p>\n<p><a href=\"https:\/\/www.secowarwick.com\/wp-content\/uploads\/2025\/07\/DNA_BOOK.pdf\" target=\"_blank\" rel=\"noopener\">DNA\/BOOK<\/a><\/p>\n<p>[\/et_pb_text][et_pb_text admin_label=&#8221;ECO\/BOOK-pl&#8221; module_class=&#8221;suplementals_product_eco suplementals_wrap&#8221; _builder_version=&#8221;4.23.1&#8243; _module_preset=&#8221;default&#8221; global_module=&#8221;165511&#8243; saved_tabs=&#8221;all&#8221; locked=&#8221;off&#8221; global_colors_info=&#8221;{}&#8221;]<\/p>\n<p><a href=\"https:\/\/www.secowarwick.com\/wp-content\/uploads\/2023\/06\/ECOBOOK-2-1.pdf\" target=\"_blank\" rel=\"noopener\">ECO\/BOOK<\/a><\/p>\n<p>[\/et_pb_text][et_pb_text admin_label=&#8221;RFQ product widget pl&#8221; module_class=&#8221;product_widget_wrap_rfq-en&#8221; _builder_version=&#8221;4.23.1&#8243; _module_preset=&#8221;default&#8221; global_module=&#8221;186180&#8243; saved_tabs=&#8221;all&#8221; locked=&#8221;off&#8221; global_colors_info=&#8221;{}&#8221;]<\/p>\n<p style=\"text-align: center;\"><a class=\"small-button smallred rfq-gtm-product-widget\" href=\"https:\/\/www.secowarwick.com\/pl\/zapytaj-o-oferte\/\"><span class=\"product_wigtet_name\">ZAPYTAJ O&nbsp;OFERT\u0118<\/span><\/a><\/p>\n<p>[\/et_pb_text][\/et_pb_column][\/et_pb_row][\/et_pb_section]<\/p>\n","protected":false},"excerpt":{"rendered":"<p>[et_pb_breadcrumbs _builder_version=&#8221;3.6&#8243; global_colors_info=&#8221;{}&#8221;][\/et_pb_breadcrumbs]Piece do&nbsp;chemicznej infiltracji z&nbsp;fazy gazowej (CVI \u2013 Chemical Vapor Infiltration) Precyzyjna infiltracja w\u0119glowa dla komponent\u00f3w wysokiej wydajno\u015bci. Piece do&nbsp;chemicznej infiltracji z&nbsp;fazy gazowej (CVI \u2013 Chemical Vapor Infiltration) umo\u017cliwiaj\u0105 r\u00f3wnomierne nasycanie porowatych materia\u0142\u00f3w gazowymi prekursorami w&nbsp;warunkach wysokiej temperatury. Proces CVI pozwala tworzy\u0107 lekkie, wytrzyma\u0142e i&nbsp;odporne na&nbsp;temperatur\u0119 kompozyty w\u0119glowe o&nbsp;doskona\u0142ych w\u0142a\u015bciwo\u015bciach mechanicznych i&nbsp;termicznych. Technologia ta&nbsp;znajduje [&hellip;]<\/p>\n","protected":false},"author":2,"featured_media":0,"parent":150812,"menu_order":0,"comment_status":"closed","ping_status":"closed","template":"","meta":{"_acf_changed":false,"_et_pb_use_builder":"on","_et_pb_old_content":"","_et_gb_content_width":"","footnotes":""},"class_list":["post-190467","page","type-page","status-publish"],"acf":[],"_links":{"self":[{"href":"https:\/\/www.secowarwick.com\/pl\/wp-json\/wp\/v2\/pages\/190467","targetHints":{"allow":["GET"]}}],"collection":[{"href":"https:\/\/www.secowarwick.com\/pl\/wp-json\/wp\/v2\/pages"}],"about":[{"href":"https:\/\/www.secowarwick.com\/pl\/wp-json\/wp\/v2\/types\/page"}],"author":[{"embeddable":true,"href":"https:\/\/www.secowarwick.com\/pl\/wp-json\/wp\/v2\/users\/2"}],"replies":[{"embeddable":true,"href":"https:\/\/www.secowarwick.com\/pl\/wp-json\/wp\/v2\/comments?post=190467"}],"version-history":[{"count":16,"href":"https:\/\/www.secowarwick.com\/pl\/wp-json\/wp\/v2\/pages\/190467\/revisions"}],"predecessor-version":[{"id":190913,"href":"https:\/\/www.secowarwick.com\/pl\/wp-json\/wp\/v2\/pages\/190467\/revisions\/190913"}],"up":[{"embeddable":true,"href":"https:\/\/www.secowarwick.com\/pl\/wp-json\/wp\/v2\/pages\/150812"}],"wp:attachment":[{"href":"https:\/\/www.secowarwick.com\/pl\/wp-json\/wp\/v2\/media?parent=190467"}],"curies":[{"name":"wp","href":"https:\/\/api.w.org\/{rel}","templated":true}]}}