{"id":190473,"date":"2026-03-18T12:30:40","date_gmt":"2026-03-18T11:30:40","guid":{"rendered":"https:\/\/www.secowarwick.com\/?page_id=190473"},"modified":"2026-03-18T13:55:30","modified_gmt":"2026-03-18T12:55:30","slug":"piece-do-puryfikacji-materialow-grafitowych","status":"publish","type":"page","link":"https:\/\/www.secowarwick.com\/pl\/produkty\/piece-prozniowe\/oczyszczanie-materialow-grafitowych\/piece-do-puryfikacji-materialow-grafitowych\/","title":{"rendered":"Piece do puryfikacji materia\u0142\u00f3w grafitowych"},"content":{"rendered":"<p>[et_pb_section fb_built=&#8221;1&#8243; _builder_version=&#8221;4.16&#8243; global_colors_info=&#8221;{}&#8221;][et_pb_row _builder_version=&#8221;4.16&#8243; background_size=&#8221;initial&#8221; background_position=&#8221;top_left&#8221; background_repeat=&#8221;repeat&#8221; global_colors_info=&#8221;{}&#8221;][et_pb_column type=&#8221;4_4&#8243; _builder_version=&#8221;4.16&#8243; custom_padding=&#8221;|||&#8221; global_colors_info=&#8221;{}&#8221; custom_padding__hover=&#8221;|||&#8221;][et_pb_image src=&#8221;https:\/\/www.secowarwick.com\/wp-content\/uploads\/2026\/03\/Slider-PURIFICATION.png&#8221; alt=&#8221;Vacuum furnaaces &#8211; graphene purification&#8221; title_text=&#8221;Piece do puryfikacji materia\u0142\u00f3w grafitowych&#8221; align_tablet=&#8221;center&#8221; align_phone=&#8221;center&#8221; align_last_edited=&#8221;on|desktop&#8221; _builder_version=&#8221;4.27.6&#8243; global_colors_info=&#8221;{}&#8221;][\/et_pb_image][et_pb_breadcrumbs _builder_version=&#8221;3.6&#8243; global_colors_info=&#8221;{}&#8221;][\/et_pb_breadcrumbs][\/et_pb_column][\/et_pb_row][et_pb_row column_structure=&#8221;3_4,1_4&#8243; _builder_version=&#8221;4.16&#8243; global_colors_info=&#8221;{}&#8221;][et_pb_column type=&#8221;3_4&#8243; _builder_version=&#8221;4.16&#8243; custom_padding=&#8221;|||&#8221; global_colors_info=&#8221;{}&#8221; custom_padding__hover=&#8221;|||&#8221;][et_pb_text _builder_version=&#8221;4.27.6&#8243; text_orientation=&#8221;justified&#8221; custom_margin_tablet=&#8221;&#8221; custom_margin_phone=&#8221;-40px|||&#8221; custom_margin_last_edited=&#8221;on|phone&#8221; global_colors_info=&#8221;{}&#8221;]<\/p>\n<h1><span class=\"TextRun Highlight SCXW27817505 BCX0\" lang=\"EN-US\" xml:lang=\"EN-US\" data-contrast=\"auto\"><span class=\"NormalTextRun SCXW27817505 BCX0\" data-ccp-charstyle=\"Strong\"><span class=\"NormalTextRun SCXW61783568 BCX0\" data-ccp-charstyle=\"Strong\">Piece <\/span><span class=\"NormalTextRun SCXW61783568 BCX0\" data-ccp-charstyle=\"Strong\">do&nbsp;puryfikacji (<\/span><span class=\"NormalTextRun SCXW61783568 BCX0\" data-ccp-charstyle=\"Strong\">oczyszczania) materia\u0142\u00f3w grafitowych<\/span> <\/span><\/span><span class=\"EOP SCXW27817505 BCX0\" data-ccp-props=\"{&quot;201341983&quot;:0,&quot;335559739&quot;:160,&quot;335559740&quot;:259}\">\u00a0<\/span><\/h1>\n<h2><span class=\"TextRun Highlight SCXW102863552 BCX0\" lang=\"PL-PL\" xml:lang=\"PL-PL\" data-contrast=\"none\"><span class=\"NormalTextRun SCXW102863552 BCX0\">Zaawansowane oczyszczanie grafitu dla najwy\u017cszej jako\u015bci<\/span><span class=\"NormalTextRun SCXW102863552 BCX0\">\u00a0| <\/span><span class=\"NormalTextRun SCXW102863552 BCX0\">Puryfikacja<\/span><span class=\"NormalTextRun SCXW102863552 BCX0\">.<\/span><\/span><\/h2>\n<p>Piece do&nbsp;puryfikacji grafitu umo\u017cliwiaj\u0105 skuteczne usuwanie zanieczyszcze\u0144 i&nbsp;domieszek z&nbsp;materia\u0142\u00f3w grafitowych poprzez reakcje chemiczne (z&nbsp;takimi gazami jak fluor i&nbsp;chlor) zachodz\u0105ce w&nbsp;wysokiej temperaturze i&nbsp;kontrolowanej atmosferze gazowej.<\/p>\n<p>Proces ten pozwala uzyska\u0107 grafit o&nbsp;bardzo wysokiej czysto\u015bci, wymagany w&nbsp;bran\u017cach takich jak elektronika, energetyka j\u0105drowa, lotnictwo oraz&nbsp;technologie kosmiczne.<\/p>\n<p>[\/et_pb_text][et_pb_tabs module_class=&#8221;red-tabs  eco-tab8&#8243; _builder_version=&#8221;4.27.6&#8243; custom_css_main_element=&#8221;margin-top: 2rem;||margin-bottom: 2rem;&#8221; global_colors_info=&#8221;{}&#8221;][et_pb_tab title=&#8221;Opis&#8221; _builder_version=&#8221;4.27.6&#8243; global_colors_info=&#8221;{}&#8221;]<\/p>\n<p>Puryfikacja grafitu to&nbsp;proces oczyszczania materia\u0142\u00f3w grafitowych z&nbsp;metali, zwi\u0105zk\u00f3w nieorganicznych i&nbsp;innych domieszek, prowadzony z&nbsp;u\u017cyciem reaktywnych gaz\u00f3w, takich jak fluor czy&nbsp;chlor.<\/p>\n<p>Uzyskany grafit cechuje si\u0119 doskona\u0142\u0105 stabilno\u015bci\u0105 chemiczn\u0105 i&nbsp;termiczn\u0105, co&nbsp;czyni go&nbsp;idealnym materia\u0142em do&nbsp;produkcji komponent\u00f3w wysokotemperaturowych, elektrod czy&nbsp;materia\u0142\u00f3w specjalistycznych dla przemys\u0142\u00f3w zaawansowanych technologii.<\/p>\n<p>[\/et_pb_tab][et_pb_tab title=&#8221;Zalety&#8221; _builder_version=&#8221;4.27.6&#8243; global_colors_info=&#8221;{}&#8221;]<\/p>\n<p><span style=\"color: #ff0000;\">\/<\/span> Uzyskanie grafitu o&nbsp;najwy\u017cszej czysto\u015bci.<br \/><span style=\"color: #ff0000;\">\/<\/span> Poprawa przewodnictwa elektrycznego i&nbsp;termicznego.<br \/><span style=\"color: #ff0000;\">\/<\/span> Niezb\u0119dne w&nbsp;produkcji komponent\u00f3w dla elektroniki i&nbsp;energetyki<\/p>\n<p>[\/et_pb_tab][et_pb_tab title=&#8221;Przewagi&#8221; _builder_version=&#8221;4.27.6&#8243; global_colors_info=&#8221;{}&#8221;]<\/p>\n<p><span style=\"color: #ff0000;\">\/<\/span> Skuteczny i&nbsp;wydajny proces<br \/><span style=\"color: #ff0000;\">\/<\/span> Oszcz\u0119dno\u015b\u0107 w&nbsp;zu\u017cyciu energii elektrycznej<br \/><span style=\"color: #ff0000;\">\/<\/span> Minimalna konsumpcja gaz\u00f3w procesowych<\/p>\n<p>[\/et_pb_tab][et_pb_tab title=&#8221;Cechy&#8221; _builder_version=&#8221;4.27.6&#8243; global_colors_info=&#8221;{}&#8221;]<\/p>\n<p><span style=\"color: #ff0000;\">\/<\/span> Komora do&nbsp;obr\u00f3bki termicznej w&nbsp;obecno\u015bci gaz\u00f3w reaktywnych. <br \/><span style=\"color: #ff0000;\">\/<\/span> Precyzyjna kontrola temperatury i&nbsp;przep\u0142ywu gaz\u00f3w. <br \/><span style=\"color: #ff0000;\">\/<\/span> Konstrukcja odporna na&nbsp;agresywne \u015brodowiska chemiczne<\/p>\n<p>[\/et_pb_tab][et_pb_tab title=&#8221;Procesy&#8221; _builder_version=&#8221;4.27.6&#8243; global_colors_info=&#8221;{}&#8221;]<\/p>\n<p><span style=\"color: #ff0000;\">\/<\/span> Puryfikacja grafitu z\u00a0u\u017cyciem gaz\u00f3w reaktywnych (fluor, chlor)<br \/><span style=\"color: #ff0000;\">\/<\/span> Procesy pokrewne:<br \/>\u00a0 \u00a0\/ <strong>Grafityzacja:<\/strong> proces wysokotemperaturowy poprawiaj\u0105cy struktur\u0119 grafitu<br \/>\u00a0 \u00a0\/ <strong>Obr\u00f3bka termiczna:<\/strong> dodatkowe oczyszczanie i\u00a0stabilizacja materia\u0142u<br \/>\u00a0 \u00a0\/ <strong>CVD:<\/strong> nanoszenie pow\u0142ok ochronnych na\u00a0elementy grafitowe<br \/>\u00a0 \u00a0\/ <strong>CVI:<\/strong> wzmocnienie materia\u0142\u00f3w w\u0119glowych poprzez infiltracj\u0119 gazow\u0105<\/p>\n<p>[\/et_pb_tab][et_pb_tab title=&#8221;Materia\u0142y&#8221; _builder_version=&#8221;4.27.6&#8243; global_colors_info=&#8221;{}&#8221;]<\/p>\n<p><span style=\"color: #ff0000;\">\/<\/span> Grafit i&nbsp;materia\u0142y grafitowe w&nbsp;postaci sta\u0142ej, w\u0142\u00f3kien oraz&nbsp;proszk\u00f3w<\/p>\n<p>[\/et_pb_tab][et_pb_tab title=&#8221;Opcje&#8221; _builder_version=&#8221;4.27.6&#8243; global_colors_info=&#8221;{}&#8221;]<\/p>\n<p><span style=\"color: #ff0000;\">\/<\/span> Wielko\u015b\u0107 przestrzeni roboczej dopasowana do&nbsp;wymaga\u0144.<br \/><span style=\"color: #ff0000;\">\/<\/span> Konfiguracje dostosowane do&nbsp;rodzaju grafitu.<br \/><span style=\"color: #ff0000;\">\/<\/span> Integracja cyfrowa i&nbsp;automatyzacja.<\/p>\n<p>[\/et_pb_tab][et_pb_tab title=&#8221;Przemys\u0142y&#8221; _builder_version=&#8221;4.27.6&#8243; global_colors_info=&#8221;{}&#8221;]<\/p>\n<p><span style=\"color: #ff0000;\">\/<\/span> <strong>Elektroniczny<\/strong> <br \/>Elektrody, baterie, komponenty wysokiej czysto\u015bci<\/p>\n<p><span style=\"color: #ff0000;\">\/<\/span> <strong>Energetyczny<br \/><\/strong>Reaktory j\u0105drowe, ogniwa paliwowe<\/p>\n<p><span style=\"color: #ff0000;\">\/<\/span> <strong>Lotniczy i&nbsp;obronny<\/strong> <br \/>Elementy r\u00f3\u017cne<\/p>\n<p>[\/et_pb_tab][et_pb_tab title=&#8221; &#8221; _builder_version=&#8221;4.27.6&#8243; global_colors_info=&#8221;{}&#8221;]<\/p>\n<p><span style=\"color: #ff0000;\">\/<\/span> Energooszcz\u0119dno\u015b\u0107.<br \/><span style=\"color: #ff0000;\">\/<\/span> Minimalne zu\u017cycie gaz\u00f3w procesowych i&nbsp;emisji gaz\u00f3w poprocesowych.<br \/><span style=\"color: #ff0000;\">\/<\/span> Wysoka sprawno\u015b\u0107 energetyczna u\u017cytych komponent\u00f3w elektrycznych (silniki klasy IE3, sterowanie falownikowe, itp.).<br \/><span style=\"color: #ff0000;\">\/<\/span> Zastosowanie system\u00f3w i&nbsp;algorytm\u00f3w ograniczaj\u0105cych zu\u017cycie czynnik\u00f3w energetycznych i&nbsp;technologicznych (system pompowy, grzania i&nbsp;ch\u0142odzenia).<\/p>\n<p>[\/et_pb_tab][\/et_pb_tabs][et_pb_code _builder_version=&#8221;4.10.3&#8243; _module_preset=&#8221;default&#8221; global_module=&#8221;123769&#8243; saved_tabs=&#8221;all&#8221; locked=&#8221;off&#8221; global_colors_info=&#8221;{}&#8221;]<!-- [et_pb_line_break_holder] --><pee style=\"text-align: center;\"><a class=\"small-button smallred\" style=\"font-size: 20px; padding: 20px 60px;\" href=\"https:\/\/www.secowarwick.com\/pl\/zapytaj-o-oferte\/\"><span style=\"display: block; transform: skew(15deg,0deg); -webkit-transform: skew(15deg,0deg); font-size: 20px; !important\">ZAPYTAJ O OFERT\u0118<\/span><\/a><\/pee>[\/et_pb_code][\/et_pb_column][et_pb_column type=&#8221;1_4&#8243; _builder_version=&#8221;4.16&#8243; custom_padding=&#8221;|||&#8221; global_colors_info=&#8221;{}&#8221; custom_padding__hover=&#8221;|||&#8221;][et_pb_text admin_label=&#8221;btn_pl_premiumlibrary&#8221; module_class=&#8221;premium-library-button&#8221; _builder_version=&#8221;4.23.1&#8243; _module_preset=&#8221;default&#8221; text_orientation=&#8221;center&#8221; global_module=&#8221;157169&#8243; saved_tabs=&#8221;all&#8221; locked=&#8221;off&#8221; global_colors_info=&#8221;{}&#8221;]<\/p>\n<a href='https:\/\/www.secowarwick.com\/pl\/trescipremium\/' class='small-button smallred'><span>TRE\u015aCI PREMIUM<\/span><\/a>\n<p>[\/et_pb_text][et_pb_text admin_label=&#8221;R&#038;D PL&#8221; module_class=&#8221;product_widget_wrap_rd&#8221; _builder_version=&#8221;4.23.1&#8243; _module_preset=&#8221;default&#8221; text_orientation=&#8221;center&#8221; global_module=&#8221;165497&#8243; saved_tabs=&#8221;all&#8221; locked=&#8221;off&#8221; global_colors_info=&#8221;{}&#8221;]<\/p>\n<p><a href=\"https:\/\/www.secowarwick.com\/pl\/rd\/\"><span class=\"product_wigtet_name\">R&amp;D<\/span><\/a><\/p>\n<p>[\/et_pb_text][et_pb_text admin_label=&#8221;AUTOMATYKA PL&#8221; module_class=&#8221;product_widget_wrap_automation&#8221; _builder_version=&#8221;4.23.1&#8243; _module_preset=&#8221;default&#8221; global_module=&#8221;165495&#8243; saved_tabs=&#8221;all&#8221; locked=&#8221;off&#8221; global_colors_info=&#8221;{}&#8221;]<\/p>\n<p><a href=\"https:\/\/www.secowarwick.com\/pl\/service\/automatyka\/\"><span class=\"product_wigtet_name\">AUTOMATYKA<\/span><\/a><\/p>\n<p>[\/et_pb_text][et_pb_text admin_label=&#8221;SERVICE PL&#8221; module_class=&#8221;product_widget_wrap_service&#8221; _builder_version=&#8221;4.23.1&#8243; _module_preset=&#8221;default&#8221; global_module=&#8221;165500&#8243; saved_tabs=&#8221;all&#8221; locked=&#8221;off&#8221; global_colors_info=&#8221;{}&#8221;]<\/p>\n<p><a href=\"https:\/\/www.secowarwick.com\/pl\/profesjonalne-uslugi-serwisowe\/\"><span class=\"product_wigtet_name\">SERWIS<\/span><\/a><\/p>\n<p>[\/et_pb_text][et_pb_text admin_label=&#8221;SUPLEMENTALS PL&#8221; module_class=&#8221;product_widget_wrap_supleme&#8221; _builder_version=&#8221;4.23.1&#8243; _module_preset=&#8221;default&#8221; global_module=&#8221;165502&#8243; saved_tabs=&#8221;all&#8221; locked=&#8221;off&#8221; global_colors_info=&#8221;{}&#8221;]<\/p>\n<p><span class=\"product_wigtet_name\">DODATKOWE:<\/span><\/p>\n<p>[\/et_pb_text][et_pb_text admin_label=&#8221;Katalog produkt\u00f3w vac pl&#8221; module_class=&#8221;suplementals_product_catalogue suplementals_wrap&#8221; _builder_version=&#8221;4.23.1&#8243; _module_preset=&#8221;default&#8221; global_module=&#8221;169522&#8243; saved_tabs=&#8221;all&#8221; locked=&#8221;off&#8221; global_colors_info=&#8221;{}&#8221;]<\/p>\n<p><a href=\"https:\/\/www.secowarwick.com\/wp-content\/uploads\/2025\/11\/VAC-VACUUM-FURNACE-WWW.pdf\" target=\"_blank\" rel=\"noopener\" class=\"ga4_product_widget_catalogue\">Katalog produkt\u00f3w<\/a><\/p>\n<p>[\/et_pb_text][et_pb_text admin_label=&#8221;Product movie playlista&#8221; module_class=&#8221;suplementals_product_movie suplementals_wrap&#8221; _builder_version=&#8221;4.23.1&#8243; _module_preset=&#8221;default&#8221; global_module=&#8221;169535&#8243; saved_tabs=&#8221;all&#8221; locked=&#8221;off&#8221; global_colors_info=&#8221;{}&#8221;]<\/p>\n<p><a href=\"https:\/\/www.youtube.com\/playlist?list=PLa0hhW_hoQqEsIHM5LQtr9h_9UlwGFBO8\" target=\"_blank\" rel=\"noopener\">Film produktowy<\/a><\/p>\n<p>[\/et_pb_text][et_pb_text admin_label=&#8221;dnabook-pl&#8221; module_class=&#8221;suplementals_product_dna suplementals_wrap&#8221; _builder_version=&#8221;4.23.1&#8243; _module_preset=&#8221;default&#8221; global_module=&#8221;165509&#8243; saved_tabs=&#8221;all&#8221; locked=&#8221;off&#8221; global_colors_info=&#8221;{}&#8221;]<\/p>\n<p><a href=\"https:\/\/www.secowarwick.com\/wp-content\/uploads\/2025\/07\/DNA_BOOK.pdf\" target=\"_blank\" rel=\"noopener\">DNA\/BOOK<\/a><\/p>\n<p>[\/et_pb_text][et_pb_text admin_label=&#8221;ECO\/BOOK-pl&#8221; module_class=&#8221;suplementals_product_eco suplementals_wrap&#8221; _builder_version=&#8221;4.23.1&#8243; _module_preset=&#8221;default&#8221; global_module=&#8221;165511&#8243; saved_tabs=&#8221;all&#8221; locked=&#8221;off&#8221; global_colors_info=&#8221;{}&#8221;]<\/p>\n<p><a href=\"https:\/\/www.secowarwick.com\/wp-content\/uploads\/2023\/06\/ECOBOOK-2-1.pdf\" target=\"_blank\" rel=\"noopener\">ECO\/BOOK<\/a><\/p>\n<p>[\/et_pb_text][et_pb_text admin_label=&#8221;RFQ product widget pl&#8221; module_class=&#8221;product_widget_wrap_rfq-en&#8221; _builder_version=&#8221;4.23.1&#8243; _module_preset=&#8221;default&#8221; global_module=&#8221;186180&#8243; saved_tabs=&#8221;all&#8221; locked=&#8221;off&#8221; global_colors_info=&#8221;{}&#8221;]<\/p>\n<p style=\"text-align: center;\"><a class=\"small-button smallred rfq-gtm-product-widget\" href=\"https:\/\/www.secowarwick.com\/pl\/zapytaj-o-oferte\/\"><span class=\"product_wigtet_name\">ZAPYTAJ O&nbsp;OFERT\u0118<\/span><\/a><\/p>\n<p>[\/et_pb_text][\/et_pb_column][\/et_pb_row][\/et_pb_section]<\/p>\n","protected":false},"excerpt":{"rendered":"<p>[et_pb_breadcrumbs _builder_version=&#8221;3.6&#8243; global_colors_info=&#8221;{}&#8221;][\/et_pb_breadcrumbs]Piece do&nbsp;puryfikacji (oczyszczania) materia\u0142\u00f3w grafitowych \u00a0 Zaawansowane oczyszczanie grafitu dla najwy\u017cszej jako\u015bci\u00a0| Puryfikacja. Piece do&nbsp;puryfikacji grafitu umo\u017cliwiaj\u0105 skuteczne usuwanie zanieczyszcze\u0144 i&nbsp;domieszek z&nbsp;materia\u0142\u00f3w grafitowych poprzez reakcje chemiczne (z&nbsp;takimi gazami jak fluor i&nbsp;chlor) zachodz\u0105ce w&nbsp;wysokiej temperaturze i&nbsp;kontrolowanej atmosferze gazowej. Proces ten pozwala uzyska\u0107 grafit o&nbsp;bardzo wysokiej czysto\u015bci, wymagany w&nbsp;bran\u017cach takich jak elektronika, energetyka j\u0105drowa, lotnictwo [&hellip;]<\/p>\n","protected":false},"author":2,"featured_media":0,"parent":150812,"menu_order":0,"comment_status":"closed","ping_status":"closed","template":"","meta":{"_acf_changed":false,"_et_pb_use_builder":"on","_et_pb_old_content":"","_et_gb_content_width":"","footnotes":""},"class_list":["post-190473","page","type-page","status-publish"],"acf":[],"_links":{"self":[{"href":"https:\/\/www.secowarwick.com\/pl\/wp-json\/wp\/v2\/pages\/190473","targetHints":{"allow":["GET"]}}],"collection":[{"href":"https:\/\/www.secowarwick.com\/pl\/wp-json\/wp\/v2\/pages"}],"about":[{"href":"https:\/\/www.secowarwick.com\/pl\/wp-json\/wp\/v2\/types\/page"}],"author":[{"embeddable":true,"href":"https:\/\/www.secowarwick.com\/pl\/wp-json\/wp\/v2\/users\/2"}],"replies":[{"embeddable":true,"href":"https:\/\/www.secowarwick.com\/pl\/wp-json\/wp\/v2\/comments?post=190473"}],"version-history":[{"count":12,"href":"https:\/\/www.secowarwick.com\/pl\/wp-json\/wp\/v2\/pages\/190473\/revisions"}],"predecessor-version":[{"id":190915,"href":"https:\/\/www.secowarwick.com\/pl\/wp-json\/wp\/v2\/pages\/190473\/revisions\/190915"}],"up":[{"embeddable":true,"href":"https:\/\/www.secowarwick.com\/pl\/wp-json\/wp\/v2\/pages\/150812"}],"wp:attachment":[{"href":"https:\/\/www.secowarwick.com\/pl\/wp-json\/wp\/v2\/media?parent=190473"}],"curies":[{"name":"wp","href":"https:\/\/api.w.org\/{rel}","templated":true}]}}