{"id":191723,"date":"2017-04-26T13:24:33","date_gmt":"2017-04-26T11:24:33","guid":{"rendered":"https:\/\/www.secowarwick.com\/ospolce\/certyficates\/"},"modified":"2026-04-01T14:48:24","modified_gmt":"2026-04-01T12:48:24","slug":"certyfikaty","status":"publish","type":"page","link":"https:\/\/www.secowarwick.com\/pl\/ospolce\/certyfikaty\/","title":{"rendered":"Certyfikaty"},"content":{"rendered":"<p>[et_pb_section fb_built=&#8221;1&#8243; admin_label=&#8221;section&#8221; _builder_version=&#8221;4.16&#8243; global_colors_info=&#8221;{}&#8221;][et_pb_row _builder_version=&#8221;4.27.6&#8243; _module_preset=&#8221;default&#8221; global_colors_info=&#8221;{}&#8221;][et_pb_column type=&#8221;4_4&#8243; _builder_version=&#8221;4.27.6&#8243; _module_preset=&#8221;default&#8221; global_colors_info=&#8221;{}&#8221;][et_pb_text _builder_version=&#8221;4.27.6&#8243; _module_preset=&#8221;default&#8221; global_colors_info=&#8221;{}&#8221;]<\/p>\n<h2 style=\"text-align: justify;\">SECO\/WARWICK posiada certyfikaty potwierdzaj\u0105ce zgodno\u015b\u0107 z\u00a0mi\u0119dzynarodowymi normami jako\u015bci, bezpiecze\u0144stwa oraz\u00a0zarz\u0105dzania.<\/h2>\n<h3 style=\"text-align: justify;\">Dokumenty te\u00a0stanowi\u0105 dow\u00f3d, \u017ce\u00a0firma spe\u0142nia wymagania obowi\u0105zuj\u0105ce w\u00a0r\u00f3\u017cnych sektorach przemys\u0142owych oraz\u00a0potwierdzaj\u0105 nasze zaanga\u017cowanie w\u00a0niezawodno\u015b\u0107, transparentno\u015b\u0107 i\u00a0ci\u0105g\u0142e doskonalenie.<\/h3>\n<p>[\/et_pb_text][\/et_pb_column][\/et_pb_row][\/et_pb_section][et_pb_section fb_built=&#8221;1&#8243; admin_label=&#8221;section&#8221; _builder_version=&#8221;4.16&#8243; global_colors_info=&#8221;{}&#8221;][et_pb_row column_structure=&#8221;1_4,1_4,1_4,1_4&#8243; _builder_version=&#8221;4.27.6&#8243; _module_preset=&#8221;default&#8221; global_colors_info=&#8221;{}&#8221;][et_pb_column type=&#8221;1_4&#8243; _builder_version=&#8221;4.27.6&#8243; _module_preset=&#8221;default&#8221; global_colors_info=&#8221;{}&#8221;][et_pb_image src=&#8221;https:\/\/www.secowarwick.com\/wp-content\/uploads\/2026\/03\/ASME-2023-2026.jpg&#8221; alt=&#8221;ASME 2023-2026&#8243; title_text=&#8221;ASME 2023-2026&#8243; url=&#8221;https:\/\/www.secowarwick.com\/wp-content\/uploads\/2026\/03\/ASME-2023-2026.pdf&#8221; url_new_window=&#8221;on&#8221; _builder_version=&#8221;4.27.6&#8243; _module_preset=&#8221;default&#8221; global_colors_info=&#8221;{}&#8221;][\/et_pb_image][\/et_pb_column][et_pb_column type=&#8221;1_4&#8243; _builder_version=&#8221;4.27.6&#8243; _module_preset=&#8221;default&#8221; global_colors_info=&#8221;{}&#8221;][et_pb_image src=&#8221;https:\/\/www.secowarwick.com\/wp-content\/uploads\/2026\/03\/ISO-9001-RETECH-US-07.05.2026.jpg&#8221; alt=&#8221;ISO 9001 RETECH US&#8221; title_text=&#8221;ISO 9001 RETECH US&#8221; url=&#8221;https:\/\/www.secowarwick.com\/wp-content\/uploads\/2026\/03\/ISO-9001-RETECH-US-07.05.2026.pdf&#8221; url_new_window=&#8221;on&#8221; _builder_version=&#8221;4.27.6&#8243; _module_preset=&#8221;default&#8221; global_colors_info=&#8221;{}&#8221;][\/et_pb_image][\/et_pb_column][et_pb_column type=&#8221;1_4&#8243; _builder_version=&#8221;4.27.6&#8243; _module_preset=&#8221;default&#8221; global_colors_info=&#8221;{}&#8221;][et_pb_image src=&#8221;https:\/\/www.secowarwick.com\/wp-content\/uploads\/2026\/03\/ISO-9001-SWC-12.12.2027.jpg&#8221; alt=&#8221;ISO 9001 SWC&#8221; title_text=&#8221;ISO 9001 SWC&#8221; url=&#8221;https:\/\/www.secowarwick.com\/wp-content\/uploads\/2026\/03\/ISO-9001-SWC-12.12.2027.pdf&#8221; url_new_window=&#8221;on&#8221; _builder_version=&#8221;4.27.6&#8243; _module_preset=&#8221;default&#8221; global_colors_info=&#8221;{}&#8221;][\/et_pb_image][\/et_pb_column][et_pb_column type=&#8221;1_4&#8243; _builder_version=&#8221;4.27.6&#8243; _module_preset=&#8221;default&#8221; global_colors_info=&#8221;{}&#8221;][et_pb_image src=&#8221;https:\/\/www.secowarwick.com\/wp-content\/uploads\/2026\/03\/ISO9001-REtech-Chiny-04.052.2027.jpg&#8221; alt=&#8221;ISO9001 RETECH CHINA&#8221; title_text=&#8221;ISO9001 RETECH CHINA&#8221; url=&#8221;https:\/\/www.secowarwick.com\/wp-content\/uploads\/2026\/03\/ISO9001-REtech-Chiny-04.052.2027-v3.pdf&#8221; url_new_window=&#8221;on&#8221; _builder_version=&#8221;4.27.6&#8243; _module_preset=&#8221;default&#8221; global_colors_info=&#8221;{}&#8221;][\/et_pb_image][\/et_pb_column][\/et_pb_row][et_pb_row column_structure=&#8221;1_4,1_4,1_4,1_4&#8243; _builder_version=&#8221;4.27.6&#8243; _module_preset=&#8221;default&#8221; global_colors_info=&#8221;{}&#8221;][et_pb_column type=&#8221;1_4&#8243; _builder_version=&#8221;4.27.6&#8243; _module_preset=&#8221;default&#8221; global_colors_info=&#8221;{}&#8221;][et_pb_image src=&#8221;https:\/\/www.secowarwick.com\/wp-content\/uploads\/2026\/03\/J_2727_4_2026-SECO-WARWICK-SERVICES-cert.-ang.pdf-sign.jpg&#8221; alt=&#8221;SECO\/WARWICK SERVICES&#8221; title_text=&#8221;SECO\/WARWICK SERVICES&#8221; url=&#8221;https:\/\/www.secowarwick.com\/wp-content\/uploads\/2026\/03\/J_2727_4_2026-SECO-WARWICK-SERVICES-cert.-ang.pdf-sign.pdf&#8221; url_new_window=&#8221;on&#8221; _builder_version=&#8221;4.27.6&#8243; _module_preset=&#8221;default&#8221; global_colors_info=&#8221;{}&#8221;][\/et_pb_image][\/et_pb_column][et_pb_column type=&#8221;1_4&#8243; _builder_version=&#8221;4.27.6&#8243; _module_preset=&#8221;default&#8221; global_colors_info=&#8221;{}&#8221;][et_pb_image src=&#8221;https:\/\/www.secowarwick.com\/wp-content\/uploads\/2026\/03\/J_2727_4_2026-SECO-WARWICK-SERVICES-cert.-pol.pdf-sign.jpg&#8221; alt=&#8221;SECO\/WARWICK SERVICES&#8221; title_text=&#8221;SECO\/WARWICK SERVICES&#8221; url=&#8221;https:\/\/www.secowarwick.com\/wp-content\/uploads\/2026\/03\/J_2727_4_2026-SECO-WARWICK-SERVICES-cert.-pol.pdf-sign.pdf&#8221; url_new_window=&#8221;on&#8221; _builder_version=&#8221;4.27.6&#8243; _module_preset=&#8221;default&#8221; global_colors_info=&#8221;{}&#8221;][\/et_pb_image][\/et_pb_column][et_pb_column type=&#8221;1_4&#8243; _builder_version=&#8221;4.27.6&#8243; _module_preset=&#8221;default&#8221; global_colors_info=&#8221;{}&#8221;][et_pb_image src=&#8221;https:\/\/www.secowarwick.com\/wp-content\/uploads\/2026\/03\/Modul-H1-2024-2027.jpg&#8221; alt=&#8221;Modu\u0142 H1 2024-2027&#8243; title_text=&#8221;Modu\u0142 H1 2024-2027&#8243; url=&#8221;https:\/\/www.secowarwick.com\/wp-content\/uploads\/2026\/03\/Modul-H1-2024-2027.pdf&#8221; url_new_window=&#8221;on&#8221; _builder_version=&#8221;4.27.6&#8243; _module_preset=&#8221;default&#8221; global_colors_info=&#8221;{}&#8221;][\/et_pb_image][\/et_pb_column][et_pb_column type=&#8221;1_4&#8243; _builder_version=&#8221;4.27.6&#8243; _module_preset=&#8221;default&#8221; global_colors_info=&#8221;{}&#8221;][et_pb_image src=&#8221;https:\/\/www.secowarwick.com\/wp-content\/uploads\/2026\/03\/PCBC-2025-2028-9001-14001-45001-EN-IQNet.jpg&#8221; alt=&#8221;PCBC 2025-2028 9001-14001-45001 EN IQNet&#8221; title_text=&#8221;PCBC 2025-2028 9001-14001-45001 EN IQNet&#8221; url=&#8221;https:\/\/www.secowarwick.com\/wp-content\/uploads\/2026\/03\/PCBC-2025-2028-9001-14001-45001-EN-IQNet.pdf&#8221; url_new_window=&#8221;on&#8221; _builder_version=&#8221;4.27.6&#8243; _module_preset=&#8221;default&#8221; global_colors_info=&#8221;{}&#8221;][\/et_pb_image][\/et_pb_column][\/et_pb_row][et_pb_row column_structure=&#8221;1_4,1_4,1_4,1_4&#8243; _builder_version=&#8221;4.27.6&#8243; _module_preset=&#8221;default&#8221; global_colors_info=&#8221;{}&#8221;][et_pb_column type=&#8221;1_4&#8243; _builder_version=&#8221;4.27.6&#8243; _module_preset=&#8221;default&#8221; global_colors_info=&#8221;{}&#8221;][et_pb_image src=&#8221;https:\/\/www.secowarwick.com\/wp-content\/uploads\/2026\/03\/PCBC-2025-2028-9001-14001-45001-PL.jpg&#8221; alt=&#8221;PCBC 2025-2028 9001-14001-45001 PL&#8221; title_text=&#8221;PCBC 2025-2028 9001-14001-45001 PL&#8221; url=&#8221;https:\/\/www.secowarwick.com\/wp-content\/uploads\/2026\/03\/PCBC-2025-2028-9001-14001-45001-PL.pdf&#8221; url_new_window=&#8221;on&#8221; _builder_version=&#8221;4.27.6&#8243; _module_preset=&#8221;default&#8221; global_colors_info=&#8221;{}&#8221;][\/et_pb_image][\/et_pb_column][et_pb_column type=&#8221;1_4&#8243; _builder_version=&#8221;4.27.6&#8243; _module_preset=&#8221;default&#8221; global_colors_info=&#8221;{}&#8221;][et_pb_image src=&#8221;https:\/\/www.secowarwick.com\/wp-content\/uploads\/2026\/03\/PCBC-2025-2028-WSK.jpg&#8221; alt=&#8221;PCBC 2025-2028 WSK&#8221; title_text=&#8221;PCBC 2025-2028 WSK&#8221; url=&#8221;https:\/\/www.secowarwick.com\/wp-content\/uploads\/2026\/03\/PCBC-2025-2028-WSK.pdf&#8221; url_new_window=&#8221;on&#8221; _builder_version=&#8221;4.27.6&#8243; _module_preset=&#8221;default&#8221; global_colors_info=&#8221;{}&#8221;][\/et_pb_image][\/et_pb_column][et_pb_column type=&#8221;1_4&#8243; _builder_version=&#8221;4.27.6&#8243; _module_preset=&#8221;default&#8221; global_colors_info=&#8221;{}&#8221;][et_pb_image src=&#8221;https:\/\/www.secowarwick.com\/wp-content\/uploads\/2026\/03\/UDT-2024-2027-ISO-3834.jpg&#8221; alt=&#8221;UDT-2024-2027-ISO-3834&#8243; title_text=&#8221;UDT-2024-2027-ISO-3834&#8243; url=&#8221;https:\/\/www.secowarwick.com\/wp-content\/uploads\/2026\/03\/UDT-2024-2027-ISO-3834.pdf&#8221; url_new_window=&#8221;on&#8221; _builder_version=&#8221;4.27.6&#8243; _module_preset=&#8221;default&#8221; global_colors_info=&#8221;{}&#8221;][\/et_pb_image][\/et_pb_column][et_pb_column type=&#8221;1_4&#8243; _builder_version=&#8221;4.27.6&#8243; _module_preset=&#8221;default&#8221; global_colors_info=&#8221;{}&#8221;][et_pb_image src=&#8221;https:\/\/www.secowarwick.com\/wp-content\/uploads\/2026\/03\/Zaswiadczenie-NATO.jpg&#8221; alt=&#8221;Za\u015bwiadczenie NATO&#8221; title_text=&#8221;Za\u015bwiadczenie NATO&#8221; url=&#8221;https:\/\/www.secowarwick.com\/wp-content\/uploads\/2026\/03\/Zaswiadczenie-NATO.pdf&#8221; url_new_window=&#8221;on&#8221; _builder_version=&#8221;4.27.6&#8243; _module_preset=&#8221;default&#8221; global_colors_info=&#8221;{}&#8221;][\/et_pb_image][\/et_pb_column][\/et_pb_row][\/et_pb_section]<\/p>\n","protected":false},"excerpt":{"rendered":"<p>SECO\/WARWICK posiada certyfikaty potwierdzaj\u0105ce zgodno\u015b\u0107 z\u00a0mi\u0119dzynarodowymi normami jako\u015bci, bezpiecze\u0144stwa oraz\u00a0zarz\u0105dzania. Dokumenty te\u00a0stanowi\u0105 dow\u00f3d, \u017ce\u00a0firma spe\u0142nia wymagania obowi\u0105zuj\u0105ce w\u00a0r\u00f3\u017cnych sektorach przemys\u0142owych oraz\u00a0potwierdzaj\u0105 nasze zaanga\u017cowanie w\u00a0niezawodno\u015b\u0107, transparentno\u015b\u0107 i\u00a0ci\u0105g\u0142e doskonalenie.<\/p>\n","protected":false},"author":2,"featured_media":0,"parent":6349,"menu_order":0,"comment_status":"closed","ping_status":"closed","template":"","meta":{"_acf_changed":false,"_et_pb_use_builder":"on","_et_pb_old_content":"","_et_gb_content_width":"","footnotes":""},"class_list":["post-191723","page","type-page","status-publish"],"acf":[],"_links":{"self":[{"href":"https:\/\/www.secowarwick.com\/pl\/wp-json\/wp\/v2\/pages\/191723","targetHints":{"allow":["GET"]}}],"collection":[{"href":"https:\/\/www.secowarwick.com\/pl\/wp-json\/wp\/v2\/pages"}],"about":[{"href":"https:\/\/www.secowarwick.com\/pl\/wp-json\/wp\/v2\/types\/page"}],"author":[{"embeddable":true,"href":"https:\/\/www.secowarwick.com\/pl\/wp-json\/wp\/v2\/users\/2"}],"replies":[{"embeddable":true,"href":"https:\/\/www.secowarwick.com\/pl\/wp-json\/wp\/v2\/comments?post=191723"}],"version-history":[{"count":6,"href":"https:\/\/www.secowarwick.com\/pl\/wp-json\/wp\/v2\/pages\/191723\/revisions"}],"predecessor-version":[{"id":191770,"href":"https:\/\/www.secowarwick.com\/pl\/wp-json\/wp\/v2\/pages\/191723\/revisions\/191770"}],"up":[{"embeddable":true,"href":"https:\/\/www.secowarwick.com\/pl\/wp-json\/wp\/v2\/pages\/6349"}],"wp:attachment":[{"href":"https:\/\/www.secowarwick.com\/pl\/wp-json\/wp\/v2\/media?parent=191723"}],"curies":[{"name":"wp","href":"https:\/\/api.w.org\/{rel}","templated":true}]}}