{"id":192609,"date":"2026-04-20T13:26:50","date_gmt":"2026-04-20T11:26:50","guid":{"rendered":"https:\/\/www.secowarwick.com\/rd\/cooperation\/"},"modified":"2026-04-28T12:59:47","modified_gmt":"2026-04-28T10:59:47","slug":"wspolpraca","status":"publish","type":"page","link":"https:\/\/www.secowarwick.com\/pl\/rd\/wspolpraca\/","title":{"rendered":"Wsp\u00f3\u0142praca z nauk\u0105"},"content":{"rendered":"<p>[et_pb_section fb_built=&#8221;1&#8243; _builder_version=&#8221;4.27.6&#8243; _module_preset=&#8221;default&#8221; global_colors_info=&#8221;{}&#8221;][et_pb_row module_class=&#8221;rd-bliska rd-wiersz-uczelnie rd-uczelnie-sciezki-start&#8221; _builder_version=&#8221;4.27.6&#8243; _module_preset=&#8221;default&#8221; custom_margin=&#8221;||40px||false|false&#8221; global_colors_info=&#8221;{}&#8221;][et_pb_column type=&#8221;4_4&#8243; _builder_version=&#8221;4.27.6&#8243; _module_preset=&#8221;default&#8221; global_colors_info=&#8221;{}&#8221;][et_pb_text _builder_version=&#8221;4.27.6&#8243; _module_preset=&#8221;default&#8221; text_font=&#8221;&#8211;et_global_heading_font||||||||&#8221; text_font_size=&#8221;22px&#8221; header_2_font=&#8221;TitilliumWeb Black||||||||&#8221; max_width=&#8221;1000px&#8221; module_alignment=&#8221;center&#8221; hover_enabled=&#8221;0&#8243; global_colors_info=&#8221;{}&#8221; sticky_enabled=&#8221;0&#8243;]<\/p>\n<h2 style=\"text-align: center;\">OD LABORATORIUM DO HALI PRODUKCYJNEJ:<br \/>INNOWACJE W DZIA\u0141ANIU<\/h2>\n<p style=\"text-align: center;\">SECO\/WARWICK wsp\u00f3\u0142pracuje z uczelniami technicznymi i instytutami badawczymi, realizuj\u0105c wsp\u00f3lne projekty w obszarach obr\u00f3bki cieplnej, metalurgii oraz automatyzacji proces\u00f3w przemys\u0142owych.<br \/>Dzi\u0119ki tym partnerstwom skutecznie przenosimy wiedz\u0119 do przemys\u0142u i tworzymy innowacyjne rozwi\u0105zania dla klient\u00f3w SECO\/WARWICK na ca\u0142ym \u015bwiecie.<\/p>\n<p>[\/et_pb_text][\/et_pb_column][\/et_pb_row][et_pb_row module_class=&#8221;rd-wiersz-uczelnie rd-uczelnie-sciezki-end&#8221; _builder_version=&#8221;4.27.6&#8243; _module_preset=&#8221;default&#8221; global_colors_info=&#8221;{}&#8221;][et_pb_column type=&#8221;4_4&#8243; _builder_version=&#8221;4.27.6&#8243; _module_preset=&#8221;default&#8221; global_colors_info=&#8221;{}&#8221;][et_pb_image src=&#8221;https:\/\/www.secowarwick.com\/wp-content\/uploads\/2026\/04\/loga-uczelnie.jpg&#8221; alt=&#8221;COOPERATION<br \/>\nWITH SCIENCE&#8221; disabled_on=&#8221;on|on|off&#8221; _builder_version=&#8221;4.27.6&#8243; _module_preset=&#8221;default&#8221; global_colors_info=&#8221;{}&#8221;][\/et_pb_image][et_pb_image src=&#8221;https:\/\/www.secowarwick.com\/wp-content\/uploads\/2026\/04\/CLOSE-COOPERATION-mobile1.jpg&#8221; alt=&#8221;FROM SCIENCE TO FACTORY&#8221; disabled_on=&#8221;off|off|on&#8221; _builder_version=&#8221;4.27.6&#8243; _module_preset=&#8221;default&#8221; global_colors_info=&#8221;{}&#8221;][\/et_pb_image][\/et_pb_column][\/et_pb_row][\/et_pb_section][et_pb_section fb_built=&#8221;1&#8243; _builder_version=&#8221;4.27.6&#8243; _module_preset=&#8221;default&#8221; global_colors_info=&#8221;{}&#8221;][et_pb_row module_class=&#8221;rd-bliska rd-wiersz-uczelnie rd-uczelnie-sciezki-start&#8221; _builder_version=&#8221;4.27.6&#8243; _module_preset=&#8221;default&#8221; global_colors_info=&#8221;{}&#8221;][et_pb_column type=&#8221;4_4&#8243; _builder_version=&#8221;4.27.6&#8243; _module_preset=&#8221;default&#8221; global_colors_info=&#8221;{}&#8221;][et_pb_text _builder_version=&#8221;4.27.6&#8243; _module_preset=&#8221;default&#8221; text_font=&#8221;&#8211;et_global_heading_font||||||||&#8221; text_font_size=&#8221;20px&#8221; header_2_font=&#8221;TitilliumWeb Black||||||||&#8221; max_width=&#8221;1000px&#8221; module_alignment=&#8221;center&#8221; custom_margin=&#8221;||40px||false|false&#8221; hover_enabled=&#8221;0&#8243; global_colors_info=&#8221;{}&#8221; sticky_enabled=&#8221;0&#8243;]<\/p>\n<h2 style=\"text-align: center;\">OD WIZJI DO REALNEJ ZMIANY:<br \/>SI\u0141A PARTNERSTW W RAMACH STOWARZYSZE\u0143<\/h2>\n<p style=\"text-align: center;\">SECO\/WARWICK aktywnie dzia\u0142a w mi\u0119dzynarodowych organizacjach bran\u017cowych i stowarzyszeniach ekspert\u00f3w, wsp\u00f3\u0142tworz\u0105c standardy technologiczne, wspieraj\u0105c wymian\u0119 wiedzy oraz inicjatywy, kt\u00f3re przyspieszaj\u0105 innowacje.<br \/>Cz\u0142onkostwo w tych organizacjach pozwala nam realnie wp\u0142ywa\u0107 na kierunek rozwoju nowoczesnych technologii obr\u00f3bki cieplnej i metalurgii.<\/p>\n<p>[\/et_pb_text][\/et_pb_column][\/et_pb_row][et_pb_row module_class=&#8221;rd-wiersz-uczelnie rd-uczelnie-sciezki-end&#8221; _builder_version=&#8221;4.27.6&#8243; _module_preset=&#8221;default&#8221; global_colors_info=&#8221;{}&#8221;][et_pb_column type=&#8221;4_4&#8243; _builder_version=&#8221;4.27.6&#8243; _module_preset=&#8221;default&#8221; global_colors_info=&#8221;{}&#8221;][et_pb_image src=&#8221;https:\/\/www.secowarwick.com\/wp-content\/uploads\/2026\/04\/CLOSE-COOPERATION.jpg&#8221; alt=&#8221;CLOSE COOPERATION<br \/>\nWITH ASSOCIATION&#8221; disabled_on=&#8221;on|on|off&#8221; _builder_version=&#8221;4.27.6&#8243; _module_preset=&#8221;default&#8221; global_colors_info=&#8221;{}&#8221;][\/et_pb_image][et_pb_image src=&#8221;https:\/\/www.secowarwick.com\/wp-content\/uploads\/2026\/04\/CLOSE-COOPERATION-mobile2.jpg&#8221; alt=&#8221;THE POWER OF ASSOCIATION PARTNERSHIPS&#8221; disabled_on=&#8221;off|off|on&#8221; _builder_version=&#8221;4.27.6&#8243; _module_preset=&#8221;default&#8221; global_colors_info=&#8221;{}&#8221;][\/et_pb_image][\/et_pb_column][\/et_pb_row][\/et_pb_section]<\/p>\n","protected":false},"excerpt":{"rendered":"<p>OD LABORATORIUM DO HALI PRODUKCYJNEJ:INNOWACJE W DZIA\u0141ANIU SECO\/WARWICK wsp\u00f3\u0142pracuje z uczelniami technicznymi i instytutami badawczymi, realizuj\u0105c wsp\u00f3lne projekty w obszarach obr\u00f3bki cieplnej, metalurgii oraz automatyzacji proces\u00f3w przemys\u0142owych.Dzi\u0119ki tym partnerstwom skutecznie przenosimy wiedz\u0119 do przemys\u0142u i tworzymy innowacyjne rozwi\u0105zania dla klient\u00f3w SECO\/WARWICK na ca\u0142ym \u015bwiecie.OD WIZJI DO REALNEJ ZMIANY:SI\u0141A PARTNERSTW W RAMACH STOWARZYSZE\u0143 SECO\/WARWICK aktywnie dzia\u0142a [&hellip;]<\/p>\n","protected":false},"author":2,"featured_media":0,"parent":155180,"menu_order":0,"comment_status":"closed","ping_status":"closed","template":"","meta":{"_acf_changed":false,"_et_pb_use_builder":"on","_et_pb_old_content":"","_et_gb_content_width":"","footnotes":""},"class_list":["post-192609","page","type-page","status-publish"],"acf":[],"_links":{"self":[{"href":"https:\/\/www.secowarwick.com\/pl\/wp-json\/wp\/v2\/pages\/192609","targetHints":{"allow":["GET"]}}],"collection":[{"href":"https:\/\/www.secowarwick.com\/pl\/wp-json\/wp\/v2\/pages"}],"about":[{"href":"https:\/\/www.secowarwick.com\/pl\/wp-json\/wp\/v2\/types\/page"}],"author":[{"embeddable":true,"href":"https:\/\/www.secowarwick.com\/pl\/wp-json\/wp\/v2\/users\/2"}],"replies":[{"embeddable":true,"href":"https:\/\/www.secowarwick.com\/pl\/wp-json\/wp\/v2\/comments?post=192609"}],"version-history":[{"count":3,"href":"https:\/\/www.secowarwick.com\/pl\/wp-json\/wp\/v2\/pages\/192609\/revisions"}],"predecessor-version":[{"id":192627,"href":"https:\/\/www.secowarwick.com\/pl\/wp-json\/wp\/v2\/pages\/192609\/revisions\/192627"}],"up":[{"embeddable":true,"href":"https:\/\/www.secowarwick.com\/pl\/wp-json\/wp\/v2\/pages\/155180"}],"wp:attachment":[{"href":"https:\/\/www.secowarwick.com\/pl\/wp-json\/wp\/v2\/media?parent=192609"}],"curies":[{"name":"wp","href":"https:\/\/api.w.org\/{rel}","templated":true}]}}