{"id":45454,"date":"2017-04-03T15:40:56","date_gmt":"2017-04-03T13:40:56","guid":{"rendered":"http:\/\/www.secowarwick.com\/informacje\/logo\/"},"modified":"2026-03-04T09:49:18","modified_gmt":"2026-03-04T08:49:18","slug":"media-kit","status":"publish","type":"page","link":"https:\/\/www.secowarwick.com\/pl\/informacje\/media-kit\/","title":{"rendered":"Media Kit"},"content":{"rendered":"<p>[et_pb_section fb_built=&#8221;1&#8243; admin_label=&#8221;section&#8221; _builder_version=&#8221;4.16&#8243; custom_padding=&#8221;0px|||&#8221; transparent_background=&#8221;off&#8221; make_fullwidth=&#8221;off&#8221; use_custom_width=&#8221;off&#8221; width_unit=&#8221;on&#8221; global_colors_info=&#8221;{}&#8221;][et_pb_row _builder_version=&#8221;4.16&#8243; background_size=&#8221;initial&#8221; background_position=&#8221;top_left&#8221; background_repeat=&#8221;repeat&#8221; global_colors_info=&#8221;{}&#8221;][et_pb_column type=&#8221;4_4&#8243; _builder_version=&#8221;4.16&#8243; custom_padding=&#8221;|||&#8221; global_colors_info=&#8221;{}&#8221; custom_padding__hover=&#8221;|||&#8221;][et_pb_text _builder_version=&#8221;4.23.1&#8243; background_size=&#8221;initial&#8221; background_position=&#8221;top_left&#8221; background_repeat=&#8221;repeat&#8221; hover_enabled=&#8221;0&#8243; use_border_color=&#8221;off&#8221; global_colors_info=&#8221;{}&#8221; sticky_enabled=&#8221;0&#8243;]<\/p>\n<p><strong>Informacje o\u00a0firmie<\/strong><\/p>\n<p>SECO\/WARWICK jest technologicznym liderem innowacyjnych rozwi\u0105za\u0144 do\u00a0obr\u00f3bki cieplnej metali. Specjalizacja firmy obejmuje rozwi\u0105zania typu end-to-end dla 5 kategorii: obr\u00f3bki cieplnej w\u00a0pr\u00f3\u017cni, aluminium i\u00a0w\u00a0atmosferach oraz\u00a0lutowanie wymiennik\u00f3w ciep\u0142a i\u00a0metalurgii pr\u00f3\u017cniowej.<\/p>\n<p>Grupa SECO\/WARWICK to\u00a07 sp\u00f3\u0142ek na\u00a03 kontynentach z\u00a0klientami w\u00a070 krajach. Grupa dostarcza standardowe lub dedykowane, supernowoczesne urz\u0105dzenia\u00a0 i\u00a0technologie do\u00a0obr\u00f3bki cieplnej do\u00a0czo\u0142owych firm z\u00a0bran\u017cy samochodowej, lotniczej elektronicznej, maszynowej, narz\u0119dziowej, medycznej, recyklingowej, energetycznej w\u0142\u0105cznie z\u00a0atomow\u0105, wiatrow\u0105, paliwow\u0105 i\u00a0s\u0142oneczn\u0105 oraz\u00a0produkcji: stali, tytanu i\u00a0aluminium.<\/p>\n<p>&nbsp;<\/p>\n<p><strong>Logo<\/strong><\/p>\n<p>[\/et_pb_text][\/et_pb_column][\/et_pb_row][et_pb_row column_structure=&#8221;1_3,1_3,1_3&#8243; admin_label=&#8221;row&#8221; _builder_version=&#8221;4.16&#8243; background_size=&#8221;initial&#8221; background_position=&#8221;top_left&#8221; background_repeat=&#8221;repeat&#8221; global_colors_info=&#8221;{}&#8221;][et_pb_column type=&#8221;1_3&#8243; _builder_version=&#8221;4.16&#8243; custom_padding=&#8221;|||&#8221; global_colors_info=&#8221;{}&#8221; custom_padding__hover=&#8221;|||&#8221;][et_pb_blurb title=&#8221;Logo PNG&#8221; url=&#8221;https:\/\/www.secowarwick.com\/wp-content\/uploads\/2017\/06\/Logo_SW.png.png&#8221; url_new_window=&#8221;on&#8221; image=&#8221;https:\/\/www.secowarwick.com\/wp-content\/uploads\/2017\/03\/Logo-SW3.png&#8221; alt=&#8221;SECO\/WARWICK &#8211; Invention Meets Reliability&#8221; _builder_version=&#8221;4.23.1&#8243; background_size=&#8221;initial&#8221; background_position=&#8221;top_left&#8221; background_repeat=&#8221;repeat&#8221; text_orientation=&#8221;center&#8221; max_width_tablet=&#8221;50px&#8221; use_border_color=&#8221;off&#8221; global_colors_info=&#8221;{}&#8221;][\/et_pb_blurb][\/et_pb_column][et_pb_column type=&#8221;1_3&#8243; _builder_version=&#8221;4.16&#8243; custom_padding=&#8221;|||&#8221; global_colors_info=&#8221;{}&#8221; custom_padding__hover=&#8221;|||&#8221;][et_pb_blurb title=&#8221;Logo JPG&#8221; url=&#8221;https:\/\/www.secowarwick.com\/wp-content\/uploads\/2017\/06\/Logo_SW.jpg.jpg&#8221; url_new_window=&#8221;on&#8221; image=&#8221;https:\/\/www.secowarwick.com\/wp-content\/uploads\/2017\/03\/Logo-SW3.png&#8221; alt=&#8221;SECO\/WARWICK &#8211; Invention Meets Reliability&#8221; image_icon_width=&#8221;none&#8221; _builder_version=&#8221;4.23.1&#8243; background_size=&#8221;initial&#8221; background_position=&#8221;top_left&#8221; background_repeat=&#8221;repeat&#8221; text_orientation=&#8221;center&#8221; use_border_color=&#8221;off&#8221; border_color=&#8221;#ffffff&#8221; border_style=&#8221;solid&#8221; image_max_width=&#8221;none&#8221; use_circle=&#8221;off&#8221; use_circle_border=&#8221;off&#8221; circle_border_color=&#8221;#e2001a&#8221; circle_color=&#8221;#e2001a&#8221; global_colors_info=&#8221;{}&#8221;][\/et_pb_blurb][\/et_pb_column][et_pb_column type=&#8221;1_3&#8243; _builder_version=&#8221;4.16&#8243; custom_padding=&#8221;|||&#8221; global_colors_info=&#8221;{}&#8221; custom_padding__hover=&#8221;|||&#8221;][et_pb_blurb title=&#8221;Logo PDF&#8221; url=&#8221;https:\/\/www.secowarwick.com\/wp-content\/uploads\/2017\/06\/Logo_SW.pdf.pdf&#8221; url_new_window=&#8221;on&#8221; image=&#8221;https:\/\/www.secowarwick.com\/wp-content\/uploads\/2017\/03\/Logo-SW3.png&#8221; alt=&#8221;SECO\/WARWICK &#8211; Invention Meets Reliability&#8221; image_icon_width=&#8221;none&#8221; _builder_version=&#8221;4.23.1&#8243; background_size=&#8221;initial&#8221; background_position=&#8221;top_left&#8221; background_repeat=&#8221;repeat&#8221; text_orientation=&#8221;center&#8221; use_border_color=&#8221;off&#8221; border_color=&#8221;#ffffff&#8221; border_style=&#8221;solid&#8221; image_max_width=&#8221;none&#8221; use_circle=&#8221;off&#8221; use_circle_border=&#8221;off&#8221; circle_border_color=&#8221;#e2001a&#8221; circle_color=&#8221;#e2001a&#8221; global_colors_info=&#8221;{}&#8221;][\/et_pb_blurb][\/et_pb_column][\/et_pb_row][et_pb_row column_structure=&#8221;1_3,1_3,1_3&#8243; admin_label=&#8221;row&#8221; _builder_version=&#8221;4.16&#8243; background_size=&#8221;initial&#8221; background_position=&#8221;top_left&#8221; background_repeat=&#8221;repeat&#8221; global_colors_info=&#8221;{}&#8221;][et_pb_column type=&#8221;1_3&#8243; _builder_version=&#8221;4.16&#8243; custom_padding=&#8221;|||&#8221; global_colors_info=&#8221;{}&#8221; custom_padding__hover=&#8221;|||&#8221;][et_pb_blurb title=&#8221;Logo EPS&#8221; url=&#8221;https:\/\/www.secowarwick.com\/wp-content\/uploads\/2017\/06\/Logo_SW.zip&#8221; url_new_window=&#8221;on&#8221; image=&#8221;https:\/\/www.secowarwick.com\/wp-content\/uploads\/2017\/03\/Logo-SW3.png&#8221; alt=&#8221;SECO\/WARWICK &#8211; Invention Meets Reliability&#8221; image_icon_width=&#8221;none&#8221; _builder_version=&#8221;4.23.1&#8243; background_size=&#8221;initial&#8221; background_position=&#8221;top_left&#8221; background_repeat=&#8221;repeat&#8221; text_orientation=&#8221;center&#8221; use_border_color=&#8221;off&#8221; border_color=&#8221;#ffffff&#8221; border_style=&#8221;solid&#8221; image_max_width=&#8221;none&#8221; use_circle=&#8221;off&#8221; use_circle_border=&#8221;off&#8221; circle_border_color=&#8221;#e2001a&#8221; circle_color=&#8221;#e2001a&#8221; global_colors_info=&#8221;{}&#8221;][\/et_pb_blurb][\/et_pb_column][et_pb_column type=&#8221;1_3&#8243; _builder_version=&#8221;4.16&#8243; custom_padding=&#8221;|||&#8221; global_colors_info=&#8221;{}&#8221; custom_padding__hover=&#8221;|||&#8221;][et_pb_blurb title=&#8221;Logo PNG&#8221; url=&#8221;https:\/\/www.secowarwick.com\/wp-content\/uploads\/2021\/05\/2017_SW_Logo_TWWW_v2.png&#8221; url_new_window=&#8221;on&#8221; image=&#8221;https:\/\/www.secowarwick.com\/wp-content\/uploads\/2021\/05\/2017_SW_Logo_TWWW_v2.png&#8221; alt=&#8221;SECO\/WARWICK &#8211; Invention Meets Reliability&#8221; _builder_version=&#8221;4.23.1&#8243; background_size=&#8221;initial&#8221; background_position=&#8221;top_left&#8221; background_repeat=&#8221;repeat&#8221; text_orientation=&#8221;center&#8221; max_width_tablet=&#8221;50px&#8221; use_border_color=&#8221;off&#8221; global_colors_info=&#8221;{}&#8221;][\/et_pb_blurb][\/et_pb_column][et_pb_column type=&#8221;1_3&#8243; _builder_version=&#8221;4.16&#8243; custom_padding=&#8221;|||&#8221; global_colors_info=&#8221;{}&#8221; custom_padding__hover=&#8221;|||&#8221;][\/et_pb_column][\/et_pb_row][\/et_pb_section]<\/p>\n","protected":false},"excerpt":{"rendered":"<p>Informacje o\u00a0firmie SECO\/WARWICK jest technologicznym liderem innowacyjnych rozwi\u0105za\u0144 do\u00a0obr\u00f3bki cieplnej metali. Specjalizacja firmy obejmuje rozwi\u0105zania typu end-to-end dla 5 kategorii: obr\u00f3bki cieplnej w\u00a0pr\u00f3\u017cni, aluminium i\u00a0w\u00a0atmosferach oraz\u00a0lutowanie wymiennik\u00f3w ciep\u0142a i\u00a0metalurgii pr\u00f3\u017cniowej. Grupa SECO\/WARWICK to\u00a07 sp\u00f3\u0142ek na\u00a03 kontynentach z\u00a0klientami w\u00a070 krajach. Grupa dostarcza standardowe lub dedykowane, supernowoczesne urz\u0105dzenia\u00a0 i\u00a0technologie do\u00a0obr\u00f3bki cieplnej do\u00a0czo\u0142owych firm z\u00a0bran\u017cy samochodowej, lotniczej elektronicznej, [&hellip;]<\/p>\n","protected":false},"author":2,"featured_media":0,"parent":7300,"menu_order":0,"comment_status":"closed","ping_status":"closed","template":"","meta":{"_acf_changed":false,"_et_pb_use_builder":"on","_et_pb_old_content":"","_et_gb_content_width":"","footnotes":""},"class_list":["post-45454","page","type-page","status-publish"],"acf":[],"_links":{"self":[{"href":"https:\/\/www.secowarwick.com\/pl\/wp-json\/wp\/v2\/pages\/45454","targetHints":{"allow":["GET"]}}],"collection":[{"href":"https:\/\/www.secowarwick.com\/pl\/wp-json\/wp\/v2\/pages"}],"about":[{"href":"https:\/\/www.secowarwick.com\/pl\/wp-json\/wp\/v2\/types\/page"}],"author":[{"embeddable":true,"href":"https:\/\/www.secowarwick.com\/pl\/wp-json\/wp\/v2\/users\/2"}],"replies":[{"embeddable":true,"href":"https:\/\/www.secowarwick.com\/pl\/wp-json\/wp\/v2\/comments?post=45454"}],"version-history":[{"count":5,"href":"https:\/\/www.secowarwick.com\/pl\/wp-json\/wp\/v2\/pages\/45454\/revisions"}],"predecessor-version":[{"id":190223,"href":"https:\/\/www.secowarwick.com\/pl\/wp-json\/wp\/v2\/pages\/45454\/revisions\/190223"}],"up":[{"embeddable":true,"href":"https:\/\/www.secowarwick.com\/pl\/wp-json\/wp\/v2\/pages\/7300"}],"wp:attachment":[{"href":"https:\/\/www.secowarwick.com\/pl\/wp-json\/wp\/v2\/media?parent=45454"}],"curies":[{"name":"wp","href":"https:\/\/api.w.org\/{rel}","templated":true}]}}