{"id":47086,"date":"2017-04-05T20:56:53","date_gmt":"2017-04-05T18:56:53","guid":{"rendered":"http:\/\/www.secowarwick.com\/promocja\/vacuum-furnace-systems-with-oil-and-gas-quench\/"},"modified":"2024-10-27T16:55:18","modified_gmt":"2024-10-27T15:55:18","slug":"casemaster-evolution","status":"publish","type":"page","link":"https:\/\/www.secowarwick.com\/pl\/promocja\/casemaster-evolution\/","title":{"rendered":"CASEMASTER EVOLUTION"},"content":{"rendered":"<p>[et_pb_section fb_built=&#8221;1&#8243; _builder_version=&#8221;4.16&#8243; global_colors_info=&#8221;{}&#8221;][et_pb_row _builder_version=&#8221;4.16&#8243; background_size=&#8221;initial&#8221; background_position=&#8221;top_left&#8221; background_repeat=&#8221;repeat&#8221; global_colors_info=&#8221;{}&#8221;][et_pb_column type=&#8221;4_4&#8243; _builder_version=&#8221;4.16&#8243; custom_padding=&#8221;|||&#8221; global_colors_info=&#8221;{}&#8221; custom_padding__hover=&#8221;|||&#8221;][et_pb_image src=&#8221;https:\/\/www.secowarwick.com\/wp-content\/uploads\/2019\/12\/ATMOSPHERE-HEAT-slider.jpg&#8221; align_tablet=&#8221;center&#8221; align_phone=&#8221;&#8221; align_last_edited=&#8221;on|desktop&#8221; _builder_version=&#8221;4.23.1&#8243; animation_style=&#8221;slide&#8221; animation_direction=&#8221;left&#8221; animation_duration=&#8221;500ms&#8221; animation_intensity_slide=&#8221;10%&#8221; hover_enabled=&#8221;0&#8243; use_border_color=&#8221;off&#8221; global_colors_info=&#8221;{}&#8221; alt=&#8221;Universalny piec do naw\u0119glania CaseMaster Evolution&#8221; sticky_enabled=&#8221;0&#8243;][\/et_pb_image][et_pb_breadcrumbs _builder_version=&#8221;3.6&#8243; global_colors_info=&#8221;{}&#8221;][\/et_pb_breadcrumbs][\/et_pb_column][\/et_pb_row][\/et_pb_section][et_pb_section fb_built=&#8221;1&#8243; admin_label=&#8221;section&#8221; _builder_version=&#8221;4.16&#8243; custom_padding=&#8221;25px|||&#8221; transparent_background=&#8221;off&#8221; make_fullwidth=&#8221;off&#8221; use_custom_width=&#8221;off&#8221; width_unit=&#8221;on&#8221; global_colors_info=&#8221;{}&#8221;][et_pb_row column_structure=&#8221;3_4,1_4&#8243; admin_label=&#8221;row&#8221; _builder_version=&#8221;4.16&#8243; background_size=&#8221;initial&#8221; background_position=&#8221;top_left&#8221; background_repeat=&#8221;repeat&#8221; custom_margin=&#8221;0px|||&#8221; custom_padding=&#8221;0px|||&#8221; make_fullwidth=&#8221;off&#8221; use_custom_width=&#8221;off&#8221; width_unit=&#8221;on&#8221; global_colors_info=&#8221;{}&#8221;][et_pb_column type=&#8221;3_4&#8243; _builder_version=&#8221;4.16&#8243; custom_padding=&#8221;|||&#8221; global_colors_info=&#8221;{}&#8221; custom_padding__hover=&#8221;|||&#8221;][et_pb_text _builder_version=&#8221;4.16&#8243; global_colors_info=&#8221;{}&#8221;]<\/p>\n<h1>CASEMASTER EVOLUTION<\/h1>\n<p>&nbsp;<\/p>\n<h2>Universalny piec do naw\u0119glania CaseMaster Evolution &#8211; wsp\u00f3\u0142czesna generacja piec\u00f3w z wbudowan\u0105 wann\u0105 hartownicz\u0105 (zintegrowanym systemem ch\u0142odzenia).<\/h2>\n<p>[\/et_pb_text][et_pb_text _builder_version=&#8221;4.16&#8243; background_size=&#8221;initial&#8221; background_position=&#8221;top_left&#8221; background_repeat=&#8221;repeat&#8221; use_border_color=&#8221;off&#8221; global_colors_info=&#8221;{}&#8221;]<\/p>\n<h2><\/h2>\n<p>Najbardziej nowoczesna konstrukcja z komor\u0105 obr\u00f3bki oraz przedsionkiem za\u0142adowczym z zabudowan\u0105 wann\u0105 hartownicz\u0105. Dost\u0119pne s\u0105 dwa rodzaje ch\u0142odzenia: w gazie oboj\u0119tnym oraz w oleju hartowniczym. Trwa\u0142a izolacja grafitowa oraz trwa\u0142e elementy grzejne zapewniaj\u0105 d\u0142ug\u0105 niezawodn\u0105 prac\u0119 tego wysokowydajnego pieca stworzonego do zastosowa\u0144 przemys\u0142owych. Konwekcyjny system grzewczy zapewnia szybkie i jednorodne grzanie wsadu tak\u017ce w ni\u017cszych temperaturach, co pozwala na skr\u00f3cenie czasu nagrzewu. Wysokowydajny uk\u0142ad mieszania oleju zapewnia doskona\u0142\u0105 jego penetracj\u0119 w obr\u0119bie wsadu, co w efekcie daje jednorodne i szybkie jego ch\u0142odzenie. Systemy gazowy, pompowy, zasilania oraz ch\u0142odzenia s\u0105 odpowiednio dobrane wielko\u015bciowo by umo\u017cliwi\u0107 prac\u0119 w szerokim zakresie przemys\u0142owych zastosowa\u0144 obr\u00f3bki cieplnej.<br \/>\n[\/et_pb_text][et_pb_tabs _builder_version=&#8221;4.16&#8243; custom_css_main_element=&#8221;margin-top: 2rem;||margin-bottom: 2rem;&#8221; global_colors_info=&#8221;{}&#8221;][et_pb_tab title=&#8221;Cechy&#8221; _builder_version=&#8221;4.16&#8243; global_colors_info=&#8221;{}&#8221;]Piece typu CaseMaster Evolution wyposa\u017cone w PreNitLPC\u00ae by FineCarb\u00ae w por\u00f3wnaniu do piec\u00f3w z atmosfer\u0105 kontrolowan\u0105 typu Sealed Quench pozwalaj\u0105 na udoskonalenie procesu w takich aspektach jak:<\/p>\n<p><span style=\"color: #dc291e;\">\/<\/span>\u00a0Kr\u00f3tki czas transportu wsadu w piecu (szybkie otwieranie i zamykanie drzwi wewn\u0119trznych)<br \/>\n<span style=\"color: #dc291e;\">\/<\/span>\u00a0Nowa konstrukcja uk\u0142adu obiegu oleju pozwalaj\u0105ca na maksymaln\u0105 jednorodno\u015b\u0107 i tempo ch\u0142odzenia<br \/>\n<span style=\"color: #dc291e;\">\/<\/span> Bardzo niskie zu\u017cycie medi\u00f3w technologicznych<br \/>\n<span style=\"color: #dc291e;\">\/<\/span> Symulatory procesu (naw\u0119glanie i hartowanie) oraz w pe\u0142ni automatyczna obr\u00f3bka<br \/>\n<span style=\"color: #dc291e;\">\/<\/span> Temperatura nominalna do 1320\u00b0C<br \/>\n<span style=\"color: #dc291e;\">\/<\/span> Grzanie konwekcyjne do 800\u00b0C<br \/>\n<span style=\"color: #dc291e;\">\/<\/span> Rozk\u0142ad temperatury \u00b15\u00b0C w komorze grzewczej pieca.<\/p>\n<p>&nbsp;<\/p>\n<p><a href=\"https:\/\/www.secowarwick.com\/wp-content\/uploads\/2017\/04\/piece2.jpg\"><img decoding=\"async\" class=\"alignnone wp-image-44834 size-full\" src=\"https:\/\/www.secowarwick.com\/wp-content\/uploads\/2017\/04\/piece2.jpg\" alt=\"piece2\" width=\"564\" height=\"256\" srcset=\"https:\/\/www.secowarwick.com\/wp-content\/uploads\/2017\/04\/piece2.jpg 564w, https:\/\/www.secowarwick.com\/wp-content\/uploads\/2017\/04\/piece2-150x68.jpg 150w, https:\/\/www.secowarwick.com\/wp-content\/uploads\/2017\/04\/piece2-300x136.jpg 300w\" sizes=\"(max-width: 564px) 100vw, 564px\" \/><\/a><\/p>\n<p>Typ <strong>D<\/strong> \u2013 <strong>dwukomorowy<\/strong> do obr\u00f3bki wsad\u00f3w typu (In &amp; Out) z ch\u0142odzeniem w oleju lub podch\u0142adzaniem gazowym w nadci\u015bnieniu 1.5 bar.<\/p>\n<p>Typ <strong>T<\/strong> \u2013 <strong>tr\u00f3jkomorowy<\/strong> do pracy ci\u0105g\u0142ej z odr\u0119bn\u0105 komor\u0105 przeznaczon\u0105 dla:<\/p>\n<p><span style=\"color: #dc291e;\">\/<\/span> Podgrzewania, utleniania wst\u0119pnego<br \/>\n<span style=\"color: #dc291e;\">\/<\/span> Podgrzewania z wst\u0119pnym azotowaniem wed\u0142ug technologii PreNitLPC\u00ae<br \/>\n<span style=\"color: #dc291e;\">\/<\/span> Wysokoci\u015bnieniowego Ch\u0142odzenia Gazowego N2\/Ar<br \/>\n[\/et_pb_tab][et_pb_tab title=&#8221;Zalety&#8221; _builder_version=&#8221;4.16&#8243; global_colors_info=&#8221;{}&#8221;]<\/p>\n<h3>Wydajno\u015b\u0107 i Jako\u015b\u0107<\/h3>\n<p><span style=\"color: #dc291e;\">\/<\/span>\u00a0Wi\u0119ksza sprawno\u015b\u0107 spowodowana kr\u00f3tszym cyklem naw\u0119glania w wyniku bardzo wysokiego stopnia nasycenia wsadu w\u0119glem wysokiego tempa dysocjacji w odpowiednim zakresie temperatur do 1050\u00b0C<br \/>\n<span style=\"color: #dc291e;\">\/<\/span>\u00a0Wi\u0119ksza powtarzalno\u015b\u0107 wynik\u00f3w w odniesieniu do wsadu<br \/>\n<span style=\"color: #dc291e;\">\/<\/span>\u00a0Brak utleniania mi\u0119dzykrystalicznego dzi\u0119ki zastosowaniu atmosfery beztlenowej<\/p>\n<h3>Wp\u0142yw na \u015brodowisko naturalne<\/h3>\n<p><span style=\"color: #dc291e;\">\/<\/span>\u00a0Brak emisji CO\/CO2<br \/>\n<span style=\"color: #dc291e;\">\/<\/span>\u00a0Brak atmosfery do utylizacji<br \/>\n<span style=\"color: #dc291e;\">\/<\/span>\u00a0Brak dodatkowych urz\u0105dze\u0144 energoch\u0142onnych np. generatora endotermicznego<br \/>\n<span style=\"color: #dc291e;\">\/<\/span>\u00a0Brak konieczno\u015bci wentylacji i klimatyzacji hali roboczej \u2013 mniejsze straty cieplne<\/p>\n<h3>Zdrowie i Bezpiecze\u0144stwo<\/h3>\n<p><span style=\"color: #dc291e;\">\/<\/span>\u00a0Brak otwartego ognia \u2013 brak wyci\u0105g\u00f3w spalin<br \/>\n<span style=\"color: #dc291e;\">\/<\/span>\u00a0Czyste, nietoksyczne \u015brodowisko pracy<br \/>\n<span style=\"color: #dc291e;\">\/<\/span>\u00a0Poprawa BHP miejsca pracy dzi\u0119ki brakowi palnych gaz\u00f3w technologicznych<br \/>\n<span style=\"color: #dc291e;\">\/<\/span>\u00a0\u0141atwe i intuicyjne sterowanie procesem<br \/>\n<span style=\"color: #dc291e;\">\/<\/span>\u00a0Wizualizacja parametr\u00f3w obr\u00f3bki<br \/>\n<span style=\"color: #dc291e;\">\/<\/span>\u00a0Brak przestoj\u00f3w pieca, szybkie uruchomienie i wy\u0142\u0105czanie pieca<br \/>\n<span style=\"color: #dc291e;\">\/<\/span>\u00a0Brak specjalnych procedur wy\u0142\u0105czania pieca \u2013 Wy\u0142\u0105cz i Gotowe<br \/>\n<span style=\"color: #dc291e;\">\/<\/span>\u00a0Elastyczno\u015b\u0107 procesu obr\u00f3bki<\/p>\n<p>&nbsp;<\/p>\n<table class=\"table table-striped table-hover\" border=\"0\" cellspacing=\"0\" cellpadding=\"0\">\n<tbody>\n<tr>\n<th colspan=\"2\">Material:16MnCr5; netto 400 kg charge; 30 days; 3 shifts; Total proces &#8211; carburizing &amp; Materia\u0142: 16MnCr5; wsad netto 400 kg ; 30 dni; 3 zmiany; Pe\u0142na obr\u00f3bka \u2013 naw\u0119glanie i hartowanie w oleju.<\/th>\n<th colspan=\"3\">\n<table border=\"0\" cellspacing=\"0\" cellpadding=\"0\" align=\"center\">\n<tbody>\n<tr>\n<td colspan=\"3\"><strong>Umowna grubo\u015b\u0107 warstwy utwardzonej [mm]\u00a0<\/strong><\/td>\n<\/tr>\n<tr>\n<td width=\"60\">0,6<\/td>\n<td width=\"60\">0,9<\/td>\n<td width=\"60\">1,2<\/td>\n<\/tr>\n<\/tbody>\n<\/table>\n<\/th>\n<\/tr>\n<tr>\n<td>Wsad: 600x600x900 [mm]<\/td>\n<td>Temperatura\u00a0[\u00b0C]<\/td>\n<td colspan=\"3\">Ca\u0142kowity czas obr\u00f3bki \u00a0[min]<\/td>\n<\/tr>\n<tr>\n<td>Naw\u0119glanie w atmosferze kontrolowanej w piecu z wann\u0105 olejow\u0105 (Sealed Quench)<\/td>\n<td>przy\u00a0935<\/td>\n<td>359<\/td>\n<td>455<\/td>\n<td>600<\/td>\n<\/tr>\n<tr>\n<td colspan=\"2\"><strong>Liczba proces\u00f3w \/ miesi\u0105c<\/strong><\/td>\n<td><strong>120<\/strong><\/td>\n<td><strong>95<\/strong><\/td>\n<td><strong>72<\/strong><\/td>\n<\/tr>\n<tr>\n<td>CaseMaster Evolution D9 PreNitLPC naw\u0119glanie<\/td>\n<td>przy\u00a01030<\/td>\n<td>260<\/td>\n<td>299<\/td>\n<td>353<\/td>\n<\/tr>\n<tr>\n<td colspan=\"2\"><strong>Liczba proces\u00f3w \/ miesi\u0105c<\/strong><\/td>\n<td><strong>166<\/strong><\/td>\n<td><strong>144<\/strong><\/td>\n<td><strong>122<\/strong><\/td>\n<\/tr>\n<tr>\n<td>CaseMaster Evolution T9 PreNitLPC naw\u0119glanie<\/td>\n<td>przy\u00a01030<\/td>\n<td>143<\/td>\n<td>179<\/td>\n<td>233<\/td>\n<\/tr>\n<tr>\n<td><strong>Liczba proces\u00f3w \/ miesi\u0105c<\/strong><\/td>\n<td><strong>\u00a0<\/strong><\/td>\n<td><strong>306<\/strong><\/td>\n<td><strong>240<\/strong><\/td>\n<td><strong>185<\/strong><\/td>\n<\/tr>\n<tr>\n<td colspan=\"2\">Wzrost skuteczno\u015bci w odniesieniu do CMe D9<\/td>\n<td>84%<\/td>\n<td>66%<\/td>\n<td>51%<\/td>\n<\/tr>\n<tr>\n<td colspan=\"2\"><strong>Wzrost skuteczno\u015bci w odniesieniu do Sealed Quench<\/strong><\/td>\n<td><strong>155%<\/strong><\/td>\n<td><strong>153%<\/strong><\/td>\n<td><strong>156%<\/strong><\/td>\n<\/tr>\n<\/tbody>\n<\/table>\n<p class=\"small-text\"><em>Tab. 1 Wzrost efektywno\u015bci zale\u017cnie od typu pieca (konwencjonalny z wbudowan\u0105 wann\u0105, CaseMaster Evolution D \u2013 dwukomorowy, oraz T \u2013 tr\u00f3jkomorowy z komor\u0105 podgrzewania) oraz zastosowanej technologii naw\u0119glania (w atmosferze kontrolowanej, PreNitLPC\u00ae) dla najbardziej typowych g\u0142\u0119boko\u015bci warstwy naw\u0119glanej.<\/em><\/p>\n<p>&nbsp;<\/p>\n<p class=\"small-text\"><a href=\"https:\/\/www.secowarwick.com\/wp-content\/uploads\/2017\/04\/wykr-2.jpg\"><img decoding=\"async\" class=\"alignnone size-full wp-image-44841\" src=\"https:\/\/www.secowarwick.com\/wp-content\/uploads\/2017\/04\/wykr-2.jpg\" alt=\"wykr-2\" width=\"500\" height=\"749\" srcset=\"https:\/\/www.secowarwick.com\/wp-content\/uploads\/2017\/04\/wykr-2.jpg 500w, https:\/\/www.secowarwick.com\/wp-content\/uploads\/2017\/04\/wykr-2-100x150.jpg 100w, https:\/\/www.secowarwick.com\/wp-content\/uploads\/2017\/04\/wykr-2-200x300.jpg 200w\" sizes=\"(max-width: 500px) 100vw, 500px\" \/><\/a><\/p>\n<p class=\"small-text\"><em>Rys. 1. Wzrost wydajno\u015bci w por\u00f3wnaniu typ\u00f3w pieca: (Sealed Quench &#8211; dwukomorowy piec z wann\u0105, dwukomorowy piec typu CMe D type oraz tr\u00f3jkomorowy piec typu CMe T; dla typowych proces\u00f3w obr\u00f3bki cipelnej stali 16MnCr5 przy naw\u0119glaniu do g\u0142\u0119boko\u015bci warstwy 0,6 mm) oraz zastosowanej technologii (Atmosfera Kontrolowana oraz PreNitLPC).<\/em><\/p>\n<p>[\/et_pb_tab][et_pb_tab title=&#8221;Zastosowania&#8221; _builder_version=&#8221;4.16&#8243; global_colors_info=&#8221;{}&#8221;]<span style=\"color: #e30f00;\"><strong>\/\u00a0<\/strong><\/span>Naw\u0119glanie wysokotemperaturowe (do 1050\u00b0C) (PreNitLPC\u00ae) dla zwyk\u0142ych stali hartowanych w oleju lub w gazie<br \/>\n<span style=\"color: #e30f00;\"><strong>\/\u00a0<\/strong><\/span>Naw\u0119glanie niskoci\u015bnieniowe (FineCarb\u00ae) z hartowaniem w oleju lub w gazie<br \/>\n<span style=\"color: #e30f00;\"><strong>\/ <\/strong><\/span>Hartowanie z ch\u0142odzeniem w oleju<br \/>\n<span style=\"color: #e30f00;\"><strong>\/ <\/strong><\/span>Azotonaw\u0119glanie z ch\u0142odzeniem w oleju<br \/>\n<span style=\"color: #e30f00;\"><strong>\/ <\/strong><\/span>Wy\u017carzanie z podch\u0142adzaniem gazowym<br \/>\n<span style=\"color: #e30f00;\"><strong>\/ <\/strong><\/span>Odpuszczanie<\/p>\n<h3>Stosowany dla obr\u00f3bki cieplnej wymagaj\u0105cej:<\/h3>\n<p><span style=\"color: #666666; font-size: 14px;\"><span style=\"color: #e30f00;\"><strong>\/ <\/strong><\/span>szybkiej i ekonomicznej realizacji procesu technologicznego<br \/>\n<\/span><span style=\"color: #e30f00;\"><strong>\/ <\/strong><\/span>wysokiej jako\u015bci cz\u0119\u015bci po obr\u00f3bce cieplnej<\/p>\n<p>&nbsp;<\/p>\n<h4>G\u0142\u00f3wne dane techniczne dla zastosowa\u0144 standardowych<\/h4>\n<table class=\"table table-striped table-hover\" border=\"0\" cellspacing=\"0\" cellpadding=\"0\">\n<tbody>\n<tr>\n<th><strong>Typ<\/strong><\/th>\n<th><strong>Wielko\u015b\u0107<\/strong><\/th>\n<th><strong>H [mm]<\/strong><\/th>\n<th><strong>W [mm]<\/strong><\/th>\n<th><strong>L [mm]<\/strong><\/th>\n<th><strong>Wsad\u00a0[kg]<\/strong><\/th>\n<th><strong>Moc\u00a0[kW]<\/strong><\/th>\n<\/tr>\n<tr>\n<td>D\/T<\/td>\n<td>6<\/td>\n<td>400<\/td>\n<td>400<\/td>\n<td>600<\/td>\n<td>200<\/td>\n<td>70<\/td>\n<\/tr>\n<tr>\n<td>D\/T<\/td>\n<td>9<\/td>\n<td>600<\/td>\n<td>600<\/td>\n<td>900<\/td>\n<td>600<\/td>\n<td>150<\/td>\n<\/tr>\n<tr>\n<td>D\/T<\/td>\n<td>12<\/td>\n<td>900<\/td>\n<td>800<\/td>\n<td>1200<\/td>\n<td>1200<\/td>\n<td>240<\/td>\n<\/tr>\n<tr>\n<td>D\/T<\/td>\n<td>15<\/td>\n<td>1000<\/td>\n<td>1000<\/td>\n<td>1500<\/td>\n<td>2000<\/td>\n<td>340<\/td>\n<\/tr>\n<\/tbody>\n<\/table>\n<p>[\/et_pb_tab][\/et_pb_tabs][et_pb_code _builder_version=&#8221;4.10.3&#8243; _module_preset=&#8221;default&#8221; global_module=&#8221;123769&#8243; saved_tabs=&#8221;all&#8221; global_colors_info=&#8221;{}&#8221;]<!-- [et_pb_line_break_holder] --><pee style=\"text-align: center;\"><a class=\"small-button smallred\" style=\"font-size: 20px; padding: 20px 60px;\" href=\"https:\/\/www.secowarwick.com\/pl\/zapytaj-o-oferte\/\"><span style=\"display: block; transform: skew(15deg,0deg); -webkit-transform: skew(15deg,0deg); font-size: 20px; !important\">ZAPYTAJ O OFERT\u0118<\/span><\/a><\/pee>[\/et_pb_code][\/et_pb_column][et_pb_column type=&#8221;1_4&#8243; _builder_version=&#8221;4.16&#8243; custom_padding=&#8221;|||&#8221; global_colors_info=&#8221;{}&#8221; custom_padding__hover=&#8221;|||&#8221;][et_pb_gallery gallery_ids=&#8221;87879,58952,54788,54769,85979,40420,74227&#8243; posts_number=&#8221;1&#8243; show_title_and_caption=&#8221;off&#8221; show_pagination=&#8221;off&#8221; zoom_icon_color=&#8221;#e2001a&#8221; module_class=&#8221;seco-products-gallery-new&#8221; _builder_version=&#8221;4.16&#8243; custom_css_overlay_icon=&#8221;content:&#8217;ZOBACZ GALERI\u0118&#8217; !important;&#8221; global_colors_info=&#8221;{}&#8221;][\/et_pb_gallery][et_pb_text _builder_version=&#8221;4.16&#8243; background_size=&#8221;initial&#8221; background_position=&#8221;top_left&#8221; background_repeat=&#8221;repeat&#8221; custom_margin=&#8221;57px|||&#8221; use_border_color=&#8221;off&#8221; global_colors_info=&#8221;{}&#8221;]<\/p>\n<h3><strong>DO POBRANIA<\/strong><\/h3>\n<p>[\/et_pb_text][et_pb_selected_documents _builder_version=&#8221;3.6&#8243; global_colors_info=&#8221;{}&#8221;][et_pb_document post_id=&#8221;16021&#8243; title=&#8221;CaseMaster Evolution&#8221; _builder_version=&#8221;3.0.47&#8243; global_colors_info=&#8221;{}&#8221;][\/et_pb_document][\/et_pb_selected_documents][et_pb_video_slider controls_color=&#8221;light&#8221; _builder_version=&#8221;4.16&#8243; global_colors_info=&#8221;{}&#8221;][et_pb_video_slider_item src=&#8221;https:\/\/www.youtube.com\/watch?v=8UHsh9wRy1Y&#8221; _builder_version=&#8221;3.6&#8243; global_colors_info=&#8221;{}&#8221; show_image_overlay=&#8221;off&#8221;][\/et_pb_video_slider_item][\/et_pb_video_slider][\/et_pb_column][\/et_pb_row][\/et_pb_section]<\/p>\n","protected":false},"excerpt":{"rendered":"<p>[et_pb_breadcrumbs _builder_version=&#8221;3.6&#8243; global_colors_info=&#8221;{}&#8221;][\/et_pb_breadcrumbs]CASEMASTER EVOLUTION &nbsp; Universalny piec do naw\u0119glania CaseMaster Evolution &#8211; wsp\u00f3\u0142czesna generacja piec\u00f3w z wbudowan\u0105 wann\u0105 hartownicz\u0105 (zintegrowanym systemem ch\u0142odzenia). Najbardziej nowoczesna konstrukcja z komor\u0105 obr\u00f3bki oraz przedsionkiem za\u0142adowczym z zabudowan\u0105 wann\u0105 hartownicz\u0105. Dost\u0119pne s\u0105 dwa rodzaje ch\u0142odzenia: w gazie oboj\u0119tnym oraz w oleju hartowniczym. Trwa\u0142a izolacja grafitowa oraz trwa\u0142e elementy grzejne zapewniaj\u0105 [&hellip;]<\/p>\n","protected":false},"author":2,"featured_media":0,"parent":7253,"menu_order":0,"comment_status":"closed","ping_status":"closed","template":"","meta":{"_acf_changed":false,"_et_pb_use_builder":"on","_et_pb_old_content":"","_et_gb_content_width":"","footnotes":""},"class_list":["post-47086","page","type-page","status-publish"],"acf":[],"_links":{"self":[{"href":"https:\/\/www.secowarwick.com\/pl\/wp-json\/wp\/v2\/pages\/47086","targetHints":{"allow":["GET"]}}],"collection":[{"href":"https:\/\/www.secowarwick.com\/pl\/wp-json\/wp\/v2\/pages"}],"about":[{"href":"https:\/\/www.secowarwick.com\/pl\/wp-json\/wp\/v2\/types\/page"}],"author":[{"embeddable":true,"href":"https:\/\/www.secowarwick.com\/pl\/wp-json\/wp\/v2\/users\/2"}],"replies":[{"embeddable":true,"href":"https:\/\/www.secowarwick.com\/pl\/wp-json\/wp\/v2\/comments?post=47086"}],"version-history":[{"count":3,"href":"https:\/\/www.secowarwick.com\/pl\/wp-json\/wp\/v2\/pages\/47086\/revisions"}],"predecessor-version":[{"id":165864,"href":"https:\/\/www.secowarwick.com\/pl\/wp-json\/wp\/v2\/pages\/47086\/revisions\/165864"}],"up":[{"embeddable":true,"href":"https:\/\/www.secowarwick.com\/pl\/wp-json\/wp\/v2\/pages\/7253"}],"wp:attachment":[{"href":"https:\/\/www.secowarwick.com\/pl\/wp-json\/wp\/v2\/media?parent=47086"}],"curies":[{"name":"wp","href":"https:\/\/api.w.org\/{rel}","templated":true}]}}