{"id":47927,"date":"2017-05-09T15:12:38","date_gmt":"2017-05-09T13:12:38","guid":{"rendered":"http:\/\/www.secowarwick.com\/?page_id=47927\/"},"modified":"2022-04-19T11:15:40","modified_gmt":"2022-04-19T09:15:40","slug":"najnowsze-technologie","status":"publish","type":"page","link":"https:\/\/www.secowarwick.com\/pl\/produkty\/najnowsze-technologie\/","title":{"rendered":"Najnowsze technologie"},"content":{"rendered":"<p>[et_pb_section fb_built=&#8221;1&#8243; admin_label=&#8221;section&#8221; _builder_version=&#8221;3.22&#8243; custom_padding=&#8221;||0px|&#8221; global_colors_info=&#8221;{}&#8221;][et_pb_row admin_label=&#8221;row&#8221; _builder_version=&#8221;3.25&#8243; background_size=&#8221;initial&#8221; background_position=&#8221;top_left&#8221; background_repeat=&#8221;repeat&#8221; custom_padding=&#8221;0px||0px|&#8221; global_colors_info=&#8221;{}&#8221;][et_pb_column type=&#8221;4_4&#8243; _builder_version=&#8221;3.25&#8243; custom_padding=&#8221;|||&#8221; global_colors_info=&#8221;{}&#8221; custom_padding__hover=&#8221;|||&#8221;][et_pb_text _builder_version=&#8221;3.27.4&#8243; background_size=&#8221;initial&#8221; background_position=&#8221;top_left&#8221; background_repeat=&#8221;repeat&#8221; use_border_color=&#8221;off&#8221; global_colors_info=&#8221;{}&#8221;]<\/p>\n<h2>SECO\/WARWICK to lider obr\u00f3bki cieplnej metali. By nim by\u0107, trzeba tworzy\u0107 i wdra\u017ca\u0107 technologie \u0142ami\u0105ce zasady.<\/h2>\n<p>&nbsp;<br \/>\n[\/et_pb_text][et_pb_text _builder_version=&#8221;3.27.4&#8243; background_size=&#8221;initial&#8221; background_position=&#8221;top_left&#8221; background_repeat=&#8221;repeat&#8221; use_border_color=&#8221;off&#8221; border_color=&#8221;#ffffff&#8221; border_style=&#8221;solid&#8221; global_colors_info=&#8221;{}&#8221;]<\/p>\n<h2>NAJNOWSZE<span style=\"color: #dc291e;\">\/<\/span>PRODUKTY<\/h2>\n<p>[\/et_pb_text][\/et_pb_column][\/et_pb_row][\/et_pb_section][et_pb_section fb_built=&#8221;1&#8243; _builder_version=&#8221;3.22&#8243; global_colors_info=&#8221;{}&#8221;][et_pb_row _builder_version=&#8221;3.25&#8243; background_size=&#8221;initial&#8221; background_position=&#8221;top_left&#8221; background_repeat=&#8221;repeat&#8221; global_colors_info=&#8221;{}&#8221; column_structure=&#8221;1_2,1_2&#8243;][et_pb_column type=&#8221;1_2&#8243; _builder_version=&#8221;3.25&#8243; custom_padding=&#8221;|||&#8221; global_colors_info=&#8221;{}&#8221; custom_padding__hover=&#8221;|||&#8221;][et_pb_blurb title=&#8221;Super IQ&#8221; url=&#8221;https:\/\/www.secowarwick.com\/pl\/produkty\/piece-do-obrobki-cieplnej-metali-w-atmosferach-atm\/super-iq-uniwersalny-piec-komorowy\/&#8221; image=&#8221;https:\/\/www.secowarwick.com\/wp-content\/uploads\/2019\/11\/2019_SuperIQ-e1576235058946.jpg&#8221; alt=&#8221;UnicaseMaster&#8221; admin_label=&#8221;Super IQ&#8221; _builder_version=&#8221;3.6&#8243; header_font_size=&#8221;22&#8243; background_size=&#8221;initial&#8221; background_position=&#8221;top_left&#8221; background_repeat=&#8221;repeat&#8221; max_width_tablet=&#8221;50px&#8221; use_border_color=&#8221;off&#8221; global_colors_info=&#8221;{}&#8221;]Uniwersalny piec komorowy ze zintegrowanym zbiornikiem hartowniczym, przeznaczony do naw\u0119glania i hartowania stali. Urz\u0105dzenie zaprojektowane zosta\u0142o w spos\u00f3b umo\u017cliwiaj\u0105cy dodanie go do istniej\u0105cych linii technologicznych piec\u00f3w komorowych do naw\u0119glania, bez potrzeby wykonania znacz\u0105cych modyfikacji istniej\u0105cej infrastruktury.<\/p>\n<p style=\"text-align: left;\"><a href='https:\/\/www.secowarwick.com\/pl\/produkty\/piece-do-obrobki-cieplnej-metali-w-atmosferach-atm\/super-iq-uniwersalny-piec-komorowy\/' class='small-button smallred'><span>wi\u0119cej<\/span><\/a>\n<\/p>\n<p>[\/et_pb_blurb][\/et_pb_column][et_pb_column type=&#8221;1_2&#8243; _builder_version=&#8221;3.25&#8243; custom_padding=&#8221;|||&#8221; global_colors_info=&#8221;{}&#8221; custom_padding__hover=&#8221;|||&#8221;][et_pb_blurb title=&#8221;4D Quench&#8221; url=&#8221;https:\/\/www.secowarwick.com\/pl\/produkty\/piece-prozniowe\/ucm-4d-quench-nowoczesna-alternatywa-dla-hartowania-w-prasach\/&#8221; image=&#8221;https:\/\/www.secowarwick.com\/wp-content\/uploads\/2020\/11\/the-latest-4d.jpg&#8221; alt=&#8221;ZeroFlow&#8221; admin_label=&#8221;4D Quench&#8221; _builder_version=&#8221;3.6&#8243; header_font_size=&#8221;22&#8243; background_size=&#8221;initial&#8221; background_position=&#8221;top_left&#8221; background_repeat=&#8221;repeat&#8221; max_width_tablet=&#8221;50px&#8221; use_border_color=&#8221;off&#8221; global_colors_info=&#8221;{}&#8221;]<\/p>\n<p style=\"text-align: left;\">UCM\u00ae 4D Quench\u00ae \u2013 to system do pr\u00f3\u017cniowej obr\u00f3bki cieplnej przeznaczony do indywidualnego hartowania w azocie pojedynczych element\u00f3w przek\u0142adni mechanicznych, takich jak ko\u0142a z\u0119bate, wa\u0142y, pier\u015bcienie, tuleje itp. wykonanych ze zwyk\u0142ych i specjalnych stali utwardzanych powierzchniowo i hartowanych.<\/p>\n<p style=\"text-align: left;\"><a href='https:\/\/www.secowarwick.com\/pl\/produkty\/piece-prozniowe\/ucm-4d-quench-nowoczesna-alternatywa-dla-hartowania-w-prasach\/' class='small-button smallred'><span>wi\u0119cej<\/span><\/a>\n<\/p>\n<p>[\/et_pb_blurb][\/et_pb_column][\/et_pb_row][et_pb_row _builder_version=&#8221;3.25&#8243; background_size=&#8221;initial&#8221; background_position=&#8221;top_left&#8221; background_repeat=&#8221;repeat&#8221; global_colors_info=&#8221;{}&#8221; column_structure=&#8221;1_2,1_2&#8243;][et_pb_column type=&#8221;1_2&#8243; _builder_version=&#8221;3.25&#8243; custom_padding=&#8221;|||&#8221; global_colors_info=&#8221;{}&#8221; custom_padding__hover=&#8221;|||&#8221;][et_pb_blurb title=&#8221;Pit-LPC&#8221; url=&#8221;https:\/\/www.secowarwick.com\/pl\/produkty\/piece-prozniowe\/pit-lpc-prozniowy-piec-wglebny-przeznaczony-do-naweglania-grubych-warstw-dla-duzych-detali\/&#8221; image=&#8221;https:\/\/www.secowarwick.com\/wp-content\/uploads\/2020\/11\/the-latest-pit.jpg&#8221; alt=&#8221;UnicaseMaster&#8221; admin_label=&#8221;Pit-LPC&#8221; _builder_version=&#8221;3.6&#8243; header_font_size=&#8221;22&#8243; background_size=&#8221;initial&#8221; background_position=&#8221;top_left&#8221; background_repeat=&#8221;repeat&#8221; max_width_tablet=&#8221;50px&#8221; use_border_color=&#8221;off&#8221; global_colors_info=&#8221;{}&#8221;]Pit-LPC \u2013 alternatywa dla naw\u0119glania gazowego, kt\u00f3re osi\u0105gn\u0119\u0142o ju\u017c swoje maksymalne mo\u017cliwo\u015bci. Pit-LPC=redukcja koszt\u00f3w, dbanie o ekologi\u0119, zwi\u0119kszenie produkcji, to wszystko jest mo\u017cliwe przez przeprowadzenie procesu w pr\u00f3\u017cni na wy\u017cszych temperaturach.<\/p>\n<p style=\"text-align: left;\"><a href='https:\/\/www.secowarwick.com\/pl\/produkty\/piece-prozniowe\/pit-lpc-prozniowy-piec-wglebny-przeznaczony-do-naweglania-grubych-warstw-dla-duzych-detali\/' class='small-button smallred'><span>wi\u0119cej<\/span><\/a>\n<\/p>\n<p>[\/et_pb_blurb][\/et_pb_column][et_pb_column type=&#8221;1_2&#8243; _builder_version=&#8221;3.25&#8243; custom_padding=&#8221;|||&#8221; global_colors_info=&#8221;{}&#8221; custom_padding__hover=&#8221;|||&#8221;][et_pb_blurb title=&#8221;Vector 3D&#8221; url=&#8221;https:\/\/www.secowarwick.com\/pl\/vector-3d-piece-prozniowe\/&#8221; image=&#8221;https:\/\/www.secowarwick.com\/wp-content\/uploads\/2020\/11\/the-latest-vector.jpg&#8221; alt=&#8221;ZeroFlow&#8221; admin_label=&#8221;Vector 3D&#8221; _builder_version=&#8221;3.6&#8243; header_font_size=&#8221;22&#8243; background_size=&#8221;initial&#8221; background_position=&#8221;top_left&#8221; background_repeat=&#8221;repeat&#8221; max_width_tablet=&#8221;50px&#8221; use_border_color=&#8221;off&#8221; global_colors_info=&#8221;{}&#8221;]<\/p>\n<p style=\"text-align: left;\">Vector 3D stanowi ewolucj\u0119 najpopularniejszego produktu SECO\/WARWICK \u2013 jednokomorowego pieca pr\u00f3\u017cniowego.Rozwi\u0105zanie to \u0142\u0105czy wszystkie zalety urz\u0105dze\u0144 z hartowaniem gazem, a tak\u017ce spe\u0142nia nowe wymagania stawiane przez rynek wytwarzania przyrostowego.<\/p>\n<p style=\"text-align: left;\"><a href='https:\/\/www.secowarwick.com\/pl\/vector-3d-piece-prozniowe\/' class='small-button smallred'><span>wi\u0119cej<\/span><\/a>\n<\/p>\n<p>[\/et_pb_blurb][\/et_pb_column][\/et_pb_row][et_pb_row _builder_version=&#8221;3.25&#8243; background_size=&#8221;initial&#8221; background_position=&#8221;top_left&#8221; background_repeat=&#8221;repeat&#8221; global_colors_info=&#8221;{}&#8221; column_structure=&#8221;1_2,1_2&#8243;][et_pb_column type=&#8221;1_2&#8243; _builder_version=&#8221;3.25&#8243; custom_padding=&#8221;|||&#8221; global_colors_info=&#8221;{}&#8221; custom_padding__hover=&#8221;|||&#8221;][et_pb_blurb title=&#8221;Vortex\u00ae Jet AirFlow&#8221; url=&#8221;https:\/\/www.secowarwick.com\/pl\/produkty\/obrobka-cieplna-aluminium\/vortex-wyzarzanie-zwojow-aluminiowych\/&#8221; image=&#8221;https:\/\/www.secowarwick.com\/wp-content\/uploads\/2018\/10\/2016_AP_Vector.png&#8221; alt=&#8221;UnicaseMaster&#8221; admin_label=&#8221;Vortex\u00ae Jet AirFlow&#8221; _builder_version=&#8221;3.6&#8243; header_font_size=&#8221;22&#8243; background_size=&#8221;initial&#8221; background_position=&#8221;top_left&#8221; background_repeat=&#8221;repeat&#8221; max_width_tablet=&#8221;50px&#8221; use_border_color=&#8221;off&#8221; global_colors_info=&#8221;{}&#8221;]SECO\/WARWICK dostarcza niestandardowe, zaprojektowane pod indywidualne zam\u00f3wienia piece do wy\u017carzania zwoj\u00f3w i folii aluminiowych o pojemno\u015bciach si\u0119gaj\u0105cych od jednozwojowych piec\u00f3w modu\u0142owych do piec\u00f3w wielostrefowych ze \u015bcis\u0142\u0105 kontrol\u0105 stref. Jednostki te s\u0105 wykorzystywane przez producent\u00f3w aluminium z ca\u0142ego \u015bwiata \u2013 z Ameryki P\u00f3\u0142nocnej i Po\u0142udniowej, Europy oraz Azji.<\/p>\n<p style=\"text-align: left;\"><a href='https:\/\/www.secowarwick.com\/pl\/produkty\/obrobka-cieplna-aluminium\/vortex-wyzarzanie-zwojow-aluminiowych\/' class='small-button smallred'><span>wi\u0119cej<\/span><\/a>\n<\/p>\n<p>[\/et_pb_blurb][\/et_pb_column][et_pb_column type=&#8221;1_2&#8243; _builder_version=&#8221;3.25&#8243; custom_padding=&#8221;|||&#8221; global_colors_info=&#8221;{}&#8221; custom_padding__hover=&#8221;|||&#8221;][et_pb_blurb title=&#8221;VIM&#8221; url=&#8221;https:\/\/www.secowarwick.com\/wp-content\/uploads\/2016\/03\/Vacuum-Induction-Melting-Furnaces-VIM.pdf&#8221; image=&#8221;https:\/\/www.secowarwick.com\/wp-content\/uploads\/2021\/01\/VIM.jpg&#8221; alt=&#8221;ZeroFlow&#8221; admin_label=&#8221;VIM&#8221; _builder_version=&#8221;3.6&#8243; header_font_size=&#8221;22&#8243; background_size=&#8221;initial&#8221; background_position=&#8221;top_left&#8221; background_repeat=&#8221;repeat&#8221; max_width_tablet=&#8221;50px&#8221; use_border_color=&#8221;off&#8221; global_colors_info=&#8221;{}&#8221;]<\/p>\n<p style=\"text-align: left;\">Piec pr\u00f3\u017cniowy topialny VIM s\u0142u\u017cy do produkcji wysokojako\u015bciowych odlew\u00f3w precyzyjnych, kt\u00f3rymi najcz\u0119\u015bciej s\u0105 wykonywane z nadstop\u00f3w \u0142opatki turbin energetycznych i lotniczych. Bardzo dok\u0142adne systemy pomiarowe oraz precyzyjne nap\u0119dy sprz\u0119\u017cone z nowoczesnym, intuicyjnym systemem sterowania zapewniaj\u0105 powtarzalno\u015b\u0107 proces\u00f3w oraz spe\u0142nienie restrykcyjnych wymaga\u0144 przemys\u0142u lotniczego.<\/p>\n<p style=\"text-align: left;\"><a href='https:\/\/www.secowarwick.com\/wp-content\/uploads\/2016\/03\/Vacuum-Induction-Melting-Furnaces-VIM.pdf' class='small-button smallred'><span>wi\u0119cej<\/span><\/a>\n<\/p>\n<p>[\/et_pb_blurb][\/et_pb_column][\/et_pb_row][et_pb_row _builder_version=&#8221;3.25&#8243; background_size=&#8221;initial&#8221; background_position=&#8221;top_left&#8221; background_repeat=&#8221;repeat&#8221; global_colors_info=&#8221;{}&#8221; column_structure=&#8221;1_2,1_2&#8243;][et_pb_column type=&#8221;1_2&#8243; _builder_version=&#8221;3.25&#8243; custom_padding=&#8221;|||&#8221; global_colors_info=&#8221;{}&#8221; custom_padding__hover=&#8221;|||&#8221;][et_pb_blurb title=&#8221;PAM&#8221; url=&#8221;https:\/\/www.secowarwick.com\/wp-content\/uploads\/2020\/09\/Plasma-ARC-Melting-PAM-Furnaces.pdf&#8221; image=&#8221;https:\/\/www.secowarwick.com\/wp-content\/uploads\/2021\/01\/PAM.jpg&#8221; alt=&#8221;UnicaseMaster&#8221; admin_label=&#8221;PAM&#8221; _builder_version=&#8221;3.6&#8243; header_font_size=&#8221;22&#8243; background_size=&#8221;initial&#8221; background_position=&#8221;top_left&#8221; background_repeat=&#8221;repeat&#8221; max_width_tablet=&#8221;50px&#8221; use_border_color=&#8221;off&#8221; global_colors_info=&#8221;{}&#8221;]Piec do topienia u\u017cywa \u0142uku plazmowego \u2013 zapewniaj\u0105c znaczn\u0105 popraw\u0119 w\u0142a\u015bciwo\u015bci stop\u00f3w, a tak\u017ce oferuj\u0105cy mo\u017cliwo\u015b\u0107 opracowywania i produkcji nowych z\u0142o\u017conych stop\u00f3w. Szeroka gama urz\u0105dze\u0144 od ma\u0142ych piec\u00f3w laboratoryjnych o pojemno\u015bci kilku kilogram\u00f3w, a\u017c po wielotonowe piece produkcyjne jest rozwi\u0105zaniem wychodz\u0105cym naprzeciw potrzebom naszych Klient\u00f3w.<\/p>\n<p style=\"text-align: left;\"><a href='https:\/\/www.secowarwick.com\/wp-content\/uploads\/2020\/09\/Plasma-ARC-Melting-PAM-Furnaces.pdf' class='small-button smallred'><span>wi\u0119cej<\/span><\/a>\n<\/p>\n<p>[\/et_pb_blurb][\/et_pb_column][et_pb_column type=&#8221;1_2&#8243; _builder_version=&#8221;3.25&#8243; custom_padding=&#8221;|||&#8221; global_colors_info=&#8221;{}&#8221; custom_padding__hover=&#8221;|||&#8221;][et_pb_blurb title=&#8221;JetCaster&#8221; url=&#8221;https:\/\/www.secowarwick.com\/pl\/produkty\/metalurgia-prozniowa\/&#8221; image=&#8221;https:\/\/www.secowarwick.com\/wp-content\/uploads\/2021\/05\/JetCaster.jpg&#8221; alt=&#8221;ZeroFlow&#8221; admin_label=&#8221;JetCaster&#8221; _builder_version=&#8221;4.10.3&#8243; header_font_size=&#8221;22&#8243; background_size=&#8221;initial&#8221; background_position=&#8221;top_left&#8221; background_repeat=&#8221;repeat&#8221; max_width_tablet=&#8221;50px&#8221; hover_enabled=&#8221;0&#8243; use_border_color=&#8221;off&#8221; global_colors_info=&#8221;{}&#8221; sticky_enabled=&#8221;0&#8243;]<\/p>\n<p style=\"text-align: left;\">Innowacyjny pr\u00f3\u017cniowy piec odlewniczy otwieraj\u0105cy szereg nowych mo\u017cliwo\u015bci w zakresie odlewnictwa monokrystalicznego nadstop\u00f3w niklu i kobaltu.<\/p>\n<p style=\"text-align: left;\"><a href='https:\/\/www.secowarwick.com\/pl\/vim-jet-caster\/' class='small-button smallred'><span>wi\u0119cej<\/span><\/a><\/p>\n<p>[\/et_pb_blurb][\/et_pb_column][\/et_pb_row][\/et_pb_section]<\/p>\n","protected":false},"excerpt":{"rendered":"<p>SECO\/WARWICK to lider obr\u00f3bki cieplnej metali. By nim by\u0107, trzeba tworzy\u0107 i wdra\u017ca\u0107 technologie \u0142ami\u0105ce zasady. &nbsp; NAJNOWSZE\/PRODUKTY Uniwersalny piec komorowy ze zintegrowanym zbiornikiem hartowniczym, przeznaczony do naw\u0119glania i hartowania stali. Urz\u0105dzenie zaprojektowane zosta\u0142o w spos\u00f3b umo\u017cliwiaj\u0105cy dodanie go do istniej\u0105cych linii technologicznych piec\u00f3w komorowych do naw\u0119glania, bez potrzeby wykonania znacz\u0105cych modyfikacji istniej\u0105cej infrastruktury. <a href='#' class='small-button smallblue'><\/a><\/p>\n","protected":false},"author":2,"featured_media":0,"parent":7110,"menu_order":0,"comment_status":"closed","ping_status":"closed","template":"","meta":{"_acf_changed":false,"_et_pb_use_builder":"on","_et_pb_old_content":"","_et_gb_content_width":"","footnotes":""},"class_list":["post-47927","page","type-page","status-publish"],"acf":[],"_links":{"self":[{"href":"https:\/\/www.secowarwick.com\/pl\/wp-json\/wp\/v2\/pages\/47927","targetHints":{"allow":["GET"]}}],"collection":[{"href":"https:\/\/www.secowarwick.com\/pl\/wp-json\/wp\/v2\/pages"}],"about":[{"href":"https:\/\/www.secowarwick.com\/pl\/wp-json\/wp\/v2\/types\/page"}],"author":[{"embeddable":true,"href":"https:\/\/www.secowarwick.com\/pl\/wp-json\/wp\/v2\/users\/2"}],"replies":[{"embeddable":true,"href":"https:\/\/www.secowarwick.com\/pl\/wp-json\/wp\/v2\/comments?post=47927"}],"version-history":[{"count":1,"href":"https:\/\/www.secowarwick.com\/pl\/wp-json\/wp\/v2\/pages\/47927\/revisions"}],"predecessor-version":[{"id":126101,"href":"https:\/\/www.secowarwick.com\/pl\/wp-json\/wp\/v2\/pages\/47927\/revisions\/126101"}],"up":[{"embeddable":true,"href":"https:\/\/www.secowarwick.com\/pl\/wp-json\/wp\/v2\/pages\/7110"}],"wp:attachment":[{"href":"https:\/\/www.secowarwick.com\/pl\/wp-json\/wp\/v2\/media?parent=47927"}],"curies":[{"name":"wp","href":"https:\/\/api.w.org\/{rel}","templated":true}]}}