{"id":48131,"date":"2017-04-04T12:52:55","date_gmt":"2017-04-04T10:52:55","guid":{"rendered":"http:\/\/www.secowarwick.com\/produkty\/obrobka-cieplna-aluminium\/aluminum-vortex-jet-heating\/"},"modified":"2020-12-13T18:11:48","modified_gmt":"2020-12-13T17:11:48","slug":"aluminum-vortex-jet-heating","status":"publish","type":"page","link":"https:\/\/www.secowarwick.com\/pl\/produkty\/obrobka-cieplna-aluminium\/aluminum-vortex-jet-heating\/","title":{"rendered":"Aluminum Vortex Jet Heating"},"content":{"rendered":"<p>[et_pb_section bb_built=&#8221;1&#8243; admin_label=&#8221;section&#8221;][et_pb_row admin_label=&#8221;row&#8221; background_position=&#8221;top_left&#8221; background_repeat=&#8221;repeat&#8221; background_size=&#8221;initial&#8221;][et_pb_column type=&#8221;2_3&#8243;][et_pb_breadcrumbs \/][et_pb_text background_layout=&#8221;light&#8221; text_orientation=&#8221;left&#8221; use_border_color=&#8221;off&#8221; border_color=&#8221;#ffffff&#8221; border_style=&#8221;solid&#8221; background_position=&#8221;top_left&#8221; background_repeat=&#8221;repeat&#8221; background_size=&#8221;initial&#8221;]<\/p>\n<h1>Aluminum Vortex Jet Heating<\/h1>\n<p>[\/et_pb_text][et_pb_text background_layout=&#8221;light&#8221; text_orientation=&#8221;left&#8221; use_border_color=&#8221;off&#8221; border_color=&#8221;#ffffff&#8221; border_style=&#8221;solid&#8221; background_position=&#8221;top_left&#8221; background_repeat=&#8221;repeat&#8221; background_size=&#8221;initial&#8221;]<\/p>\n<p><strong>Nasza opatentowana technologia Vortex Jet Heating<\/strong> zapewnia wytwarzanie najwy\u017cszej jako\u015bci zwoj\u00f3w blach aluminiowych, redukuj\u0105c jednocze\u015bnie czas cyklu o 20-30% w por\u00f3wnaniu do innych technologii dost\u0119pnych w tej chwili na rynku. Te energetycznie wydajne piece charakteryzuj\u0105 si\u0119 jednolito\u015bci\u0105 na poziomie \u00b13 stopni Celsjusza, ograniczaj\u0105c czas niezb\u0119dny na rozgrzanie bez przegrzewania kraw\u0119dzi zwoj\u00f3w.<\/p>\n<p><strong>Jak to dzia\u0142a<\/strong><br \/>\nSystem Vortex Jet Heating wykorzystuje szereg okr\u0105g\u0142ych pochy\u0142ych dysz, kt\u00f3re generuj\u0105 spiralny przep\u0142yw wirowy powietrza, co w efekcie zapewnia wysoki transfer ciep\u0142a bez wytwarzania gor\u0105cych punkt\u00f3w w zwoju. Du\u017ca obj\u0119to\u015b\u0107 przep\u0142ywu powietrza w systemie dysz w po\u0142\u0105czeniu z unikatow\u0105 p\u00f3\u0142osiow\u0105 konstrukcj\u0105 wentylatora umo\u017cliwia bardziej r\u00f3wnomierne podgrzewanie zwoju.<\/p>\n<p><strong>Wyniki procesu<\/strong><br \/>\nPraktyczne pr\u00f3by udowodni\u0142y, \u017ce proces ten pozwala na wytwarzanie zwoj\u00f3w aluminiowych o mniejszych r\u00f3\u017cnicach we w\u0142a\u015bciwo\u015bciach materia\u0142owych, mniejszej liczbie p\u0119kni\u0119\u0107 powierzchni resztkowej oraz bez punkt\u00f3w przypalonych na kraw\u0119dziach zwoju.<\/p>\n<p><strong>Efektywno\u015b\u0107 energetyczna<\/strong><br \/>\nKorzystaj\u0105c z najnowszej technologii w zakresie projektowania palnik\u00f3w oraz kompaktowych konstrukcji, technologia Vortex jest oszcz\u0119dniejsza, co przek\u0142ada si\u0119 na ni\u017csze koszty eksploatacyjne w por\u00f3wnaniu do innych typowych urz\u0105dze\u0144.<\/p>\n<p>[\/et_pb_text][et_pb_button button_text=&#8221;Wi\u0119cej informacji znajdziesz tutaj&#8221; button_alignment=&#8221;center&#8221; custom_button=&#8221;on&#8221; button_bg_color=&#8221;#e31e24&#8243; button_text_color=&#8221;#ffffff&#8221; custom_css_main_element=&#8221;width: 100%;||-webkit-box-shadow: 2px 2px 5px 0px rgba(171,171,171,0.45);||-moz-box-shadow: 2px 2px 5px 0px rgba(171,171,171,0.45);||box-shadow: 2px 2px 5px 0px rgba(171,171,171,0.45);||&#8221; button_border_width=&#8221;1&#8243; button_border_radius=&#8221;5&#8243; saved_tabs=&#8221;all&#8221; button_url=&#8221;https:\/\/www.secowarwick.com\/pl\/produkty\/obrobka-cieplna-aluminium\/vortex-wyzarzanie-zwojow-aluminiowych\/&#8221; _builder_version=&#8221;3.6&#8243; \/][\/et_pb_column][et_pb_column type=&#8221;1_3&#8243;][et_pb_image src=&#8221;https:\/\/www.secowarwick.com\/wp-content\/uploads\/2017\/04\/vortex.jpg&#8221; use_border_color=&#8221;off&#8221; animation_style=&#8221;slide&#8221; animation_duration=&#8221;500ms&#8221; animation_intensity_slide=&#8221;10%&#8221; animation_direction=&#8221;left&#8221; _builder_version=&#8221;3.6&#8243; alt=&#8221;Vortex Jet Heating&#8221; \/][et_pb_selected_documents module_title=&#8221;Product materials&#8221; module_class=&#8221;selected-document-box&#8221;][et_pb_document post_id=&#8221;15643&#8243; title=&#8221;High convection flow improved performance in coil annealing&#8221; \/][et_pb_document post_id=&#8221;15985&#8243; title=&#8221;Aluminum Annealing Furnaces&#8221; \/][\/et_pb_selected_documents][\/et_pb_column][\/et_pb_row][\/et_pb_section]<\/p>\n","protected":false},"excerpt":{"rendered":"<p>[et_pb_breadcrumbs \/] Aluminum Vortex Jet Heating Nasza opatentowana technologia Vortex Jet Heating zapewnia wytwarzanie najwy\u017cszej jako\u015bci zwoj\u00f3w blach aluminiowych, redukuj\u0105c jednocze\u015bnie czas cyklu o 20-30% w por\u00f3wnaniu do innych technologii dost\u0119pnych w tej chwili na rynku. Te energetycznie wydajne piece charakteryzuj\u0105 si\u0119 jednolito\u015bci\u0105 na poziomie \u00b13 stopni Celsjusza, ograniczaj\u0105c czas niezb\u0119dny na rozgrzanie bez przegrzewania [&hellip;]<\/p>\n","protected":false},"author":2,"featured_media":0,"parent":7102,"menu_order":0,"comment_status":"closed","ping_status":"closed","template":"","meta":{"_acf_changed":false,"_et_pb_use_builder":"on","_et_pb_old_content":"","_et_gb_content_width":"","footnotes":""},"class_list":["post-48131","page","type-page","status-publish"],"acf":[],"_links":{"self":[{"href":"https:\/\/www.secowarwick.com\/pl\/wp-json\/wp\/v2\/pages\/48131","targetHints":{"allow":["GET"]}}],"collection":[{"href":"https:\/\/www.secowarwick.com\/pl\/wp-json\/wp\/v2\/pages"}],"about":[{"href":"https:\/\/www.secowarwick.com\/pl\/wp-json\/wp\/v2\/types\/page"}],"author":[{"embeddable":true,"href":"https:\/\/www.secowarwick.com\/pl\/wp-json\/wp\/v2\/users\/2"}],"replies":[{"embeddable":true,"href":"https:\/\/www.secowarwick.com\/pl\/wp-json\/wp\/v2\/comments?post=48131"}],"version-history":[{"count":0,"href":"https:\/\/www.secowarwick.com\/pl\/wp-json\/wp\/v2\/pages\/48131\/revisions"}],"up":[{"embeddable":true,"href":"https:\/\/www.secowarwick.com\/pl\/wp-json\/wp\/v2\/pages\/7102"}],"wp:attachment":[{"href":"https:\/\/www.secowarwick.com\/pl\/wp-json\/wp\/v2\/media?parent=48131"}],"curies":[{"name":"wp","href":"https:\/\/api.w.org\/{rel}","templated":true}]}}