{"id":48893,"date":"2016-11-02T14:08:59","date_gmt":"2016-11-02T13:08:59","guid":{"rendered":"http:\/\/www.secowarwick.com\/promocja\/faq\/what-is-an-electron-beam\/"},"modified":"2025-02-23T11:19:38","modified_gmt":"2025-02-23T10:19:38","slug":"czym-jest-wiazka-elektronowa","status":"publish","type":"page","link":"https:\/\/www.secowarwick.com\/pl\/promocja\/faq\/czym-jest-wiazka-elektronowa\/","title":{"rendered":"Czym jest wi\u0105zka elektronowa?"},"content":{"rendered":"<p>[et_pb_section fb_built=&#8221;1&#8243; admin_label=&#8221;section&#8221; _builder_version=&#8221;4.16&#8243; global_colors_info=&#8221;{}&#8221;][et_pb_row admin_label=&#8221;row&#8221; _builder_version=&#8221;4.16&#8243; background_size=&#8221;initial&#8221; background_position=&#8221;top_left&#8221; background_repeat=&#8221;repeat&#8221; global_colors_info=&#8221;{}&#8221; column_structure=&#8221;2_3,1_3&#8243;][et_pb_column type=&#8221;2_3&#8243; _builder_version=&#8221;4.16&#8243; custom_padding=&#8221;|||&#8221; global_colors_info=&#8221;{}&#8221; custom_padding__hover=&#8221;|||&#8221;][et_pb_text _builder_version=&#8221;4.16&#8243; background_size=&#8221;initial&#8221; background_position=&#8221;top_left&#8221; background_repeat=&#8221;repeat&#8221; use_border_color=&#8221;off&#8221; global_colors_info=&#8221;{}&#8221;]<\/p>\n<h2>Definicja wi\u0105zki elektronowej<\/h2>\n<p>W pr\u00f3\u017cni wolne elektrony mo\u017cna przyspiesza\u0107, a ich orbity mo\u017cna kontrolowa\u0107 za pomoc\u0105 pola zar\u00f3wno elektrycznego jak i magnetycznego. W ten spos\u00f3b mo\u017cemy tworzy\u0107 w\u0105skie wi\u0105zki elektron\u00f3w o du\u017cej energii kinetycznej, kt\u00f3re podczas zderze\u0144 z atomami w cia\u0142ach sta\u0142ych przekszta\u0142caj\u0105 ich energi\u0119 kinetyczn\u0105 w ciep\u0142o. Dzi\u0119ki pewnym okre\u015blonym warunkom, ten spos\u00f3b ogrzewania stwarza nam wyj\u0105tkowe mo\u017cliwo\u015bci.<\/p>\n<p>Warunki te s\u0105 nast\u0119puj\u0105ce:<\/p>\n<ul>\n<li>Silne pole elektryczne mo\u017ce przyspiesza\u0107 elektrony do bardzo du\u017cej pr\u0119dko\u015bci,<\/li>\n<li>Stosuj\u0105c soczewki magnetyczne wi\u0105zk\u0119 mo\u017cna ukszta\u0142towa\u0107 w bardzo w\u0105ski sto\u017cek i skupia\u0107 do bardzo ma\u0142ej \u015brednicy z bardzo du\u017c\u0105 g\u0119sto\u015bci\u0105 mocy w p\u0142aszczy\u017anie uderzenia wi\u0105zki o powierzchni\u0119 danego cia\u0142a sta\u0142ego,<\/li>\n<li>G\u0142\u0119boko\u015b\u0107 przenikania elektron\u00f3w w cia\u0142a sta\u0142e jest rz\u0119du setnych cz\u0119\u015bci milimetra. G\u0119sto\u015b\u0107 mocy w ma\u0142ej obj\u0119to\u015bci, w kt\u00f3rej energia kinetyczna elektron\u00f3w jest przekszta\u0142cana w ciep\u0142o (w konsekwencji temperatura w tej obj\u0119to\u015bci wzrasta wyj\u0105tkowo szybko).<\/li>\n<\/ul>\n<h3>Jakie s\u0105 skutki oddzia\u0142ywania wi\u0105zki elektronowej?<\/h3>\n<p>W takich okoliczno\u015bciach skutki oddzia\u0142ywania wi\u0105zki elektronowej zale\u017c\u0105 od warunk\u00f3w &#8211; przede wszystkim od w\u0142a\u015bciwo\u015bci fizycznych materia\u0142u. Dowolny materia\u0142 mo\u017cna bardzo szybko stopi\u0107 (lub nawet odparowa\u0107).<br \/>\n[\/et_pb_text][\/et_pb_column][et_pb_column type=&#8221;1_3&#8243; _builder_version=&#8221;4.16&#8243; custom_padding=&#8221;|||&#8221; global_colors_info=&#8221;{}&#8221; custom_padding__hover=&#8221;|||&#8221;][et_pb_blurb title=&#8221;Looking for vacuum furnaces?&#8221; image=&#8221;https:\/\/www.secowarwick.com\/wp-content\/uploads\/2016\/10\/HIGH-PRODUCTION-ROTARY-VACUUM-FURNACE-SYSTEM.jpg&#8221; alt=&#8221;An electron beam and vacuum furnaces&#8221; admin_label=&#8221;faqVACsidebar&#8221; _builder_version=&#8221;4.23.1&#8243; background_size=&#8221;initial&#8221; background_position=&#8221;top_left&#8221; background_repeat=&#8221;repeat&#8221; max_width_tablet=&#8221;50px&#8221; hover_enabled=&#8221;0&#8243; use_border_color=&#8221;off&#8221; saved_tabs=&#8221;all&#8221; global_colors_info=&#8221;{}&#8221; sticky_enabled=&#8221;0&#8243;]<\/p>\n<p><a title=\"What is a vacuum furnance\" href=\"https:\/\/www.secowarwick.com\/pl\/produkty\/piece-prozniowe\/\">The most important facts about a vacuum furnace<\/a><\/p>\n<p>[\/et_pb_blurb][\/et_pb_column][\/et_pb_row][\/et_pb_section]<\/p>\n","protected":false},"excerpt":{"rendered":"<p>Definicja wi\u0105zki elektronowej W pr\u00f3\u017cni wolne elektrony mo\u017cna przyspiesza\u0107, a ich orbity mo\u017cna kontrolowa\u0107 za pomoc\u0105 pola zar\u00f3wno elektrycznego jak i magnetycznego. W ten spos\u00f3b mo\u017cemy tworzy\u0107 w\u0105skie wi\u0105zki elektron\u00f3w o du\u017cej energii kinetycznej, kt\u00f3re podczas zderze\u0144 z atomami w cia\u0142ach sta\u0142ych przekszta\u0142caj\u0105 ich energi\u0119 kinetyczn\u0105 w ciep\u0142o. Dzi\u0119ki pewnym okre\u015blonym warunkom, ten spos\u00f3b ogrzewania [&hellip;]<\/p>\n","protected":false},"author":2,"featured_media":0,"parent":5457,"menu_order":0,"comment_status":"closed","ping_status":"closed","template":"","meta":{"_acf_changed":false,"_et_pb_use_builder":"on","_et_pb_old_content":"","_et_gb_content_width":"","footnotes":""},"class_list":["post-48893","page","type-page","status-publish"],"acf":[],"_links":{"self":[{"href":"https:\/\/www.secowarwick.com\/pl\/wp-json\/wp\/v2\/pages\/48893","targetHints":{"allow":["GET"]}}],"collection":[{"href":"https:\/\/www.secowarwick.com\/pl\/wp-json\/wp\/v2\/pages"}],"about":[{"href":"https:\/\/www.secowarwick.com\/pl\/wp-json\/wp\/v2\/types\/page"}],"author":[{"embeddable":true,"href":"https:\/\/www.secowarwick.com\/pl\/wp-json\/wp\/v2\/users\/2"}],"replies":[{"embeddable":true,"href":"https:\/\/www.secowarwick.com\/pl\/wp-json\/wp\/v2\/comments?post=48893"}],"version-history":[{"count":1,"href":"https:\/\/www.secowarwick.com\/pl\/wp-json\/wp\/v2\/pages\/48893\/revisions"}],"predecessor-version":[{"id":172476,"href":"https:\/\/www.secowarwick.com\/pl\/wp-json\/wp\/v2\/pages\/48893\/revisions\/172476"}],"up":[{"embeddable":true,"href":"https:\/\/www.secowarwick.com\/pl\/wp-json\/wp\/v2\/pages\/5457"}],"wp:attachment":[{"href":"https:\/\/www.secowarwick.com\/pl\/wp-json\/wp\/v2\/media?parent=48893"}],"curies":[{"name":"wp","href":"https:\/\/api.w.org\/{rel}","templated":true}]}}