{"id":48895,"date":"2016-11-03T10:33:14","date_gmt":"2016-11-03T09:33:14","guid":{"rendered":"http:\/\/www.secowarwick.com\/promocja\/faq\/what-are-heat-treatment-problems\/"},"modified":"2018-12-17T16:13:25","modified_gmt":"2018-12-17T15:13:25","slug":"what-are-heat-treatment-problems","status":"publish","type":"page","link":"https:\/\/www.secowarwick.com\/pl\/promocja\/faq\/what-are-heat-treatment-problems\/","title":{"rendered":"Jakie s\u0105 problemy zwi\u0105zane z obr\u00f3bk\u0105 ciepln\u0105?"},"content":{"rendered":"<p>[et_pb_section bb_built=&#8221;1&#8243; admin_label=&#8221;section&#8221;][et_pb_row admin_label=&#8221;row&#8221; background_position=&#8221;top_left&#8221; background_repeat=&#8221;repeat&#8221; background_size=&#8221;initial&#8221;][et_pb_column type=&#8221;2_3&#8243;][et_pb_text use_border_color=&#8221;off&#8221; background_position=&#8221;top_left&#8221; background_repeat=&#8221;repeat&#8221; background_size=&#8221;initial&#8221; _builder_version=&#8221;3.6&#8243;]<\/p>\n<h2>Powszechnie wyst\u0119puj\u0105ce problemy zwi\u0105zane w procesem obr\u00f3bki cieplnej<\/h2>\n<p>Proces obr\u00f3bki cieplnej jest cz\u0119sto ostatnim lub jednym z ostatnich, lecz na pewno w wi\u0119kszo\u015bci przypadk\u00f3w jednym z najwa\u017cniejszych etap\u00f3w podczas wytwarzania i produkcji element\u00f3w metalowych, metalowych p\u00f3\u0142wyrob\u00f3w i metalowych prefabrykat\u00f3w do produkcji wy\u017cej wymienionych produkt\u00f3w.<\/p>\n<p>Badania i analizy wykazuj\u0105, \u017ce problemy, kt\u00f3re uznano za powi\u0105zane z obr\u00f3bk\u0105 ciepln\u0105 lub przetwarzaniem cieplnym tylko w nieca\u0142ych 10% faktycznie zwi\u0105zane s\u0105 z sam\u0105 obr\u00f3bk\u0105 ciepln\u0105, a jeszcze mniej z nich zwi\u0105zane jest wy\u0142\u0105cznie z powy\u017csz\u0105 obr\u00f3bk\u0105, gdy\u017c wp\u0142ywaj\u0105 na nie r\u00f3wnie\u017c inne wcze\u015bniejsze przyczyny. Jak to mo\u017cliwe?<\/p>\n<h3>Problemy zwi\u0105zane z obr\u00f3bk\u0105 ciepln\u0105 napotykane w metalurgii<\/h3>\n<p>Problemy zwi\u0105zane z obr\u00f3bk\u0105 ciepln\u0105 rozpoczynaj\u0105 si\u0119 w metalurgicznym procesie produkcji metalu. Podczas tworzenia stop\u00f3w metali dok\u0142adno\u015b\u0107, odtwarzalno\u015b\u0107 i homogeniczno\u015b\u0107 komponent\u00f3w tworz\u0105cych stop s\u0105 kluczowe dla procesu obr\u00f3bki cieplnej. Proces ch\u0142odzenia odlewni metalu w po\u0142\u0105czeniu z pocz\u0105tkowymi etapami obr\u00f3bki mechanicznej mo\u017ce stanowi\u0107 o g\u0142\u00f3wnych problemach zwi\u0105zanych z produktami wykonanymi z tych surowych pr\u0119t\u00f3w, k\u0119sisk czy wlewk\u00f3w w procesie obr\u00f3bki cieplnej, po kilku innych mechanicznych lub polegaj\u0105cych na obr\u00f3bce skrawaniem etapach produkcyjnych.<\/p>\n<h3>Problemy zwi\u0105zane z obr\u00f3bk\u0105 ciepln\u0105 podczas konstrukcji<\/h3>\n<p>Konstrukcja element\u00f3w b\u0119dzie wp\u0142ywa\u0107 na ich zachowanie podczas przetwarzania lub obr\u00f3bki cieplnej o oczekiwanych rezultatach i bez skutk\u00f3w ubocznych zwi\u0105zanych z kszta\u0142tem lub detalami element\u00f3w. Kszta\u0142towanie element\u00f3w jest uzale\u017cnione od ich funkcji technologicznej, lecz wyst\u0119puj\u0105 zalecenia konstrukcyjne, kt\u00f3rych nale\u017cy przestrzega\u0107 podczas obr\u00f3bki cieplnej. Cz\u0119sto p\u0119kni\u0119\u0107 i problem\u00f3w zwi\u0105zanych z hartowaniem mo\u017cna unikn\u0105\u0107, gdy konstrukcja post\u0119puje zgodnie z prostymi i og\u00f3lnymi zasadami kszta\u0142towania element\u00f3w zar\u00f3wno zwi\u0105zanymi z ich funkcj\u0105 technologiczn\u0105 jak i obr\u00f3bk\u0105 ciepln\u0105, kt\u00f3rej musz\u0105 podlega\u0107.<\/p>\n<p>Kolejnym powa\u017cnym problemem jest wyb\u00f3r kombinacji konstrukcji, rodzaju materia\u0142u i obr\u00f3bki cieplnej dla komponentu funkcyjnego, kt\u00f3ry b\u0119dzie si\u0119 charakteryzowa\u0142 odpowiednimi parametrami bezpiecze\u0144stwa, trwa\u0142o\u015bci i odporno\u015bci na zu\u017cycie. Cz\u0119sto obr\u00f3bk\u0119 ciepln\u0105 uznaje si\u0119 za jedyny czynnik odpowiedzialny za b\u0142\u0119dy pope\u0142niane przy wyborze tej kombinacji.<\/p>\n<h3>Problemy zwi\u0105zane z obr\u00f3bk\u0105 ciepln\u0105 napotykane podczas obr\u00f3bki skrawaniem<\/h3>\n<p>Nie nale\u017cy oczekiwa\u0107 problem\u00f3w zwi\u0105zanych z obr\u00f3bk\u0105 skrawaniem; jednak\u017ce matrycowanie, toczenie, frezowanie, wiercenie, szlifowanie, polerowanie oraz uzyskane warunki powierzchniowe, zanieczyszczenia powierzchni i wprowadzone napr\u0119\u017cenia b\u0119d\u0105 wp\u0142ywa\u0107 na skuteczno\u015b\u0107 i r\u00f3wnomierno\u015b\u0107 obr\u00f3bki cieplnej, jako\u015b\u0107 powierzchni oraz wyniki zwi\u0105zane z odkszta\u0142ceniami obrabianych skrawaniem element\u00f3w po obr\u00f3bce cieplnej. Na przyk\u0142ad obr\u00f3bka cieplna nie mo\u017ce niwelowa\u0107 odkszta\u0142ce\u0144, je\u017celi ogrzewany jest element podlegaj\u0105cy znacznym napr\u0119\u017ceniom odkszta\u0142caj\u0105cym. Element odkszta\u0142ci si\u0119 pod wp\u0142ywem napr\u0119\u017ce\u0144 wywo\u0142anych wcze\u015bniejszymi dzia\u0142aniami.<\/p>\n<p>Eksperci SECO\/WARWICK maj\u0105 \u015bwiadomo\u015b\u0107 tych problem\u00f3w i przedstawi\u0105 Pa\u0144stwu spos\u00f3b ich rozwi\u0105zania. Zapewniamy \u015bwiatowej klasy sprz\u0119t do obr\u00f3bki cieplnej i dysponuj\u0105c rozleg\u0142ym do\u015bwiadczeniem w zakresie doradztwa wspomagamy optymalizacj\u0119 Pa\u0144stwa proces\u00f3w produkcyjnych. Zapraszamy do konsultacji!<\/p>\n<p>[\/et_pb_text][\/et_pb_column][et_pb_column type=&#8221;1_3&#8243;][\/et_pb_column][\/et_pb_row][\/et_pb_section]<\/p>\n","protected":false},"excerpt":{"rendered":"<p>Powszechnie wyst\u0119puj\u0105ce problemy zwi\u0105zane w procesem obr\u00f3bki cieplnej Proces obr\u00f3bki cieplnej jest cz\u0119sto ostatnim lub jednym z ostatnich, lecz na pewno w wi\u0119kszo\u015bci przypadk\u00f3w jednym z najwa\u017cniejszych etap\u00f3w podczas wytwarzania i produkcji element\u00f3w metalowych, metalowych p\u00f3\u0142wyrob\u00f3w i metalowych prefabrykat\u00f3w do produkcji wy\u017cej wymienionych produkt\u00f3w. Badania i analizy wykazuj\u0105, \u017ce problemy, kt\u00f3re uznano za powi\u0105zane z [&hellip;]<\/p>\n","protected":false},"author":2,"featured_media":0,"parent":5457,"menu_order":0,"comment_status":"closed","ping_status":"closed","template":"","meta":{"_acf_changed":false,"_et_pb_use_builder":"on","_et_pb_old_content":"","_et_gb_content_width":"","footnotes":""},"class_list":["post-48895","page","type-page","status-publish"],"acf":[],"_links":{"self":[{"href":"https:\/\/www.secowarwick.com\/pl\/wp-json\/wp\/v2\/pages\/48895","targetHints":{"allow":["GET"]}}],"collection":[{"href":"https:\/\/www.secowarwick.com\/pl\/wp-json\/wp\/v2\/pages"}],"about":[{"href":"https:\/\/www.secowarwick.com\/pl\/wp-json\/wp\/v2\/types\/page"}],"author":[{"embeddable":true,"href":"https:\/\/www.secowarwick.com\/pl\/wp-json\/wp\/v2\/users\/2"}],"replies":[{"embeddable":true,"href":"https:\/\/www.secowarwick.com\/pl\/wp-json\/wp\/v2\/comments?post=48895"}],"version-history":[{"count":0,"href":"https:\/\/www.secowarwick.com\/pl\/wp-json\/wp\/v2\/pages\/48895\/revisions"}],"up":[{"embeddable":true,"href":"https:\/\/www.secowarwick.com\/pl\/wp-json\/wp\/v2\/pages\/5457"}],"wp:attachment":[{"href":"https:\/\/www.secowarwick.com\/pl\/wp-json\/wp\/v2\/media?parent=48895"}],"curies":[{"name":"wp","href":"https:\/\/api.w.org\/{rel}","templated":true}]}}