{"id":48897,"date":"2016-11-03T10:31:37","date_gmt":"2016-11-03T09:31:37","guid":{"rendered":"http:\/\/www.secowarwick.com\/promocja\/faq\/what-is-a-furnace-chain-and-a-pair-of-furnace-chains\/"},"modified":"2018-12-17T15:23:31","modified_gmt":"2018-12-17T14:23:31","slug":"what-is-a-furnace-chain-and-a-pair-of-furnace-chains","status":"publish","type":"page","link":"https:\/\/www.secowarwick.com\/pl\/promocja\/faq\/what-is-a-furnace-chain-and-a-pair-of-furnace-chains\/","title":{"rendered":"Czym jest \u0142a\u0144cuch piecowy i para \u0142a\u0144cuch\u00f3w piecowych?"},"content":{"rendered":"<p>[et_pb_section bb_built=&#8221;1&#8243; admin_label=&#8221;section&#8221;][et_pb_row admin_label=&#8221;row&#8221; background_position=&#8221;top_left&#8221; background_repeat=&#8221;repeat&#8221; background_size=&#8221;initial&#8221;][et_pb_column type=&#8221;2_3&#8243;][et_pb_text use_border_color=&#8221;off&#8221; background_position=&#8221;top_left&#8221; background_repeat=&#8221;repeat&#8221; background_size=&#8221;initial&#8221; _builder_version=&#8221;3.6&#8243;]<\/p>\n<p>\u0141a\u0144cuchy piecowe s\u0105 \u0142a\u0144cuchami odpornymi na wysokie temperatury s\u0142u\u017c\u0105cymi do transportowania \u0142adunku, sprz\u0119tu, kosza lub elementu wewn\u0105trz pieca. Cz\u0119sto te \u0142a\u0144cuchy piecowe s\u0105 wykorzystywane w piecach do pracy okresowej (BT), piecach przelotowych (IO), zintegrowanych piecach hartowniczych do pracy okresowej (BIQ), przelotowych piecach hartowniczych (TQ), zwrotnych przelotowych piecach hartowniczych (RTQ), piecach typu casemaster (CM), uszczelnionych piecach hartowniczych do pracy okresowej (SQ B i SQ), gdzie para okr\u0119\u017cnych \u0142a\u0144cuch\u00f3w piecowych (prawy i lewy) wraz z zaczepami pobiera \u0142adunek z punktu A do punktu B w piecu. Cz\u0119sto istotna jest mieszanka materia\u0142owa \u0142a\u0144cucha, poniewa\u017c cz\u0119\u015b\u0107 \u0142a\u0144cucha pozostaje w gor\u0105cym obszarze pieca, podczas gdy pozosta\u0142a cz\u0119\u015b\u0107 pozostaje w cz\u0119\u015bci ch\u0142odnej. Naturalnie ch\u0142odna cz\u0119\u015b\u0107 powinna podo\u0142a\u0107 zadaniu i przeci\u0105gn\u0105\u0107 \u0142adunek z jednego miejsca w drugie.<\/p>\n<p>SECO\/WARWICK dostarczaj\u0105 \u0142a\u0144cuchy piecowe i us\u0142ug\u0119 serwisow\u0105 dla piec\u00f3w CaseMaster od S\/W oraz wielu innych piec\u00f3w tego producenta. Nasze do\u015bwiadczenie s\u0142u\u017cy Pa\u0144stwu pomoc\u0105 w wyborze \u0142a\u0144cucha piecowego odpowiedniego dla posiadanego przez Pa\u0144stwa rodzaju pieca.<\/p>\n<p>[\/et_pb_text][\/et_pb_column][et_pb_column type=&#8221;1_3&#8243;][\/et_pb_column][\/et_pb_row][\/et_pb_section]<\/p>\n","protected":false},"excerpt":{"rendered":"<p>\u0141a\u0144cuchy piecowe s\u0105 \u0142a\u0144cuchami odpornymi na wysokie temperatury s\u0142u\u017c\u0105cymi do transportowania \u0142adunku, sprz\u0119tu, kosza lub elementu wewn\u0105trz pieca. Cz\u0119sto te \u0142a\u0144cuchy piecowe s\u0105 wykorzystywane w piecach do pracy okresowej (BT), piecach przelotowych (IO), zintegrowanych piecach hartowniczych do pracy okresowej (BIQ), przelotowych piecach hartowniczych (TQ), zwrotnych przelotowych piecach hartowniczych (RTQ), piecach typu casemaster (CM), uszczelnionych piecach [&hellip;]<\/p>\n","protected":false},"author":2,"featured_media":0,"parent":5457,"menu_order":0,"comment_status":"closed","ping_status":"closed","template":"","meta":{"_acf_changed":false,"_et_pb_use_builder":"on","_et_pb_old_content":"","_et_gb_content_width":"","footnotes":""},"class_list":["post-48897","page","type-page","status-publish"],"acf":[],"_links":{"self":[{"href":"https:\/\/www.secowarwick.com\/pl\/wp-json\/wp\/v2\/pages\/48897","targetHints":{"allow":["GET"]}}],"collection":[{"href":"https:\/\/www.secowarwick.com\/pl\/wp-json\/wp\/v2\/pages"}],"about":[{"href":"https:\/\/www.secowarwick.com\/pl\/wp-json\/wp\/v2\/types\/page"}],"author":[{"embeddable":true,"href":"https:\/\/www.secowarwick.com\/pl\/wp-json\/wp\/v2\/users\/2"}],"replies":[{"embeddable":true,"href":"https:\/\/www.secowarwick.com\/pl\/wp-json\/wp\/v2\/comments?post=48897"}],"version-history":[{"count":0,"href":"https:\/\/www.secowarwick.com\/pl\/wp-json\/wp\/v2\/pages\/48897\/revisions"}],"up":[{"embeddable":true,"href":"https:\/\/www.secowarwick.com\/pl\/wp-json\/wp\/v2\/pages\/5457"}],"wp:attachment":[{"href":"https:\/\/www.secowarwick.com\/pl\/wp-json\/wp\/v2\/media?parent=48897"}],"curies":[{"name":"wp","href":"https:\/\/api.w.org\/{rel}","templated":true}]}}