{"id":48899,"date":"2016-11-02T14:16:20","date_gmt":"2016-11-02T13:16:20","guid":{"rendered":"http:\/\/www.secowarwick.com\/what-is-a-vacuum-furnace\/"},"modified":"2020-07-01T11:49:40","modified_gmt":"2020-07-01T09:49:40","slug":"czym-jest-piec-prozniowy","status":"publish","type":"page","link":"https:\/\/www.secowarwick.com\/pl\/czym-jest-piec-prozniowy\/","title":{"rendered":"Czym jest piec pr\u00f3\u017cniowy?"},"content":{"rendered":"<p>[et_pb_section bb_built=&#8221;1&#8243; admin_label=&#8221;section&#8221;][et_pb_row admin_label=&#8221;row&#8221; background_position=&#8221;top_left&#8221; background_repeat=&#8221;repeat&#8221; background_size=&#8221;initial&#8221;][et_pb_column type=&#8221;2_3&#8243;][et_pb_text use_border_color=&#8221;off&#8221; background_position=&#8221;top_left&#8221; background_repeat=&#8221;repeat&#8221; background_size=&#8221;initial&#8221; _builder_version=&#8221;3.6&#8243;]<\/p>\n<h2>Najwa\u017cniejsze fakty zwi\u0105zane z piecem pr\u00f3\u017cniowym<\/h2>\n<p><a href=\"https:\/\/www.secowarwick.com\/pl\/produkty\/piece-prozniowe\/\"><strong>Piece pr\u00f3\u017cniowe<\/strong><\/a> s\u0105 wykorzystywane do wielu zastosowa\u0144 we wszystkich ga\u0142\u0119ziach przemys\u0142u.\u00a0 Zastosowanie pr\u00f3\u017cni jest jedn\u0105 z metod ochrony ogrzewanych stalowych i metalowych element\u00f3w przed negatywnym wp\u0142ywem powietrza. Piec pr\u00f3\u017cniowy jest zazwyczaj piecem ogrzewanym elektrycznie, w kt\u00f3rym podczas ca\u0142ego procesu utrzymywana jest pr\u00f3\u017cnia. Wi\u0119kszo\u015b\u0107 piec\u00f3w pr\u00f3\u017cniowych ogrzewana jest elektrycznymi elementami oporowymi wykonanymi z grafitu, tworzyw ceramicznych lub metali.<\/p>\n<h3>Piece pr\u00f3\u017cniowe ogrzewane gazem od SECO\/WARWICK<\/h3>\n<p>SECO\/WARWICK dostarczaj\u0105 piece pr\u00f3\u017cniowe ogrzewane gazem. Piec pr\u00f3\u017cniowy ogrzewany gazem nie jest bezpo\u015brednio ogrzewany palnikami na wolnym powietrzu, lecz jest ogrzewany w spos\u00f3b po\u015bredni, tak jak retortowy piec pr\u00f3\u017cniowy lub piec pr\u00f3\u017cniowy z pr\u00f3\u017cnioszczelnymi rurami dla palnika radiacyjnego.<\/p>\n<p>Pr\u00f3\u017cnia w piecu jest utrzymywana za pomoc\u0105 pomp pr\u00f3\u017cniowych. W zale\u017cno\u015bci od zastosowania wykorzystuje si\u0119 pomp\u0119 pojedyncz\u0105 lub kombinacj\u0119 pomp mechanicznych i wspomagaj\u0105cych, dyfuzyjnych i turbomolekularnych.<\/p>\n<p>[\/et_pb_text][\/et_pb_column][et_pb_column type=&#8221;1_3&#8243;][et_pb_blurb admin_label=&#8221;faqVACsidebar&#8221; title=&#8221;Szukasz pieca pr\u00f3\u017cniowego?&#8221; image=&#8221;https:\/\/www.secowarwick.com\/wp-content\/uploads\/2016\/10\/HIGH-PRODUCTION-ROTARY-VACUUM-FURNACE-SYSTEM.jpg&#8221; use_border_color=&#8221;off&#8221; saved_tabs=&#8221;all&#8221; background_position=&#8221;top_left&#8221; background_repeat=&#8221;repeat&#8221; background_size=&#8221;initial&#8221; _builder_version=&#8221;3.6&#8243; max_width_tablet=&#8221;50px&#8221; alt=&#8221;vacuum furnace&#8221;]<\/p>\n<p><a title=\"piece pr\u00f3\u017cniowe\" href=\"https:\/\/www.secowarwick.com\/pl\/produkty\/piece-prozniowe\/\">Poznaj technologie i urz\u0105dzenia do pr\u00f3\u017cniowej obr\u00f3bki cieplnej<\/a><\/p>\n<p>[\/et_pb_blurb][\/et_pb_column][\/et_pb_row][\/et_pb_section]<\/p>\n","protected":false},"excerpt":{"rendered":"<p>Najwa\u017cniejsze fakty zwi\u0105zane z piecem pr\u00f3\u017cniowym Piece pr\u00f3\u017cniowe s\u0105 wykorzystywane do wielu zastosowa\u0144 we wszystkich ga\u0142\u0119ziach przemys\u0142u.\u00a0 Zastosowanie pr\u00f3\u017cni jest jedn\u0105 z metod ochrony ogrzewanych stalowych i metalowych element\u00f3w przed negatywnym wp\u0142ywem powietrza. Piec pr\u00f3\u017cniowy jest zazwyczaj piecem ogrzewanym elektrycznie, w kt\u00f3rym podczas ca\u0142ego procesu utrzymywana jest pr\u00f3\u017cnia. Wi\u0119kszo\u015b\u0107 piec\u00f3w pr\u00f3\u017cniowych ogrzewana jest elektrycznymi elementami [&hellip;]<\/p>\n","protected":false},"author":2,"featured_media":0,"parent":0,"menu_order":0,"comment_status":"closed","ping_status":"closed","template":"","meta":{"_acf_changed":false,"_et_pb_use_builder":"on","_et_pb_old_content":"","_et_gb_content_width":"","footnotes":""},"class_list":["post-48899","page","type-page","status-publish"],"acf":[],"_links":{"self":[{"href":"https:\/\/www.secowarwick.com\/pl\/wp-json\/wp\/v2\/pages\/48899","targetHints":{"allow":["GET"]}}],"collection":[{"href":"https:\/\/www.secowarwick.com\/pl\/wp-json\/wp\/v2\/pages"}],"about":[{"href":"https:\/\/www.secowarwick.com\/pl\/wp-json\/wp\/v2\/types\/page"}],"author":[{"embeddable":true,"href":"https:\/\/www.secowarwick.com\/pl\/wp-json\/wp\/v2\/users\/2"}],"replies":[{"embeddable":true,"href":"https:\/\/www.secowarwick.com\/pl\/wp-json\/wp\/v2\/comments?post=48899"}],"version-history":[{"count":0,"href":"https:\/\/www.secowarwick.com\/pl\/wp-json\/wp\/v2\/pages\/48899\/revisions"}],"wp:attachment":[{"href":"https:\/\/www.secowarwick.com\/pl\/wp-json\/wp\/v2\/media?parent=48899"}],"curies":[{"name":"wp","href":"https:\/\/api.w.org\/{rel}","templated":true}]}}