{"id":49054,"date":"2017-05-24T07:50:33","date_gmt":"2017-05-24T05:50:33","guid":{"rendered":"http:\/\/www.secowarwick.com\/?page_id=49054\/"},"modified":"2025-02-23T12:19:16","modified_gmt":"2025-02-23T11:19:16","slug":"tomasz-przygonski","status":"publish","type":"page","link":"https:\/\/www.secowarwick.com\/pl\/informacje\/tomasz-przygonski\/","title":{"rendered":"TOMASZ PRZYGO\u0143SKI"},"content":{"rendered":"<p>[et_pb_section fb_built=&#8221;1&#8243; admin_label=&#8221;section&#8221; _builder_version=&#8221;4.16&#8243; custom_padding=&#8221;0px|||&#8221; transparent_background=&#8221;off&#8221; make_fullwidth=&#8221;off&#8221; use_custom_width=&#8221;off&#8221; width_unit=&#8221;on&#8221; global_colors_info=&#8221;{}&#8221;][et_pb_row admin_label=&#8221;row&#8221; _builder_version=&#8221;4.16&#8243; background_color=&#8221;#f8f8f8&#8243; background_size=&#8221;initial&#8221; background_position=&#8221;top_left&#8221; background_repeat=&#8221;repeat&#8221; custom_margin=&#8221;||45px|&#8221; custom_padding=&#8221;|||25px&#8221; make_fullwidth=&#8221;off&#8221; use_custom_width=&#8221;off&#8221; width_unit=&#8221;on&#8221; global_colors_info=&#8221;{}&#8221;][et_pb_column type=&#8221;4_4&#8243; _builder_version=&#8221;4.16&#8243; custom_padding=&#8221;|||&#8221; global_colors_info=&#8221;{}&#8221; custom_padding__hover=&#8221;|||&#8221;][et_pb_breadcrumbs _builder_version=&#8221;3.0.47&#8243; global_colors_info=&#8221;{}&#8221;][\/et_pb_breadcrumbs][et_pb_text _builder_version=&#8221;4.16&#8243; background_size=&#8221;initial&#8221; background_position=&#8221;top_left&#8221; background_repeat=&#8221;repeat&#8221; use_border_color=&#8221;off&#8221; border_color=&#8221;#ffffff&#8221; border_style=&#8221;solid&#8221; global_colors_info=&#8221;{}&#8221;]<\/p>\n<h1>PRELEGENT<\/h1>\n<h2><\/h2>\n<h3><\/h3>\n<p>[\/et_pb_text][\/et_pb_column][\/et_pb_row][et_pb_row admin_label=&#8221;row&#8221; _builder_version=&#8221;4.16&#8243; background_size=&#8221;initial&#8221; background_position=&#8221;top_left&#8221; background_repeat=&#8221;repeat&#8221; global_colors_info=&#8221;{}&#8221; column_structure=&#8221;1_3,2_3&#8243;][et_pb_column type=&#8221;1_3&#8243; _builder_version=&#8221;4.16&#8243; custom_padding=&#8221;|||&#8221; global_colors_info=&#8221;{}&#8221; custom_padding__hover=&#8221;|||&#8221;][et_pb_image src=&#8221;https:\/\/www.secowarwick.com\/wp-content\/uploads\/2017\/05\/Tomasz-Przygo\u0144ski-SECOWARWICK-Thermal-Process-Equipment-Development-Director1.jpg&#8221; alt=&#8221;Tomasz Przygo\u0144ski&#8221; align_tablet=&#8221;center&#8221; align_last_edited=&#8221;on|desktop&#8221; admin_label=&#8221;Image&#8221; _builder_version=&#8221;4.16&#8243; animation_style=&#8221;slide&#8221; animation_direction=&#8221;left&#8221; animation_duration=&#8221;500ms&#8221; animation_intensity_slide=&#8221;10%&#8221; use_border_color=&#8221;off&#8221; global_colors_info=&#8221;{}&#8221; align_phone=&#8221;center&#8221;][\/et_pb_image][\/et_pb_column][et_pb_column type=&#8221;2_3&#8243; _builder_version=&#8221;4.16&#8243; custom_padding=&#8221;|||&#8221; global_colors_info=&#8221;{}&#8221; custom_padding__hover=&#8221;|||&#8221;][et_pb_text _builder_version=&#8221;4.16&#8243; background_size=&#8221;initial&#8221; background_position=&#8221;top_left&#8221; background_repeat=&#8221;repeat&#8221; use_border_color=&#8221;off&#8221; global_colors_info=&#8221;{}&#8221;]<\/p>\n<h2><span style=\"font-size: 14pt;\"><strong><span style=\"color: #dc291e;\">TOMASZ PRZYGO\u0143SKI<\/span><\/strong><\/span><br \/>\n<span style=\"font-size: 14pt;\">SECO\/WARWICK, DYREKTOR ROZWOJU URZ\u0104DZE\u0143 SEGMENTU THERMAL<\/span><\/h2>\n<p>Tomasz Przygo\u0144ski uzyska\u0142 dyplom magistra in\u017cyniera na Wydziale Mechanicznym Wy\u017cszej Szko\u0142y In\u017cynierskiej w Zielonej G\u00f3rze. W pocz\u0105tkowym etapie swojej kariery w latach 1994-99, by\u0142 cz\u0142onkiem zespo\u0142\u00f3w realizuj\u0105cych pierwsze wdro\u017cenia rozwi\u0105za\u0144 atmosferowych SECO\/WARWICK Corp. USA w Polsce. Nast\u0119pnie, w okresie 5 lat pracy poza S\/W, na wy\u017cszym stanowisku menad\u017cerskim kierowa\u0142 rozbudow\u0105 sieci serwisowej firmy, zwi\u0105zanej ze znanym producentem pojazd\u00f3w ci\u0119\u017carowych. Od 2004 r. ponownie w grupie S\/W (LZT Elterma), zaanga\u017cowany by\u0142 we wdra\u017canie zaawansowanych rozwi\u0105za\u0144 piec\u00f3w rolkowych, ta\u015bmowych, sealed-quench i wg\u0142\u0119bnych do naw\u0119glania. W latach 2011-2015 pe\u0142ni\u0142 funkcj\u0119 Dyrektora Zak\u0142adu Piec\u00f3w do Azotowania i Naw\u0119glania, b\u0119d\u0105c zaanga\u017cowanym m.in. w rozw\u00f3j rozwi\u0105za\u0144 do azotowania gazowego ZeroFlow\u00ae, generator\u00f3w atmosfer, linii technologicznych do naw\u0119glania. Obecnie jest Dyrektorem Rozwoju Urz\u0105dze\u0144 segmentu Thermal wspieraj\u0105cym zespo\u0142y sp\u00f3\u0142ek grupy S\/W na \u015bwiecie w zakresie rozwi\u0105za\u0144 technicznych i ich rozwoju.<br \/>\n[\/et_pb_text][\/et_pb_column][\/et_pb_row][\/et_pb_section]<\/p>\n","protected":false},"excerpt":{"rendered":"<p>[et_pb_breadcrumbs _builder_version=&#8221;3.0.47&#8243; global_colors_info=&#8221;{}&#8221;][\/et_pb_breadcrumbs]PRELEGENT TOMASZ PRZYGO\u0143SKI SECO\/WARWICK, DYREKTOR ROZWOJU URZ\u0104DZE\u0143 SEGMENTU THERMAL Tomasz Przygo\u0144ski uzyska\u0142 dyplom magistra in\u017cyniera na Wydziale Mechanicznym Wy\u017cszej Szko\u0142y In\u017cynierskiej w Zielonej G\u00f3rze. W pocz\u0105tkowym etapie swojej kariery w latach 1994-99, by\u0142 cz\u0142onkiem zespo\u0142\u00f3w realizuj\u0105cych pierwsze wdro\u017cenia rozwi\u0105za\u0144 atmosferowych SECO\/WARWICK Corp. USA w Polsce. Nast\u0119pnie, w okresie 5 lat pracy poza S\/W, [&hellip;]<\/p>\n","protected":false},"author":2,"featured_media":0,"parent":7300,"menu_order":0,"comment_status":"closed","ping_status":"closed","template":"","meta":{"_acf_changed":false,"_et_pb_use_builder":"on","_et_pb_old_content":"","_et_gb_content_width":"","footnotes":""},"class_list":["post-49054","page","type-page","status-publish"],"acf":[],"_links":{"self":[{"href":"https:\/\/www.secowarwick.com\/pl\/wp-json\/wp\/v2\/pages\/49054","targetHints":{"allow":["GET"]}}],"collection":[{"href":"https:\/\/www.secowarwick.com\/pl\/wp-json\/wp\/v2\/pages"}],"about":[{"href":"https:\/\/www.secowarwick.com\/pl\/wp-json\/wp\/v2\/types\/page"}],"author":[{"embeddable":true,"href":"https:\/\/www.secowarwick.com\/pl\/wp-json\/wp\/v2\/users\/2"}],"replies":[{"embeddable":true,"href":"https:\/\/www.secowarwick.com\/pl\/wp-json\/wp\/v2\/comments?post=49054"}],"version-history":[{"count":1,"href":"https:\/\/www.secowarwick.com\/pl\/wp-json\/wp\/v2\/pages\/49054\/revisions"}],"predecessor-version":[{"id":172495,"href":"https:\/\/www.secowarwick.com\/pl\/wp-json\/wp\/v2\/pages\/49054\/revisions\/172495"}],"up":[{"embeddable":true,"href":"https:\/\/www.secowarwick.com\/pl\/wp-json\/wp\/v2\/pages\/7300"}],"wp:attachment":[{"href":"https:\/\/www.secowarwick.com\/pl\/wp-json\/wp\/v2\/media?parent=49054"}],"curies":[{"name":"wp","href":"https:\/\/api.w.org\/{rel}","templated":true}]}}