{"id":49062,"date":"2017-05-24T08:16:07","date_gmt":"2017-05-24T06:16:07","guid":{"rendered":"http:\/\/www.secowarwick.com\/?page_id=49062\/"},"modified":"2025-02-06T17:10:15","modified_gmt":"2025-02-06T16:10:15","slug":"slawomir-wachowski","status":"publish","type":"page","link":"https:\/\/www.secowarwick.com\/pl\/seminarium-2019\/slawomir-wachowski\/","title":{"rendered":"S\u0142awomir Wachowski"},"content":{"rendered":"<p>[et_pb_section fb_built=&#8221;1&#8243; admin_label=&#8221;section&#8221; _builder_version=&#8221;4.16&#8243; custom_padding=&#8221;0px|||&#8221; transparent_background=&#8221;off&#8221; make_fullwidth=&#8221;off&#8221; use_custom_width=&#8221;off&#8221; width_unit=&#8221;on&#8221; global_colors_info=&#8221;{}&#8221;][et_pb_row admin_label=&#8221;row&#8221; _builder_version=&#8221;4.16&#8243; background_color=&#8221;#f8f8f8&#8243; background_size=&#8221;initial&#8221; background_position=&#8221;top_left&#8221; background_repeat=&#8221;repeat&#8221; custom_margin=&#8221;||45px|&#8221; custom_padding=&#8221;|||25px&#8221; make_fullwidth=&#8221;off&#8221; use_custom_width=&#8221;off&#8221; width_unit=&#8221;on&#8221; global_colors_info=&#8221;{}&#8221;][et_pb_column type=&#8221;4_4&#8243; _builder_version=&#8221;4.16&#8243; custom_padding=&#8221;|||&#8221; global_colors_info=&#8221;{}&#8221; custom_padding__hover=&#8221;|||&#8221;][et_pb_breadcrumbs _builder_version=&#8221;3.0.47&#8243; global_colors_info=&#8221;{}&#8221;][\/et_pb_breadcrumbs][et_pb_text _builder_version=&#8221;4.16&#8243; background_size=&#8221;initial&#8221; background_position=&#8221;top_left&#8221; background_repeat=&#8221;repeat&#8221; use_border_color=&#8221;off&#8221; border_color=&#8221;#ffffff&#8221; border_style=&#8221;solid&#8221; global_colors_info=&#8221;{}&#8221;]<\/p>\n<h1>PRELEGENT<\/h1>\n<h2><\/h2>\n<h3><\/h3>\n<p>[\/et_pb_text][\/et_pb_column][\/et_pb_row][et_pb_row admin_label=&#8221;row&#8221; _builder_version=&#8221;4.16&#8243; background_size=&#8221;initial&#8221; background_position=&#8221;top_left&#8221; background_repeat=&#8221;repeat&#8221; global_colors_info=&#8221;{}&#8221; column_structure=&#8221;1_3,2_3&#8243;][et_pb_column type=&#8221;1_3&#8243; _builder_version=&#8221;4.16&#8243; custom_padding=&#8221;|||&#8221; global_colors_info=&#8221;{}&#8221; custom_padding__hover=&#8221;|||&#8221;][et_pb_image src=&#8221;https:\/\/www.secowarwick.com\/wp-content\/uploads\/2018\/05\/wachowski-szary.jpg&#8221; align_tablet=&#8221;center&#8221; align_last_edited=&#8221;on|desktop&#8221; _builder_version=&#8221;4.23.1&#8243; animation_style=&#8221;slide&#8221; animation_direction=&#8221;left&#8221; animation_duration=&#8221;500ms&#8221; animation_intensity_slide=&#8221;10%&#8221; hover_enabled=&#8221;0&#8243; use_border_color=&#8221;off&#8221; global_colors_info=&#8221;{}&#8221; alt=&#8221;S\u0141AWOMIR WACHOWSKI&#8221; sticky_enabled=&#8221;0&#8243; align_phone=&#8221;center&#8221;][\/et_pb_image][\/et_pb_column][et_pb_column type=&#8221;2_3&#8243; _builder_version=&#8221;4.16&#8243; custom_padding=&#8221;|||&#8221; global_colors_info=&#8221;{}&#8221; custom_padding__hover=&#8221;|||&#8221;][et_pb_text _builder_version=&#8221;4.16&#8243; background_size=&#8221;initial&#8221; background_position=&#8221;top_left&#8221; background_repeat=&#8221;repeat&#8221; use_border_color=&#8221;off&#8221; global_colors_info=&#8221;{}&#8221;]<span style=\"font-size: 14pt;\"><strong><span style=\"color: #dc291e;\">S\u0141AWOMIR WACHOWSKI<\/span><\/strong><\/span><br \/>\n<span style=\"font-size: 14pt;\">SECO\/WARWICK, DYREKTOR ZAK\u0141ADU AUTOMATYKI<\/span><\/p>\n<p>S\u0142awomir Wachowski jest absolwentem Uniwersytetu Zielonog\u00f3rskiego wydzia\u0142u Automatyki oraz Akademii Leona Ko\u017ami\u0144skiego (Master of Business Administration)\u00a0 gdzie uzyska\u0142 tytu\u0142 Executive MBA.<br \/>\nPrac\u0119 w SECO\/WARWICK rozpocz\u0105\u0142 na stanowisku konstruktora w 1999 r., od 2006 r. jest Dyrektorem Zak\u0142adu Elektrycznego. Dzi\u0119ki wysoko rozwini\u0119tym umiej\u0119tno\u015bciom analizy oraz syntezy informacji, S\u0142awomir efektywnie prowadzi biznesowe konsultacje i proponuje rozwi\u0105zania, kt\u00f3re s\u0105 skuteczne. \u0141\u0105czy wiedz\u0119 i do\u015bwiadczenie w obszarze zarz\u0105dzania produkcj\u0105, analizy danych i koszt\u00f3w, kontroli zewn\u0119trznej, efektywnego \u0142a\u0144cucha dostaw oraz innowacji. W samym SECO\/WARWICK odpowiada za system kontroli (kalkulacje, koncepty, normalizacja systemu, design, programowanie, startup \u2013 czyli w\u0142a\u015bciwie wszystko, z R&amp;D w\u0142\u0105cznie). Kooperuje z innymi firmami Grupy SECO\/WARWICK oraz ich klientami.<br \/>\n[\/et_pb_text][\/et_pb_column][\/et_pb_row][\/et_pb_section]<\/p>\n","protected":false},"excerpt":{"rendered":"<p>[et_pb_breadcrumbs _builder_version=&#8221;3.0.47&#8243; global_colors_info=&#8221;{}&#8221;][\/et_pb_breadcrumbs]PRELEGENT S\u0141AWOMIR WACHOWSKI SECO\/WARWICK, DYREKTOR ZAK\u0141ADU AUTOMATYKI S\u0142awomir Wachowski jest absolwentem Uniwersytetu Zielonog\u00f3rskiego wydzia\u0142u Automatyki oraz Akademii Leona Ko\u017ami\u0144skiego (Master of Business Administration)\u00a0 gdzie uzyska\u0142 tytu\u0142 Executive MBA. Prac\u0119 w SECO\/WARWICK rozpocz\u0105\u0142 na stanowisku konstruktora w 1999 r., od 2006 r. jest Dyrektorem Zak\u0142adu Elektrycznego. Dzi\u0119ki wysoko rozwini\u0119tym umiej\u0119tno\u015bciom analizy oraz syntezy informacji, [&hellip;]<\/p>\n","protected":false},"author":2,"featured_media":0,"parent":77889,"menu_order":0,"comment_status":"closed","ping_status":"closed","template":"","meta":{"_acf_changed":false,"_et_pb_use_builder":"on","_et_pb_old_content":"","_et_gb_content_width":"","footnotes":""},"class_list":["post-49062","page","type-page","status-publish"],"acf":[],"_links":{"self":[{"href":"https:\/\/www.secowarwick.com\/pl\/wp-json\/wp\/v2\/pages\/49062","targetHints":{"allow":["GET"]}}],"collection":[{"href":"https:\/\/www.secowarwick.com\/pl\/wp-json\/wp\/v2\/pages"}],"about":[{"href":"https:\/\/www.secowarwick.com\/pl\/wp-json\/wp\/v2\/types\/page"}],"author":[{"embeddable":true,"href":"https:\/\/www.secowarwick.com\/pl\/wp-json\/wp\/v2\/users\/2"}],"replies":[{"embeddable":true,"href":"https:\/\/www.secowarwick.com\/pl\/wp-json\/wp\/v2\/comments?post=49062"}],"version-history":[{"count":1,"href":"https:\/\/www.secowarwick.com\/pl\/wp-json\/wp\/v2\/pages\/49062\/revisions"}],"predecessor-version":[{"id":171761,"href":"https:\/\/www.secowarwick.com\/pl\/wp-json\/wp\/v2\/pages\/49062\/revisions\/171761"}],"up":[{"embeddable":true,"href":"https:\/\/www.secowarwick.com\/pl\/wp-json\/wp\/v2\/pages\/77889"}],"wp:attachment":[{"href":"https:\/\/www.secowarwick.com\/pl\/wp-json\/wp\/v2\/media?parent=49062"}],"curies":[{"name":"wp","href":"https:\/\/api.w.org\/{rel}","templated":true}]}}