{"id":49068,"date":"2017-05-24T08:23:04","date_gmt":"2017-05-24T06:23:04","guid":{"rendered":"http:\/\/www.secowarwick.com\/?page_id=49068\/"},"modified":"2025-02-07T08:59:22","modified_gmt":"2025-02-07T07:59:22","slug":"adam-adamek","status":"publish","type":"page","link":"https:\/\/www.secowarwick.com\/pl\/adam-adamek\/","title":{"rendered":"Adam Adamek"},"content":{"rendered":"<p>[et_pb_section fb_built=&#8221;1&#8243; admin_label=&#8221;section&#8221; _builder_version=&#8221;4.16&#8243; custom_padding=&#8221;0px|||&#8221; transparent_background=&#8221;off&#8221; make_fullwidth=&#8221;off&#8221; use_custom_width=&#8221;off&#8221; width_unit=&#8221;on&#8221; global_colors_info=&#8221;{}&#8221;][et_pb_row admin_label=&#8221;row&#8221; _builder_version=&#8221;4.16&#8243; background_color=&#8221;#f8f8f8&#8243; background_size=&#8221;initial&#8221; background_position=&#8221;top_left&#8221; background_repeat=&#8221;repeat&#8221; custom_margin=&#8221;||45px|&#8221; custom_padding=&#8221;|||25px&#8221; make_fullwidth=&#8221;off&#8221; use_custom_width=&#8221;off&#8221; width_unit=&#8221;on&#8221; global_colors_info=&#8221;{}&#8221;][et_pb_column type=&#8221;4_4&#8243; _builder_version=&#8221;4.16&#8243; custom_padding=&#8221;|||&#8221; global_colors_info=&#8221;{}&#8221; custom_padding__hover=&#8221;|||&#8221;][et_pb_breadcrumbs _builder_version=&#8221;3.0.47&#8243; global_colors_info=&#8221;{}&#8221;][\/et_pb_breadcrumbs][et_pb_text _builder_version=&#8221;4.16&#8243; background_size=&#8221;initial&#8221; background_position=&#8221;top_left&#8221; background_repeat=&#8221;repeat&#8221; use_border_color=&#8221;off&#8221; border_color=&#8221;#ffffff&#8221; border_style=&#8221;solid&#8221; global_colors_info=&#8221;{}&#8221;]<\/p>\n<h1>PRELEGENT<\/h1>\n<h2><\/h2>\n<h3><\/h3>\n<p>[\/et_pb_text][\/et_pb_column][\/et_pb_row][et_pb_row admin_label=&#8221;row&#8221; _builder_version=&#8221;4.16&#8243; background_size=&#8221;initial&#8221; background_position=&#8221;top_left&#8221; background_repeat=&#8221;repeat&#8221; global_colors_info=&#8221;{}&#8221; column_structure=&#8221;1_3,2_3&#8243;][et_pb_column type=&#8221;1_3&#8243; _builder_version=&#8221;4.16&#8243; custom_padding=&#8221;|||&#8221; global_colors_info=&#8221;{}&#8221; custom_padding__hover=&#8221;|||&#8221;][et_pb_image src=&#8221;https:\/\/www.secowarwick.com\/wp-content\/uploads\/2019\/08\/Adam-Adamek.jpg&#8221; align_tablet=&#8221;center&#8221; align_last_edited=&#8221;on|desktop&#8221; _builder_version=&#8221;4.23.1&#8243; animation_style=&#8221;slide&#8221; animation_direction=&#8221;left&#8221; animation_duration=&#8221;500ms&#8221; animation_intensity_slide=&#8221;10%&#8221; hover_enabled=&#8221;0&#8243; use_border_color=&#8221;off&#8221; global_colors_info=&#8221;{}&#8221; alt=&#8221;ADAM ADAMEK&#8221; sticky_enabled=&#8221;0&#8243; align_phone=&#8221;center&#8221;][\/et_pb_image][\/et_pb_column][et_pb_column type=&#8221;2_3&#8243; _builder_version=&#8221;4.16&#8243; custom_padding=&#8221;|||&#8221; global_colors_info=&#8221;{}&#8221; custom_padding__hover=&#8221;|||&#8221;][et_pb_text _builder_version=&#8221;4.16&#8243; background_size=&#8221;initial&#8221; background_position=&#8221;top_left&#8221; background_repeat=&#8221;repeat&#8221; use_border_color=&#8221;off&#8221; global_colors_info=&#8221;{}&#8221;]<span style=\"font-size: 14pt;\"><strong><span style=\"color: #dc291e;\">ADAM ADAMEK<\/span><\/strong><\/span><br \/>\n<span style=\"font-size: 14pt;\">SECO\/WARWICK, KIEROWNIK DZIA\u0141U SPRZEDA\u017bY ZAK\u0141ADU PR\u00d3\u017bNI<\/span><\/p>\n<p>Moja przygoda z SECO\/WARWICK rozpocz\u0119\u0142a si\u0119 w R&amp;D.<br \/>\nIntensywnie skupi\u0142em si\u0119 na pr\u00f3\u017cniowej obr\u00f3bce cieplnej oraz naw\u0119glaniu niskoci\u015bnieniowym,<br \/>\nw tej chwili obejmuj\u0119 stanowisko Kierownika Dzia\u0142u Sprzeda\u017cy Zak\u0142adu Pr\u00f3\u017cni.<br \/>\nOd 2003 r. w SECO\/WARWICK, a od zawsze w dobrych relacjach z przysz\u0142ymi i aktualnymi partnerami biznesowymi.<br \/>\nNieustannie poszukuj\u0119 oraz ucz\u0119 si\u0119 nowych rzeczy.<\/p>\n<p>Nie wszyscy wiedz\u0105, \u017ce mimo codziennego obcowania z obr\u00f3bk\u0105 ciepln\u0105, lubi\u0119 zimno.<br \/>\nJako uk\u0142on w stron\u0119 moich pasji, zim\u0105 morsuj\u0119 w pobliskich wodach, a w Grudniu 2018 wspi\u0105\u0142em si\u0119 na \u015anie\u017ck\u0119 &#8211; w samych szortach.<\/p>\n<p>C\u00f3\u017c, jestem szcz\u0119\u015bliwym cz\u0142owiekiem!<br \/>\n[\/et_pb_text][\/et_pb_column][\/et_pb_row][\/et_pb_section]<\/p>\n","protected":false},"excerpt":{"rendered":"<p>[et_pb_breadcrumbs _builder_version=&#8221;3.0.47&#8243; global_colors_info=&#8221;{}&#8221;][\/et_pb_breadcrumbs]PRELEGENT ADAM ADAMEK SECO\/WARWICK, KIEROWNIK DZIA\u0141U SPRZEDA\u017bY ZAK\u0141ADU PR\u00d3\u017bNI Moja przygoda z SECO\/WARWICK rozpocz\u0119\u0142a si\u0119 w R&amp;D. Intensywnie skupi\u0142em si\u0119 na pr\u00f3\u017cniowej obr\u00f3bce cieplnej oraz naw\u0119glaniu niskoci\u015bnieniowym, w tej chwili obejmuj\u0119 stanowisko Kierownika Dzia\u0142u Sprzeda\u017cy Zak\u0142adu Pr\u00f3\u017cni. Od 2003 r. w SECO\/WARWICK, a od zawsze w dobrych relacjach z przysz\u0142ymi i aktualnymi partnerami [&hellip;]<\/p>\n","protected":false},"author":2,"featured_media":0,"parent":0,"menu_order":0,"comment_status":"closed","ping_status":"closed","template":"","meta":{"_acf_changed":false,"_et_pb_use_builder":"on","_et_pb_old_content":"","_et_gb_content_width":"","footnotes":""},"class_list":["post-49068","page","type-page","status-publish"],"acf":[],"_links":{"self":[{"href":"https:\/\/www.secowarwick.com\/pl\/wp-json\/wp\/v2\/pages\/49068","targetHints":{"allow":["GET"]}}],"collection":[{"href":"https:\/\/www.secowarwick.com\/pl\/wp-json\/wp\/v2\/pages"}],"about":[{"href":"https:\/\/www.secowarwick.com\/pl\/wp-json\/wp\/v2\/types\/page"}],"author":[{"embeddable":true,"href":"https:\/\/www.secowarwick.com\/pl\/wp-json\/wp\/v2\/users\/2"}],"replies":[{"embeddable":true,"href":"https:\/\/www.secowarwick.com\/pl\/wp-json\/wp\/v2\/comments?post=49068"}],"version-history":[{"count":1,"href":"https:\/\/www.secowarwick.com\/pl\/wp-json\/wp\/v2\/pages\/49068\/revisions"}],"predecessor-version":[{"id":171801,"href":"https:\/\/www.secowarwick.com\/pl\/wp-json\/wp\/v2\/pages\/49068\/revisions\/171801"}],"wp:attachment":[{"href":"https:\/\/www.secowarwick.com\/pl\/wp-json\/wp\/v2\/media?parent=49068"}],"curies":[{"name":"wp","href":"https:\/\/api.w.org\/{rel}","templated":true}]}}