{"id":49117,"date":"2017-05-24T09:46:07","date_gmt":"2017-05-24T07:46:07","guid":{"rendered":"http:\/\/www.secowarwick.com\/?page_id=49117\/"},"modified":"2019-08-28T13:32:55","modified_gmt":"2019-08-28T11:32:55","slug":"piotr-kula","status":"publish","type":"page","link":"https:\/\/www.secowarwick.com\/pl\/piotr-kula\/","title":{"rendered":"Piotr Kula"},"content":{"rendered":"<p>[et_pb_section bb_built=&#8221;1&#8243; admin_label=&#8221;section&#8221; transparent_background=&#8221;off&#8221; allow_player_pause=&#8221;off&#8221; inner_shadow=&#8221;off&#8221; parallax=&#8221;off&#8221; parallax_method=&#8221;on&#8221; custom_padding=&#8221;0px|||&#8221; make_fullwidth=&#8221;off&#8221; use_custom_width=&#8221;off&#8221; width_unit=&#8221;on&#8221; make_equal=&#8221;off&#8221; use_custom_gutter=&#8221;off&#8221; prev_background_color=&#8221;#000000&#8243; next_background_color=&#8221;#000000&#8243;][et_pb_row admin_label=&#8221;row&#8221; make_fullwidth=&#8221;off&#8221; use_custom_width=&#8221;off&#8221; width_unit=&#8221;on&#8221; use_custom_gutter=&#8221;off&#8221; custom_padding=&#8221;|||25px&#8221; custom_margin=&#8221;||45px|&#8221; background_color=&#8221;#f8f8f8&#8243; allow_player_pause=&#8221;off&#8221; parallax=&#8221;off&#8221; parallax_method=&#8221;on&#8221; make_equal=&#8221;off&#8221; parallax_1=&#8221;off&#8221; parallax_method_1=&#8221;off&#8221; background_position=&#8221;top_left&#8221; background_repeat=&#8221;repeat&#8221; background_size=&#8221;initial&#8221;][et_pb_column type=&#8221;4_4&#8243;][et_pb_breadcrumbs \/][et_pb_text use_border_color=&#8221;off&#8221; background_position=&#8221;top_left&#8221; background_repeat=&#8221;repeat&#8221; background_size=&#8221;initial&#8221; _builder_version=&#8221;3.6&#8243;]<\/p>\n<h1>PRELEGENT<\/h1>\n<p>[\/et_pb_text][\/et_pb_column][\/et_pb_row][et_pb_row admin_label=&#8221;row&#8221; background_position=&#8221;top_left&#8221; background_repeat=&#8221;repeat&#8221; background_size=&#8221;initial&#8221;][et_pb_column type=&#8221;1_3&#8243;][et_pb_image src=&#8221;https:\/\/www.secowarwick.com\/wp-content\/uploads\/2018\/05\/kula-szary.jpg&#8221; use_border_color=&#8221;off&#8221; animation_style=&#8221;slide&#8221; animation_duration=&#8221;500ms&#8221; animation_intensity_slide=&#8221;10%&#8221; animation_direction=&#8221;left&#8221; _builder_version=&#8221;3.6&#8243; alt=&#8221;Piotr Kula&#8221; \/][\/et_pb_column][et_pb_column type=&#8221;2_3&#8243;][et_pb_text use_border_color=&#8221;off&#8221; background_position=&#8221;top_left&#8221; background_repeat=&#8221;repeat&#8221; background_size=&#8221;initial&#8221; _builder_version=&#8221;3.6&#8243;]<\/p>\n<h2><span style=\"font-size: 14pt;\"><strong><span style=\"color: #dc291e;\">PIOTR KULA<\/span><\/strong><\/span><br \/>\n<span style=\"font-size: 14pt;\">POLITECHNIKA \u0141\u00d3DZKA<\/span><\/h2>\n<p>Prof. dr hab. in\u017c.  Piotr Kula jest absolwentem Wydzia\u0142u Mechanicznego Politechniki \u0141\u00f3dzkiej  (1975). Doktorat, wyr\u00f3\u017cniony Nagrod\u0105 Ministra (1982), habilitacj\u0119 (1994) oraz tytu\u0142 profesora (2001) uzyska\u0142 w Politechnice \u0141\u00f3dzkiej. Reprezentuje dyscyplin\u0119 naukow\u0105 In\u017cynieria Materia\u0142owa. Laureat Nagrody Wojewody \u0141\u00f3dzkiego w Kategorii Wynalazek w roku 2007 oraz Nagrody \u0141\u00f3dzkiego Towarzystwa Naukowego w roku 2015.  Obecnie pracuje w Instytucie In\u017cynierii Materia\u0142owej P\u0141. W latach 2012-2016 Prorektor P\u0141 ds. Innowacji. Prezes Polskiego Towarzystwa Materia\u0142oznawczego w latach 2012-2019. Zainteresowania naukowe: in\u017cynieria powierzchni, nanomateria\u0142y. Jest autorem 3 monografii, ponad 250 artyku\u0142\u00f3w naukowych i naukowo technicznych oraz autorem lub wsp\u00f3\u0142autorem 21 patent\u00f3w. Za\u0142o\u017cyciel  i g\u0142\u00f3wny udzia\u0142owiec hartowni us\u0142ugowej Hart-Tech Sp. z o.o., w kt\u00f3rej obecnie pe\u0142ni funkcj\u0119 Cz\u0142onka Zarz\u0105du. Firma powsta\u0142a w 2010 roku.<br \/>\nAdres e-mail piotr.kula@p.lodz.pl, telefon kontaktowy +48 42 631 30 30.<\/p>\n<p>[\/et_pb_text][\/et_pb_column][\/et_pb_row][\/et_pb_section]<\/p>\n","protected":false},"excerpt":{"rendered":"<p>[et_pb_breadcrumbs \/] PRELEGENT PIOTR KULA POLITECHNIKA \u0141\u00d3DZKA Prof. dr hab. in\u017c. Piotr Kula jest absolwentem Wydzia\u0142u Mechanicznego Politechniki \u0141\u00f3dzkiej (1975). Doktorat, wyr\u00f3\u017cniony Nagrod\u0105 Ministra (1982), habilitacj\u0119 (1994) oraz tytu\u0142 profesora (2001) uzyska\u0142 w Politechnice \u0141\u00f3dzkiej. Reprezentuje dyscyplin\u0119 naukow\u0105 In\u017cynieria Materia\u0142owa. Laureat Nagrody Wojewody \u0141\u00f3dzkiego w Kategorii Wynalazek w roku 2007 oraz Nagrody \u0141\u00f3dzkiego Towarzystwa Naukowego [&hellip;]<\/p>\n","protected":false},"author":2,"featured_media":0,"parent":0,"menu_order":0,"comment_status":"closed","ping_status":"closed","template":"","meta":{"_acf_changed":false,"_et_pb_use_builder":"on","_et_pb_old_content":"","_et_gb_content_width":"","footnotes":""},"class_list":["post-49117","page","type-page","status-publish"],"acf":[],"_links":{"self":[{"href":"https:\/\/www.secowarwick.com\/pl\/wp-json\/wp\/v2\/pages\/49117","targetHints":{"allow":["GET"]}}],"collection":[{"href":"https:\/\/www.secowarwick.com\/pl\/wp-json\/wp\/v2\/pages"}],"about":[{"href":"https:\/\/www.secowarwick.com\/pl\/wp-json\/wp\/v2\/types\/page"}],"author":[{"embeddable":true,"href":"https:\/\/www.secowarwick.com\/pl\/wp-json\/wp\/v2\/users\/2"}],"replies":[{"embeddable":true,"href":"https:\/\/www.secowarwick.com\/pl\/wp-json\/wp\/v2\/comments?post=49117"}],"version-history":[{"count":0,"href":"https:\/\/www.secowarwick.com\/pl\/wp-json\/wp\/v2\/pages\/49117\/revisions"}],"wp:attachment":[{"href":"https:\/\/www.secowarwick.com\/pl\/wp-json\/wp\/v2\/media?parent=49117"}],"curies":[{"name":"wp","href":"https:\/\/api.w.org\/{rel}","templated":true}]}}