{"id":53102,"date":"2017-08-17T10:01:45","date_gmt":"2017-08-17T08:01:45","guid":{"rendered":"http:\/\/www.secowarwick.com\/?page_id=53102\/"},"modified":"2025-02-23T11:24:42","modified_gmt":"2025-02-23T10:24:42","slug":"przemyslaw-zydor","status":"publish","type":"page","link":"https:\/\/www.secowarwick.com\/pl\/informacje\/przemyslaw-zydor\/","title":{"rendered":"Przemys\u0142aw Zydor"},"content":{"rendered":"<p>[et_pb_section fb_built=&#8221;1&#8243; admin_label=&#8221;section&#8221; _builder_version=&#8221;4.16&#8243; custom_padding=&#8221;0px|||&#8221; transparent_background=&#8221;off&#8221; make_fullwidth=&#8221;off&#8221; use_custom_width=&#8221;off&#8221; width_unit=&#8221;on&#8221; global_colors_info=&#8221;{}&#8221;][et_pb_row admin_label=&#8221;row&#8221; _builder_version=&#8221;4.16&#8243; background_color=&#8221;#ffffff&#8221; background_size=&#8221;initial&#8221; background_position=&#8221;top_left&#8221; background_repeat=&#8221;repeat&#8221; custom_margin=&#8221;||45px|&#8221; custom_padding=&#8221;|||25px&#8221; make_fullwidth=&#8221;off&#8221; use_custom_width=&#8221;off&#8221; width_unit=&#8221;on&#8221; global_colors_info=&#8221;{}&#8221;][et_pb_column type=&#8221;4_4&#8243; _builder_version=&#8221;4.16&#8243; custom_padding=&#8221;|||&#8221; global_colors_info=&#8221;{}&#8221; custom_padding__hover=&#8221;|||&#8221;][et_pb_breadcrumbs _builder_version=&#8221;3.0.47&#8243; global_colors_info=&#8221;{}&#8221;][\/et_pb_breadcrumbs][et_pb_text _builder_version=&#8221;4.16&#8243; background_size=&#8221;initial&#8221; background_position=&#8221;top_left&#8221; background_repeat=&#8221;repeat&#8221; use_border_color=&#8221;off&#8221; border_color=&#8221;#ffffff&#8221; border_style=&#8221;solid&#8221; global_colors_info=&#8221;{}&#8221;]<\/p>\n<h1>PRELEGENT<\/h1>\n<p>[\/et_pb_text][\/et_pb_column][\/et_pb_row][et_pb_row admin_label=&#8221;row&#8221; _builder_version=&#8221;4.16&#8243; background_size=&#8221;initial&#8221; background_position=&#8221;top_left&#8221; background_repeat=&#8221;repeat&#8221; global_colors_info=&#8221;{}&#8221; column_structure=&#8221;1_3,2_3&#8243;][et_pb_column type=&#8221;1_3&#8243; _builder_version=&#8221;4.16&#8243; custom_padding=&#8221;|||&#8221; global_colors_info=&#8221;{}&#8221; custom_padding__hover=&#8221;|||&#8221;][et_pb_image src=&#8221;https:\/\/www.secowarwick.com\/wp-content\/uploads\/2018\/05\/zydor-szary.jpg&#8221; alt=&#8221;Przemys\u0142aw Zydor&#8221; align_tablet=&#8221;center&#8221; align_last_edited=&#8221;on|desktop&#8221; _builder_version=&#8221;4.16&#8243; animation_style=&#8221;slide&#8221; animation_direction=&#8221;left&#8221; animation_duration=&#8221;500ms&#8221; animation_intensity_slide=&#8221;10%&#8221; use_border_color=&#8221;off&#8221; global_colors_info=&#8221;{}&#8221; align_phone=&#8221;center&#8221;][\/et_pb_image][\/et_pb_column][et_pb_column type=&#8221;2_3&#8243; _builder_version=&#8221;4.16&#8243; custom_padding=&#8221;|||&#8221; global_colors_info=&#8221;{}&#8221; custom_padding__hover=&#8221;|||&#8221;][et_pb_text _builder_version=&#8221;4.16&#8243; background_size=&#8221;initial&#8221; background_position=&#8221;top_left&#8221; background_repeat=&#8221;repeat&#8221; use_border_color=&#8221;off&#8221; global_colors_info=&#8221;{}&#8221;]<\/p>\n<h2><span style=\"font-size: 14pt;\"><strong><span style=\"color: #dc291e;\">PRZEMYS\u0141AW ZYDOR<\/span><\/strong><\/span><br \/>\n<span style=\"font-size: 14pt;\">SECO\/WARWICK, DYREKTOR HANDLOWY ZAK\u0141ADU PIEC\u00d3W ATMOSFEROWYCH<\/span><\/h2>\n<p>&nbsp;<\/p>\n<p>Przemys\u0142aw Zydor uko\u0144czy\u0142 studia na Wydziale Budowy Maszyn Politechniki Szczeci\u0144skiej z tytu\u0142em Magistra In\u017cyniera.W okresie 1998 &#8211; 2005 zatrudniony by\u0142 w LZT Elterma S.A. na stanowisku konstruktora piec\u00f3w pr\u00f3\u017cniowych.Po wej\u015bciu LZT Elterma w sk\u0142ad Grupy SECO\/WARWICK, w roku 2003, przeniesiony do Dzia\u0142u Sprzeda\u017cy, kt\u00f3rego zosta\u0142 kierownikiem.W roku 2004 zosta\u0142 kierownikiem Zak\u0142adu Produktowego Piec\u00f3w Standardowych.Od roku 2005 do 2015 pistowa\u0142 stanowisko Dyrektora Handlowego oraz Generalnegopoza firm\u0105. Od 2015 roku ponownie zatrudniony w Grupie SECO\/WARWICK na stanowisku Dyrektora Handlowego Zak\u0142adu Piec\u00f3w Atmosferowych.W wi\u0119kszo\u015bci okresu zatrudnienia by\u0142 zwi\u0105zany ze sprzeda\u017c\u0105, zdobywaniem nowych partner\u00f3w oraz rozwojem gamy produktowej.<br \/>\n[\/et_pb_text][\/et_pb_column][\/et_pb_row][\/et_pb_section]<\/p>\n","protected":false},"excerpt":{"rendered":"<p>[et_pb_breadcrumbs _builder_version=&#8221;3.0.47&#8243; global_colors_info=&#8221;{}&#8221;][\/et_pb_breadcrumbs]PRELEGENT PRZEMYS\u0141AW ZYDOR SECO\/WARWICK, DYREKTOR HANDLOWY ZAK\u0141ADU PIEC\u00d3W ATMOSFEROWYCH &nbsp; Przemys\u0142aw Zydor uko\u0144czy\u0142 studia na Wydziale Budowy Maszyn Politechniki Szczeci\u0144skiej z tytu\u0142em Magistra In\u017cyniera.W okresie 1998 &#8211; 2005 zatrudniony by\u0142 w LZT Elterma S.A. na stanowisku konstruktora piec\u00f3w pr\u00f3\u017cniowych.Po wej\u015bciu LZT Elterma w sk\u0142ad Grupy SECO\/WARWICK, w roku 2003, przeniesiony do Dzia\u0142u Sprzeda\u017cy, [&hellip;]<\/p>\n","protected":false},"author":2,"featured_media":0,"parent":7300,"menu_order":0,"comment_status":"closed","ping_status":"closed","template":"","meta":{"_acf_changed":false,"_et_pb_use_builder":"on","_et_pb_old_content":"","_et_gb_content_width":"","footnotes":""},"class_list":["post-53102","page","type-page","status-publish"],"acf":[],"_links":{"self":[{"href":"https:\/\/www.secowarwick.com\/pl\/wp-json\/wp\/v2\/pages\/53102","targetHints":{"allow":["GET"]}}],"collection":[{"href":"https:\/\/www.secowarwick.com\/pl\/wp-json\/wp\/v2\/pages"}],"about":[{"href":"https:\/\/www.secowarwick.com\/pl\/wp-json\/wp\/v2\/types\/page"}],"author":[{"embeddable":true,"href":"https:\/\/www.secowarwick.com\/pl\/wp-json\/wp\/v2\/users\/2"}],"replies":[{"embeddable":true,"href":"https:\/\/www.secowarwick.com\/pl\/wp-json\/wp\/v2\/comments?post=53102"}],"version-history":[{"count":1,"href":"https:\/\/www.secowarwick.com\/pl\/wp-json\/wp\/v2\/pages\/53102\/revisions"}],"predecessor-version":[{"id":172479,"href":"https:\/\/www.secowarwick.com\/pl\/wp-json\/wp\/v2\/pages\/53102\/revisions\/172479"}],"up":[{"embeddable":true,"href":"https:\/\/www.secowarwick.com\/pl\/wp-json\/wp\/v2\/pages\/7300"}],"wp:attachment":[{"href":"https:\/\/www.secowarwick.com\/pl\/wp-json\/wp\/v2\/media?parent=53102"}],"curies":[{"name":"wp","href":"https:\/\/api.w.org\/{rel}","templated":true}]}}