{"id":57648,"date":"2017-10-19T09:54:07","date_gmt":"2017-10-19T07:54:07","guid":{"rendered":"http:\/\/www.secowarwick.com\/?page_id=57648\/"},"modified":"2025-02-06T16:29:25","modified_gmt":"2025-02-06T15:29:25","slug":"projekt-unicase-master","status":"publish","type":"page","link":"https:\/\/www.secowarwick.com\/pl\/ospolce\/projekty\/projekt-unicase-master\/","title":{"rendered":"Projekt UniCase Master&reg;"},"content":{"rendered":"<p>[et_pb_section fb_built=&#8221;1&#8243; admin_label=&#8221;section&#8221; _builder_version=&#8221;4.16&#8243; background_color=&#8221;#f8f8f8&#8243; custom_css_main_element=&#8221;min-height: 330px&#8221; transparent_background=&#8221;off&#8221; make_fullwidth=&#8221;off&#8221; use_custom_width=&#8221;off&#8221; width_unit=&#8221;on&#8221; global_colors_info=&#8221;{}&#8221;][et_pb_row admin_label=&#8221;row&#8221; _builder_version=&#8221;4.16&#8243; background_size=&#8221;initial&#8221; background_position=&#8221;top_left&#8221; background_repeat=&#8221;repeat&#8221; global_colors_info=&#8221;{}&#8221;][et_pb_column type=&#8221;4_4&#8243; _builder_version=&#8221;4.16&#8243; custom_padding=&#8221;|||&#8221; global_colors_info=&#8221;{}&#8221; custom_padding__hover=&#8221;|||&#8221;][et_pb_breadcrumbs admin_label=&#8221;Breadcrumbs&#8221; _builder_version=&#8221;3.0.47&#8243; global_colors_info=&#8221;{}&#8221;][\/et_pb_breadcrumbs][et_pb_text admin_label=&#8221;Text&#8221; _builder_version=&#8221;4.16&#8243; header_font=&#8221;|||on|&#8221; background_size=&#8221;initial&#8221; background_position=&#8221;top_left&#8221; background_repeat=&#8221;repeat&#8221; use_border_color=&#8221;off&#8221; border_color=&#8221;#ffffff&#8221; border_style=&#8221;solid&#8221; global_colors_info=&#8221;{}&#8221;]<\/p>\n<h1>Projekt UniCase Master\u00ae<\/h1>\n<p>[\/et_pb_text][\/et_pb_column][\/et_pb_row][\/et_pb_section][et_pb_section fb_built=&#8221;1&#8243; admin_label=&#8221;Section&#8221; _builder_version=&#8221;4.16&#8243; global_colors_info=&#8221;{}&#8221;][et_pb_row admin_label=&#8221;Row&#8221; _builder_version=&#8221;4.16&#8243; background_size=&#8221;initial&#8221; background_position=&#8221;top_left&#8221; background_repeat=&#8221;repeat&#8221; custom_margin=&#8221;-213px|||&#8221; make_fullwidth=&#8221;off&#8221; use_custom_width=&#8221;off&#8221; width_unit=&#8221;on&#8221; global_colors_info=&#8221;{}&#8221; column_structure=&#8221;1_2,1_2&#8243;][et_pb_column type=&#8221;1_2&#8243; _builder_version=&#8221;4.16&#8243; custom_padding=&#8221;|||&#8221; global_colors_info=&#8221;{}&#8221; custom_padding__hover=&#8221;|||&#8221;][et_pb_image src=&#8221;https:\/\/www.secowarwick.com\/wp-content\/uploads\/2017\/10\/fundusze-europejskie-inteli.png&#8221; align=&#8221;center&#8221; align_tablet=&#8221;center&#8221; align_last_edited=&#8221;on|desktop&#8221; admin_label=&#8221;Image&#8221; _builder_version=&#8221;4.23.1&#8243; animation_style=&#8221;slide&#8221; animation_direction=&#8221;bottom&#8221; animation_duration=&#8221;500ms&#8221; animation_intensity_slide=&#8221;10%&#8221; hover_enabled=&#8221;0&#8243; use_border_color=&#8221;off&#8221; border_color=&#8221;#ffffff&#8221; border_style=&#8221;solid&#8221; animation=&#8221;bottom&#8221; sticky=&#8221;off&#8221; always_center_on_mobile=&#8221;on&#8221; global_colors_info=&#8221;{}&#8221; alt=&#8221;Fundusze Europejskie&#8221; sticky_enabled=&#8221;0&#8243; align_phone=&#8221;center&#8221;][\/et_pb_image][\/et_pb_column][et_pb_column type=&#8221;1_2&#8243; _builder_version=&#8221;4.16&#8243; custom_padding=&#8221;|||&#8221; global_colors_info=&#8221;{}&#8221; custom_padding__hover=&#8221;|||&#8221;][et_pb_image src=&#8221;https:\/\/www.secowarwick.com\/wp-content\/uploads\/2017\/10\/eu-regionalny.png&#8221; align=&#8221;center&#8221; align_tablet=&#8221;center&#8221; align_last_edited=&#8221;on|desktop&#8221; admin_label=&#8221;Image&#8221; _builder_version=&#8221;4.23.1&#8243; animation_style=&#8221;slide&#8221; animation_direction=&#8221;bottom&#8221; animation_duration=&#8221;500ms&#8221; animation_intensity_slide=&#8221;10%&#8221; hover_enabled=&#8221;0&#8243; use_border_color=&#8221;off&#8221; border_color=&#8221;#ffffff&#8221; border_style=&#8221;solid&#8221; animation=&#8221;bottom&#8221; sticky=&#8221;off&#8221; always_center_on_mobile=&#8221;on&#8221; global_colors_info=&#8221;{}&#8221; alt=&#8221;Unia Europejska&#8221; sticky_enabled=&#8221;0&#8243; align_phone=&#8221;center&#8221;][\/et_pb_image][\/et_pb_column][\/et_pb_row][et_pb_row admin_label=&#8221;Row&#8221; _builder_version=&#8221;4.16&#8243; background_size=&#8221;initial&#8221; background_position=&#8221;top_left&#8221; background_repeat=&#8221;repeat&#8221; global_colors_info=&#8221;{}&#8221;][et_pb_column type=&#8221;4_4&#8243; _builder_version=&#8221;4.16&#8243; custom_padding=&#8221;|||&#8221; global_colors_info=&#8221;{}&#8221; custom_padding__hover=&#8221;|||&#8221;][et_pb_text admin_label=&#8221;Text&#8221; _builder_version=&#8221;4.16&#8243; background_size=&#8221;initial&#8221; background_position=&#8221;top_left&#8221; background_repeat=&#8221;repeat&#8221; use_border_color=&#8221;off&#8221; border_color=&#8221;#ffffff&#8221; border_style=&#8221;solid&#8221; global_colors_info=&#8221;{}&#8221;]Firma SECO\/WARWICK S.A. na podstawie Umowy o dofinansowanie z dnia 16.06.2016 r., nr POIR.04.01.04-00-0087\/15 w ramach Dzia\u0142ania 1\/4.1.4\/2015 Programu Operacyjnego Inteligentny Rozw\u00f3j 2014-2020 realizuje projekt pt. ,,Urz\u0105dzenie do wysokowydajnej i precyzyjnej obr\u00f3bki cieplnej z uk\u0142adem redukcji odkszta\u0142ce\u0144 hartowniczych do bezpo\u015bredniej aplikacji w \u0142a\u0144cuchu potokowej produkcji element\u00f3w przek\u0142adni mechanicznych i \u0142o\u017cysk\u201d w ramach Konsorcjum z Politechnik\u0105 \u0141\u00f3dzk\u0105.<\/p>\n<p>Celem projektu jest zaprojektowanie, wytworzenie i uruchomienie wielokomorowego urz\u0105dzenia do wysokowydajno\u015bciowej, zindywidualizowanej obr\u00f3bki cieplnej element\u00f3w cz\u0119\u015bci maszyn.<\/p>\n<p>Rezultatem projektu jest rozwi\u0105zanie prowadz\u0105ce do zmniejszenia materia\u0142och\u0142onno\u015bci, energoch\u0142onno\u015bci, wielko\u015bci emisji zanieczyszcze\u0144 produkcji masowej.<\/p>\n<p>Projekt jest wsp\u00f3\u0142finansowany ze \u015brodk\u00f3w Europejskiego Funduszu Rozwoju Regionalnego (EFRR) w wysoko\u015bci 8 642 030,32 PLN Ca\u0142kowity koszt realizacji projektu: 12 939 703,92 PLN<br \/>\n[\/et_pb_text][\/et_pb_column][\/et_pb_row][\/et_pb_section]<\/p>\n","protected":false},"excerpt":{"rendered":"<p>[et_pb_breadcrumbs admin_label=&#8221;Breadcrumbs&#8221; _builder_version=&#8221;3.0.47&#8243; global_colors_info=&#8221;{}&#8221;][\/et_pb_breadcrumbs]Projekt UniCase Master\u00ae Firma SECO\/WARWICK S.A. na podstawie Umowy o dofinansowanie z dnia 16.06.2016 r., nr POIR.04.01.04-00-0087\/15 w ramach Dzia\u0142ania 1\/4.1.4\/2015 Programu Operacyjnego Inteligentny Rozw\u00f3j 2014-2020 realizuje projekt pt. ,,Urz\u0105dzenie do wysokowydajnej i precyzyjnej obr\u00f3bki cieplnej z uk\u0142adem redukcji odkszta\u0142ce\u0144 hartowniczych do bezpo\u015bredniej aplikacji w \u0142a\u0144cuchu potokowej produkcji element\u00f3w przek\u0142adni mechanicznych i [&hellip;]<\/p>\n","protected":false},"author":2,"featured_media":0,"parent":46731,"menu_order":0,"comment_status":"closed","ping_status":"closed","template":"","meta":{"_acf_changed":false,"_et_pb_use_builder":"on","_et_pb_old_content":"","_et_gb_content_width":"","footnotes":""},"class_list":["post-57648","page","type-page","status-publish"],"acf":[],"_links":{"self":[{"href":"https:\/\/www.secowarwick.com\/pl\/wp-json\/wp\/v2\/pages\/57648","targetHints":{"allow":["GET"]}}],"collection":[{"href":"https:\/\/www.secowarwick.com\/pl\/wp-json\/wp\/v2\/pages"}],"about":[{"href":"https:\/\/www.secowarwick.com\/pl\/wp-json\/wp\/v2\/types\/page"}],"author":[{"embeddable":true,"href":"https:\/\/www.secowarwick.com\/pl\/wp-json\/wp\/v2\/users\/2"}],"replies":[{"embeddable":true,"href":"https:\/\/www.secowarwick.com\/pl\/wp-json\/wp\/v2\/comments?post=57648"}],"version-history":[{"count":1,"href":"https:\/\/www.secowarwick.com\/pl\/wp-json\/wp\/v2\/pages\/57648\/revisions"}],"predecessor-version":[{"id":171725,"href":"https:\/\/www.secowarwick.com\/pl\/wp-json\/wp\/v2\/pages\/57648\/revisions\/171725"}],"up":[{"embeddable":true,"href":"https:\/\/www.secowarwick.com\/pl\/wp-json\/wp\/v2\/pages\/46731"}],"wp:attachment":[{"href":"https:\/\/www.secowarwick.com\/pl\/wp-json\/wp\/v2\/media?parent=57648"}],"curies":[{"name":"wp","href":"https:\/\/api.w.org\/{rel}","templated":true}]}}