{"id":57654,"date":"2017-10-19T10:14:02","date_gmt":"2017-10-19T08:14:02","guid":{"rendered":"http:\/\/www.secowarwick.com\/?page_id=57654\/"},"modified":"2025-01-13T07:39:28","modified_gmt":"2025-01-13T06:39:28","slug":"projekt-zeroflow-feedback-control","status":"publish","type":"page","link":"https:\/\/www.secowarwick.com\/pl\/ospolce\/projekty\/projekt-zeroflow-feedback-control\/","title":{"rendered":"Projekt ZeroFlow\u00ae Feedback Control"},"content":{"rendered":"<p>[et_pb_section fb_built=&#8221;1&#8243; admin_label=&#8221;Section&#8221; _builder_version=&#8221;4.16&#8243; background_color=&#8221;#f8f8f8&#8243; custom_css_main_element=&#8221;min-height: 330px;&#8221; transparent_background=&#8221;off&#8221; make_fullwidth=&#8221;off&#8221; use_custom_width=&#8221;off&#8221; width_unit=&#8221;on&#8221; global_colors_info=&#8221;{}&#8221;][et_pb_row admin_label=&#8221;Row&#8221; _builder_version=&#8221;4.16&#8243; background_size=&#8221;initial&#8221; background_position=&#8221;top_left&#8221; background_repeat=&#8221;repeat&#8221; global_colors_info=&#8221;{}&#8221;][et_pb_column type=&#8221;4_4&#8243; _builder_version=&#8221;4.16&#8243; custom_padding=&#8221;|||&#8221; global_colors_info=&#8221;{}&#8221; custom_padding__hover=&#8221;|||&#8221;][et_pb_breadcrumbs admin_label=&#8221;Breadcrumbs&#8221; _builder_version=&#8221;3.0.47&#8243; global_colors_info=&#8221;{}&#8221;][\/et_pb_breadcrumbs][et_pb_text admin_label=&#8221;Text&#8221; _builder_version=&#8221;4.16&#8243; header_font=&#8221;|||on|&#8221; background_size=&#8221;initial&#8221; background_position=&#8221;top_left&#8221; background_repeat=&#8221;repeat&#8221; use_border_color=&#8221;off&#8221; border_color=&#8221;#ffffff&#8221; border_style=&#8221;solid&#8221; global_colors_info=&#8221;{}&#8221;]<\/p>\n<h1>Projekt ZeroFlow\u00ae Feedback Control<\/h1>\n<p>[\/et_pb_text][\/et_pb_column][\/et_pb_row][\/et_pb_section][et_pb_section fb_built=&#8221;1&#8243; admin_label=&#8221;section&#8221; _builder_version=&#8221;4.16&#8243; background_color=&#8221;rgba(255,255,255,0)&#8221; transparent_background=&#8221;on&#8221; make_fullwidth=&#8221;off&#8221; use_custom_width=&#8221;off&#8221; width_unit=&#8221;on&#8221; global_colors_info=&#8221;{}&#8221;][et_pb_row column_structure=&#8221;1_2,1_2&#8243; admin_label=&#8221;Row&#8221; _builder_version=&#8221;4.16&#8243; background_color=&#8221;rgba(0,0,0,0)&#8221; background_size=&#8221;initial&#8221; background_position=&#8221;top_left&#8221; background_repeat=&#8221;repeat&#8221; custom_margin=&#8221;-143px|||&#8221; make_fullwidth=&#8221;off&#8221; use_custom_width=&#8221;off&#8221; width_unit=&#8221;on&#8221; global_colors_info=&#8221;{}&#8221;][et_pb_column type=&#8221;1_2&#8243; _builder_version=&#8221;4.16&#8243; custom_padding=&#8221;|||&#8221; global_colors_info=&#8221;{}&#8221; custom_padding__hover=&#8221;|||&#8221;][et_pb_image src=&#8221;https:\/\/www.secowarwick.com\/wp-content\/uploads\/2017\/10\/fundusze-europejskie-inteli.png&#8221; alt=&#8221;Fundusze Europejskie\/Inteligentny Rozw\u00f3j &#8221; align=&#8221;center&#8221; align_tablet=&#8221;center&#8221; align_phone=&#8221;center&#8221; align_last_edited=&#8221;on|desktop&#8221; admin_label=&#8221;Image&#8221; _builder_version=&#8221;4.23.1&#8243; custom_margin=&#8221;-70px|||&#8221; animation_style=&#8221;slide&#8221; animation_direction=&#8221;bottom&#8221; animation_duration=&#8221;500ms&#8221; animation_intensity_slide=&#8221;10%&#8221; hover_enabled=&#8221;0&#8243; use_border_color=&#8221;off&#8221; border_color=&#8221;#ffffff&#8221; border_style=&#8221;solid&#8221; animation=&#8221;bottom&#8221; sticky=&#8221;off&#8221; always_center_on_mobile=&#8221;on&#8221; global_colors_info=&#8221;{}&#8221; sticky_enabled=&#8221;0&#8243;][\/et_pb_image][\/et_pb_column][et_pb_column type=&#8221;1_2&#8243; _builder_version=&#8221;4.16&#8243; custom_padding=&#8221;|||&#8221; global_colors_info=&#8221;{}&#8221; custom_padding__hover=&#8221;|||&#8221;][et_pb_image src=&#8221;https:\/\/www.secowarwick.com\/wp-content\/uploads\/2017\/10\/eu-regionalny.png&#8221; alt=&#8221;Unia Europejska\/Europejski Fundusz Rozwoju Regionalnego&#8221; align=&#8221;center&#8221; align_tablet=&#8221;center&#8221; align_phone=&#8221;center&#8221; align_last_edited=&#8221;on|desktop&#8221; admin_label=&#8221;Image&#8221; _builder_version=&#8221;4.23.1&#8243; custom_margin=&#8221;-70px|||&#8221; animation_style=&#8221;slide&#8221; animation_direction=&#8221;bottom&#8221; animation_duration=&#8221;500ms&#8221; animation_intensity_slide=&#8221;10%&#8221; hover_enabled=&#8221;0&#8243; use_border_color=&#8221;off&#8221; border_color=&#8221;#ffffff&#8221; border_style=&#8221;solid&#8221; animation=&#8221;bottom&#8221; sticky=&#8221;off&#8221; always_center_on_mobile=&#8221;on&#8221; global_colors_info=&#8221;{}&#8221; sticky_enabled=&#8221;0&#8243;][\/et_pb_image][\/et_pb_column][\/et_pb_row][et_pb_row admin_label=&#8221;row&#8221; _builder_version=&#8221;4.16&#8243; background_size=&#8221;initial&#8221; background_position=&#8221;top_left&#8221; background_repeat=&#8221;repeat&#8221; global_colors_info=&#8221;{}&#8221;][et_pb_column type=&#8221;4_4&#8243; _builder_version=&#8221;4.16&#8243; custom_padding=&#8221;|||&#8221; global_colors_info=&#8221;{}&#8221; custom_padding__hover=&#8221;|||&#8221;][et_pb_text admin_label=&#8221;Text&#8221; _builder_version=&#8221;4.16&#8243; background_size=&#8221;initial&#8221; background_position=&#8221;top_left&#8221; background_repeat=&#8221;repeat&#8221; use_border_color=&#8221;off&#8221; border_color=&#8221;#ffffff&#8221; border_style=&#8221;solid&#8221; global_colors_info=&#8221;{}&#8221;]Firma SECO\/WARWICK S.A. na podstawie Umowy o dofinansowanie z dnia 11.09.2017 r., nr POIR.04.01.04-00-0010\/16 w ramach Dzia\u0142ania 1\/4.1.4\/2016 Programu Operacyjnego Inteligentny Rozw\u00f3j 2014-2020 realizuje projekt pt. ,, Opracowanie nowej generacji piec\u00f3w do azotowania z technologi\u0105 ZeroFlow\u00ae Feedback Control\u201d w ramach Konsorcjum z Politechnik\u0105 Pozna\u0144sk\u0105.<\/p>\n<p>Celem projektu jest opracowanie i wdro\u017cenie nowej generacji piec\u00f3w do azotowania z technologi\u0105 ZeroFlow\u00ae Feedback Control (ZFC).<\/p>\n<p>Wdro\u017cenie technologii ZeroFlow\u00ae Feedback Control pozwoli zwi\u0119kszy\u0107 w praktyce przemys\u0142owej dok\u0142adno\u015b\u0107 i powtarzalno\u015b\u0107 wytwarzania warstw azotowanych na odpowiedzialnych podzespo\u0142ach maszyn, pojazd\u00f3w samochodowych i lotniczych. Efekty projektu b\u0119d\u0105 mia\u0142y wp\u0142yw na popraw\u0119 jako\u015bci odpowiedzialnych cz\u0119\u015bci, co przyczyni si\u0119 do zwi\u0119kszenia bezpiecze\u0144stwa i wyd\u0142u\u017cenia ich trwa\u0142o\u015bci.<\/p>\n<p>Technologia ZeroFlow\u00ae Feedback Control wyeliminuje konieczno\u015b\u0107 przeprowadzania cz\u0119sto kosztownych proces\u00f3w pr\u00f3bnych celem wyznaczania przebiegu parametr\u00f3w (temperatura, potencja\u0142 atmosfery, czas).<\/p>\n<p>Projekt jest wsp\u00f3\u0142finansowany ze \u015brodk\u00f3w Europejskiego Funduszu Rozwoju Regionalnego (EFRR) w wysoko\u015bci 6 445 202,40 PLN<\/p>\n<p>Ca\u0142kowity koszt realizacji projektu: 8 880 358,50 PLN<br \/>\n[\/et_pb_text][\/et_pb_column][\/et_pb_row][\/et_pb_section]<\/p>\n","protected":false},"excerpt":{"rendered":"<p>[et_pb_breadcrumbs admin_label=&#8221;Breadcrumbs&#8221; _builder_version=&#8221;3.0.47&#8243; global_colors_info=&#8221;{}&#8221;][\/et_pb_breadcrumbs]Projekt ZeroFlow\u00ae Feedback Control Firma SECO\/WARWICK S.A. na podstawie Umowy o dofinansowanie z dnia 11.09.2017 r., nr POIR.04.01.04-00-0010\/16 w ramach Dzia\u0142ania 1\/4.1.4\/2016 Programu Operacyjnego Inteligentny Rozw\u00f3j 2014-2020 realizuje projekt pt. ,, Opracowanie nowej generacji piec\u00f3w do azotowania z technologi\u0105 ZeroFlow\u00ae Feedback Control\u201d w ramach Konsorcjum z Politechnik\u0105 Pozna\u0144sk\u0105. Celem projektu jest opracowanie [&hellip;]<\/p>\n","protected":false},"author":2,"featured_media":0,"parent":46731,"menu_order":0,"comment_status":"closed","ping_status":"closed","template":"","meta":{"_acf_changed":false,"_et_pb_use_builder":"on","_et_pb_old_content":"","_et_gb_content_width":"","footnotes":""},"class_list":["post-57654","page","type-page","status-publish"],"acf":[],"_links":{"self":[{"href":"https:\/\/www.secowarwick.com\/pl\/wp-json\/wp\/v2\/pages\/57654","targetHints":{"allow":["GET"]}}],"collection":[{"href":"https:\/\/www.secowarwick.com\/pl\/wp-json\/wp\/v2\/pages"}],"about":[{"href":"https:\/\/www.secowarwick.com\/pl\/wp-json\/wp\/v2\/types\/page"}],"author":[{"embeddable":true,"href":"https:\/\/www.secowarwick.com\/pl\/wp-json\/wp\/v2\/users\/2"}],"replies":[{"embeddable":true,"href":"https:\/\/www.secowarwick.com\/pl\/wp-json\/wp\/v2\/comments?post=57654"}],"version-history":[{"count":2,"href":"https:\/\/www.secowarwick.com\/pl\/wp-json\/wp\/v2\/pages\/57654\/revisions"}],"predecessor-version":[{"id":168792,"href":"https:\/\/www.secowarwick.com\/pl\/wp-json\/wp\/v2\/pages\/57654\/revisions\/168792"}],"up":[{"embeddable":true,"href":"https:\/\/www.secowarwick.com\/pl\/wp-json\/wp\/v2\/pages\/46731"}],"wp:attachment":[{"href":"https:\/\/www.secowarwick.com\/pl\/wp-json\/wp\/v2\/media?parent=57654"}],"curies":[{"name":"wp","href":"https:\/\/api.w.org\/{rel}","templated":true}]}}