{"id":57657,"date":"2017-10-19T10:22:42","date_gmt":"2017-10-19T08:22:42","guid":{"rendered":"http:\/\/www.secowarwick.com\/?page_id=57657\/"},"modified":"2025-02-06T16:28:17","modified_gmt":"2025-02-06T15:28:17","slug":"wsparcie-z-funduszy-unijnych","status":"publish","type":"page","link":"https:\/\/www.secowarwick.com\/pl\/ospolce\/projekty\/wsparcie-z-funduszy-unijnych\/","title":{"rendered":"Wsparcie z funduszy unijnych"},"content":{"rendered":"<p>[et_pb_section fb_built=&#8221;1&#8243; admin_label=&#8221;section&#8221; _builder_version=&#8221;4.16&#8243; background_color=&#8221;#f8f8f8&#8243; transparent_background=&#8221;off&#8221; make_fullwidth=&#8221;off&#8221; use_custom_width=&#8221;off&#8221; width_unit=&#8221;on&#8221; global_colors_info=&#8221;{}&#8221;][et_pb_row admin_label=&#8221;row&#8221; _builder_version=&#8221;4.16&#8243; background_size=&#8221;initial&#8221; background_position=&#8221;top_left&#8221; background_repeat=&#8221;repeat&#8221; global_colors_info=&#8221;{}&#8221; column_structure=&#8221;2_3,1_3&#8243;][et_pb_column type=&#8221;2_3&#8243; _builder_version=&#8221;4.16&#8243; custom_padding=&#8221;|||&#8221; global_colors_info=&#8221;{}&#8221; custom_padding__hover=&#8221;|||&#8221;][et_pb_breadcrumbs admin_label=&#8221;Breadcrumbs&#8221; _builder_version=&#8221;3.0.47&#8243; global_colors_info=&#8221;{}&#8221;][\/et_pb_breadcrumbs][et_pb_text admin_label=&#8221;Text&#8221; _builder_version=&#8221;4.16&#8243; background_size=&#8221;initial&#8221; background_position=&#8221;top_left&#8221; background_repeat=&#8221;repeat&#8221; use_border_color=&#8221;off&#8221; border_color=&#8221;#ffffff&#8221; border_style=&#8221;solid&#8221; global_colors_info=&#8221;{}&#8221;]<\/p>\n<h1>WSPARCIE Z FUNDUSZY UNIJNYCH<\/h1>\n<p>&nbsp;<\/p>\n<p>Projekt realizowany w ramach programu Wsparcie inwestycji B+R w przedsi\u0119biorstwach, Program Operacyjny Innowacyjna Gospodarka 2007-2013 z Polsk\u0105 Agencj\u0105 Rozwoju Przedsi\u0119biorczo\u015bci, Inwestycje w innowacyjne przedsi\u0119biorstwa, Dzia\u0142anie 4.2.<br \/>\n[\/et_pb_text][\/et_pb_column][et_pb_column type=&#8221;1_3&#8243; _builder_version=&#8221;4.16&#8243; custom_padding=&#8221;|||&#8221; global_colors_info=&#8221;{}&#8221; custom_padding__hover=&#8221;|||&#8221;][et_pb_text admin_label=&#8221;projekty-dokumenty-do-dodania&#8221; _builder_version=&#8221;4.16&#8243; background_size=&#8221;initial&#8221; background_position=&#8221;top_left&#8221; background_repeat=&#8221;repeat&#8221; custom_margin=&#8221;80px|||&#8221; use_border_color=&#8221;off&#8221; border_color=&#8221;#ffffff&#8221; border_style=&#8221;solid&#8221; saved_tabs=&#8221;all&#8221; global_colors_info=&#8221;{}&#8221;]<span style=\"font-size: 18pt;\"><strong>DOKUMENTY DO POBRANIA<\/strong><\/span><\/p>\n<p><span style=\"color: #dc291e;\">\/<\/span><span style=\"color: #000000;\"><a style=\"color: #000000;\" href=\"https:\/\/www.secowarwick.com\/wp-content\/uploads\/2017\/03\/Formularz-oferty-dla-projektow-UE2.docx\" target=\"_blank\" rel=\"noopener noreferrer\">FORMULARZ OFERTY dla projekt\u00f3w EU<\/a>&nbsp;(word.)<\/span><\/p>\n<p><span style=\"color: #dc291e;\">\/<\/span><span style=\"color: #000000;\"><a style=\"color: #000000;\" href=\"https:\/\/www.secowarwick.com\/wp-content\/uploads\/2017\/03\/Formularz-oferty-dla-pozostaych-projektow2.docx\" target=\"_blank\" rel=\"noopener noreferrer\">FORMULARZ OFERTY dla projekt\u00f3w pozosta\u0142ych<\/a>&nbsp;(word.)<\/span><\/p>\n<p><span style=\"color: #dc291e;\">\/<\/span><span style=\"color: #000000;\"><a style=\"color: #000000;\" href=\"https:\/\/www.secowarwick.com\/wp-content\/uploads\/2017\/03\/Regulamin-Warunkow-Zamowienia.pdf\" target=\"_blank\" rel=\"noopener noreferrer\">REGULAMIN<\/a>&nbsp;(pdf.)<\/span><\/p>\n<p>&nbsp;<br \/>\n[\/et_pb_text][\/et_pb_column][\/et_pb_row][\/et_pb_section][et_pb_section fb_built=&#8221;1&#8243; admin_label=&#8221;Section&#8221; _builder_version=&#8221;4.16&#8243; global_colors_info=&#8221;{}&#8221;][et_pb_row admin_label=&#8221;Row&#8221; _builder_version=&#8221;4.16&#8243; background_size=&#8221;initial&#8221; background_position=&#8221;top_left&#8221; background_repeat=&#8221;repeat&#8221; global_colors_info=&#8221;{}&#8221; column_structure=&#8221;2_3,1_3&#8243;][et_pb_column type=&#8221;2_3&#8243; _builder_version=&#8221;4.16&#8243; custom_padding=&#8221;|||&#8221; global_colors_info=&#8221;{}&#8221; custom_padding__hover=&#8221;|||&#8221;][et_pb_image src=&#8221;https:\/\/www.secowarwick.com\/wp-content\/uploads\/2017\/10\/dotacje-na-innowacje.png&#8221; align_tablet=&#8221;center&#8221; align_last_edited=&#8221;on|desktop&#8221; admin_label=&#8221;Image&#8221; _builder_version=&#8221;4.23.1&#8243; animation_style=&#8221;slide&#8221; animation_direction=&#8221;left&#8221; animation_duration=&#8221;500ms&#8221; animation_intensity_slide=&#8221;10%&#8221; hover_enabled=&#8221;0&#8243; use_border_color=&#8221;off&#8221; border_color=&#8221;#ffffff&#8221; border_style=&#8221;solid&#8221; animation=&#8221;left&#8221; sticky=&#8221;off&#8221; always_center_on_mobile=&#8221;on&#8221; global_colors_info=&#8221;{}&#8221; alt=&#8221;Dotacje na innowacje&#8221; sticky_enabled=&#8221;0&#8243; align_phone=&#8221;center&#8221;][\/et_pb_image][\/et_pb_column][et_pb_column type=&#8221;1_3&#8243; _builder_version=&#8221;4.16&#8243; custom_padding=&#8221;|||&#8221; global_colors_info=&#8221;{}&#8221; custom_padding__hover=&#8221;|||&#8221;][\/et_pb_column][\/et_pb_row][\/et_pb_section]<\/p>\n","protected":false},"excerpt":{"rendered":"<p>[et_pb_breadcrumbs admin_label=&#8221;Breadcrumbs&#8221; _builder_version=&#8221;3.0.47&#8243; global_colors_info=&#8221;{}&#8221;][\/et_pb_breadcrumbs]WSPARCIE Z FUNDUSZY UNIJNYCH &nbsp; Projekt realizowany w ramach programu Wsparcie inwestycji B+R w przedsi\u0119biorstwach, Program Operacyjny Innowacyjna Gospodarka 2007-2013 z Polsk\u0105 Agencj\u0105 Rozwoju Przedsi\u0119biorczo\u015bci, Inwestycje w innowacyjne przedsi\u0119biorstwa, Dzia\u0142anie 4.2. DOKUMENTY DO POBRANIA \/FORMULARZ OFERTY dla projekt\u00f3w EU&nbsp;(word.) \/FORMULARZ OFERTY dla projekt\u00f3w pozosta\u0142ych&nbsp;(word.) \/REGULAMIN&nbsp;(pdf.) &nbsp;<\/p>\n","protected":false},"author":2,"featured_media":0,"parent":46731,"menu_order":0,"comment_status":"closed","ping_status":"closed","template":"","meta":{"_acf_changed":false,"_et_pb_use_builder":"on","_et_pb_old_content":"","_et_gb_content_width":"","footnotes":""},"class_list":["post-57657","page","type-page","status-publish"],"acf":[],"_links":{"self":[{"href":"https:\/\/www.secowarwick.com\/pl\/wp-json\/wp\/v2\/pages\/57657","targetHints":{"allow":["GET"]}}],"collection":[{"href":"https:\/\/www.secowarwick.com\/pl\/wp-json\/wp\/v2\/pages"}],"about":[{"href":"https:\/\/www.secowarwick.com\/pl\/wp-json\/wp\/v2\/types\/page"}],"author":[{"embeddable":true,"href":"https:\/\/www.secowarwick.com\/pl\/wp-json\/wp\/v2\/users\/2"}],"replies":[{"embeddable":true,"href":"https:\/\/www.secowarwick.com\/pl\/wp-json\/wp\/v2\/comments?post=57657"}],"version-history":[{"count":1,"href":"https:\/\/www.secowarwick.com\/pl\/wp-json\/wp\/v2\/pages\/57657\/revisions"}],"predecessor-version":[{"id":171722,"href":"https:\/\/www.secowarwick.com\/pl\/wp-json\/wp\/v2\/pages\/57657\/revisions\/171722"}],"up":[{"embeddable":true,"href":"https:\/\/www.secowarwick.com\/pl\/wp-json\/wp\/v2\/pages\/46731"}],"wp:attachment":[{"href":"https:\/\/www.secowarwick.com\/pl\/wp-json\/wp\/v2\/media?parent=57657"}],"curies":[{"name":"wp","href":"https:\/\/api.w.org\/{rel}","templated":true}]}}