{"id":57675,"date":"2017-10-19T10:40:06","date_gmt":"2017-10-19T08:40:06","guid":{"rendered":"http:\/\/www.secowarwick.com\/?page_id=57675\/"},"modified":"2025-02-06T12:23:47","modified_gmt":"2025-02-06T11:23:47","slug":"programy-krajowe","status":"publish","type":"page","link":"https:\/\/www.secowarwick.com\/pl\/ospolce\/projekty\/programy-krajowe\/","title":{"rendered":"Programy krajowe"},"content":{"rendered":"<p>[et_pb_section fb_built=&#8221;1&#8243; admin_label=&#8221;section&#8221; _builder_version=&#8221;4.16&#8243; background_color=&#8221;#f8f8f8&#8243; custom_padding=&#8221;0px|||&#8221; custom_css_main_element=&#8221;max-height: 370px;&#8221; transparent_background=&#8221;off&#8221; make_fullwidth=&#8221;off&#8221; use_custom_width=&#8221;off&#8221; width_unit=&#8221;on&#8221; global_colors_info=&#8221;{}&#8221;][et_pb_row admin_label=&#8221;row&#8221; _builder_version=&#8221;4.16&#8243; background_size=&#8221;initial&#8221; background_position=&#8221;top_left&#8221; background_repeat=&#8221;repeat&#8221; make_fullwidth=&#8221;off&#8221; use_custom_width=&#8221;off&#8221; width_unit=&#8221;on&#8221; global_colors_info=&#8221;{}&#8221; column_structure=&#8221;2_3,1_3&#8243;][et_pb_column type=&#8221;2_3&#8243; _builder_version=&#8221;4.16&#8243; custom_padding=&#8221;|||&#8221; global_colors_info=&#8221;{}&#8221; custom_padding__hover=&#8221;|||&#8221;][et_pb_breadcrumbs admin_label=&#8221;Breadcrumbs&#8221; _builder_version=&#8221;3.0.47&#8243; global_colors_info=&#8221;{}&#8221;][\/et_pb_breadcrumbs][et_pb_text admin_label=&#8221;Text&#8221; _builder_version=&#8221;4.16&#8243; background_size=&#8221;initial&#8221; background_position=&#8221;top_left&#8221; background_repeat=&#8221;repeat&#8221; use_border_color=&#8221;off&#8221; border_color=&#8221;#ffffff&#8221; border_style=&#8221;solid&#8221; global_colors_info=&#8221;{}&#8221;]<\/p>\n<h1>PROGRAMY KRAJOWE<\/h1>\n<p>&nbsp;<\/p>\n<p>Realizowane we wsp\u00f3\u0142pracy z Narodowym Centrum Bada\u0144 i Rozwoju na wspieranie tworzenia nowoczesnych rozwi\u0105za\u0144 i technologii zwi\u0119kszaj\u0105cych innowacyjno\u015b\u0107&nbsp;<br \/>\n[\/et_pb_text][\/et_pb_column][et_pb_column type=&#8221;1_3&#8243; _builder_version=&#8221;4.16&#8243; custom_padding=&#8221;|||&#8221; global_colors_info=&#8221;{}&#8221; custom_padding__hover=&#8221;|||&#8221;][et_pb_text admin_label=&#8221;projekty-dokumenty-do-dodania&#8221; _builder_version=&#8221;4.16&#8243; background_size=&#8221;initial&#8221; background_position=&#8221;top_left&#8221; background_repeat=&#8221;repeat&#8221; custom_margin=&#8221;80px|||&#8221; use_border_color=&#8221;off&#8221; border_color=&#8221;#ffffff&#8221; border_style=&#8221;solid&#8221; saved_tabs=&#8221;all&#8221; global_colors_info=&#8221;{}&#8221;]<span style=\"font-size: 18pt;\"><strong>DOKUMENTY DO POBRANIA<\/strong><\/span><\/p>\n<p><span style=\"color: #dc291e;\">\/<\/span><span style=\"color: #000000;\"><a style=\"color: #000000;\" href=\"https:\/\/www.secowarwick.com\/wp-content\/uploads\/2017\/03\/Formularz-oferty-dla-projektow-UE2.docx\" target=\"_blank\" rel=\"noopener noreferrer\">FORMULARZ OFERTY dla projekt\u00f3w EU<\/a>&nbsp;(word.)<\/span><\/p>\n<p><span style=\"color: #dc291e;\">\/<\/span><span style=\"color: #000000;\"><a style=\"color: #000000;\" href=\"https:\/\/www.secowarwick.com\/wp-content\/uploads\/2017\/03\/Formularz-oferty-dla-pozostaych-projektow2.docx\" target=\"_blank\" rel=\"noopener noreferrer\">FORMULARZ OFERTY dla projekt\u00f3w pozosta\u0142ych<\/a>&nbsp;(word.)<\/span><\/p>\n<p><span style=\"color: #dc291e;\">\/<\/span><span style=\"color: #000000;\"><a style=\"color: #000000;\" href=\"https:\/\/www.secowarwick.com\/wp-content\/uploads\/2017\/03\/Regulamin-Warunkow-Zamowienia.pdf\" target=\"_blank\" rel=\"noopener noreferrer\">REGULAMIN<\/a>&nbsp;(pdf.)<\/span><\/p>\n<p>&nbsp;<br \/>\n[\/et_pb_text][\/et_pb_column][\/et_pb_row][\/et_pb_section][et_pb_section fb_built=&#8221;1&#8243; admin_label=&#8221;section&#8221; _builder_version=&#8221;4.16&#8243; custom_padding=&#8221;0px|||&#8221; transparent_background=&#8221;off&#8221; make_fullwidth=&#8221;off&#8221; use_custom_width=&#8221;off&#8221; width_unit=&#8221;on&#8221; global_colors_info=&#8221;{}&#8221;][et_pb_row admin_label=&#8221;Row&#8221; _builder_version=&#8221;4.16&#8243; background_color=&#8221;rgba(0,0,0,0)&#8221; background_size=&#8221;initial&#8221; background_position=&#8221;top_left&#8221; background_repeat=&#8221;repeat&#8221; custom_margin=&#8221;-70px|||&#8221; make_fullwidth=&#8221;off&#8221; use_custom_width=&#8221;off&#8221; width_unit=&#8221;on&#8221; global_colors_info=&#8221;{}&#8221; column_structure=&#8221;1_3,1_3,1_3&#8243;][et_pb_column type=&#8221;1_3&#8243; _builder_version=&#8221;4.16&#8243; custom_padding=&#8221;|||&#8221; global_colors_info=&#8221;{}&#8221; custom_padding__hover=&#8221;|||&#8221;][et_pb_text admin_label=&#8221;Text&#8221; _builder_version=&#8221;4.16&#8243; background_size=&#8221;initial&#8221; background_position=&#8221;top_left&#8221; background_repeat=&#8221;repeat&#8221; custom_margin=&#8221;-65px|||&#8221; use_border_color=&#8221;off&#8221; border_color=&#8221;#ffffff&#8221; border_style=&#8221;solid&#8221; global_colors_info=&#8221;{}&#8221;]<span style=\"color: #dc291e;\">\/<\/span>Projekt realizowany w ramach programu \u201eGRAF-TECH\u201d\/ NCBiR w Konsorcjum z INSTYTUTEM TECHNOLOGII MATERIA\u0141\u00d3W ELEKTRONICZNYCH z Warszawy.<br \/>\n[\/et_pb_text][et_pb_text admin_label=&#8221;Text&#8221; _builder_version=&#8221;4.16&#8243; background_size=&#8221;initial&#8221; background_position=&#8221;top_left&#8221; background_repeat=&#8221;repeat&#8221; use_border_color=&#8221;off&#8221; border_color=&#8221;#ffffff&#8221; border_style=&#8221;solid&#8221; global_colors_info=&#8221;{}&#8221;]<span style=\"color: #dc291e;\">\/<\/span>Projekt realizowany w ramach programu \u201eGRAF-TECH\u201d\/ NCBiR w Konsorcjum z POLITECHNIK\u0104 \u0141\u00d3DZK\u0104.<br \/>\n[\/et_pb_text][\/et_pb_column][et_pb_column type=&#8221;1_3&#8243; _builder_version=&#8221;4.16&#8243; custom_padding=&#8221;|||&#8221; global_colors_info=&#8221;{}&#8221; custom_padding__hover=&#8221;|||&#8221;][et_pb_image src=&#8221;https:\/\/www.secowarwick.com\/wp-content\/uploads\/2017\/04\/graf1.jpg&#8221; align_tablet=&#8221;center&#8221; align_last_edited=&#8221;on|desktop&#8221; admin_label=&#8221;Image&#8221; _builder_version=&#8221;4.23.1&#8243; custom_margin=&#8221;-65px|||&#8221; animation_style=&#8221;slide&#8221; animation_direction=&#8221;left&#8221; animation_duration=&#8221;500ms&#8221; animation_intensity_slide=&#8221;10%&#8221; hover_enabled=&#8221;0&#8243; use_border_color=&#8221;off&#8221; border_color=&#8221;#ffffff&#8221; border_style=&#8221;solid&#8221; animation=&#8221;left&#8221; sticky=&#8221;off&#8221; always_center_on_mobile=&#8221;on&#8221; global_colors_info=&#8221;{}&#8221; alt=&#8221;Graf&#8221; sticky_enabled=&#8221;0&#8243; align_phone=&#8221;center&#8221;][\/et_pb_image][et_pb_image src=&#8221;https:\/\/www.secowarwick.com\/wp-content\/uploads\/2017\/04\/graf2.jpg&#8221; align_tablet=&#8221;center&#8221; align_last_edited=&#8221;on|desktop&#8221; admin_label=&#8221;Image&#8221; _builder_version=&#8221;4.23.1&#8243; animation_style=&#8221;slide&#8221; animation_direction=&#8221;left&#8221; animation_duration=&#8221;500ms&#8221; animation_intensity_slide=&#8221;10%&#8221; hover_enabled=&#8221;0&#8243; use_border_color=&#8221;off&#8221; border_color=&#8221;#ffffff&#8221; border_style=&#8221;solid&#8221; animation=&#8221;left&#8221; sticky=&#8221;off&#8221; always_center_on_mobile=&#8221;on&#8221; global_colors_info=&#8221;{}&#8221; alt=&#8221;Graf&#8221; sticky_enabled=&#8221;0&#8243; align_phone=&#8221;center&#8221;][\/et_pb_image][\/et_pb_column][et_pb_column type=&#8221;1_3&#8243; _builder_version=&#8221;4.16&#8243; custom_padding=&#8221;|||&#8221; global_colors_info=&#8221;{}&#8221; custom_padding__hover=&#8221;|||&#8221;][\/et_pb_column][\/et_pb_row][et_pb_row admin_label=&#8221;row&#8221; _builder_version=&#8221;4.16&#8243; background_size=&#8221;initial&#8221; background_position=&#8221;top_left&#8221; background_repeat=&#8221;repeat&#8221; make_fullwidth=&#8221;off&#8221; use_custom_width=&#8221;off&#8221; width_unit=&#8221;on&#8221; global_colors_info=&#8221;{}&#8221; column_structure=&#8221;2_3,1_3&#8243;][et_pb_column type=&#8221;2_3&#8243; _builder_version=&#8221;4.16&#8243; custom_padding=&#8221;|||&#8221; global_colors_info=&#8221;{}&#8221; custom_padding__hover=&#8221;|||&#8221;][et_pb_text admin_label=&#8221;Text&#8221; _builder_version=&#8221;4.16&#8243; background_size=&#8221;initial&#8221; background_position=&#8221;top_left&#8221; background_repeat=&#8221;repeat&#8221; custom_margin=&#8221;-80px|||&#8221; custom_margin_tablet=&#8221;&#8221; custom_margin_phone=&#8221;&#8221; custom_margin_last_edited=&#8221;on|tablet&#8221; use_border_color=&#8221;off&#8221; border_color=&#8221;#ffffff&#8221; border_style=&#8221;solid&#8221; global_colors_info=&#8221;{}&#8221;]&nbsp;<\/p>\n<p><span style=\"color: #dc291e;\">&nbsp;<\/span><\/p>\n<p>&nbsp;<\/p>\n<p><a href=\"https:\/\/www.secowarwick.com\/wp-content\/uploads\/2017\/04\/hart.jpg\"><img decoding=\"async\" class=\"alignnone size-full wp-image-46760\" src=\"https:\/\/www.secowarwick.com\/wp-content\/uploads\/2017\/04\/hart.jpg\" alt=\"hart\" width=\"501\" height=\"66\" srcset=\"https:\/\/www.secowarwick.com\/wp-content\/uploads\/2017\/04\/hart.jpg 501w, https:\/\/www.secowarwick.com\/wp-content\/uploads\/2017\/04\/hart-150x20.jpg 150w, https:\/\/www.secowarwick.com\/wp-content\/uploads\/2017\/04\/hart-300x40.jpg 300w\" sizes=\"(max-width: 501px) 100vw, 501px\" \/><\/a><\/p>\n<p>&nbsp;<\/p>\n<p>&nbsp;<\/p>\n<p><a href=\"https:\/\/www.secowarwick.com\/wp-content\/uploads\/2017\/04\/inno.jpg\"><img decoding=\"async\" class=\"alignnone size-full wp-image-46767\" src=\"https:\/\/www.secowarwick.com\/wp-content\/uploads\/2017\/04\/inno.jpg\" alt=\"inno\" width=\"501\" height=\"87\" srcset=\"https:\/\/www.secowarwick.com\/wp-content\/uploads\/2017\/04\/inno.jpg 501w, https:\/\/www.secowarwick.com\/wp-content\/uploads\/2017\/04\/inno-150x26.jpg 150w, https:\/\/www.secowarwick.com\/wp-content\/uploads\/2017\/04\/inno-300x52.jpg 300w\" sizes=\"(max-width: 501px) 100vw, 501px\" \/><\/a><\/p>\n<p>&nbsp;<\/p>\n<p>Projekt realizowany w ramach Przedsi\u0119wzi\u0119cia pilota\u017cowego: wsparcie bada\u0144 naukowych i prac rozwojowych w skali demonstracyjnej&nbsp;Demonstrator+\/ NCBiR w Konsorcjum z&nbsp;Hart Tech i Politechnik\u0105 \u0141\u00f3dzk\u0105.<br \/>\n[\/et_pb_text][\/et_pb_column][et_pb_column type=&#8221;1_3&#8243; _builder_version=&#8221;4.16&#8243; custom_padding=&#8221;|||&#8221; global_colors_info=&#8221;{}&#8221; custom_padding__hover=&#8221;|||&#8221;][\/et_pb_column][\/et_pb_row][et_pb_row admin_label=&#8221;Row&#8221; _builder_version=&#8221;4.16&#8243; background_size=&#8221;initial&#8221; background_position=&#8221;top_left&#8221; background_repeat=&#8221;repeat&#8221; global_colors_info=&#8221;{}&#8221; column_structure=&#8221;1_3,1_3,1_3&#8243;][et_pb_column type=&#8221;1_3&#8243; _builder_version=&#8221;4.16&#8243; custom_padding=&#8221;|||&#8221; global_colors_info=&#8221;{}&#8221; custom_padding__hover=&#8221;|||&#8221;][et_pb_text admin_label=&#8221;Text&#8221; _builder_version=&#8221;4.16&#8243; background_size=&#8221;initial&#8221; background_position=&#8221;top_left&#8221; background_repeat=&#8221;repeat&#8221; use_border_color=&#8221;off&#8221; border_color=&#8221;#ffffff&#8221; border_style=&#8221;solid&#8221; global_colors_info=&#8221;{}&#8221;]<span style=\"color: #dc291e;\">\/<\/span>Projekt realizowany w ramach I edycji programu INNOTECH w \u015bcie\u017cce programowej IN-TECH w&nbsp;konsorcjum z Politechnik\u0105 \u0141\u00f3dzk\u0105.<br \/>\n[\/et_pb_text][\/et_pb_column][et_pb_column type=&#8221;1_3&#8243; _builder_version=&#8221;4.16&#8243; custom_padding=&#8221;|||&#8221; global_colors_info=&#8221;{}&#8221; custom_padding__hover=&#8221;|||&#8221;][et_pb_image src=&#8221;https:\/\/www.secowarwick.com\/wp-content\/uploads\/2017\/04\/bb.jpg&#8221; align_tablet=&#8221;center&#8221; align_last_edited=&#8221;on|desktop&#8221; admin_label=&#8221;Image&#8221; _builder_version=&#8221;4.23.1&#8243; animation_style=&#8221;slide&#8221; animation_direction=&#8221;left&#8221; animation_duration=&#8221;500ms&#8221; animation_intensity_slide=&#8221;10%&#8221; hover_enabled=&#8221;0&#8243; use_border_color=&#8221;off&#8221; border_color=&#8221;#ffffff&#8221; border_style=&#8221;solid&#8221; animation=&#8221;left&#8221; sticky=&#8221;off&#8221; always_center_on_mobile=&#8221;on&#8221; global_colors_info=&#8221;{}&#8221; alt=&#8221;INNOTECH&#8221; sticky_enabled=&#8221;0&#8243; align_phone=&#8221;center&#8221;][\/et_pb_image][\/et_pb_column][et_pb_column type=&#8221;1_3&#8243; _builder_version=&#8221;4.16&#8243; custom_padding=&#8221;|||&#8221; global_colors_info=&#8221;{}&#8221; custom_padding__hover=&#8221;|||&#8221;][\/et_pb_column][\/et_pb_row][\/et_pb_section]<\/p>\n","protected":false},"excerpt":{"rendered":"<p>[et_pb_breadcrumbs admin_label=&#8221;Breadcrumbs&#8221; _builder_version=&#8221;3.0.47&#8243; global_colors_info=&#8221;{}&#8221;][\/et_pb_breadcrumbs]PROGRAMY KRAJOWE &nbsp; Realizowane we wsp\u00f3\u0142pracy z Narodowym Centrum Bada\u0144 i Rozwoju na wspieranie tworzenia nowoczesnych rozwi\u0105za\u0144 i technologii zwi\u0119kszaj\u0105cych innowacyjno\u015b\u0107&nbsp; DOKUMENTY DO POBRANIA \/FORMULARZ OFERTY dla projekt\u00f3w EU&nbsp;(word.) \/FORMULARZ OFERTY dla projekt\u00f3w pozosta\u0142ych&nbsp;(word.) \/REGULAMIN&nbsp;(pdf.) &nbsp; \/Projekt realizowany w ramach programu \u201eGRAF-TECH\u201d\/ NCBiR w Konsorcjum z INSTYTUTEM TECHNOLOGII MATERIA\u0141\u00d3W ELEKTRONICZNYCH z Warszawy. [&hellip;]<\/p>\n","protected":false},"author":2,"featured_media":0,"parent":46731,"menu_order":0,"comment_status":"closed","ping_status":"closed","template":"","meta":{"_acf_changed":false,"_et_pb_use_builder":"on","_et_pb_old_content":"","_et_gb_content_width":"","footnotes":""},"class_list":["post-57675","page","type-page","status-publish"],"acf":[],"_links":{"self":[{"href":"https:\/\/www.secowarwick.com\/pl\/wp-json\/wp\/v2\/pages\/57675","targetHints":{"allow":["GET"]}}],"collection":[{"href":"https:\/\/www.secowarwick.com\/pl\/wp-json\/wp\/v2\/pages"}],"about":[{"href":"https:\/\/www.secowarwick.com\/pl\/wp-json\/wp\/v2\/types\/page"}],"author":[{"embeddable":true,"href":"https:\/\/www.secowarwick.com\/pl\/wp-json\/wp\/v2\/users\/2"}],"replies":[{"embeddable":true,"href":"https:\/\/www.secowarwick.com\/pl\/wp-json\/wp\/v2\/comments?post=57675"}],"version-history":[{"count":1,"href":"https:\/\/www.secowarwick.com\/pl\/wp-json\/wp\/v2\/pages\/57675\/revisions"}],"predecessor-version":[{"id":171700,"href":"https:\/\/www.secowarwick.com\/pl\/wp-json\/wp\/v2\/pages\/57675\/revisions\/171700"}],"up":[{"embeddable":true,"href":"https:\/\/www.secowarwick.com\/pl\/wp-json\/wp\/v2\/pages\/46731"}],"wp:attachment":[{"href":"https:\/\/www.secowarwick.com\/pl\/wp-json\/wp\/v2\/media?parent=57675"}],"curies":[{"name":"wp","href":"https:\/\/api.w.org\/{rel}","templated":true}]}}