{"id":58171,"date":"2017-11-17T10:03:40","date_gmt":"2017-11-17T09:03:40","guid":{"rendered":"http:\/\/www.secowarwick.com\/?page_id=58171\/"},"modified":"2018-01-09T10:33:47","modified_gmt":"2018-01-09T09:33:47","slug":"zamowienie-nr-11-1-12017","status":"publish","type":"page","link":"https:\/\/www.secowarwick.com\/pl\/ospolce\/projekty\/zamowienie-nr-11-1-12017\/","title":{"rendered":"ZAM\u00d3WIENIE NR 1\/1.1.1\/2017"},"content":{"rendered":"<p>[et_pb_section bb_built=&#8221;1&#8243; admin_label=&#8221;section&#8221; transparent_background=&#8221;off&#8221; allow_player_pause=&#8221;off&#8221; inner_shadow=&#8221;off&#8221; parallax=&#8221;off&#8221; parallax_method=&#8221;on&#8221; custom_padding=&#8221;0px|||&#8221; make_fullwidth=&#8221;off&#8221; use_custom_width=&#8221;off&#8221; width_unit=&#8221;on&#8221; make_equal=&#8221;off&#8221; use_custom_gutter=&#8221;off&#8221;][et_pb_row admin_label=&#8221;row&#8221; make_fullwidth=&#8221;off&#8221; use_custom_width=&#8221;off&#8221; width_unit=&#8221;on&#8221; use_custom_gutter=&#8221;off&#8221; allow_player_pause=&#8221;off&#8221; parallax=&#8221;off&#8221; parallax_method=&#8221;on&#8221; make_equal=&#8221;off&#8221; parallax_1=&#8221;off&#8221; parallax_method_1=&#8221;off&#8221; parallax_2=&#8221;off&#8221; parallax_method_2=&#8221;off&#8221; background_position=&#8221;top_left&#8221; background_repeat=&#8221;repeat&#8221; background_size=&#8221;initial&#8221;][et_pb_column type=&#8221;2_3&#8243;][et_pb_breadcrumbs \/][et_pb_text background_layout=&#8221;light&#8221; use_border_color=&#8221;off&#8221; custom_margin=&#8221;0px|||&#8221; background_position=&#8221;top_left&#8221; background_repeat=&#8221;repeat&#8221; background_size=&#8221;initial&#8221; _builder_version=&#8221;3.0.92&#8243;]<\/p>\n<h1><strong>Rozstrzygni\u0119cie Zam\u00f3wienia nr 1\/1.1.1\/2017<\/strong><\/h1>\n<h3>Informujemy, i\u017c w wyniku rozstrzygni\u0119cia Zam\u00f3wienia nr 1\/1.1.1\/2017 na dostaw\u0119 licencji na system analityczny dedykowany zagadnieniom predictivemaintenance (predykcyjne utrzymanie ruchu) dokonano wyboru oferty Reliability Solution Sp. z o. o.<\/h3>\n<p>&nbsp;<\/p>\n<p><span style=\"color: #999999;\">ZAM\u00d3WIENIE NR 1\/1.1.1\/2017<\/span><\/p>\n<p><span style=\"color: #999999;\">NA DOSTAW\u0118 LICENCJI NA SYSTEM ANALITYCZNY DEDYKOWANY ZAGADNIENIOM PREDICTIVE MAINTENANCE (PREDYKCYJNE UTRZYMANIE RUCHU)<\/span><\/p>\n<p>[\/et_pb_text][et_pb_text background_layout=&#8221;light&#8221; use_border_color=&#8221;off&#8221; background_position=&#8221;top_left&#8221; background_repeat=&#8221;repeat&#8221; background_size=&#8221;initial&#8221; _builder_version=&#8221;3.0.92&#8243;]<\/p>\n<p><span style=\"color: #808080;\"><strong>1. Zamawiaj\u0105cy:<\/strong><\/span><br \/>\n<span style=\"color: #808080;\"> SECO\/WARWICK SP\u00d3\u0141KA AKCYJNA<\/span><br \/>\n<span style=\"color: #808080;\"> Sobieskiego 8, 66-200 \u015awiebodzin<\/span><br \/>\n<span style=\"color: #808080;\"> NIP: 9270100756,REGON: 970011679, KRS: 0000271014.<\/span><\/p>\n<p>&nbsp;<\/p>\n<p><span style=\"color: #808080;\"><strong>2. Cel realizacji zam\u00f3wienia:<\/strong><\/span><\/p>\n<p><span style=\"color: #808080;\">Na potrzeby realizacji projektu pod roboczym tytu\u0142em \u201eOpracowanie i wdro\u017cenie inteligentnego systemu monitorowania i diagnostyki predykcyjnej dla piec\u00f3w pr\u00f3\u017cniowych Seco\/Warwick zgodnie<\/span><br \/>\n<span style=\"color: #808080;\"> z koncepcj\u0105 industry 4.0\u201d planowanego do realizacji z dofinansowaniem w ramach konkursu 6\/1.1.1\/2017 \u201eSzybka \u015bcie\u017cka\u201d du\u017ce przedsi\u0119biorstwa i konsorcja przedsi\u0119biorstw Priorytet I: Wsparcie prowadzenia prac B+R przez przedsi\u0119biorstwa, Poddzia\u0142anie 1.1.1 Badania przemys\u0142owe<\/span><br \/>\n<span style=\"color: #808080;\"> i prace rozwojowe realizowane przez przedsi\u0119biorstwa, w ramach Programu Operacyjnego Inteligentny Rozw\u00f3j 2014-2020.<\/span><\/p>\n<p>&nbsp;<\/p>\n<p><span style=\"color: #808080;\"><strong>3. Miejsce realizacji zam\u00f3wienia:<\/strong><\/span><\/p>\n<p><span style=\"color: #808080;\">\u015awiebodzin, wojew\u00f3dztwo lubuskie.<\/span><\/p>\n<p>&nbsp;<\/p>\n<p><span style=\"color: #808080;\"><strong>4. Spos\u00f3b upublicznienia Zam\u00f3wienia<\/strong><\/span><\/p>\n<p><span style=\"color: #808080;\">Tre\u015b\u0107 Zam\u00f3wienia zostanie upubliczniona na stronie internetowej Zamawiaj\u0105cego oraz zostanie wys\u0142ane na adresy e-mail trzech przypadkowych znanych Zamawiaj\u0105cemu potencjalnych wykonawc\u00f3w Zam\u00f3wienia.<\/span><\/p>\n<p>&nbsp;<\/p>\n<p><span style=\"color: #808080;\"><strong>5. Opis przedmiotu zam\u00f3wienia:<\/strong><\/span><\/p>\n<p><span style=\"color: #808080;\">Przedmiotem zam\u00f3wienia jest dostarczenie bezterminowej i nieograniczonej co do liczby u\u017cytkownik\u00f3w\/punkt\u00f3w pomiarowych\/ilo\u015bci monitorowanych maszyn\/itp. licencji na system analityczny dedykowany zagadnieniom Predictive Maintenance (predykcyjne utrzymanie ruchu). Poni\u017cej przedstawiono wymagania dot. systemu analitycznego.<\/span><\/p>\n<p><span style=\"color: #808080;\">a) Wykorzystanie metod samoucz\u0105cych<\/span><\/p>\n<p><span style=\"color: #808080;\">Zak\u0142ada si\u0119, \u017ce system analityczny posiada\u0142 b\u0119dzie mechanizmy pozwalaj\u0105ce na bie\u017c\u0105ce douczanie, tj. ci\u0105g\u0142ej poprawy jako\u015bci stworzonego przez system modelu predykcyjnego oraz dopasowywanie si\u0119 do nowych warunk\u00f3w pracy urz\u0105dzenia (np. zmiany w procesie eksploatacji).<\/span><\/p>\n<p><span style=\"color: #808080;\">b) Modu\u0142 wst\u0119pnej obr\u00f3bki danych<\/span><\/p>\n<p><span style=\"color: #808080;\">Zak\u0142ada si\u0119, \u017ce system b\u0119dzie dawa\u0142 mo\u017cliwo\u015b\u0107 wykonania transformat danych wykorzystywanych<\/span><br \/>\n<span style=\"color: #808080;\"> w klasycznych analizach danych oraz analizach szerego-czasowych. Ponadto, system powinien dawa\u0107 mo\u017cliwo\u015b\u0107 dobierania w spos\u00f3b automatyczny standardowych transformat danych, kt\u00f3rych wykonanie wp\u0142ywa na zwi\u0119kszenie mocy predykcyjnej budowanego modelu.<\/span><\/p>\n<p><span style=\"color: #808080;\">c) Modu\u0142 generowania modeli detekcji anomalii<\/span><\/p>\n<p><span style=\"color: #808080;\">System musi dawa\u0107 mo\u017cliwo\u015b\u0107 analizy danych, w szczeg\u00f3lno\u015bci danych o charakterze szerego-czasowym, pod k\u0105tem wykrywania tzw. obserwacji odstaj\u0105cych \u2013 anomalii. Wynikiem modelu powinna by\u0107 nie tylko informacja o poziomie anomalii, ale tak\u017ce informacja o wskazaniu, kt\u00f3re czujniki generuj\u0105 anomali\u0119.<\/span><\/p>\n<p><span style=\"color: #808080;\">d) Modu\u0142 automatycznego generowania modeli predykcyjnych<\/span><\/p>\n<p><span style=\"color: #808080;\">System musi dawa\u0107 mo\u017cliwo\u015b\u0107, na podstawie odpowiednio przetworzonych danych, automatycznego generowania modeli predykcyjnych. Wymagane w tym celu s\u0105 nowoczesne metody sztucznej inteligencji i uczenia maszynowego, w tym Deep Learning (sieci rekurencyjne oraz sieci konwolucyjne), metody drzew decyzyjnych (XGBoost, Random Forest, itp.), metody wektor\u00f3w rozpinaj\u0105cych (ang. SVM). W procesie generowania modeli u\u017cytkownik musi mie\u0107 mo\u017cliwo\u015b\u0107 ustawiania relacji pomi\u0119dzy \u017c\u0105dan\u0105 proporcj\u0119 b\u0142\u0119d\u00f3w pierwszego i drugiego typu (fa\u0142szywe alarmy oraz nieprzewidziane awarie) oraz wymaganego horyzontu czasowego predykcji. Ponadto, relacje te powinny by\u0107 dobierane przez system w spos\u00f3b automatyczny.<\/span><\/p>\n<p><span style=\"color: #808080;\">e) Skalowalna architektura obliczeniowa oparta o procesory GPU<\/span><\/p>\n<p><span style=\"color: #808080;\">System powinien posiada\u0107 modularn\u0105 budow\u0119, gdzie wymagana moc analityczna mo\u017ce by\u0107 rozwi\u0105zywana za pomoc\u0105 do\u0142\u0105czania nowych jednostek obliczeniowych. System musi mie\u0107 mo\u017cliwo\u015b\u0107 wykorzystywania akcelerator\u00f3w graficznych GPU dla celu przyspieszenia oblicze\u0144.<\/span><\/p>\n<p><span style=\"color: #808080;\">f) Mo\u017cliwo\u015b\u0107 \u0142\u0105czenia modeli<\/span><\/p>\n<p><span style=\"color: #808080;\">System powinien dawa\u0107 mo\u017cliwo\u015b\u0107 \u0142\u0105czenie zbudowanych modeli predykcyjnych celem wykonywania predykcji na podstawie kilku modeli (co umo\u017cliwia m.in. wykorzystanie wiedzy niesionej przez r\u00f3\u017cne modele i prowadzi do bardziej precyzyjnych wynik\u00f3w).<\/span><\/p>\n<p><span style=\"color: #808080;\">g) Wykorzystanie baz i struktur danych dedykowanych dla danych w postaci kolumnowej.<\/span><\/p>\n<p><span style=\"color: #808080;\">Wykorzystanie baz relacyjnych do przechowywania oraz przetwarzania du\u017cej ilo\u015bci danych sensorowych jest niewydajne i system powinien wykorzystywa\u0107 nowoczesne technologie w tym zakresie.<\/span><\/p>\n<p><span style=\"color: #808080;\">h) Mo\u017cliwo\u015b\u0107 generowania modeli w postaci uruchamialnej<\/span><\/p>\n<p><span style=\"color: #808080;\">Przez posta\u0107 uruchamialn\u0105 nale\u017cy rozumie\u0107 model, kt\u00f3ry nie wymaga dzia\u0142aj\u0105cej instancji systemu<\/span><br \/>\n<span style=\"color: #808080;\"> i pozwalaj\u0105cej na u\u017cywanie w technologii zgodnej z za\u0142o\u017ceniami koncepcji Edge Analytics. System musi dawa\u0107 mo\u017cliwo\u015b\u0107 generowania modeli do plik\u00f3w, kt\u00f3re daje si\u0119 \u0142atwo wykonywa\u0107 na innych urz\u0105dzeniach. Tak utworzony model musi mie\u0107 mo\u017cliwo\u015b\u0107 tak\u017ce wykonania bie\u017c\u0105cej rekalibracji<\/span><br \/>\n<span style=\"color: #808080;\"> i dostosowywania.<\/span><\/p>\n<p>&nbsp;<\/p>\n<p><span style=\"color: #808080;\"><strong>6. Kod CPV<\/strong><\/span><\/p>\n<p><span style=\"color: #808080;\">48983000-2 Pakiety oprogramowania do opracowywania program\u00f3w<\/span><\/p>\n<p>&nbsp;<\/p>\n<p><span style=\"color: #808080;\"><strong>7. Warunki udzia\u0142u w post\u0119powaniu oraz opis sposobu dokonywania oceny ich spe\u0142niania:<\/strong><\/span><\/p>\n<p><span style=\"color: #808080;\"><u>Warunek 1.:<\/u><\/span><\/p>\n<p><span style=\"color: #808080;\">Dostawca musi posiada\u0107 odpowiednie zasoby osobowe o kwalifikacjach niezb\u0119dnych do wykonania przedmiotu zam\u00f3wienia oraz posiada\u0107 do\u015bwiadczenie we wdro\u017ceniach systemu dedykowanemu PdM w ostatnich 3 latach na terenie Polski, na kwot\u0119 co najmniej 200 000 PLN netto.<\/span><\/p>\n<p><span style=\"color: #808080;\"><u>Ocena spe\u0142nienia Warunku 1.:<\/u><\/span><\/p>\n<p><span style=\"color: #808080;\">Warunek zostanie uznany za spe\u0142niony, je\u017celi Dostawca wraz z ofert\u0105 przed\u0142o\u017cy dokumentacj\u0119 (np. referencje, protok\u00f3\u0142 odbioru wskazuj\u0105ce zrealizowany projekt) wskazuj\u0105c\u0105 zrealizowanie projektu komercyjnego wdro\u017cenia systemu PdM w Polsce w ostatnich 3 latach na kwot\u0119 co najmniej 200 000 PLN netto.<\/span><\/p>\n<p>&nbsp;<\/p>\n<p><span style=\"color: #808080;\"><strong>8. Kryteria oceny oferty, informacja o wagach punktowych lub procentowych przypisanych do poszczeg\u00f3lnych kryteri\u00f3w oceny oferty:<\/strong><\/span><\/p>\n<ol>\n<li><span style=\"color: #808080;\">Cena wykonania dostawy (C) \u2013 waga 100%.<\/span><\/li>\n<\/ol>\n<p>&nbsp;<\/p>\n<p><span style=\"color: #808080;\"><strong>9. Opis sposobu przyznawania punktacji za spe\u0142nienie danego kryterium oceny oferty:<\/strong><\/span><\/p>\n<p><span style=\"color: #808080;\">Ca\u0142kowita liczba punkt\u00f3w jak\u0105 otrzyma oferta b\u0119dzie r\u00f3wna liczbie punkt\u00f3w jak\u0105 otrzyma oferta za ocen\u0119 pod k\u0105tem kryterium 1. Cena wykonania dostawy (C).<\/span><\/p>\n<p><span style=\"color: #808080;\">Liczba punkt\u00f3w uzyskanych za kryterium 1. Cena wykonania dostawy (C) zostanie wyliczona wed\u0142ug wzoru: C = (najni\u017csza oferowana cena netto w post\u0119powaniu) \/ (oferowana cena netto)<\/span><br \/>\n<span style=\"color: #808080;\"> w zaokr\u0105gleniu do 2 miejsc po przecinku.<\/span><\/p>\n<p><span style=\"color: #808080;\">Zamawiaj\u0105cy dopuszcza negocjacje cenowe z oferentami po otwarciu ofert.<\/span><\/p>\n<p><span style=\"color: #808080;\">Zamawiaj\u0105cy wybierze ofert\u0119 najkorzystniejsz\u0105, czyli t\u0119 kt\u00f3ra uzyska najwi\u0119ksz\u0105 liczb\u0119 punkt\u00f3w.<\/span><\/p>\n<p>&nbsp;<\/p>\n<p><span style=\"color: #808080;\"><strong>10. Spos\u00f3b upublicznienia wynik\u00f3w post\u0119powania:<\/strong><\/span><\/p>\n<p><span style=\"color: #808080;\">Zamawiaj\u0105cy po zako\u0144czeniu post\u0119powania wska\u017ce nazw\u0119 wybranego dostawcy na swojej stronie internetowej, na kt\u00f3rej zamieszczono niniejsze zam\u00f3wienie oraz prze\u015ble t\u0119 informacj\u0119 na adresy<\/span><br \/>\n<span style=\"color: #808080;\"> e-mail wskazane przez oferent\u00f3w w ich ofertach.<\/span><\/p>\n<p>&nbsp;<\/p>\n<p><span style=\"color: #808080;\"><strong>11. Termin, miejsce i spos\u00f3b sk\u0142adania ofert:<\/strong><\/span><\/p>\n<p><span style=\"color: #808080;\">Oferty nale\u017cy sk\u0142ada\u0107 w nieprzekraczalnym terminie do 18 grudnia 2017 roku.<\/span><\/p>\n<p><span style=\"color: #808080;\">Oferty nale\u017cy sk\u0142ada\u0107 osobi\u015bcie lub przesy\u0142aj\u0105c pod adresem Zamawiaj\u0105cego SECO\/WARWICK S.A. przy ulicy Zachodniej 76, 66-200 \u015awiebodzin w zamkni\u0119tej kopercie z dopiskiem \u201enie otwiera\u0107 do dnia zako\u0144czenia post\u0119powania 1\/1.1.1\/2017, do dnia 19 grudnia 2017 r.\u201d W przypadku przesy\u0142ek liczy si\u0119 czas wp\u0142ywu do Zamawiaj\u0105cego. Oferty z\u0142o\u017cone po tym terminie nie b\u0119d\u0105 rozpatrywane.<\/span><\/p>\n<p>&nbsp;<\/p>\n<p><span style=\"color: #808080;\"><strong>12. Rodzaj umowy i termin realizacji umowy:<\/strong><\/span><\/p>\n<p><span style=\"color: #808080;\">Zamawiaj\u0105cy zawrze z Wykonawc\u0105 umow\u0119 warunkow\u0105 wykonania Zam\u00f3wienia, kt\u00f3ra wejdzie<\/span><br \/>\n<span style=\"color: #808080;\"> w \u017cycie po otrzymaniu przez Zamawiaj\u0105cego dofinansowania na realizacj\u0119 projektu pod roboczym tytu\u0142em \u201eOpracowanie i wdro\u017cenie inteligentnego systemu monitorowania i diagnostyki predykcyjnej dla piec\u00f3w pr\u00f3\u017cniowych Seco\/Warwick zgodnie z koncepcj\u0105 industry 4.0\u201d planowanego do realizacji<\/span><br \/>\n<span style=\"color: #808080;\"> z dofinansowaniem w ramach konkursu 6\/1.1.1\/2017 \u201eSzybka \u015bcie\u017cka\u201d du\u017ce przedsi\u0119biorstwa<\/span><br \/>\n<span style=\"color: #808080;\"> i konsorcja przedsi\u0119biorstw Priorytet I: Wsparcie prowadzenia prac B+R przez przedsi\u0119biorstwa, Poddzia\u0142anie 1.1.1 Badania przemys\u0142owe i prace rozwojowe realizowane przez przedsi\u0119biorstwa,<\/span><br \/>\n<span style=\"color: #808080;\"> w ramach Programu Operacyjnego Inteligentny Rozw\u00f3j 2014-2020.<\/span><\/p>\n<p><span style=\"color: #808080;\">Termin realizacji umowy w zakresie:<\/span><\/p>\n<ul>\n<li><span style=\"color: #808080;\">dostawy licencji wynosi 60 dni od dnia z\u0142o\u017cenia przez Zamawiaj\u0105cego dyspozycji wykonania przedmiotu umowy warunkowej,<\/span><\/li>\n<li><span style=\"color: #808080;\">obs\u0142ugi posprzeda\u017cowej dostarczonej licencji termin realizacji trwa od dostawy licencji do ko\u0144ca trwania projektu (maksymalny czas trwania projektu wynosi 36 miesi\u0119cy).<\/span><\/li>\n<\/ul>\n<p>&nbsp;<\/p>\n<p><span style=\"color: #808080;\"><strong>13. P\u0142atno\u015b\u0107<\/strong><\/span><\/p>\n<p><span style=\"color: #808080;\">P\u0142atno\u015b\u0107 zostanie dokonana przelewem w terminie 60 dni od dnia dostawy licencji i wystawienia faktury.<\/span><\/p>\n<p>&nbsp;<\/p>\n<p><span style=\"color: #808080;\"><strong>14. Informacja na temat zakazu powi\u0105za\u0144 osobowych lub kapita\u0142owych:<\/strong><\/span><\/p>\n<p><span style=\"color: #808080;\">Z post\u0119powania zostan\u0105 wykluczone podmioty powi\u0105zane kapita\u0142owo lub osobowo z Zamawiaj\u0105cym lub osobami upowa\u017cnionymi do zaci\u0105gania zobowi\u0105za\u0144 w imieniu Zamawiaj\u0105cego lub osobami wykonuj\u0105cymi w imieniu Zamawiaj\u0105cego czynno\u015bci zwi\u0105zane z przeprowadzeniem procedury wyboru wykonawcy a wykonawc\u0105, polegaj\u0105ce w szczeg\u00f3lno\u015bci na:<\/span><\/p>\n<p><span style=\"color: #808080;\">a) uczestniczeniu w sp\u00f3\u0142ce jako wsp\u00f3lnik sp\u00f3\u0142ki cywilnej lub sp\u00f3\u0142ki osobowej,<\/span><br \/>\n<span style=\"color: #808080;\"> b) posiadaniu co najmniej 10% udzia\u0142\u00f3w lub akcji, o ile ni\u017cszy pr\u00f3g nie wynika z przepis\u00f3w prawa lub nie zosta\u0142 okre\u015blony przez IZ PO,<\/span><br \/>\n<span style=\"color: #808080;\"> c) pe\u0142nieniu funkcji cz\u0142onka organu nadzorczego lub zarz\u0105dzaj\u0105cego, prokurenta, pe\u0142nomocnika,<\/span><br \/>\n<span style=\"color: #808080;\"> d) pozostawaniu w zwi\u0105zku ma\u0142\u017ce\u0144skim, w stosunku pokrewie\u0144stwa lub powinowactwa w linii prostej, pokrewie\u0144stwa drugiego stopnia lub powinowactwa drugiego stopnia w linii bocznej lub w stosunku przysposobienia, opieki lub kurateli.<\/span><\/p>\n<p>&nbsp;<\/p>\n<p><span style=\"color: #808080;\"><strong>15. Okre\u015blenie warunk\u00f3w istotnych zmian umowy zawartej w wyniku przeprowadzonego post\u0119powania o udzielenie zam\u00f3wienia:<\/strong><\/span><\/p>\n<p><span style=\"color: #808080;\">Dopuszcza si\u0119 zmiany w &nbsp;umowie w formie pisemnej, o ile nie prowadz\u0105 one do zmiany charakteru umowy.<\/span><\/p>\n<p>&nbsp;<\/p>\n<p><span style=\"color: #808080;\"><strong>16. Opis sposobu przedstawiania ofert wariantowych oraz minimalne warunki, jakim musz\u0105 odpowiada\u0107 oferty wariantowe wraz z wybranymi kryteriami oceny:<\/strong><\/span><\/p>\n<p><span style=\"color: #808080;\">Zamawiaj\u0105cy nie dopuszcza ofert cz\u0119\u015bciowych i wariantowych.<\/span><\/p>\n<p>&nbsp;<\/p>\n<p><span style=\"color: #808080;\"><strong>17. Informacja o zam\u00f3wieniach uzupe\u0142niaj\u0105cych:<\/strong><\/span><\/p>\n<p><span style=\"color: #808080;\">Zamawiaj\u0105cy dopuszcza mo\u017cliwo\u015b\u0107 udzielania Wykonawcy wy\u0142onionemu w niniejszym post\u0119powaniu zam\u00f3wie\u0144 uzupe\u0142niaj\u0105cych.<\/span><\/p>\n<p>&nbsp;<\/p>\n<p><span style=\"color: #808080;\"><strong>18. Wymagania dotycz\u0105ce oferty:<\/strong><\/span><\/p>\n<p><span style=\"color: #808080;\">Oferta powinna zawiera\u0107:<\/span><\/p>\n<ul>\n<li><span style=\"color: #808080;\">Numer niniejszego zam\u00f3wienia,<\/span><\/li>\n<li><span style=\"color: #808080;\">Dane wykonawcy,<\/span><\/li>\n<li><span style=\"color: #808080;\">Dane adresowe wykonawcy w tym adres e-mail,<\/span><\/li>\n<li><span style=\"color: #808080;\">Opis przedmiotu zam\u00f3wienia wraz z potwierdzeniem spe\u0142nienia warunk\u00f3w okre\u015blonych<\/span><br \/>\n<span style=\"color: #808080;\"> w niniejszym zam\u00f3wieniu,<\/span><\/li>\n<li><span style=\"color: #808080;\">Oferowan\u0105 ca\u0142kowit\u0105 cen\u0119 netto za dostaw\u0119,<\/span><\/li>\n<li><span style=\"color: #808080;\">Termin sporz\u0105dzenia oferty,<\/span><\/li>\n<li><span style=\"color: #808080;\">Termin wa\u017cno\u015bci oferty,<\/span><\/li>\n<li><span style=\"color: #808080;\">Podpisy os\u00f3b upowa\u017cnionych do reprezentowania podmiotu,<\/span><\/li>\n<li><span style=\"color: #808080;\">O\u015bwiadczenie o braku powi\u0105za\u0144 osobowych i kapita\u0142owych podpisane przez osoby upowa\u017cnione do reprezentowania podmiotu, stosownie do pkt 14 niniejszego zam\u00f3wienia,<\/span><\/li>\n<li><span style=\"color: #808080;\">Dokumentacj\u0119, o kt\u00f3rej mowa w punkcie 7 niniejszego zam\u00f3wienia.<\/span><\/li>\n<\/ul>\n<p>&nbsp;<\/p>\n<p><span style=\"color: #808080;\"><strong>19. Dodatkowe warunki zam\u00f3wienia:<\/strong><\/span><\/p>\n<p><span style=\"color: #808080;\">a) Zamawiaj\u0105cy nie dopuszcza sk\u0142adania ofert cz\u0119\u015bciowych i wariantowych.<\/span><br \/>\n<span style=\"color: #808080;\"> b) Ka\u017cdy wykonawca mo\u017ce z\u0142o\u017cy\u0107 tylko jedna ofert\u0119, z\u0142o\u017cenie wi\u0119kszej liczby ofert lub ofert zawieraj\u0105cych alternatywy spowoduje odrzucenie wszystkich ofert z\u0142o\u017conych przez danego wykonawc\u0119.<\/span><br \/>\n<span style=\"color: #808080;\"> c) Wykonawca jest zobowi\u0105zany z\u0142o\u017cy\u0107 ofert\u0119 zgodn\u0105 z warunkami niniejszego zam\u00f3wienia. Oferty niespe\u0142niaj\u0105ce wymaga\u0144 zostan\u0105 odrzucone.<\/span><br \/>\n<span style=\"color: #808080;\"> d) Wykonawca ponosi wszelkie koszty zwi\u0105zane z przygotowaniem i z\u0142o\u017ceniem oferty.<\/span><br \/>\n<span style=\"color: #808080;\"> e) Zamawiaj\u0105cy zastrzega sobie mo\u017cliwo\u015b\u0107 zmiany lub odwo\u0142ania post\u0119powania w dowolnym terminie bez podania przyczyny lub uprzedniego poinformowania.<\/span><br \/>\n<span style=\"color: #808080;\"> f) Niniejsze zam\u00f3wienie ma form\u0119 por\u00f3wnania ofert i nie daje \u017cadnemu oferentowi prawa do roszczenia udzielenia zam\u00f3wienia.<\/span><\/p>\n<p>&nbsp;<\/p>\n<p><span style=\"color: #808080;\"><strong>20. Dane osoby do kontaktu:<\/strong><\/span><\/p>\n<p><span style=\"color: #808080;\">S\u0142awomir Wachowski<\/span><br \/>\n<span style=\"color: #808080;\"> Numer telefonu: 504112974<\/span><br \/>\n<span style=\"color: #808080;\"> Adres e-mail: slawomir.wachowski@secowarwick.com<\/span><\/p>\n<p>[\/et_pb_text][\/et_pb_column][et_pb_column type=&#8221;1_3&#8243;][et_pb_text _builder_version=&#8221;3.0.92&#8243; background_layout=&#8221;light&#8221; custom_margin=&#8221;100px|||&#8221; custom_margin_phone=&#8221;15px|||&#8221; custom_margin_last_edited=&#8221;on|phone&#8221;]<\/p>\n<p>Data publikacji: 17.11.2017r.<\/p>\n<p>[\/et_pb_text][\/et_pb_column][\/et_pb_row][\/et_pb_section]<\/p>\n","protected":false},"excerpt":{"rendered":"<p>[et_pb_breadcrumbs \/] Rozstrzygni\u0119cie Zam\u00f3wienia nr 1\/1.1.1\/2017 Informujemy, i\u017c w wyniku rozstrzygni\u0119cia Zam\u00f3wienia nr 1\/1.1.1\/2017 na dostaw\u0119 licencji na system analityczny dedykowany zagadnieniom predictivemaintenance (predykcyjne utrzymanie ruchu) dokonano wyboru oferty Reliability Solution Sp. z o. o. &nbsp; ZAM\u00d3WIENIE NR 1\/1.1.1\/2017 NA DOSTAW\u0118 LICENCJI NA SYSTEM ANALITYCZNY DEDYKOWANY ZAGADNIENIOM PREDICTIVE MAINTENANCE (PREDYKCYJNE UTRZYMANIE RUCHU) 1. Zamawiaj\u0105cy: SECO\/WARWICK [&hellip;]<\/p>\n","protected":false},"author":2,"featured_media":0,"parent":46731,"menu_order":0,"comment_status":"closed","ping_status":"closed","template":"","meta":{"_acf_changed":false,"_et_pb_use_builder":"on","_et_pb_old_content":"","_et_gb_content_width":"","footnotes":""},"class_list":["post-58171","page","type-page","status-publish"],"acf":[],"_links":{"self":[{"href":"https:\/\/www.secowarwick.com\/pl\/wp-json\/wp\/v2\/pages\/58171","targetHints":{"allow":["GET"]}}],"collection":[{"href":"https:\/\/www.secowarwick.com\/pl\/wp-json\/wp\/v2\/pages"}],"about":[{"href":"https:\/\/www.secowarwick.com\/pl\/wp-json\/wp\/v2\/types\/page"}],"author":[{"embeddable":true,"href":"https:\/\/www.secowarwick.com\/pl\/wp-json\/wp\/v2\/users\/2"}],"replies":[{"embeddable":true,"href":"https:\/\/www.secowarwick.com\/pl\/wp-json\/wp\/v2\/comments?post=58171"}],"version-history":[{"count":0,"href":"https:\/\/www.secowarwick.com\/pl\/wp-json\/wp\/v2\/pages\/58171\/revisions"}],"up":[{"embeddable":true,"href":"https:\/\/www.secowarwick.com\/pl\/wp-json\/wp\/v2\/pages\/46731"}],"wp:attachment":[{"href":"https:\/\/www.secowarwick.com\/pl\/wp-json\/wp\/v2\/media?parent=58171"}],"curies":[{"name":"wp","href":"https:\/\/api.w.org\/{rel}","templated":true}]}}