{"id":58187,"date":"2017-11-17T10:37:41","date_gmt":"2017-11-17T09:37:41","guid":{"rendered":"http:\/\/www.secowarwick.com\/?page_id=58187\/"},"modified":"2018-01-09T10:30:59","modified_gmt":"2018-01-09T09:30:59","slug":"zamowienie-nr-21-1-12017","status":"publish","type":"page","link":"https:\/\/www.secowarwick.com\/pl\/ospolce\/projekty\/zamowienie-nr-21-1-12017\/","title":{"rendered":"ZAM\u00d3WIENIE NR 2\/1.1.1\/2017"},"content":{"rendered":"<p>[et_pb_section bb_built=&#8221;1&#8243; admin_label=&#8221;section&#8221; transparent_background=&#8221;off&#8221; allow_player_pause=&#8221;off&#8221; inner_shadow=&#8221;off&#8221; parallax=&#8221;off&#8221; parallax_method=&#8221;on&#8221; custom_padding=&#8221;0px|||&#8221; make_fullwidth=&#8221;off&#8221; use_custom_width=&#8221;off&#8221; width_unit=&#8221;on&#8221; make_equal=&#8221;off&#8221; use_custom_gutter=&#8221;off&#8221;][et_pb_row admin_label=&#8221;row&#8221; make_fullwidth=&#8221;off&#8221; use_custom_width=&#8221;off&#8221; width_unit=&#8221;on&#8221; use_custom_gutter=&#8221;off&#8221; allow_player_pause=&#8221;off&#8221; parallax=&#8221;off&#8221; parallax_method=&#8221;on&#8221; make_equal=&#8221;off&#8221; parallax_1=&#8221;off&#8221; parallax_method_1=&#8221;off&#8221; parallax_2=&#8221;off&#8221; parallax_method_2=&#8221;off&#8221; background_position=&#8221;top_left&#8221; background_repeat=&#8221;repeat&#8221; background_size=&#8221;initial&#8221;][et_pb_column type=&#8221;2_3&#8243;][et_pb_breadcrumbs \/][et_pb_text background_layout=&#8221;light&#8221; use_border_color=&#8221;off&#8221; custom_margin=&#8221;0px|||&#8221; background_position=&#8221;top_left&#8221; background_repeat=&#8221;repeat&#8221; background_size=&#8221;initial&#8221; _builder_version=&#8221;3.0.92&#8243;]<\/p>\n<h1>Rozstrzygni\u0119cie Zam\u00f3wienia nr 2\/1.1.1\/2017<\/h1>\n<h3>Informujemy, i\u017c w wyniku rozstrzygni\u0119cia Zam\u00f3wienia nr 2\/1.1.1\/2017 na wykonanie us\u0142ugi badawczej w ramach poszczeg\u00f3lnych etap\u00f3w realizacji projektu \u2013 podwykonawstwo dokonano wyboru oferty Akademii G\u00f3rniczo-Hutniczej im. Staszica w Krakowie, Wydzia\u0142 Matematyki Stosowanej.<\/h3>\n<p>&nbsp;<\/p>\n<p><span style=\"color: #808080;\">ZAM\u00d3WIENIE NR 2\/1.1.1\/2017<\/span><\/p>\n<p><span style=\"color: #808080;\">NA WYKONANIE US\u0141UGI BADAWCZEJ W RAMACH POSZCZEG\u00d3LNYCH ETAP\u00d3W REALIZACJI PROJEKTU \u2013 POWYKONAWSTWO.<\/span><\/p>\n<p>[\/et_pb_text][et_pb_text background_layout=&#8221;light&#8221; use_border_color=&#8221;off&#8221; background_position=&#8221;top_left&#8221; background_repeat=&#8221;repeat&#8221; background_size=&#8221;initial&#8221; _builder_version=&#8221;3.0.92&#8243;]<\/p>\n<p><span style=\"color: #808080;\"><strong>1. Zamawiaj\u0105cy:<\/strong><\/span><\/p>\n<p><span style=\"color: #808080;\">SECO\/WARWICK SP\u00d3\u0141KA AKCYJNA<\/span><\/p>\n<p><span style=\"color: #808080;\">Sobieskiego 8, 66-200 \u015awiebodzin<\/span><\/p>\n<p><span style=\"color: #808080;\">NIP: 9270100756 &nbsp;,REGON: 970011679, KRS: 0000271014.<\/span><\/p>\n<p>&nbsp;<\/p>\n<p><span style=\"color: #808080;\"><strong>2. Cel realizacji zam\u00f3wienia:<\/strong><\/span><\/p>\n<p><span style=\"color: #808080;\">Na potrzeby realizacji projektu pod roboczym tytu\u0142em \u201eOpracowanie i wdro\u017cenie inteligentnego systemu monitorowania i diagnostyki predykcyjnej dla piec\u00f3w pr\u00f3\u017cniowych Seco\/Warwick zgodnie<\/span><br \/>\n<span style=\"color: #808080;\"> z koncepcj\u0105 industry 4.0\u201d planowanego do realizacji z dofinansowaniem w ramach konkursu 6\/1.1.1\/2017 \u201eSzybka \u015bcie\u017cka\u201d du\u017ce przedsi\u0119biorstwa i konsorcja przedsi\u0119biorstw Priorytet I: Wsparcie prowadzenia prac B+R przez przedsi\u0119biorstwa, Poddzia\u0142anie 1.1.1 Badania przemys\u0142owe<\/span><br \/>\n<span style=\"color: #808080;\"> i prace rozwojowe realizowane przez przedsi\u0119biorstwa, w ramach Programu Operacyjnego Inteligentny Rozw\u00f3j 2014-2020.<\/span><\/p>\n<p>&nbsp;<\/p>\n<p><span style=\"color: #808080;\"><strong>3. Miejsce realizacji zam\u00f3wienia:<\/strong><\/span><\/p>\n<p><span style=\"color: #808080;\">Miejscem realizacji projektu b\u0119dzie \u015awiebodzin, wojew\u00f3dztwo lubuskie, natomiast ze wzgl\u0119du na charakter zam\u00f3wienia dopuszcza si\u0119 realizacj\u0119 przedmiotu zam\u00f3wienia w miejscu odpowiadaj\u0105cym wykonawcy.<\/span><\/p>\n<p>&nbsp;<\/p>\n<p><span style=\"color: #808080;\"><strong>4.Spos\u00f3b upublicznienia Zam\u00f3wienia<\/strong><\/span><\/p>\n<p><span style=\"color: #808080;\">Tre\u015b\u0107 Zam\u00f3wienia zostanie upubliczniona na stronie internetowej Zamawiaj\u0105cego oraz zostanie wys\u0142ane na adresy e-mail trzech przypadkowych znanych Zamawiaj\u0105cemu potencjalnych wykonawc\u00f3w Zam\u00f3wienia.<\/span><\/p>\n<p>&nbsp;<\/p>\n<p><span style=\"color: #808080;\"><strong>5. Opis przedmiotu zam\u00f3wienia:<\/strong><\/span><\/p>\n<p><span style=\"color: #808080;\">Przedmiotem zam\u00f3wienia jest podwykonawstwo w projekcie polegaj\u0105ce na wykonaniu us\u0142ugi badawczej w ramach poszczeg\u00f3lnych etap\u00f3w realizacji projektu:<\/span><\/p>\n<p><span style=\"color: #808080;\"><u>Etap I &#8211;&nbsp; Opracowanie koncepcji analizy danych pod k\u0105tem oceny stanu technicznego urz\u0105dzenia<\/u><\/span><\/p>\n<p><span style=\"color: #808080;\">Jako punkt startu tego jak i dalszych etap\u00f3w zak\u0142ada si\u0119 nieodp\u0142atne przekazanie przez Wnioskodawc\u0119 historycznych danych sensorowych i operacyjnych z urz\u0105dze\u0144 obj\u0119tych projektem monitorowania oraz udzielanie bie\u017c\u0105cych informacji i konsultacji na temat krytycznych zdarze\u0144, na kt\u00f3re nale\u017cy zwraca\u0107 szczeg\u00f3ln\u0105 uwag\u0119 w trakcie wykonywania analizy oraz predykcji. Jako element fakultatywny, zwi\u0119kszaj\u0105cy wiarygodno\u015b\u0107 weryfikacji budowanych modeli zak\u0142ada si\u0119 aktualizacj\u0119 powy\u017cszych zbior\u00f3w danych o nowe zapisy pojawiaj\u0105ce si\u0119 w trakcie trwania etap\u00f3w. Jednocze\u015bnie Wnioskodawca jest zobowi\u0105zany uwzgl\u0119dni\u0107 te dane w swoich testach.<\/span><\/p>\n<p><span style=\"color: #808080;\">a) Wykonanie analizy danych historycznych<\/span><\/p>\n<p><span style=\"color: #808080;\">Zadanie to polega na wykonaniu przez Wykonawc\u0119 szeregu analiz na przekazanych przez Wnioskodawc\u0119 historycznych danych sensorowych oraz operacyjnych zebranych z urz\u0105dze\u0144.<\/span><br \/>\n<span style=\"color: #808080;\"> W ramach zadania nale\u017cy wykona\u0107 analizy deskryptywne przyczyn poszczeg\u00f3lnych zdarze\u0144 niepo\u017c\u0105danych. Podczas opracowywania zadania nale\u017cy wzi\u0105\u0107 pod uwag\u0119 tak\u017ce zale\u017cny od czasu charakter danych ucz\u0105cych (pochodz\u0105cych z cyklicznie zbieranych danych generowanych przez sensory), zaproponowa\u0107 metody w\u0142a\u015bciwej walidacji opracowywanych modeli, przedstawi\u0107 strategie budowy odpowiedniej struktury sieci oraz metodyk\u0119 douczania si\u0119 modeli. Wykonawca zobowi\u0105zany b\u0119dzie tak\u017ce do wst\u0119pnej obr\u00f3bki otrzymanych danych oraz ich odpowiednich transformacji. Nale\u017cy tak\u017ce zadba\u0107 o to, by usuni\u0119te lub uzupe\u0142nione zosta\u0142y niepe\u0142ne zapisy,<\/span><br \/>\n<span style=\"color: #808080;\"> a tak\u017ce zapisy sensoryczne o ma\u0142ej wiarygodno\u015bci. W ramach tego zadania Wykonawca powinien tak\u017ce przeprowadzi\u0107 szereg test\u00f3w statystycznych kt\u00f3re b\u0119d\u0105 punktem wyj\u015bcia do dalszego modelowania.<\/span><\/p>\n<p><span style=\"color: #808080;\">b) Koncepcja budowy modeli predykcyjnych oraz analiza danych pochodz\u0105cych z r\u00f3\u017cnych system\u00f3w telemetrycznych pod k\u0105tem mocy predykcyjnej<\/span><\/p>\n<p><span style=\"color: #808080;\">Zadanie to polega na opracowaniu koncepcji budowy modeli predykcyjnych o najwy\u017cszej mocy predykcyjnej. W ramach analiz nale\u017cy wykorzysta\u0107 nowoczesne metody analityczne, oparte m.in. o g\u0142\u0119bokie uczenie maszynowe, analiz\u0119 szereg\u00f3w cyklostacjonarnych, resampling, klasyczne uczenie maszynowe oraz algorytmy szeregoczasowe. Wykonawca w swoich analizach opracuje odpowiedni\u0105 metodologi\u0119 uwzgl\u0119dniaj\u0105c\u0105 fakt, \u017ce dane bie\u017c\u0105ce powinny mie\u0107 wi\u0119ksz\u0105 moc ucz\u0105c\u0105 ni\u017c dane pochodz\u0105ce z odleg\u0142ej historii. Analiza danych musi by\u0107 wykonana w systemie analitycznym dedykowanym dla zastosowa\u0144 zagadnie\u0144 predictive maintenance, kt\u00f3ry posiada wbudowane wy\u017cej wymienione mechanizmy, ale pozwala tak\u017ce na wygodne do\u0142\u0105czanie nowych algorytm\u00f3w i metod (poprzez dodawanie metod w jednym z popularnych j\u0119zyk\u00f3w skryptowych: Python lub R o \u015bci\u015ble zadanym API). Dostarczenie \u015brodowiska do analiz o powy\u017cszych w\u0142asno\u015bciach le\u017cy po stronie Wnioskodawcy.<\/span><\/p>\n<p><span style=\"color: #808080;\">Zakres prac w ramach zada\u0144 zawiera nie tylko opracowanie samej koncepcji, ale tak\u017ce wykonanie rozleg\u0142ych test\u00f3w na danych pochodz\u0105cych od Wnioskodawcy, b\u0105d\u017a innych danych testowych, kt\u00f3re dowodz\u0105, \u017ce proponowane metody s\u0105 skuteczne.<\/span><\/p>\n<p><span style=\"color: #808080;\"><u>Etap II \u2013 Opracowanie metodologii inteligentnego systemu analitycznego monitorowania<br \/>\ni diagnostyki predykcyjnej dla badanych urz\u0105dze\u0144<\/u><\/span><\/p>\n<p><span style=\"color: #808080;\">a) Opracowanie algorytm\u00f3w w wersji dedykowanej dla urz\u0105dze\u0144 Wnioskodawcy<\/span><\/p>\n<p><span style=\"color: #808080;\">W ramach zadania nale\u017cy zaimplementowa\u0107 oraz zintegrowa\u0107 w systemie analitycznym nowe wersje algorytm\u00f3w wst\u0119pnej obr\u00f3bki danych oraz generowania modeli predykcyjnych dopasowane do charakteru pracy urz\u0105dze\u0144. Algorytmy te nale\u017cy odpowiednio przetestowa\u0107 oraz udokumentowa\u0107, a Wnioskodawca poza kodem wykonawczym powinien otrzyma\u0107 tak\u017ce w\u0142a\u015bciwie udokumentowane kody \u017ar\u00f3d\u0142owe.<\/span><\/p>\n<p><span style=\"color: #808080;\">b) Metodologia zautomatyzowanego generowania modeli predykcyjnych<\/span><\/p>\n<p><span style=\"color: #808080;\">Zadanie ma na celu opracowanie strategii uczenia maszynowego, kt\u00f3ra pozwoli na efektywne u\u017cywanie algorytm\u00f3w oraz samych modeli predykcyjnych dla urz\u0105dze\u0144 Wnioskodawcy.<\/span><br \/>\n<span style=\"color: #808080;\"> W wyniku realizacji zadania 1.b przeprowadzona zostanie analiza jakie modele sprawdza\u0142y si\u0119 najlepiej dla tego typu problem\u00f3w; nale\u017cy opracowa\u0107 metodologi\u0119 automatyzacji, kt\u00f3ra pozwoli na automatyczne lub p\u00f3\u0142automatyczne (tzn. takie gdzie u\u017cytkownik ma mo\u017cliwo\u015b\u0107 zmieniania parametr\u00f3w problemu) generowanie optymalnych modeli predykcyjnych w systemie analitycznym. Finalnym wynikiem zadania maj\u0105 by\u0107 skrypty (w j\u0119zyku Python lub R) przekazane wraz z pe\u0142n\u0105 dokumentacj\u0105, kt\u00f3re w spos\u00f3b automatyczny (odp. p\u00f3\u0142automatyczny) generuj\u0105 modele predykcyjne dla nowego typu urz\u0105dze\u0144 obj\u0119tych monitorowaniem, z wykorzystaniem wiedzy historycznej zebranej o podobnych urz\u0105dzeniach.<\/span><\/p>\n<p>&nbsp;<\/p>\n<p><span style=\"color: #808080;\"><strong>6. Kod CPV<\/strong><\/span><\/p>\n<p><span style=\"color: #808080;\">72316000-3 &#8211; Us\u0142ugi analizy danych<\/span><\/p>\n<p>&nbsp;<\/p>\n<p><span style=\"color: #808080;\"><strong>7. Warunki udzia\u0142u w post\u0119powaniu oraz opis sposobu dokonywania oceny ich spe\u0142niania:<\/strong><\/span><\/p>\n<p><span style=\"color: #808080;\"><u>Warunek 1.:<\/u><\/span><\/p>\n<p><span style=\"color: #808080;\">Dostawca musi posiada\u0107 odpowiednie zasoby osobowe o kwalifikacjach niezb\u0119dnych do wykonania przedmiotu zam\u00f3wienia oraz posiada\u0107 do\u015bwiadczenie w prowadzeniu wysokiej klasy bada\u0144 naukowych w obszarze statystyki, analizy danych, analizy numerycznej lub zastosowa\u0144 sztucznej inteligencji.<\/span><\/p>\n<p><span style=\"color: #808080;\"><u>Ocena spe\u0142nienia Warunku 1.:<\/u><\/span><\/p>\n<p><span style=\"color: #808080;\">Warunek zostanie uznany za spe\u0142niony, je\u017celi Dostawca wraz z ofert\u0105 przed\u0142o\u017cy dokumentacj\u0119 &#8211; wykaz co najmniej 10 publikacji w tej tematyce w czasopismach naukowych posiadaj\u0105cych Impact Factor (lista A MNiSW) nie starszych ni\u017c 5 lat i posiadaj\u0105cych afiliacj\u0119 Dostawcy.<\/span><\/p>\n<p>&nbsp;<\/p>\n<p><span style=\"color: #808080;\"><strong>8. Kryteria oceny oferty, informacja o wagach punktowych lub procentowych przypisanych do poszczeg\u00f3lnych kryteri\u00f3w oceny oferty:<\/strong><\/span><\/p>\n<ol>\n<li><span style=\"color: #808080;\">Cena wykonania dostawy (C) \u2013 waga 100%.<\/span><\/li>\n<\/ol>\n<p>&nbsp;<\/p>\n<p><span style=\"color: #808080;\"><strong>9. Opis sposobu przyznawania punktacji za spe\u0142nienie danego kryterium oceny oferty:<\/strong><\/span><\/p>\n<p><span style=\"color: #808080;\">Ca\u0142kowita liczba punkt\u00f3w jak\u0105 otrzyma oferta b\u0119dzie r\u00f3wna liczbie punkt\u00f3w jak\u0105 otrzyma oferta za ocen\u0119 pod k\u0105tem kryterium 1. Cena wykonania dostawy (C).<\/span><\/p>\n<p><span style=\"color: #808080;\">Liczba punkt\u00f3w uzyskanych za kryterium 1. Cena wykonania dostawy (C) zostanie wyliczona wed\u0142ug wzoru: C = (najni\u017csza oferowana cena netto w post\u0119powaniu) \/ (oferowana cena netto)<\/span><br \/>\n<span style=\"color: #808080;\"> w zaokr\u0105gleniu do 2 miejsc po przecinku.<\/span><\/p>\n<p><span style=\"color: #808080;\">Zamawiaj\u0105cy dopuszcza negocjacje cenowe z oferentami po otwarciu ofert.<\/span><\/p>\n<p><span style=\"color: #808080;\">Zamawiaj\u0105cy wybierze ofert\u0119 najkorzystniejsz\u0105, czyli t\u0119 kt\u00f3ra uzyska najwi\u0119ksz\u0105 liczb\u0119 punkt\u00f3w.<\/span><\/p>\n<p>&nbsp;<\/p>\n<p><span style=\"color: #808080;\"><strong>10. Spos\u00f3b upublicznienia wynik\u00f3w post\u0119powania:<\/strong><\/span><\/p>\n<p><span style=\"color: #808080;\">Zamawiaj\u0105cy po zako\u0144czeniu post\u0119powania wska\u017ce nazw\u0119 wybranego dostawcy na swojej stronie internetowej, na kt\u00f3rej zamieszczono niniejsze zam\u00f3wienie oraz prze\u015ble t\u0119 informacj\u0119 na adresy e-mail wskazane przez oferent\u00f3w w ich ofertach.<\/span><\/p>\n<p>&nbsp;<\/p>\n<p><span style=\"color: #808080;\"><strong>11. Termin, miejsce i spos\u00f3b sk\u0142adania ofert:<\/strong><\/span><\/p>\n<p><span style=\"color: #808080;\">Oferty nale\u017cy sk\u0142ada\u0107 w nieprzekraczalnym terminie do 18 grudnia 2017 roku.<\/span><\/p>\n<p><span style=\"color: #808080;\">Oferty nale\u017cy sk\u0142ada\u0107 osobi\u015bcie lub przesy\u0142aj\u0105c pod adresem Zamawiaj\u0105cego SECO\/WARWICK S.A. przy ulicy Zachodniej 76, 66-200 \u015awiebodzin w zamkni\u0119tej kopercie z dopiskiem \u201enie otwiera\u0107 do dnia zako\u0144czenia post\u0119powania 1\/1.1.1\/2017, do dnia 19 grudnia 2017 r.\u201d W przypadku przesy\u0142ek liczy si\u0119 czas wp\u0142ywu do Zamawiaj\u0105cego. Oferty z\u0142o\u017cone po tym terminie nie b\u0119d\u0105 rozpatrywane.<\/span><\/p>\n<p>&nbsp;<\/p>\n<p><span style=\"color: #808080;\"><strong>12. Rodzaj umowy i termin realizacji umowy:<\/strong><\/span><\/p>\n<p><span style=\"color: #808080;\">Zamawiaj\u0105cy zawrze z Wykonawc\u0105 umow\u0119 warunkow\u0105 wykonania Zam\u00f3wienia, kt\u00f3ra wejdzie<\/span><br \/>\n<span style=\"color: #808080;\"> w \u017cycie po otrzymaniu przez Zamawiaj\u0105cego dofinansowania na realizacj\u0119 projektu pod roboczym tytu\u0142em \u201eOpracowanie i wdro\u017cenie inteligentnego systemu monitorowania i diagnostyki predykcyjnej dla piec\u00f3w pr\u00f3\u017cniowych Seco\/Warwick zgodnie z koncepcj\u0105 industry 4.0\u201d planowanego do realizacji<\/span><br \/>\n<span style=\"color: #808080;\"> z dofinansowaniem w ramach konkursu 6\/1.1.1\/2017 \u201eSzybka \u015bcie\u017cka\u201d du\u017ce przedsi\u0119biorstwa<\/span><br \/>\n<span style=\"color: #808080;\"> i konsorcja przedsi\u0119biorstw Priorytet I: Wsparcie prowadzenia prac B+R przez przedsi\u0119biorstwa, Poddzia\u0142anie 1.1.1 Badania przemys\u0142owe i prace rozwojowe realizowane przez przedsi\u0119biorstwa,<\/span><br \/>\n<span style=\"color: #808080;\"> w ramach Programu Operacyjnego Inteligentny Rozw\u00f3j 2014-2020.<\/span><\/p>\n<p><span style=\"color: #808080;\">Termin realizacji umowy jest to\u017csamy z okresem realizacji poszczeg\u00f3lnych etap\u00f3w projektu,&nbsp; kt\u00f3rych dotyczy podwykonawstwo.<\/span><\/p>\n<p>&nbsp;<\/p>\n<p><span style=\"color: #808080;\"><strong>13. P\u0142atno\u015b\u0107<\/strong><\/span><\/p>\n<p><span style=\"color: #808080;\">Po uzyskania dofinansowania ustalony zostanie kwartalny harmonogram p\u0142atno\u015bci okre\u015blaj\u0105cy poszczeg\u00f3lne transze.&nbsp; Poszczeg\u00f3lne p\u0142atno\u015bci b\u0119d\u0105 dokonywane przelewem w terminie 30 dni od dnia wystawienia faktury.<\/span><\/p>\n<p>&nbsp;<\/p>\n<p><span style=\"color: #808080;\"><strong>14. Informacja na temat zakazu powi\u0105za\u0144 osobowych lub kapita\u0142owych:<\/strong><\/span><\/p>\n<p><span style=\"color: #808080;\">Z post\u0119powania zostan\u0105 wykluczone podmioty powi\u0105zane kapita\u0142owo lub osobowo z Zamawiaj\u0105cym lub osobami upowa\u017cnionymi do zaci\u0105gania zobowi\u0105za\u0144 w imieniu Zamawiaj\u0105cego lub osobami wykonuj\u0105cymi w imieniu Zamawiaj\u0105cego czynno\u015bci zwi\u0105zane z przeprowadzeniem procedury wyboru wykonawcy a wykonawc\u0105, polegaj\u0105ce w szczeg\u00f3lno\u015bci na:<\/span><\/p>\n<p><span style=\"color: #808080;\">a) uczestniczeniu w sp\u00f3\u0142ce jako wsp\u00f3lnik sp\u00f3\u0142ki cywilnej lub sp\u00f3\u0142ki osobowej,<\/span><br \/>\n<span style=\"color: #808080;\"> b) posiadaniu co najmniej 10% udzia\u0142\u00f3w lub akcji, o ile ni\u017cszy pr\u00f3g nie wynika z przepis\u00f3w prawa lub nie zosta\u0142 okre\u015blony przez IZ PO,<\/span><br \/>\n<span style=\"color: #808080;\"> c) pe\u0142nieniu funkcji cz\u0142onka organu nadzorczego lub zarz\u0105dzaj\u0105cego, prokurenta, pe\u0142nomocnika,<\/span><br \/>\n<span style=\"color: #808080;\"> d) pozostawaniu w zwi\u0105zku ma\u0142\u017ce\u0144skim, w stosunku pokrewie\u0144stwa lub powinowactwa w linii prostej, pokrewie\u0144stwa drugiego stopnia lub powinowactwa drugiego stopnia w linii bocznej lub<\/span><br \/>\n<span style=\"color: #808080;\"> w stosunku przysposobienia, opieki lub kurateli.<\/span><\/p>\n<p>&nbsp;<\/p>\n<p><span style=\"color: #808080;\"><strong>15. Okre\u015blenie warunk\u00f3w istotnych zmian umowy zawartej w wyniku przeprowadzonego post\u0119powania o udzielenie zam\u00f3wienia:<\/strong><\/span><\/p>\n<p><span style=\"color: #808080;\">Dopuszcza si\u0119 zmiany w &nbsp;umowie w formie pisemnej, o ile nie prowadz\u0105 one do zmiany charakteru umowy.<\/span><\/p>\n<p>&nbsp;<\/p>\n<p><span style=\"color: #808080;\"><strong>16. Opis sposobu przedstawiania ofert wariantowych oraz minimalne warunki, jakim musz\u0105 odpowiada\u0107 oferty wariantowe wraz z wybranymi kryteriami oceny:<\/strong><\/span><\/p>\n<p><span style=\"color: #808080;\">Zamawiaj\u0105cy nie dopuszcza ofert cz\u0119\u015bciowych i wariantowych.<\/span><\/p>\n<p>&nbsp;<\/p>\n<p><span style=\"color: #808080;\"><strong>17. Informacja o zam\u00f3wieniach uzupe\u0142niaj\u0105cych:<\/strong><\/span><\/p>\n<p><span style=\"color: #808080;\">Zamawiaj\u0105cy dopuszcza mo\u017cliwo\u015b\u0107 udzielania Wykonawcy wy\u0142onionemu w niniejszym post\u0119powaniu zam\u00f3wie\u0144 uzupe\u0142niaj\u0105cych.<\/span><\/p>\n<p>&nbsp;<\/p>\n<p><span style=\"color: #808080;\"><strong>18. Wymagania dotycz\u0105ce oferty:<\/strong><\/span><\/p>\n<p><span style=\"color: #808080;\">Oferta powinna zawiera\u0107:<\/span><\/p>\n<ul>\n<li><span style=\"color: #808080;\">Numer niniejszego zam\u00f3wienia,<\/span><\/li>\n<li><span style=\"color: #808080;\">Dane wykonawcy,<\/span><\/li>\n<li><span style=\"color: #808080;\">Dane adresowe wykonawcy w tym adres e-mail,<\/span><\/li>\n<li><span style=\"color: #808080;\">Opis przedmiotu zam\u00f3wienia wraz z potwierdzeniem spe\u0142nienia warunk\u00f3w okre\u015blonych<\/span><br \/>\n<span style=\"color: #808080;\"> w niniejszym zam\u00f3wieniu,<\/span><\/li>\n<li><span style=\"color: #808080;\">Oferowan\u0105 ca\u0142kowit\u0105 cen\u0119 netto za dostaw\u0119,<\/span><\/li>\n<li><span style=\"color: #808080;\">Termin sporz\u0105dzenia oferty,<\/span><\/li>\n<li><span style=\"color: #808080;\">Termin wa\u017cno\u015bci oferty,<\/span><\/li>\n<li><span style=\"color: #808080;\">Podpisy os\u00f3b upowa\u017cnionych do reprezentowania podmiotu,<\/span><\/li>\n<li><span style=\"color: #808080;\">O\u015bwiadczenie o braku powi\u0105za\u0144 osobowych i kapita\u0142owych podpisane przez osoby upowa\u017cnione do reprezentowania podmiotu, stosownie do pkt 14 niniejszego zam\u00f3wienia,<\/span><\/li>\n<li><span style=\"color: #808080;\">Dokumentacj\u0119, o kt\u00f3rej mowa w punkcie 7 niniejszego zam\u00f3wienia.<\/span><\/li>\n<\/ul>\n<p>&nbsp;<\/p>\n<p><span style=\"color: #808080;\"><strong>19. Dodatkowe warunki zam\u00f3wienia:<\/strong><\/span><\/p>\n<p><span style=\"color: #808080;\">a) Zamawiaj\u0105cy nie dopuszcza sk\u0142adania ofert cz\u0119\u015bciowych i wariantowych.<\/span><br \/>\n<span style=\"color: #808080;\"> b) Ka\u017cdy wykonawca mo\u017ce z\u0142o\u017cy\u0107 tylko jedna ofert\u0119, z\u0142o\u017cenie wi\u0119kszej liczby ofert lub ofert zawieraj\u0105cych alternatywy spowoduje odrzucenie wszystkich ofert z\u0142o\u017conych przez danego wykonawc\u0119.<\/span><br \/>\n<span style=\"color: #808080;\"> c) Wykonawca jest zobowi\u0105zany z\u0142o\u017cy\u0107 ofert\u0119 zgodn\u0105 z warunkami niniejszego zam\u00f3wienia. Oferty niespe\u0142niaj\u0105ce wymaga\u0144 zostan\u0105 odrzucone.<\/span><br \/>\n<span style=\"color: #808080;\"> d) Wykonawca ponosi wszelkie koszty zwi\u0105zane z przygotowaniem i z\u0142o\u017ceniem oferty.<\/span><br \/>\n<span style=\"color: #808080;\"> e) Zamawiaj\u0105cy zastrzega sobie mo\u017cliwo\u015b\u0107 zmiany lub odwo\u0142ania post\u0119powania w dowolnym terminie bez podania przyczyny lub uprzedniego poinformowania.<\/span><br \/>\n<span style=\"color: #808080;\"> f) Niniejsze zam\u00f3wienie ma form\u0119 por\u00f3wnania ofert i nie daje \u017cadnemu oferentowi prawa do roszczenia udzielenia zam\u00f3wienia.<\/span><\/p>\n<p>&nbsp;<\/p>\n<p><span style=\"color: #808080;\"><strong>20. Dane osoby do kontaktu:<\/strong><\/span><\/p>\n<p><span style=\"color: #808080;\">S\u0142awomir Wachowski<\/span><br \/>\n<span style=\"color: #808080;\"> Numer telefonu: 504112974<\/span><br \/>\n<span style=\"color: #808080;\"> Adres e-mail: slawomir.wachowski@secowarwick.com<\/span><\/p>\n<p>[\/et_pb_text][\/et_pb_column][et_pb_column type=&#8221;1_3&#8243;][et_pb_text _builder_version=&#8221;3.0.92&#8243; background_layout=&#8221;light&#8221; custom_margin=&#8221;100px|||&#8221; custom_margin_phone=&#8221;15px|||&#8221; custom_margin_last_edited=&#8221;on|tablet&#8221;]<\/p>\n<p>Data publikacji: 17.11.2017r.<\/p>\n<p>[\/et_pb_text][\/et_pb_column][\/et_pb_row][\/et_pb_section]<\/p>\n","protected":false},"excerpt":{"rendered":"<p>[et_pb_breadcrumbs \/] Rozstrzygni\u0119cie Zam\u00f3wienia nr 2\/1.1.1\/2017 Informujemy, i\u017c w wyniku rozstrzygni\u0119cia Zam\u00f3wienia nr 2\/1.1.1\/2017 na wykonanie us\u0142ugi badawczej w ramach poszczeg\u00f3lnych etap\u00f3w realizacji projektu \u2013 podwykonawstwo dokonano wyboru oferty Akademii G\u00f3rniczo-Hutniczej im. Staszica w Krakowie, Wydzia\u0142 Matematyki Stosowanej. &nbsp; ZAM\u00d3WIENIE NR 2\/1.1.1\/2017 NA WYKONANIE US\u0141UGI BADAWCZEJ W RAMACH POSZCZEG\u00d3LNYCH ETAP\u00d3W REALIZACJI PROJEKTU \u2013 POWYKONAWSTWO. 1. [&hellip;]<\/p>\n","protected":false},"author":2,"featured_media":0,"parent":46731,"menu_order":0,"comment_status":"closed","ping_status":"closed","template":"","meta":{"_acf_changed":false,"_et_pb_use_builder":"on","_et_pb_old_content":"","_et_gb_content_width":"","footnotes":""},"class_list":["post-58187","page","type-page","status-publish"],"acf":[],"_links":{"self":[{"href":"https:\/\/www.secowarwick.com\/pl\/wp-json\/wp\/v2\/pages\/58187","targetHints":{"allow":["GET"]}}],"collection":[{"href":"https:\/\/www.secowarwick.com\/pl\/wp-json\/wp\/v2\/pages"}],"about":[{"href":"https:\/\/www.secowarwick.com\/pl\/wp-json\/wp\/v2\/types\/page"}],"author":[{"embeddable":true,"href":"https:\/\/www.secowarwick.com\/pl\/wp-json\/wp\/v2\/users\/2"}],"replies":[{"embeddable":true,"href":"https:\/\/www.secowarwick.com\/pl\/wp-json\/wp\/v2\/comments?post=58187"}],"version-history":[{"count":0,"href":"https:\/\/www.secowarwick.com\/pl\/wp-json\/wp\/v2\/pages\/58187\/revisions"}],"up":[{"embeddable":true,"href":"https:\/\/www.secowarwick.com\/pl\/wp-json\/wp\/v2\/pages\/46731"}],"wp:attachment":[{"href":"https:\/\/www.secowarwick.com\/pl\/wp-json\/wp\/v2\/media?parent=58187"}],"curies":[{"name":"wp","href":"https:\/\/api.w.org\/{rel}","templated":true}]}}