{"id":58851,"date":"2017-12-21T13:11:05","date_gmt":"2017-12-21T12:11:05","guid":{"rendered":"http:\/\/www.secowarwick.com\/?page_id=58851"},"modified":"2018-01-09T09:40:14","modified_gmt":"2018-01-09T08:40:14","slug":"zamowienie-nr-31-1-12017","status":"publish","type":"page","link":"https:\/\/www.secowarwick.com\/pl\/ospolce\/projekty\/zamowienie-nr-31-1-12017\/","title":{"rendered":"ZAM\u00d3WIENIE NR 3\/1.1.1\/2017"},"content":{"rendered":"<p>[et_pb_section bb_built=&#8221;1&#8243; _builder_version=&#8221;3.0.47&#8243;][et_pb_row _builder_version=&#8221;3.0.47&#8243; background_size=&#8221;initial&#8221; background_position=&#8221;top_left&#8221; background_repeat=&#8221;repeat&#8221;][et_pb_column type=&#8221;2_3&#8243;][et_pb_text _builder_version=&#8221;3.0.92&#8243; background_layout=&#8221;light&#8221;]<\/p>\n<h2>Rozstrzygni\u0119cie Zam\u00f3wienia nr 3\/1.1.1\/2017<\/h2>\n<h3>Informujemy, i\u017c w wyniku rozstrzygni\u0119cia Zam\u00f3wienia nr 3\/1.1.1\/2017 dotycz\u0105cego zatrudnienia na umow\u0119 zlecenia osoby na stanowisko konsultant ds. R&amp;D dokonano wyboru oferty prof. Jana Kusiaka.<\/h3>\n<h2>&nbsp;<\/h2>\n<h2><span style=\"color: #808080;\">DOTYCZ\u0104CE ZATRUDNIENIA NA UMOW\u0118 ZLECENIA OSOBY NA STANOWISKO KONSULTANT DS. R&amp;D.<\/span><\/h2>\n<p>&nbsp;<\/p>\n<p><span style=\"color: #808080;\"><strong>1. Zamawiaj\u0105cy:<\/strong><\/span><\/p>\n<p><span style=\"color: #808080;\">SECO\/WARWICK SP\u00d3\u0141KA AKCYJNA<\/span><\/p>\n<p><span style=\"color: #808080;\">Sobieskiego 8, 66-200 \u015awiebodzin<\/span><\/p>\n<p><span style=\"color: #808080;\">NIP: 9270100756,REGON: 970011679, KRS: 0000271014.<\/span><\/p>\n<p>&nbsp;<\/p>\n<p><span style=\"color: #808080;\"><strong>2. Cel realizacji zam\u00f3wienia:<\/strong><\/span><\/p>\n<p><span style=\"color: #808080;\">Na potrzeby realizacji projektu pod roboczym tytu\u0142em \u201eOpracowanie i wdro\u017cenie inteligentnego systemu monitorowania i diagnostyki predykcyjnej dla piec\u00f3w pr\u00f3\u017cniowych Seco\/Warwick zgodnie z koncepcj\u0105 industry 4.0\u201d planowanego do realizacji z dofinansowaniem w ramach konkursu 6\/1.1.1\/2017 \u201eSzybka \u015bcie\u017cka\u201d du\u017ce przedsi\u0119biorstwa i konsorcja przedsi\u0119biorstw Priorytet I: Wsparcie prowadzenia prac B+R przez przedsi\u0119biorstwa, Poddzia\u0142anie 1.1.1 Badania przemys\u0142owe i prace rozwojowe realizowane przez przedsi\u0119biorstwa, w ramach Programu Operacyjnego Inteligentny Rozw\u00f3j 2014-2020.<\/span><\/p>\n<p>&nbsp;<\/p>\n<p><span style=\"color: #808080;\"><strong>3. Miejsce realizacji zam\u00f3wienia:<\/strong><\/span><\/p>\n<p><span style=\"color: #808080;\">Miejscem realizacji projektu b\u0119dzie \u015awiebodzin, wojew\u00f3dztwo lubuskie, natomiast ze wzgl\u0119du na charakter zam\u00f3wienia dopuszcza si\u0119 realizacj\u0119 przedmiotu zam\u00f3wienia w miejscu odpowiadaj\u0105cym wykonawcy.<\/span><\/p>\n<p>&nbsp;<\/p>\n<p><span style=\"color: #808080;\"><strong>4. Spos\u00f3b upublicznienia Zam\u00f3wienia<\/strong><\/span><\/p>\n<p><span style=\"color: #808080;\">Tre\u015b\u0107 Zam\u00f3wienia zostanie upubliczniona na stronie internetowej Zamawiaj\u0105cego oraz zostanie wys\u0142ana na adresy e-mail trzech przypadkowych znanych Zamawiaj\u0105cemu potencjalnych wykonawc\u00f3w Zam\u00f3wienia.<\/span><\/p>\n<p>&nbsp;<\/p>\n<p><span style=\"color: #808080;\"><strong>5. Opis przedmiotu zam\u00f3wienia:<\/strong><\/span><\/p>\n<p><span style=\"color: #808080;\">Zapytanie ofertowe dotyczy zatrudnienia na okres 36 miesi\u0119cy na umow\u0119 zlecenie osoby na stanowisko Konsultant ds. R&amp;D. Osoba na tym stanowisku odpowiedzialna b\u0119dzie za wsp\u00f3\u0142prac\u0119 w zakresie konsultacji obejmuj\u0105cych:<\/span><\/p>\n<ul>\n<li><span style=\"color: #808080;\">badania naukowe w obszarze wydajnego generowania modeli z wykorzystaniem nowoczesnych metod uczenia maszynowego (w tym Deep Learning),<\/span><\/li>\n<li><span style=\"color: #808080;\">badania naukowe w obszarze optymalizacji parametr\u00f3w modeli predykcyjnych,<\/span><\/li>\n<li><span style=\"color: #808080;\">weryfikacj\u0119 hipotezy badawczej o mo\u017cliwo\u015bci przeniesienia wymagaj\u0105cych obliczeniowo metod uczenia maszynowego dla zada\u0144 PdM (w tym Deep Learning) na urz\u0105dzenia przeno\u015bne,<\/span><\/li>\n<li><span style=\"color: #808080;\">implementacj\u0119 aplikacji systemu centralnego oraz urz\u0105dze\u0144 przeno\u015bnych (przede wszystkim w zakresie implementacji oraz integracji z modu\u0142ami analitycznymi).<\/span><\/li>\n<\/ul>\n<p><span style=\"color: #808080;\">Ponadto, zadaniem Konsultanta ds. R&amp;D b\u0119dzie konsultowanie wynik\u00f3w, bie\u017c\u0105ce raportowanie post\u0119pu prac do Kierownika Projektu oraz sporz\u0105dzanie publikacji naukowych. Zatrudnienie b\u0119dzie mia\u0142o miejsce w czasie trwania projektu.<\/span><\/p>\n<p>&nbsp;<\/p>\n<p><span style=\"color: #808080;\"><strong>6. Kod CPV<\/strong><\/span><\/p>\n<p><span style=\"color: #808080;\">73100000-3 &#8211; Us\u0142ugi badawcze i eksperymentalno-rozwojowe,<\/span><\/p>\n<p><span style=\"color: #808080;\">72100000-6 &#8211; Us\u0142ugi doradcze w zakresie sprz\u0119tu komputerowego,<\/span><\/p>\n<p><span style=\"color: #808080;\">72200000-7 &#8211; Us\u0142ugi doradcze w zakresie programowania oprogramowania.<\/span><\/p>\n<p>&nbsp;<\/p>\n<p><span style=\"color: #808080;\"><strong>7. Warunki udzia\u0142u w post\u0119powaniu oraz opis sposobu dokonywania oceny ich spe\u0142niania:<\/strong><\/span><\/p>\n<p><span style=\"color: #808080;\"><u>Warunek 1.:<\/u><\/span><\/p>\n<p><span style=\"color: #808080;\">Oferent powinien posiada\u0107 przygotowanie merytoryczne oraz odpowiednie do\u015bwiadczenie,<\/span><\/p>\n<p><span style=\"color: #808080;\">w poni\u017cszych:<\/span><\/p>\n<ul>\n<li><span style=\"color: #808080;\">Znajomo\u015b\u0107 metod uczenia maszynowego i sztucznej inteligencji.<\/span><\/li>\n<li><span style=\"color: #808080;\">Tytu\u0142 naukowy profesora.<\/span><\/li>\n<li><span style=\"color: #808080;\">Do\u015bwiadczenie w kierowaniu projektami badawczymi \u2013 co najmniej dwa projekty przyznawane w ramach konkursu o zasi\u0119gu co najmniej krajowym (np. NCN, NCBiR, PARP) w ostatnich 5 latach.<\/span><\/li>\n<li><span style=\"color: #808080;\">Udokumentowane do\u015bwiadczenie wykorzystywania metod sztucznej inteligencji w przemy\u015ble, przynajmniej 3 publikacje naukowe w czasopismach naukowych posiadaj\u0105cych Impact Factor (lista A MNiSW) w ostatnich 3 latach.<\/span><\/li>\n<li><span style=\"color: #808080;\">Znajomo\u015b\u0107 angielskiego na poziomie bieg\u0142ym<\/span><\/li>\n<\/ul>\n<p><span style=\"color: #808080;\"><u>Ocena spe\u0142nienia Warunku 1.:<\/u><\/span><\/p>\n<p><span style=\"color: #808080;\">Warunek zostanie uznany za spe\u0142niony, je\u017celi Dostawca wraz z ofert\u0105 przed\u0142o\u017cy stosowne o\u015bwiadczenia.<\/span><\/p>\n<p>&nbsp;<\/p>\n<p><span style=\"color: #808080;\"><strong>8. Kryteria oceny oferty, informacja o wagach punktowych lub procentowych przypisanych do poszczeg\u00f3lnych kryteri\u00f3w oceny oferty:<\/strong><\/span><\/p>\n<ol>\n<li><span style=\"color: #808080;\">Cena wykonania dostawy (C) \u2013 waga 100%.<\/span><\/li>\n<\/ol>\n<p>&nbsp;<\/p>\n<p><span style=\"color: #808080;\"><strong>9. Opis sposobu przyznawania punktacji za spe\u0142nienie danego kryterium oceny oferty:<\/strong><\/span><\/p>\n<p><span style=\"color: #808080;\">Ca\u0142kowita liczba punkt\u00f3w jak\u0105 otrzyma oferta b\u0119dzie r\u00f3wna liczbie punkt\u00f3w jak\u0105 otrzyma oferta za ocen\u0119 pod k\u0105tem kryterium 1. Cena wykonania dostawy (C).<\/span><\/p>\n<p><span style=\"color: #808080;\">Liczba punkt\u00f3w uzyskanych za kryterium 1. Cena wykonania dostawy (C) zostanie wyliczona wed\u0142ug wzoru: C = (najni\u017csza oferowana cena netto w post\u0119powaniu) \/ (oferowana cena netto)&nbsp; w zaokr\u0105gleniu do 2 miejsc po przecinku.<\/span><\/p>\n<p><span style=\"color: #808080;\">Zamawiaj\u0105cy dopuszcza negocjacje cenowe z oferentami po otwarciu ofert.<\/span><\/p>\n<p><span style=\"color: #808080;\">Zamawiaj\u0105cy wybierze ofert\u0119 najkorzystniejsz\u0105, czyli t\u0119 kt\u00f3ra uzyska najwi\u0119ksz\u0105 liczb\u0119 punkt\u00f3w.<\/span><\/p>\n<p>&nbsp;<\/p>\n<p><span style=\"color: #808080;\"><strong>10. Spos\u00f3b upublicznienia wynik\u00f3w post\u0119powania:<\/strong><\/span><\/p>\n<p><span style=\"color: #808080;\">Zamawiaj\u0105cy po zako\u0144czeniu post\u0119powania wska\u017ce nazw\u0119 wybranego dostawcy na swojej stronie internetowej, na kt\u00f3rej zamieszczono niniejsze zam\u00f3wienie oraz prze\u015ble t\u0119 informacj\u0119 na adresy e-mail wskazane przez oferent\u00f3w w ich ofertach.<\/span><\/p>\n<p>&nbsp;<\/p>\n<p><span style=\"color: #808080;\"><strong>11. Termin, miejsce i spos\u00f3b sk\u0142adania ofert:<\/strong><\/span><\/p>\n<p><span style=\"color: #808080;\">Oferty nale\u017cy sk\u0142ada\u0107 w nieprzekraczalnym terminie do 28 grudnia 2017 roku.<\/span><\/p>\n<p><span style=\"color: #808080;\">Oferty nale\u017cy sk\u0142ada\u0107 osobi\u015bcie lub przesy\u0142aj\u0105c pod adresem Zamawiaj\u0105cego SECO\/WARWICK S.A. przy ulicy Zachodniej 76, 66-200 \u015awiebodzin w zamkni\u0119tej kopercie z dopiskiem \u201enie otwiera\u0107 do dnia zako\u0144czenia post\u0119powania 1\/1.1.1\/2017, do dnia 29 grudnia 2017 r.\u201d W przypadku przesy\u0142ek liczy si\u0119 czas wp\u0142ywu do Zamawiaj\u0105cego. Oferty z\u0142o\u017cone po tym terminie nie b\u0119d\u0105 rozpatrywane.<\/span><\/p>\n<p>&nbsp;<\/p>\n<p><span style=\"color: #808080;\"><strong>12. Rodzaj umowy i termin realizacji umowy:<\/strong><\/span><\/p>\n<p><span style=\"color: #808080;\">Zamawiaj\u0105cy zawrze z Wykonawc\u0105 umow\u0119 warunkow\u0105 wykonania Zam\u00f3wienia, kt\u00f3ra wejdzie w \u017cycie po otrzymaniu przez Zamawiaj\u0105cego dofinansowania na realizacj\u0119 projektu pod roboczym tytu\u0142em \u201eOpracowanie i wdro\u017cenie inteligentnego systemu monitorowania i diagnostyki predykcyjnej dla piec\u00f3w pr\u00f3\u017cniowych Seco\/Warwick zgodnie z koncepcj\u0105 industry 4.0\u201d planowanego do realizacji z dofinansowaniem w ramach konkursu 6\/1.1.1\/2017 \u201eSzybka \u015bcie\u017cka\u201d du\u017ce przedsi\u0119biorstwa&nbsp; i konsorcja przedsi\u0119biorstw Priorytet I: Wsparcie prowadzenia prac B+R przez przedsi\u0119biorstwa, Poddzia\u0142anie 1.1.1 Badania przemys\u0142owe i prace rozwojowe realizowane przez przedsi\u0119biorstwa,&nbsp; w ramach Programu Operacyjnego Inteligentny Rozw\u00f3j 2014-2020.<\/span><\/p>\n<p><span style=\"color: #808080;\">Termin realizacji umowy jest to\u017csamy z okresem realizacji projektu.<\/span><\/p>\n<p>&nbsp;<\/p>\n<p><span style=\"color: #808080;\"><strong>13. P\u0142atno\u015b\u0107<\/strong><\/span><\/p>\n<p><span style=\"color: #808080;\">P\u0142atno\u015b\u0107 dokonywana b\u0119dzie miesi\u0119cznie z do\u0142u, do 15 dnia nast\u0119pnego miesi\u0105ca.<\/span><\/p>\n<p>&nbsp;<\/p>\n<p><span style=\"color: #808080;\"><strong>14. Informacja na temat zakazu powi\u0105za\u0144 osobowych lub kapita\u0142owych:<\/strong><\/span><\/p>\n<p><span style=\"color: #808080;\">Z post\u0119powania zostan\u0105 wykluczone podmioty powi\u0105zane kapita\u0142owo lub osobowo z Zamawiaj\u0105cym lub osobami upowa\u017cnionymi do zaci\u0105gania zobowi\u0105za\u0144 w imieniu Zamawiaj\u0105cego lub osobami wykonuj\u0105cymi w imieniu Zamawiaj\u0105cego czynno\u015bci zwi\u0105zane z przeprowadzeniem procedury wyboru wykonawcy a wykonawc\u0105, polegaj\u0105ce w szczeg\u00f3lno\u015bci na:<\/span><\/p>\n<ol style=\"list-style-type: lower-alpha;\">\n<li><span style=\"color: #808080;\">uczestniczeniu w sp\u00f3\u0142ce jako wsp\u00f3lnik sp\u00f3\u0142ki cywilnej lub sp\u00f3\u0142ki osobowej,<\/span><\/li>\n<li><span style=\"color: #808080;\">posiadaniu co najmniej 10% udzia\u0142\u00f3w lub akcji, o ile ni\u017cszy pr\u00f3g nie wynika z przepis\u00f3w prawa lub nie zosta\u0142 okre\u015blony przez IZ PO,<\/span><\/li>\n<li><span style=\"color: #808080;\">pe\u0142nieniu funkcji cz\u0142onka organu nadzorczego lub zarz\u0105dzaj\u0105cego, prokurenta, pe\u0142nomocnika,<\/span><\/li>\n<li><span style=\"color: #808080;\">pozostawaniu w zwi\u0105zku ma\u0142\u017ce\u0144skim, w stosunku pokrewie\u0144stwa lub powinowactwa w linii prostej, pokrewie\u0144stwa drugiego stopnia lub powinowactwa drugiego stopnia w linii bocznej lub w stosunku przysposobienia, opieki lub kurateli.<\/span><\/li>\n<\/ol>\n<p>&nbsp;<\/p>\n<p><span style=\"color: #808080;\"><strong>15. Okre\u015blenie warunk\u00f3w istotnych zmian umowy zawartej w wyniku przeprowadzonego post\u0119powania o udzielenie zam\u00f3wienia:<\/strong><\/span><\/p>\n<p><span style=\"color: #808080;\">Dopuszcza si\u0119 zmiany w &nbsp;umowie w formie pisemnej, o ile nie prowadz\u0105 one do zmiany charakteru umowy.<\/span><\/p>\n<p>&nbsp;<\/p>\n<p><span style=\"color: #808080;\"><strong>16. Opis sposobu przedstawiania ofert wariantowych oraz minimalne warunki, jakim musz\u0105 odpowiada\u0107 oferty wariantowe wraz z wybranymi kryteriami oceny:<\/strong><\/span><\/p>\n<p><span style=\"color: #808080;\">Zamawiaj\u0105cy nie dopuszcza ofert cz\u0119\u015bciowych i wariantowych.<\/span><\/p>\n<p>&nbsp;<\/p>\n<p><span style=\"color: #808080;\"><strong>17.&nbsp; Informacja o zam\u00f3wieniach uzupe\u0142niaj\u0105cych:<\/strong><\/span><\/p>\n<p><span style=\"color: #808080;\">Zamawiaj\u0105cy dopuszcza mo\u017cliwo\u015b\u0107 udzielania Wykonawcy wy\u0142onionemu w niniejszym post\u0119powaniu zam\u00f3wie\u0144 uzupe\u0142niaj\u0105cych.<\/span><\/p>\n<p>&nbsp;<\/p>\n<p><span style=\"color: #808080;\"><strong>18.&nbsp; Wymagania dotycz\u0105ce oferty:<\/strong><\/span><\/p>\n<p><span style=\"color: #808080;\">Oferta powinna zawiera\u0107:<\/span><\/p>\n<ul>\n<li><span style=\"color: #808080;\">Numer niniejszego zam\u00f3wienia,<\/span><\/li>\n<li><span style=\"color: #808080;\">Dane wykonawcy,<\/span><\/li>\n<li><span style=\"color: #808080;\">Dane adresowe wykonawcy w tym adres e-mail,<\/span><\/li>\n<li><span style=\"color: #808080;\">Opis przedmiotu zam\u00f3wienia wraz z potwierdzeniem spe\u0142nienia warunk\u00f3w okre\u015blonych w niniejszym zam\u00f3wieniu,<\/span><\/li>\n<li><span style=\"color: #808080;\">Oferowan\u0105 ca\u0142kowit\u0105 cen\u0119 netto za dostaw\u0119,<\/span><\/li>\n<li><span style=\"color: #808080;\">Termin sporz\u0105dzenia oferty,<\/span><\/li>\n<li><span style=\"color: #808080;\">Termin wa\u017cno\u015bci oferty,<\/span><\/li>\n<li><span style=\"color: #808080;\">Podpis oferenta,<\/span><\/li>\n<li><span style=\"color: #808080;\">O\u015bwiadczenie o braku powi\u0105za\u0144 osobowych i kapita\u0142owych podpisane przez osoby upowa\u017cnione do reprezentowania podmiotu, stosownie do pkt 14 niniejszego zam\u00f3wienia,<\/span><\/li>\n<li><span style=\"color: #808080;\">Dokumentacj\u0119, o kt\u00f3rej mowa w punkcie 7 niniejszego zam\u00f3wienia.<\/span><\/li>\n<\/ul>\n<p>&nbsp;<\/p>\n<p><span style=\"color: #808080;\"><strong>19. Dodatkowe warunki zam\u00f3wienia:<\/strong><\/span><\/p>\n<ol style=\"list-style-type: lower-alpha;\">\n<li><span style=\"color: #808080;\">Zamawiaj\u0105cy nie dopuszcza sk\u0142adania ofert cz\u0119\u015bciowych i wariantowych.<\/span><\/li>\n<li><span style=\"color: #808080;\">Ka\u017cdy wykonawca mo\u017ce z\u0142o\u017cy\u0107 tylko jedna ofert\u0119, z\u0142o\u017cenie wi\u0119kszej liczby ofert lub ofert zawieraj\u0105cych alternatywy spowoduje odrzucenie wszystkich ofert z\u0142o\u017conych przez danego wykonawc\u0119.<\/span><\/li>\n<li><span style=\"color: #808080;\">Wykonawca jest zobowi\u0105zany z\u0142o\u017cy\u0107 ofert\u0119 zgodn\u0105 z warunkami niniejszego zam\u00f3wienia. Oferty niespe\u0142niaj\u0105ce wymaga\u0144 zostan\u0105 odrzucone.<\/span><\/li>\n<li><span style=\"color: #808080;\">Wykonawca ponosi wszelkie koszty zwi\u0105zane z przygotowaniem i z\u0142o\u017ceniem oferty.<\/span><\/li>\n<li><span style=\"color: #808080;\">Zamawiaj\u0105cy zastrzega sobie mo\u017cliwo\u015b\u0107 zmiany lub odwo\u0142ania post\u0119powania w dowolnym terminie bez podania przyczyny lub uprzedniego poinformowania.<\/span><\/li>\n<li><span style=\"color: #808080;\">Niniejsze zam\u00f3wienie ma form\u0119 por\u00f3wnania ofert i nie daje \u017cadnemu oferentowi prawa do roszczenia udzielenia zam\u00f3wienia.<\/span><\/li>\n<\/ol>\n<p>&nbsp;<\/p>\n<p><span style=\"color: #808080;\"><strong>20. Dane osoby do kontaktu:<\/strong><\/span><\/p>\n<p><span style=\"color: #808080;\">S\u0142awomir Wachowski<\/span><\/p>\n<p><span style=\"color: #808080;\">Numer telefonu: 504112974<\/span><\/p>\n<p><span style=\"color: #808080;\">Adres e-mail: slawomir.wachowski@secowarwick.com<\/span><\/p>\n<p>[\/et_pb_text][\/et_pb_column][et_pb_column type=&#8221;1_3&#8243;][et_pb_text _builder_version=&#8221;3.0.90&#8243; background_layout=&#8221;light&#8221;]<\/p>\n<p>Data publikacji: 21.12.2017r.<\/p>\n<p>[\/et_pb_text][\/et_pb_column][\/et_pb_row][\/et_pb_section]<\/p>\n","protected":false},"excerpt":{"rendered":"<p>Rozstrzygni\u0119cie Zam\u00f3wienia nr 3\/1.1.1\/2017 Informujemy, i\u017c w wyniku rozstrzygni\u0119cia Zam\u00f3wienia nr 3\/1.1.1\/2017 dotycz\u0105cego zatrudnienia na umow\u0119 zlecenia osoby na stanowisko konsultant ds. R&amp;D dokonano wyboru oferty prof. Jana Kusiaka. &nbsp; DOTYCZ\u0104CE ZATRUDNIENIA NA UMOW\u0118 ZLECENIA OSOBY NA STANOWISKO KONSULTANT DS. R&amp;D. &nbsp; 1. Zamawiaj\u0105cy: SECO\/WARWICK SP\u00d3\u0141KA AKCYJNA Sobieskiego 8, 66-200 \u015awiebodzin NIP: 9270100756,REGON: 970011679, KRS: [&hellip;]<\/p>\n","protected":false},"author":2,"featured_media":0,"parent":46731,"menu_order":0,"comment_status":"closed","ping_status":"closed","template":"","meta":{"_acf_changed":false,"_et_pb_use_builder":"on","_et_pb_old_content":"","_et_gb_content_width":"","footnotes":""},"class_list":["post-58851","page","type-page","status-publish"],"acf":[],"_links":{"self":[{"href":"https:\/\/www.secowarwick.com\/pl\/wp-json\/wp\/v2\/pages\/58851","targetHints":{"allow":["GET"]}}],"collection":[{"href":"https:\/\/www.secowarwick.com\/pl\/wp-json\/wp\/v2\/pages"}],"about":[{"href":"https:\/\/www.secowarwick.com\/pl\/wp-json\/wp\/v2\/types\/page"}],"author":[{"embeddable":true,"href":"https:\/\/www.secowarwick.com\/pl\/wp-json\/wp\/v2\/users\/2"}],"replies":[{"embeddable":true,"href":"https:\/\/www.secowarwick.com\/pl\/wp-json\/wp\/v2\/comments?post=58851"}],"version-history":[{"count":0,"href":"https:\/\/www.secowarwick.com\/pl\/wp-json\/wp\/v2\/pages\/58851\/revisions"}],"up":[{"embeddable":true,"href":"https:\/\/www.secowarwick.com\/pl\/wp-json\/wp\/v2\/pages\/46731"}],"wp:attachment":[{"href":"https:\/\/www.secowarwick.com\/pl\/wp-json\/wp\/v2\/media?parent=58851"}],"curies":[{"name":"wp","href":"https:\/\/api.w.org\/{rel}","templated":true}]}}