{"id":59480,"date":"2018-01-18T13:54:05","date_gmt":"2018-01-18T12:54:05","guid":{"rendered":"http:\/\/www.secowarwick.com\/?page_id=59480"},"modified":"2020-07-27T14:53:14","modified_gmt":"2020-07-27T12:53:14","slug":"xxi-edycja-seminarium-seco-warwick-za-nami","status":"publish","type":"page","link":"https:\/\/www.secowarwick.com\/pl\/xxi-edycja-seminarium-seco-warwick-za-nami\/","title":{"rendered":"XXI edycja Seminarium SECO\/WARWICK za nami"},"content":{"rendered":"<p>[et_pb_section bb_built=&#8221;1&#8243;][et_pb_row][et_pb_column type=&#8221;2_3&#8243;][et_pb_text _builder_version=&#8221;3.6&#8243; text_orientation=&#8221;justified&#8221;]<\/p>\n<h3>Trzydniowe wydarzenie to: 1 Open Day, 2 dni seminaryjne, 20 prelekcji, 4 bloki tematyczne, 150 specjalist\u00f3w wywodz\u0105cych si\u0119 zar\u00f3wno ze \u015bwiata nauki, jak i biznesu, mowa o XXI edycji seminarium organizowanego przez SECO\/WARWICK, kt\u00f3re dobieg\u0142o ko\u0144ca.<\/h3>\n<p>Organizatorzy i prelegenci skupili si\u0119 tym razem na <a href=\"https:\/\/www.secowarwick.com\/pl\/news\/industry-4-0-transparency-and-automation-in-the-production-processes-seco-warwick-invites-you-to-the-21st-edition-of-the-seminar-heat-treatment-4-0\/\" target=\"_blank\" rel=\"noopener\">optymalizacji, transparentno\u015bci i automatyzacji w obr\u00f3bce cieplnej metali.<\/a> To w\u0142a\u015bnie one w najbli\u017cszych latach b\u0119d\u0105 odgrywa\u0107 najwa\u017cniejsz\u0105 rol\u0119 w rozwoju bran\u017cy, w du\u017cym stopniu wp\u0142ywaj\u0105c na rynkow\u0105 pozycj\u0119 firm. Seminarium \u201eObr\u00f3bka Cieplna 4.0\u201d by\u0142o okazj\u0105 do tego, by przyjrze\u0107 si\u0119 trendom i przewidywanym zmianom w tym dynamicznie rozwijaj\u0105cym si\u0119 sektorze.<\/p>\n<p><img decoding=\"async\" class=\"aligncenter wp-image-69282 size-large\" title=\"XXI Seminarium SECO\/WARWICK &quot;Obr\u00f3bka Cieplna 4.0&quot;\" src=\"https:\/\/www.secowarwick.com\/wp-content\/uploads\/2018\/09\/21st-SECOWARWICK-Seminar-Heat-Treatment-4.0-1024x538.jpg\" alt=\"Najnowsze technologie, produkty i przemys\u0142 4.0 om\u00f3wione podczas Seminarium SECO\/WARWICK\" width=\"1024\" height=\"538\" srcset=\"https:\/\/www.secowarwick.com\/wp-content\/uploads\/2018\/09\/21st-SECOWARWICK-Seminar-Heat-Treatment-4.0-1024x538.jpg 1024w, https:\/\/www.secowarwick.com\/wp-content\/uploads\/2018\/09\/21st-SECOWARWICK-Seminar-Heat-Treatment-4.0-150x79.jpg 150w, https:\/\/www.secowarwick.com\/wp-content\/uploads\/2018\/09\/21st-SECOWARWICK-Seminar-Heat-Treatment-4.0-300x158.jpg 300w, https:\/\/www.secowarwick.com\/wp-content\/uploads\/2018\/09\/21st-SECOWARWICK-Seminar-Heat-Treatment-4.0-768x403.jpg 768w, https:\/\/www.secowarwick.com\/wp-content\/uploads\/2018\/09\/21st-SECOWARWICK-Seminar-Heat-Treatment-4.0-1080x567.jpg 1080w, https:\/\/www.secowarwick.com\/wp-content\/uploads\/2018\/09\/21st-SECOWARWICK-Seminar-Heat-Treatment-4.0-600x315.jpg 600w, https:\/\/www.secowarwick.com\/wp-content\/uploads\/2018\/09\/21st-SECOWARWICK-Seminar-Heat-Treatment-4.0.jpg 1200w\" sizes=\"(max-width: 1024px) 100vw, 1024px\" \/><\/p>\n<h2>Open Day w sercu SECO\/WARWICK<\/h2>\n<p>W poprzednim roku ogromnym zainteresowaniem go\u015bci cieszy\u0142a si\u0119 wizyta w siedzibie SECO\/WARWICK w \u015awiebodzinie. Tego punktu nie mog\u0142o wi\u0119c zabrakn\u0105\u0107 w programie tegorocznego seminarium. Go\u015bcie zwiedzili najwi\u0119ksz\u0105 <a class=\"ari-fancybox\" href=\"https:\/\/www.youtube.com\/watch?v=M1EoSo8JEIo\" target=\"_blank\" rel=\"noopener\">hal\u0119 produkcyjn\u0105 firmy,<\/a> na w\u0142asne oczy przekonuj\u0105c si\u0119, jak wygl\u0105da praca przemys\u0142owego giganta i jak wp\u0142ywaj\u0105 na ni\u0105 nowoczesne technologie. Gw\u00f3\u017ad\u017a programu stanowi\u0142a prezentacja najnowszego dzie\u0142a specjalist\u00f3w ze \u015awiebodzina \u2013 SuperIQ.<\/p>\n<h3>Dwa dni seminaryjne<\/h3>\n<p>Po przyje\u017adzie do Poznania, na uczestnik\u00f3w czeka\u0142 wieczorny ICE BREAKER, a kolejnego dnia ponad 10 godzin prelekcji najlepszych specjalist\u00f3w. W\u015br\u00f3d nich byli naukowcy z takich uczelni jak Uniwersytet Zielonog\u00f3rski, Politechnika \u0141\u00f3dzka czy Politechnika Pozna\u0144ska, a tak\u017ce in\u017cynierowie, kt\u00f3rzy swoj\u0105 prac\u0105 kszta\u0142tuj\u0105 wizerunek i dorobek bran\u017cy termicznej obr\u00f3bki metali.<\/p>\n<h3>Ogrom wiedzy<\/h3>\n<p>Podczas seminarium uczestnicy dowiedzieli si\u0119, jakiej transformacji ulega bran\u017ca oraz jakich zmian nale\u017cy spodziewa\u0107 si\u0119 w najbli\u017cszym czasie. O wysokim poziomie merytorycznym wydarzenia najlepiej \u015bwiadczy program. Znalaz\u0142y si\u0119 w nim tematy dotycz\u0105ce tak r\u00f3\u017cnych zagadnie\u0144, jak: lutowanie w produkcji urz\u0105dze\u0144 medycznych, wsparcie informatyczne przy obr\u00f3bce cieplnej, instalacje dla przemys\u0142u lotniczego i energetycznego, azotowanie w technologii ZeroFlow.<\/p>\n<p>\u201eJako lider rozwi\u0105za\u0144 obr\u00f3bki cieplnej metali, bacznie \u015bledzimy sytuacj\u0119 w bran\u017cy. Trzymaj\u0105c ca\u0142y czas r\u0119k\u0119 na pulsie, obserwujemy zmiany w sektorze i analizujemy wszelkie doniesienia. T\u0119 wiedz\u0119 \u0142\u0105czymy z pasj\u0105 do innowacji, dzi\u0119ki czemu organizowane przez nas seminarium zapewnia wysoki poziom merytoryczny, za\u015b program idealnie wpisuje si\u0119 w panuj\u0105ce trendy. Dajemy platform\u0119 do efektywnych spotka\u0144, podczas kt\u00f3rych specjali\u015bci ze \u015bwiata nauki i biznesu dziel\u0105 si\u0119 wiedz\u0105 i do\u015bwiadczeniem,\u201d m\u00f3wi Katarzyna Sawka, Dyrektor Globalny Marketingu Grupy SECO\/WARWICK.<\/p>\n<p>Podczas Seminarium, prezentowane by\u0142y najnowsze i najbardziej optymalne rozwi\u0105zania do obr\u00f3bki cieplnej metali, w tym narz\u0119dzia wspomagaj\u0105ce ich prac\u0119, np.: <a href=\"https:\/\/www.secowarwick.com\/pl\/profesjonalne-uslugi-serwisowe\/seco-predictive\/\" target=\"_blank\" rel=\"noopener\">SECO\/PREDICTIVE, tj. zaawansowany, inteligentny system kontroli urz\u0105dze\u0144<\/a> umo\u017cliwiaj\u0105cy wykrywanie potencjalnych awarii jeszcze przed ich wyst\u0105pieniem.<\/p>\n<h3>Wiecz\u00f3r galowy: \u015bwietlanie i futurystycznie<\/h3>\n<p>Zwie\u0144czeniem Seminarium by\u0142a uroczysta kolacja, kt\u00f3rej motywem przewodnim by\u0142a gra \u015bwiate\u0142 inspirowana futurystycznym nurtem \u015bwietlanej przysz\u0142o\u015bci Przemys\u0142u 4.0.<\/p>\n<p>Niezapomnian\u0105 atmosfer\u0119 uroczystej gali stworzy\u0142a oprawa \u015bwietlno-muzyczna, a w niepowtarzalny nastr\u00f3j wprowadzi\u0142a go\u015bci Tetiana Galitsyna Art Group, zwyci\u0119\u017cczyni VI edycji \u201eMam Talent\u201d i mistrzyni spektaklu malowania piaskiem, kt\u00f3ra za\u0142o\u017cy\u0142a grup\u0119 artystyczn\u0105 i rozszerzy\u0142a portfolio swojej sztuki o malowanie \u015bwiat\u0142em. I tak te\u017c zosta\u0142a pokazana historia SECO\/WARWICK, lidera rozwi\u0105za\u0144 obr\u00f3bki cieplnej i organizatora ca\u0142ego wydarzenia.<\/p>\n<p>Podczas galowego wieczoru nie zabrak\u0142o tak\u017ce atrakcji w postaci pokazu tanecznego popping dance, w wykonaniu tancerza (Mario Popping Lubawy), ubranego w fluorescencyjne barwy, kt\u00f3rego techniki taneczne ostrych kontrast\u00f3w przypomina\u0142y ruchy robota, nawi\u0105zuj\u0105c do temat\u00f3w prelekcji, jak automatyzacja i robotyka.<\/p>\n<p>&nbsp;<\/p>\n<p>[\/et_pb_text][\/et_pb_column][et_pb_column type=&#8221;1_3&#8243;][et_pb_blurb admin_label=&#8221;Video gallery&#8221; url=&#8221;https:\/\/www.youtube.com\/watch?v=7sfQ1hvOOIE&#8221; background_layout=&#8221;dark&#8221; text_orientation=&#8221;center&#8221; module_class=&#8221;productshp&#8221; header_font=&#8221;|on|||&#8221; header_font_size=&#8221;25&#8243; background_color=&#8221;#ffffff&#8221; background_image=&#8221;https:\/\/www.secowarwick.com\/wp-content\/uploads\/2017\/05\/Kwadrat2-big.jpg&#8221; use_border_color=&#8221;off&#8221; border_color=&#8221;#ffffff&#8221; border_style=&#8221;solid&#8221; custom_css_main_element=&#8221;min-height: 270px !Important;||padding-top: 90px !Important;||padding-left: 17px !Important;||padding-right: 17px !Important;||width: 270px !Important;||margin-right: 0px;||margin-left: auto;&#8221; disabled=&#8221;off&#8221; title=&#8221;Relacja video&#8221; _builder_version=&#8221;3.6&#8243;]<\/p>\n<p>&nbsp;<\/p>\n<p>Relacja video<\/p>\n<p>[\/et_pb_blurb][\/et_pb_column][\/et_pb_row][\/et_pb_section]<\/p>\n","protected":false},"excerpt":{"rendered":"<p><div class=\"et_pb_row et_pb_row_0 et_pb_row_empty\">\n\t\t\t\t\n\t\t\t\t\n\t\t\t\t\n\t\t\t\t\n\t\t\t\t\n\t\t\t<\/div> Trzydniowe wydarzenie to: 1 Open Day, 2 dni seminaryjne, 20 prelekcji, 4 bloki tematyczne, 150 specjalist\u00f3w wywodz\u0105cych si\u0119 zar\u00f3wno ze \u015bwiata nauki, jak i biznesu, mowa o XXI edycji seminarium organizowanego przez SECO\/WARWICK, kt\u00f3re dobieg\u0142o ko\u0144ca. Organizatorzy i prelegenci skupili si\u0119 tym razem na optymalizacji, transparentno\u015bci i automatyzacji w obr\u00f3bce cieplnej metali. To w\u0142a\u015bnie [&hellip;]<\/p>\n","protected":false},"author":2,"featured_media":0,"parent":0,"menu_order":0,"comment_status":"closed","ping_status":"closed","template":"","meta":{"_acf_changed":false,"_et_pb_use_builder":"on","_et_pb_old_content":"","_et_gb_content_width":"","footnotes":""},"class_list":["post-59480","page","type-page","status-publish"],"acf":[],"_links":{"self":[{"href":"https:\/\/www.secowarwick.com\/pl\/wp-json\/wp\/v2\/pages\/59480","targetHints":{"allow":["GET"]}}],"collection":[{"href":"https:\/\/www.secowarwick.com\/pl\/wp-json\/wp\/v2\/pages"}],"about":[{"href":"https:\/\/www.secowarwick.com\/pl\/wp-json\/wp\/v2\/types\/page"}],"author":[{"embeddable":true,"href":"https:\/\/www.secowarwick.com\/pl\/wp-json\/wp\/v2\/users\/2"}],"replies":[{"embeddable":true,"href":"https:\/\/www.secowarwick.com\/pl\/wp-json\/wp\/v2\/comments?post=59480"}],"version-history":[{"count":0,"href":"https:\/\/www.secowarwick.com\/pl\/wp-json\/wp\/v2\/pages\/59480\/revisions"}],"wp:attachment":[{"href":"https:\/\/www.secowarwick.com\/pl\/wp-json\/wp\/v2\/media?parent=59480"}],"curies":[{"name":"wp","href":"https:\/\/api.w.org\/{rel}","templated":true}]}}