{"id":61330,"date":"2018-03-09T11:54:13","date_gmt":"2018-03-09T10:54:13","guid":{"rendered":"http:\/\/www.secowarwick.com\/?page_id=61330"},"modified":"2018-04-03T16:45:26","modified_gmt":"2018-04-03T14:45:26","slug":"testowe-seminarium","status":"publish","type":"page","link":"https:\/\/www.secowarwick.com\/pl\/informacje\/seminarium-2019\/testowe-seminarium\/","title":{"rendered":"testowe seminarium"},"content":{"rendered":"<p>[et_pb_section bb_built=&#8221;1&#8243; _builder_version=&#8221;3.0.105&#8243; background_image=&#8221;https:\/\/www.secowarwick.com\/wp-content\/uploads\/2018\/03\/cennik-2018.jpg&#8221;][et_pb_row _builder_version=&#8221;3.0.106&#8243; make_fullwidth=&#8221;on&#8221;][et_pb_column type=&#8221;4_4&#8243;][et_pb_pricing_tables _builder_version=&#8221;3.0.106&#8243; show_bullet=&#8221;off&#8221; center_list_items=&#8221;on&#8221; show_featured_drop_shadow=&#8221;on&#8221; custom_button=&#8221;on&#8221; button_icon_placement=&#8221;right&#8221; text_orientation=&#8221;center&#8221; featured_table_background_color=&#8221;rgba(255,255,255,0.25)&#8221; header_background_color=&#8221;rgba(255,255,255,0)&#8221; body_font_size=&#8221;13px&#8221; subheader_font_size=&#8221;18&#8243; currency_frequency_text_color=&#8221;#ffffff&#8221; price_font_size=&#8221;65&#8243; button_text_size=&#8221;16&#8243; button_text_color=&#8221;#ffffff&#8221; button_border_width=&#8221;1&#8243; button_border_color=&#8221;#ffffff&#8221; button_border_radius=&#8221;2&#8243; border_width_all=&#8221;0px&#8221; background_color=&#8221;rgba(255,255,255,0.05)&#8221; body_font=&#8221;Arial||||||||&#8221;][et_pb_pricing_table _builder_version=&#8221;3.0.106&#8243; title=&#8221;Pakiet sponsorski BRONZE&#8221; use_background_color_gradient=&#8221;off&#8221; background_color_gradient_start=&#8221;#2b87da&#8221; background_color_gradient_end=&#8221;#29c4a9&#8243; background_color_gradient_type=&#8221;linear&#8221; background_color_gradient_direction=&#8221;180deg&#8221; background_color_gradient_direction_radial=&#8221;center&#8221; background_color_gradient_start_position=&#8221;0%&#8221; background_color_gradient_end_position=&#8221;100%&#8221; background_color_gradient_overlays_image=&#8221;off&#8221; parallax=&#8221;off&#8221; parallax_method=&#8221;on&#8221; background_size=&#8221;cover&#8221; background_position=&#8221;center&#8221; background_repeat=&#8221;no-repeat&#8221; background_blend=&#8221;normal&#8221; allow_player_pause=&#8221;off&#8221; background_video_pause_outside_viewport=&#8221;on&#8221; featured=&#8221;off&#8221; text_shadow_style=&#8221;none&#8221; header_text_shadow_style=&#8221;none&#8221; body_text_shadow_style=&#8221;none&#8221; subheader_text_shadow_style=&#8221;none&#8221; currency_frequency_text_shadow_style=&#8221;none&#8221; price_text_shadow_style=&#8221;none&#8221; custom_button=&#8221;off&#8221; button_text_shadow_style=&#8221;none&#8221; box_shadow_style_button=&#8221;none&#8221; box_shadow_style=&#8221;preset1&#8243; currency=&#8221;PLN&#8221; sum=&#8221;od 1299&#8243; button_text=&#8221;Kup pakiet&#8221; text_shadow_horizontal_length=&#8221;0em&#8221; text_shadow_vertical_length=&#8221;0em&#8221; text_shadow_blur_strength=&#8221;0em&#8221; header_text_shadow_horizontal_length=&#8221;0em&#8221; header_text_shadow_vertical_length=&#8221;0em&#8221; header_text_shadow_blur_strength=&#8221;0em&#8221; body_text_color=&#8221;#ffffff&#8221; body_text_shadow_horizontal_length=&#8221;0em&#8221; body_text_shadow_vertical_length=&#8221;0em&#8221; body_text_shadow_blur_strength=&#8221;0em&#8221; subheader_text_shadow_horizontal_length=&#8221;0em&#8221; subheader_text_shadow_vertical_length=&#8221;0em&#8221; subheader_text_shadow_blur_strength=&#8221;0em&#8221; currency_frequency_text_shadow_horizontal_length=&#8221;0em&#8221; currency_frequency_text_shadow_vertical_length=&#8221;0em&#8221; currency_frequency_text_shadow_blur_strength=&#8221;0em&#8221; price_font_size=&#8221;40&#8243; price_font_size_tablet=&#8221;40&#8243; price_font_size_phone=&#8221;40&#8243; price_line_height=&#8221;42px&#8221; price_line_height_tablet=&#8221;42px&#8221; price_line_height_phone=&#8221;42px&#8221; price_text_shadow_horizontal_length=&#8221;0em&#8221; price_text_shadow_vertical_length=&#8221;0em&#8221; price_text_shadow_blur_strength=&#8221;0em&#8221; button_alignment=&#8221;center&#8221; button_text_shadow_horizontal_length=&#8221;0em&#8221; button_text_shadow_vertical_length=&#8221;0em&#8221; button_text_shadow_blur_strength=&#8221;0em&#8221; box_shadow_horizontal=&#8221;0px&#8221; box_shadow_vertical=&#8221;2px&#8221; box_shadow_blur=&#8221;40px&#8221; box_shadow_spread=&#8221;0px&#8221; box_shadow_color=&#8221;rgba(0,0,0,0.1)&#8221; button_url=&#8221;https:\/\/secowarwick.com\/pl\/checkout\/?add-to-cart=61250&#8243; price_text_color=&#8221;#ffffff&#8221; body_font=&#8221;||||||||&#8221; button_bg_use_color_gradient=&#8221;off&#8221; button_bg_color_gradient_overlays_image=&#8221;off&#8221; button_use_icon=&#8221;on&#8221; button_on_hover=&#8221;on&#8221;]<\/p>\n<p style=\"text-align: center;\">Publikacja na stronie internetowej organizatora<\/p>\n<p style=\"text-align: center;\">Obecno\u015b\u0107 partnera mediach spo\u0142eczno\u015bciowych&nbsp;<\/p>\n<p style=\"text-align: center;\">Logotypu Partnera w materia\u0142ach drukowanych<\/p>\n<p style=\"text-align: center;\"><strong>Roll up Partnera<\/strong>&nbsp;w sali konferencyjnej<\/p>\n<p style=\"text-align: center;\">Powierzchnia wystawiennicza w&nbsp;<strong>Foyer<\/strong><\/p>\n<p style=\"text-align: center;\">Informacja o Partnerze w&nbsp;<strong>mailingu<\/strong><\/p>\n<p>[\/et_pb_pricing_table][et_pb_pricing_table _builder_version=&#8221;3.0.106&#8243; title=&#8221;Pakiet sponsorski SILVER&#8221; use_background_color_gradient=&#8221;off&#8221; background_color_gradient_start=&#8221;#2b87da&#8221; background_color_gradient_end=&#8221;#29c4a9&#8243; background_color_gradient_type=&#8221;linear&#8221; background_color_gradient_direction=&#8221;180deg&#8221; background_color_gradient_direction_radial=&#8221;center&#8221; background_color_gradient_start_position=&#8221;0%&#8221; background_color_gradient_end_position=&#8221;100%&#8221; background_color_gradient_overlays_image=&#8221;off&#8221; parallax=&#8221;off&#8221; parallax_method=&#8221;on&#8221; background_size=&#8221;cover&#8221; background_position=&#8221;center&#8221; background_repeat=&#8221;no-repeat&#8221; background_blend=&#8221;normal&#8221; allow_player_pause=&#8221;off&#8221; background_video_pause_outside_viewport=&#8221;on&#8221; featured=&#8221;on&#8221; text_shadow_style=&#8221;none&#8221; header_text_shadow_style=&#8221;none&#8221; body_text_shadow_style=&#8221;none&#8221; subheader_text_shadow_style=&#8221;none&#8221; currency_frequency_text_shadow_style=&#8221;none&#8221; price_text_shadow_style=&#8221;none&#8221; custom_button=&#8221;off&#8221; button_text_shadow_style=&#8221;none&#8221; box_shadow_style_button=&#8221;none&#8221; box_shadow_style=&#8221;preset1&#8243; currency=&#8221;PLN&#8221; sum=&#8221;od 1699&#8243; button_text=&#8221;Kup pakiet&#8221; text_shadow_horizontal_length=&#8221;0em&#8221; text_shadow_vertical_length=&#8221;0em&#8221; text_shadow_blur_strength=&#8221;0em&#8221; header_text_shadow_horizontal_length=&#8221;0em&#8221; header_text_shadow_vertical_length=&#8221;0em&#8221; header_text_shadow_blur_strength=&#8221;0em&#8221; body_text_color=&#8221;#ffffff&#8221; body_text_shadow_horizontal_length=&#8221;0em&#8221; body_text_shadow_vertical_length=&#8221;0em&#8221; body_text_shadow_blur_strength=&#8221;0em&#8221; subheader_text_shadow_horizontal_length=&#8221;0em&#8221; subheader_text_shadow_vertical_length=&#8221;0em&#8221; subheader_text_shadow_blur_strength=&#8221;0em&#8221; currency_frequency_text_shadow_horizontal_length=&#8221;0em&#8221; currency_frequency_text_shadow_vertical_length=&#8221;0em&#8221; currency_frequency_text_shadow_blur_strength=&#8221;0em&#8221; price_font_size=&#8221;40&#8243; price_font_size_tablet=&#8221;40&#8243; price_font_size_phone=&#8221;40&#8243; price_line_height=&#8221;42px&#8221; price_line_height_tablet=&#8221;42px&#8221; price_line_height_phone=&#8221;42px&#8221; price_text_shadow_horizontal_length=&#8221;0em&#8221; price_text_shadow_vertical_length=&#8221;0em&#8221; price_text_shadow_blur_strength=&#8221;0em&#8221; button_alignment=&#8221;center&#8221; button_text_shadow_horizontal_length=&#8221;0em&#8221; button_text_shadow_vertical_length=&#8221;0em&#8221; button_text_shadow_blur_strength=&#8221;0em&#8221; box_shadow_horizontal=&#8221;0px&#8221; box_shadow_vertical=&#8221;2px&#8221; box_shadow_blur=&#8221;40px&#8221; box_shadow_spread=&#8221;0px&#8221; box_shadow_color=&#8221;rgba(0,0,0,0.1)&#8221; button_url=&#8221;https:\/\/secowarwick.com\/pl\/checkout\/?add-to-cart=61316&#8243; price_text_color=&#8221;#ffffff&#8221; button_bg_use_color_gradient=&#8221;off&#8221; button_bg_color_gradient_overlays_image=&#8221;off&#8221; button_use_icon=&#8221;on&#8221; button_on_hover=&#8221;on&#8221; body_font=&#8221;||||||||&#8221;]<\/p>\n<p style=\"text-align: center;\">Publikacja na stronie internetowej organizatora<\/p>\n<p style=\"text-align: center;\">Obecno\u015b\u0107 partnera mediach spo\u0142eczno\u015bciowych&nbsp;<\/p>\n<p style=\"text-align: center;\">Logotypu Partnera w materia\u0142ach drukowanych<\/p>\n<p style=\"text-align: center;\"><strong>Roll up Partnera<\/strong>&nbsp;w sali konferencyjnej<\/p>\n<p style=\"text-align: center;\">Powierzchnia wystawiennicza w&nbsp;<strong>Foyer<\/strong><\/p>\n<p style=\"text-align: center;\">Informacja o Partnerze w&nbsp;<strong>mailingu<\/strong><\/p>\n<p>[\/et_pb_pricing_table][et_pb_pricing_table _builder_version=&#8221;3.0.106&#8243; title=&#8221;Pakiet sponsorski GOLD&#8221; use_background_color_gradient=&#8221;off&#8221; background_color_gradient_start=&#8221;#2b87da&#8221; background_color_gradient_end=&#8221;#29c4a9&#8243; background_color_gradient_type=&#8221;linear&#8221; background_color_gradient_direction=&#8221;180deg&#8221; background_color_gradient_direction_radial=&#8221;center&#8221; background_color_gradient_start_position=&#8221;0%&#8221; background_color_gradient_end_position=&#8221;100%&#8221; background_color_gradient_overlays_image=&#8221;off&#8221; parallax=&#8221;off&#8221; parallax_method=&#8221;on&#8221; background_size=&#8221;cover&#8221; background_position=&#8221;center&#8221; background_repeat=&#8221;no-repeat&#8221; background_blend=&#8221;normal&#8221; allow_player_pause=&#8221;off&#8221; background_video_pause_outside_viewport=&#8221;on&#8221; featured=&#8221;off&#8221; text_shadow_style=&#8221;none&#8221; header_text_shadow_style=&#8221;none&#8221; body_text_shadow_style=&#8221;none&#8221; subheader_text_shadow_style=&#8221;none&#8221; currency_frequency_text_shadow_style=&#8221;none&#8221; price_text_shadow_style=&#8221;none&#8221; custom_button=&#8221;off&#8221; button_text_shadow_style=&#8221;none&#8221; box_shadow_style_button=&#8221;none&#8221; box_shadow_style=&#8221;preset1&#8243; currency=&#8221;PLN&#8221; sum=&#8221;od 2199&#8243; button_text=&#8221;Kup pakiet&#8221; text_shadow_horizontal_length=&#8221;0em&#8221; text_shadow_vertical_length=&#8221;0em&#8221; text_shadow_blur_strength=&#8221;0em&#8221; header_text_shadow_horizontal_length=&#8221;0em&#8221; header_text_shadow_vertical_length=&#8221;0em&#8221; header_text_shadow_blur_strength=&#8221;0em&#8221; body_text_color=&#8221;#ffffff&#8221; body_text_shadow_horizontal_length=&#8221;0em&#8221; body_text_shadow_vertical_length=&#8221;0em&#8221; body_text_shadow_blur_strength=&#8221;0em&#8221; subheader_text_shadow_horizontal_length=&#8221;0em&#8221; subheader_text_shadow_vertical_length=&#8221;0em&#8221; subheader_text_shadow_blur_strength=&#8221;0em&#8221; currency_frequency_text_shadow_horizontal_length=&#8221;0em&#8221; currency_frequency_text_shadow_vertical_length=&#8221;0em&#8221; currency_frequency_text_shadow_blur_strength=&#8221;0em&#8221; price_font_size=&#8221;40&#8243; price_font_size_tablet=&#8221;40&#8243; price_font_size_phone=&#8221;40&#8243; price_line_height=&#8221;42px&#8221; price_line_height_tablet=&#8221;42px&#8221; price_line_height_phone=&#8221;42px&#8221; price_text_shadow_horizontal_length=&#8221;0em&#8221; price_text_shadow_vertical_length=&#8221;0em&#8221; price_text_shadow_blur_strength=&#8221;0em&#8221; button_alignment=&#8221;center&#8221; button_text_shadow_horizontal_length=&#8221;0em&#8221; button_text_shadow_vertical_length=&#8221;0em&#8221; button_text_shadow_blur_strength=&#8221;0em&#8221; box_shadow_horizontal=&#8221;0px&#8221; box_shadow_vertical=&#8221;2px&#8221; box_shadow_blur=&#8221;40px&#8221; box_shadow_spread=&#8221;0px&#8221; box_shadow_color=&#8221;rgba(0,0,0,0.1)&#8221; button_url=&#8221;https:\/\/secowarwick.com\/pl\/checkout\/?add-to-cart=61317&#8243; price_text_color=&#8221;#ffffff&#8221; button_bg_use_color_gradient=&#8221;off&#8221; button_bg_color_gradient_overlays_image=&#8221;off&#8221; button_use_icon=&#8221;on&#8221; button_on_hover=&#8221;on&#8221; body_font=&#8221;||||||||&#8221;]<\/p>\n<p style=\"text-align: center;\">Publikacja na stronie internetowej organizatora<\/p>\n<p style=\"text-align: center;\">Obecno\u015b\u0107 partnera mediach spo\u0142eczno\u015bciowych&nbsp;<\/p>\n<p style=\"text-align: center;\">Logotypu Partnera w materia\u0142ach drukowanych<\/p>\n<p style=\"text-align: center;\"><strong>Roll up Partnera<\/strong>&nbsp;w sali konferencyjnej<\/p>\n<p style=\"text-align: center;\">Powierzchnia wystawiennicza w&nbsp;<strong>Foyer<\/strong><\/p>\n<p style=\"text-align: center;\">Informacja o Partnerze w&nbsp;<strong>mailingu<\/strong><\/p>\n<p>[\/et_pb_pricing_table][\/et_pb_pricing_tables][\/et_pb_column][\/et_pb_row][\/et_pb_section]<\/p>\n","protected":false},"excerpt":{"rendered":"<p>Publikacja na stronie internetowej organizatora Obecno\u015b\u0107 partnera mediach spo\u0142eczno\u015bciowych&nbsp; Logotypu Partnera w materia\u0142ach drukowanych Roll up Partnera&nbsp;w sali konferencyjnej Powierzchnia wystawiennicza w&nbsp;Foyer Informacja o Partnerze w&nbsp;mailingu Publikacja na stronie internetowej organizatora Obecno\u015b\u0107 partnera mediach spo\u0142eczno\u015bciowych&nbsp; Logotypu Partnera w materia\u0142ach drukowanych Roll up Partnera&nbsp;w sali konferencyjnej Powierzchnia wystawiennicza w&nbsp;Foyer Informacja o Partnerze w&nbsp;mailingu Publikacja na stronie [&hellip;]<\/p>\n","protected":false},"author":2,"featured_media":0,"parent":59250,"menu_order":0,"comment_status":"closed","ping_status":"closed","template":"","meta":{"_acf_changed":false,"_et_pb_use_builder":"on","_et_pb_old_content":"","_et_gb_content_width":"","footnotes":""},"class_list":["post-61330","page","type-page","status-publish"],"acf":[],"_links":{"self":[{"href":"https:\/\/www.secowarwick.com\/pl\/wp-json\/wp\/v2\/pages\/61330","targetHints":{"allow":["GET"]}}],"collection":[{"href":"https:\/\/www.secowarwick.com\/pl\/wp-json\/wp\/v2\/pages"}],"about":[{"href":"https:\/\/www.secowarwick.com\/pl\/wp-json\/wp\/v2\/types\/page"}],"author":[{"embeddable":true,"href":"https:\/\/www.secowarwick.com\/pl\/wp-json\/wp\/v2\/users\/2"}],"replies":[{"embeddable":true,"href":"https:\/\/www.secowarwick.com\/pl\/wp-json\/wp\/v2\/comments?post=61330"}],"version-history":[{"count":1,"href":"https:\/\/www.secowarwick.com\/pl\/wp-json\/wp\/v2\/pages\/61330\/revisions"}],"predecessor-version":[{"id":120561,"href":"https:\/\/www.secowarwick.com\/pl\/wp-json\/wp\/v2\/pages\/61330\/revisions\/120561"}],"up":[{"embeddable":true,"href":"https:\/\/www.secowarwick.com\/pl\/wp-json\/wp\/v2\/pages\/59250"}],"wp:attachment":[{"href":"https:\/\/www.secowarwick.com\/pl\/wp-json\/wp\/v2\/media?parent=61330"}],"curies":[{"name":"wp","href":"https:\/\/api.w.org\/{rel}","templated":true}]}}