{"id":6158,"date":"2016-10-01T13:08:01","date_gmt":"2016-10-01T11:08:01","guid":{"rendered":"http:\/\/www.secowarwick.com\/pl\/seminar\/"},"modified":"2025-02-06T10:30:54","modified_gmt":"2025-02-06T09:30:54","slug":"seminarium","status":"publish","type":"page","link":"https:\/\/www.secowarwick.com\/pl\/informacje\/seminarium\/","title":{"rendered":"Seminarium"},"content":{"rendered":"<p>[et_pb_section fb_built=&#8221;1&#8243; custom_padding_last_edited=&#8221;on|desktop&#8221; admin_label=&#8221;section&#8221; _builder_version=&#8221;4.16&#8243; custom_padding=&#8221;0px|||&#8221; custom_padding_tablet=&#8221;50px|0|50px|0&#8243; custom_padding_phone=&#8221;&#8221; transparent_background=&#8221;off&#8221; padding_mobile=&#8221;off&#8221; make_fullwidth=&#8221;off&#8221; use_custom_width=&#8221;off&#8221; width_unit=&#8221;on&#8221; global_colors_info=&#8221;{}&#8221;][et_pb_row admin_label=&#8221;row&#8221; _builder_version=&#8221;4.16&#8243; background_size=&#8221;initial&#8221; background_position=&#8221;top_left&#8221; background_repeat=&#8221;repeat&#8221; global_colors_info=&#8221;{}&#8221; column_structure=&#8221;2_3,1_3&#8243;][et_pb_column type=&#8221;2_3&#8243; _builder_version=&#8221;4.16&#8243; custom_padding=&#8221;|||&#8221; global_colors_info=&#8221;{}&#8221; custom_padding__hover=&#8221;|||&#8221;][et_pb_text _builder_version=&#8221;4.16&#8243; background_size=&#8221;initial&#8221; background_position=&#8221;top_left&#8221; background_repeat=&#8221;repeat&#8221; use_border_color=&#8221;off&#8221; global_colors_info=&#8221;{}&#8221;]<\/p>\n<h2>XIX Edycja Seminarium Szkoleniowego Nowoczesne Trendy w Obr\u00f3bce Cieplnej dobieg\u0142a ko\u0144ca<\/h2>\n<p><strong>14 i 15 wrze\u015bnia, w urokliwym pa\u0142acu Mierz\u0119cin spotkali si\u0119 eksperci ze \u015bwiata nauki i biznesu, by uczestniczy\u0107 w zorganizowanym przez lidera zaawansowanych rozwi\u0105za\u0144 obr\u00f3bki cieplnej metali SECO\/WARWICK, seminarium szkoleniowym \u201cNowoczesne Trendy w Obr\u00f3bce Cieplnej\u201d.\u00a0<\/strong><br \/>\n[\/et_pb_text][et_pb_text _builder_version=&#8221;4.16&#8243; background_size=&#8221;initial&#8221; background_position=&#8221;top_left&#8221; background_repeat=&#8221;repeat&#8221; text_orientation=&#8221;justified&#8221; use_border_color=&#8221;off&#8221; border_color=&#8221;#ffffff&#8221; border_style=&#8221;solid&#8221; global_colors_info=&#8221;{}&#8221;]Liczne prelekcje, panele dyskusyjne, wyk\u0142ady autorytet\u00f3w z tej dziedziny \u2013 tak mo\u017cna opisa\u0107 coroczne spotkania pod bander\u0105 SECO\/WARWICK.<br \/>\n[\/et_pb_text][et_pb_image src=&#8221;https:\/\/www.secowarwick.com\/wp-content\/uploads\/2016\/10\/heat-treatment-seminar-1-1.jpg&#8221; alt=&#8221;Seminarium Nowoczesne Trendy w Obr\u00f3bce Cieplnej&#8221; show_in_lightbox=&#8221;on&#8221; align=&#8221;center&#8221; align_tablet=&#8221;center&#8221; align_last_edited=&#8221;on|desktop&#8221; _builder_version=&#8221;4.23.1&#8243; animation_style=&#8221;fade&#8221; animation_duration=&#8221;500ms&#8221; hover_enabled=&#8221;0&#8243; use_border_color=&#8221;off&#8221; global_colors_info=&#8221;{}&#8221; sticky_enabled=&#8221;0&#8243; align_phone=&#8221;center&#8221;][\/et_pb_image][et_pb_text _builder_version=&#8221;4.16&#8243; background_size=&#8221;initial&#8221; background_position=&#8221;top_left&#8221; background_repeat=&#8221;repeat&#8221; text_orientation=&#8221;justified&#8221; use_border_color=&#8221;off&#8221; border_color=&#8221;#ffffff&#8221; border_style=&#8221;solid&#8221; global_colors_info=&#8221;{}&#8221;]W tym roku, cz\u0119\u015b\u0107 merytoryczna sk\u0142ada\u0142a si\u0119 z 13 wyk\u0142ad\u00f3w, a w roli prelegent\u00f3w wyst\u0105pili in\u017cynierowie praktycy oraz autorytety bran\u017cowe i naukowe. Seminarium zosta\u0142o otworzone przez Vice Prezesa Zarz\u0105du Jaros\u0142awa Talerzaka, kt\u00f3ry przypomnia\u0142 25-letni\u0105 histori\u0119 tworzenia imperium obr\u00f3bki cieplnej.<\/p>\n<p>Pierwszego dnia sw\u00f3j wyk\u0142ad mia\u0142 prof. D. H. Herring, \u015bwiatowej klasy ekspert z zakresu obr\u00f3bki cieplnej i metalurgii, rozwoju nowych produkt\u00f3w, kt\u00f3ry przedstawi\u0142 najlepsze metody hartowania k\u00f3\u0142 z\u0119batych wra\u017cliwych na deformacje. Z kolei, prof. J. Pacyna, b\u0119d\u0105cy autorytetem w dziedzinie metaloznawstwa i metalurgii proszkowej z AGH w Krakowie, opowiada\u0142 o obr\u00f3bce cieplnej stali w \u015bwietle zasady wystarczaj\u0105cej hartowno\u015bci, za\u015b o zaletach nowoczesnej technologii azotowania gazowego \u2013 ZeroFlow\u00ae, minimalizuj\u0105cej zu\u017cycie medi\u00f3w procesowych i redukuj\u0105cej emisj\u0119 gaz\u00f3w po procesowych \u2013 wypowiada\u0142 si\u0119 Tomasz Przygo\u0144ski, Dyrektor Rozwoju Urz\u0105dze\u0144 segmentu Thermal wspieraj\u0105cy zespo\u0142y sp\u00f3\u0142ek grupy SECO\/WARWICK, w zakresie rozwi\u0105za\u0144 technicznych i ich rozwoju.<br \/>\n[\/et_pb_text][et_pb_image src=&#8221;https:\/\/www.secowarwick.com\/wp-content\/uploads\/2016\/10\/heat-treatment-seminar-2-1.jpg&#8221; show_in_lightbox=&#8221;on&#8221; align=&#8221;center&#8221; align_tablet=&#8221;center&#8221; align_last_edited=&#8221;on|desktop&#8221; _builder_version=&#8221;4.23.1&#8243; animation_style=&#8221;fade&#8221; animation_duration=&#8221;500ms&#8221; hover_enabled=&#8221;0&#8243; use_border_color=&#8221;off&#8221; border_color=&#8221;#ffffff&#8221; border_style=&#8221;solid&#8221; animation=&#8221;fade_in&#8221; sticky=&#8221;off&#8221; always_center_on_mobile=&#8221;on&#8221; global_colors_info=&#8221;{}&#8221; alt=&#8221;Drugi dzie\u0144 spotkania, moderowany przez prof. L. Ma\u0142dzi\u0144skiego&#8221; sticky_enabled=&#8221;0&#8243; align_phone=&#8221;center&#8221;][\/et_pb_image][et_pb_text _builder_version=&#8221;4.16&#8243; background_size=&#8221;initial&#8221; background_position=&#8221;top_left&#8221; background_repeat=&#8221;repeat&#8221; text_orientation=&#8221;justified&#8221; use_border_color=&#8221;off&#8221; border_color=&#8221;#ffffff&#8221; border_style=&#8221;solid&#8221; global_colors_info=&#8221;{}&#8221;]<\/p>\n<p style=\"text-align: justify;\">Drugi dzie\u0144 spotkania, moderowany przez prof. L. Ma\u0142dzi\u0144skiego, znawc\u0119 azotonaw\u0119glania z Politechniki Pozna\u0144skiej, przeznaczony zosta\u0142 na om\u00f3wienie zale\u017cno\u015bci mi\u0119dzy \u0142a\u0144cuchem produkcyjnym i obr\u00f3bk\u0105 ciepln\u0105, za\u015b na aspekcie zwi\u0119kszania efektywno\u015bci i produktywno\u015bci, dzi\u0119ki zastosowaniu aplikacji naw\u0119glania pr\u00f3\u017cniowego na bazie linii Vector \u2013 CaseMaster i UniCase Master\u00ae skupi\u0142 si\u0119 dr Maciej Korecki Vice Prezes Zarz\u0105du Segmentu Pr\u00f3\u017cni.<\/p>\n<p>Na tegorocznym, dwudniowym Seminarium, uczestnicy spotkania zg\u0142\u0119biali tematy z zakresu: in\u017cynierii materia\u0142owej, proces\u00f3w i technologii obr\u00f3bki cieplnej, a tak\u017ce pozosta\u0142ych narz\u0119dzi oraz wyposa\u017cenia wspomagaj\u0105cego produkcj\u0119. Ca\u0142y zakres tematyczny przedstawiany by\u0142 w uj\u0119ciu ekonomicznym, jako\u015bciowym i wydajno\u015bciowym, bowiem te trzy has\u0142a by\u0142y motywem przewodnim Seminarium.<\/p>\n<p>\u201eSeminarium Szkoleniowe SECO\/WARWICK to idealny spos\u00f3b na wymian\u0119 do\u015bwiadcze\u0144, poszerzenie wiedzy bran\u017cowej i nawi\u0105zanie kontakt\u00f3w biznesowych\u201d, m\u00f3wi Katarzyna Sawka, Globalny Dyrektor Marketingu Grupy SECO\/WARWICK.<br \/>\n[\/et_pb_text][et_pb_image src=&#8221;https:\/\/www.secowarwick.com\/wp-content\/uploads\/2016\/10\/heat-treatment-seminar-3-1.jpg&#8221; show_in_lightbox=&#8221;on&#8221; align=&#8221;center&#8221; align_tablet=&#8221;center&#8221; align_last_edited=&#8221;on|desktop&#8221; _builder_version=&#8221;4.23.1&#8243; animation_style=&#8221;fade&#8221; animation_duration=&#8221;500ms&#8221; hover_enabled=&#8221;0&#8243; use_border_color=&#8221;off&#8221; border_color=&#8221;#ffffff&#8221; border_style=&#8221;solid&#8221; animation=&#8221;fade_in&#8221; sticky=&#8221;off&#8221; always_center_on_mobile=&#8221;on&#8221; global_colors_info=&#8221;{}&#8221; alt=&#8221;Prezentacja, Nowoczesne trendy w obr\u00f3bce cieplnej&#8221; sticky_enabled=&#8221;0&#8243; align_phone=&#8221;center&#8221;][\/et_pb_image][et_pb_text _builder_version=&#8221;4.16&#8243; background_size=&#8221;initial&#8221; background_position=&#8221;top_left&#8221; background_repeat=&#8221;repeat&#8221; text_orientation=&#8221;justified&#8221; use_border_color=&#8221;off&#8221; border_color=&#8221;#ffffff&#8221; border_style=&#8221;solid&#8221; global_colors_info=&#8221;{}&#8221;]<\/p>\n<p style=\"text-align: justify;\">\u201eSECO\/WARWICK jest firm\u0105 redefiniuj\u0105c\u0105 koncept zaawansowanych technologii, kt\u00f3rych wydajno\u015b\u0107 mo\u017ce by\u0107 wi\u0119ksza przy mniejszym zu\u017cyciu energii, ni\u017cszych kosztach i ulepszonych projektach technicznych Ekonomia, jako\u015b\u0107 i wydajno\u015b\u0107 to trzy has\u0142a daj\u0105ce przewag\u0119 technologiczn\u0105, operacyjn\u0105 i rynkow\u0105, we wszystkich procesach obr\u00f3bki cieplnej, a kt\u00f3re \u0142\u0105czy\u0142y tegoroczne Seminarium Szkoleniowe. Ju\u017c dzisiaj, zapraszamy na przysz\u0142oroczn\u0105 i wyj\u0105tkow\u0105, bo ju\u017c XX edycj\u0119 seminarium szkoleniowego SECO\/WARWICK\u201d, dodaje Sawka.<\/p>\n<p>[\/et_pb_text][\/et_pb_column][et_pb_column type=&#8221;1_3&#8243; _builder_version=&#8221;4.16&#8243; custom_padding=&#8221;|||&#8221; global_colors_info=&#8221;{}&#8221; custom_padding__hover=&#8221;|||&#8221;][\/et_pb_column][\/et_pb_row][\/et_pb_section]<\/p>\n","protected":false},"excerpt":{"rendered":"<p>XIX Edycja Seminarium Szkoleniowego Nowoczesne Trendy w Obr\u00f3bce Cieplnej dobieg\u0142a ko\u0144ca 14 i 15 wrze\u015bnia, w urokliwym pa\u0142acu Mierz\u0119cin spotkali si\u0119 eksperci ze \u015bwiata nauki i biznesu, by uczestniczy\u0107 w zorganizowanym przez lidera zaawansowanych rozwi\u0105za\u0144 obr\u00f3bki cieplnej metali SECO\/WARWICK, seminarium szkoleniowym \u201cNowoczesne Trendy w Obr\u00f3bce Cieplnej\u201d.\u00a0 Liczne prelekcje, panele dyskusyjne, wyk\u0142ady autorytet\u00f3w z tej dziedziny [&hellip;]<\/p>\n","protected":false},"author":9,"featured_media":0,"parent":7300,"menu_order":0,"comment_status":"closed","ping_status":"closed","template":"","meta":{"_acf_changed":false,"_et_pb_use_builder":"on","_et_pb_old_content":"","_et_gb_content_width":"","footnotes":""},"class_list":["post-6158","page","type-page","status-publish"],"acf":[],"_links":{"self":[{"href":"https:\/\/www.secowarwick.com\/pl\/wp-json\/wp\/v2\/pages\/6158","targetHints":{"allow":["GET"]}}],"collection":[{"href":"https:\/\/www.secowarwick.com\/pl\/wp-json\/wp\/v2\/pages"}],"about":[{"href":"https:\/\/www.secowarwick.com\/pl\/wp-json\/wp\/v2\/types\/page"}],"author":[{"embeddable":true,"href":"https:\/\/www.secowarwick.com\/pl\/wp-json\/wp\/v2\/users\/9"}],"replies":[{"embeddable":true,"href":"https:\/\/www.secowarwick.com\/pl\/wp-json\/wp\/v2\/comments?post=6158"}],"version-history":[{"count":2,"href":"https:\/\/www.secowarwick.com\/pl\/wp-json\/wp\/v2\/pages\/6158\/revisions"}],"predecessor-version":[{"id":171583,"href":"https:\/\/www.secowarwick.com\/pl\/wp-json\/wp\/v2\/pages\/6158\/revisions\/171583"}],"up":[{"embeddable":true,"href":"https:\/\/www.secowarwick.com\/pl\/wp-json\/wp\/v2\/pages\/7300"}],"wp:attachment":[{"href":"https:\/\/www.secowarwick.com\/pl\/wp-json\/wp\/v2\/media?parent=6158"}],"curies":[{"name":"wp","href":"https:\/\/api.w.org\/{rel}","templated":true}]}}