{"id":6229,"date":"2016-10-01T13:08:10","date_gmt":"2016-10-01T11:08:10","guid":{"rendered":"http:\/\/www.secowarwick.com\/pl\/webinars\/"},"modified":"2017-07-12T22:33:14","modified_gmt":"2017-07-12T20:33:14","slug":"webinaria","status":"publish","type":"page","link":"https:\/\/www.secowarwick.com\/pl\/webinaria\/","title":{"rendered":"Webinaria"},"content":{"rendered":"<p>[et_pb_section bb_built=&#8221;1&#8243; admin_label=&#8221;section&#8221;][et_pb_row admin_label=&#8221;row&#8221;][et_pb_column type=&#8221;1_2&#8243;][et_pb_text admin_label=&#8221;Text&#8221; background_layout=&#8221;light&#8221; text_orientation=&#8221;left&#8221; use_border_color=&#8221;off&#8221; border_color=&#8221;#ffffff&#8221; border_style=&#8221;solid&#8221;]<\/p>\n<h2>Spotkaj si\u0119 z ekspertem bez odchodzenia od biurka<\/h2>\n<p>W ci\u0105gu godziny lekcyjnej, nawi\u0105\u017cesz kontakt ze specjalist\u0105. Ogl\u0105daj i ucz si\u0119 on-line.<\/p>\n<h3>Jak zarejestrowa\u0107 si\u0119 na webinarium?<\/h3>\n<p><a href=\"https:\/\/www.secowarwick.com\/en\/webinars\/\">Zarejestruj si\u0119 na wybrane, bezp\u0142atne webinaria<\/a>. E-mail przypominaj\u0105cy z linkiem do zalogowania zostanie przes\u0142any na dzie\u0144 i godzin\u0119 przed rozpocz\u0119ciem planowanego szkolenia. W wyznaczonym terminie, kliknij link i ogl\u0105daj transmisj\u0119 na \u017cywo.<\/p>\n<p>[\/et_pb_text][\/et_pb_column][et_pb_column type=&#8221;1_2&#8243;][et_pb_text admin_label=&#8221;Text&#8221; background_layout=&#8221;light&#8221; text_orientation=&#8221;left&#8221; use_border_color=&#8221;on&#8221; border_color=&#8221;#efefef&#8221; border_style=&#8221;solid&#8221; background_color=&#8221;rgba(242,242,242,0)&#8221; border_width=&#8221;2px&#8221; custom_padding=&#8221;25px|15px|20px|15px&#8221;]<\/p>\n<p><img decoding=\"async\" class=\"size-full wp-image-6172 alignleft\" src=\"https:\/\/www.secowarwick.com\/wp-content\/uploads\/2016\/10\/webinar-archive.png\" alt=\"webinar archive\" width=\"154\" height=\"142\" srcset=\"https:\/\/www.secowarwick.com\/wp-content\/uploads\/2016\/10\/webinar-archive.png 154w, https:\/\/www.secowarwick.com\/wp-content\/uploads\/2016\/10\/webinar-archive-150x138.png 150w\" sizes=\"(max-width: 154px) 100vw, 154px\" \/><img decoding=\"async\" class=\"size-full wp-image-6179 aligncenter\" src=\"https:\/\/www.secowarwick.com\/wp-content\/uploads\/2016\/10\/webinar-archive-2.png\" alt=\"webinar archive\" width=\"235\" height=\"22\" srcset=\"https:\/\/www.secowarwick.com\/wp-content\/uploads\/2016\/10\/webinar-archive-2.png 235w, https:\/\/www.secowarwick.com\/wp-content\/uploads\/2016\/10\/webinar-archive-2-150x14.png 150w\" sizes=\"(max-width: 235px) 100vw, 235px\" \/><\/p>\n<p>A je\u015bli opu\u015bcisz termin?<br \/>\nJe\u015bli przeoczysz termin lub nie zalogujesz si\u0119 o czasie, nic nie szkodzi. Mo\u017cesz zarejestrowa\u0107 si\u0119 i obejrze\u0107 nagrania zako\u0144czonych webinari\u00f3w &#8211; <a href=\"https:\/\/www.secowarwick.com\/en\/webinars\/\">patrz Archiwum Webinari\u00f3w<\/a>.<\/p>\n<p>[\/et_pb_text][\/et_pb_column][\/et_pb_row][\/et_pb_section]<\/p>\n","protected":false},"excerpt":{"rendered":"<p>Spotkaj si\u0119 z ekspertem bez odchodzenia od biurka W ci\u0105gu godziny lekcyjnej, nawi\u0105\u017cesz kontakt ze specjalist\u0105. Ogl\u0105daj i ucz si\u0119 on-line. Jak zarejestrowa\u0107 si\u0119 na webinarium? Zarejestruj si\u0119 na wybrane, bezp\u0142atne webinaria. E-mail przypominaj\u0105cy z linkiem do zalogowania zostanie przes\u0142any na dzie\u0144 i godzin\u0119 przed rozpocz\u0119ciem planowanego szkolenia. W wyznaczonym terminie, kliknij link i ogl\u0105daj [&hellip;]<\/p>\n","protected":false},"author":9,"featured_media":0,"parent":0,"menu_order":0,"comment_status":"closed","ping_status":"closed","template":"","meta":{"_acf_changed":false,"_et_pb_use_builder":"on","_et_pb_old_content":"","_et_gb_content_width":"","footnotes":""},"class_list":["post-6229","page","type-page","status-publish"],"acf":[],"_links":{"self":[{"href":"https:\/\/www.secowarwick.com\/pl\/wp-json\/wp\/v2\/pages\/6229","targetHints":{"allow":["GET"]}}],"collection":[{"href":"https:\/\/www.secowarwick.com\/pl\/wp-json\/wp\/v2\/pages"}],"about":[{"href":"https:\/\/www.secowarwick.com\/pl\/wp-json\/wp\/v2\/types\/page"}],"author":[{"embeddable":true,"href":"https:\/\/www.secowarwick.com\/pl\/wp-json\/wp\/v2\/users\/9"}],"replies":[{"embeddable":true,"href":"https:\/\/www.secowarwick.com\/pl\/wp-json\/wp\/v2\/comments?post=6229"}],"version-history":[{"count":0,"href":"https:\/\/www.secowarwick.com\/pl\/wp-json\/wp\/v2\/pages\/6229\/revisions"}],"wp:attachment":[{"href":"https:\/\/www.secowarwick.com\/pl\/wp-json\/wp\/v2\/media?parent=6229"}],"curies":[{"name":"wp","href":"https:\/\/api.w.org\/{rel}","templated":true}]}}