{"id":6367,"date":"2016-10-01T12:35:18","date_gmt":"2016-10-01T10:35:18","guid":{"rendered":"http:\/\/www.secowarwick.com\/pl\/investor-relations\/"},"modified":"2025-12-06T10:37:42","modified_gmt":"2025-12-06T09:37:42","slug":"relacje-inwestorskie","status":"publish","type":"page","link":"https:\/\/www.secowarwick.com\/pl\/relacje-inwestorskie\/","title":{"rendered":"Relacje Inwestorskie"},"content":{"rendered":"<p>[et_pb_section fb_built=&#8221;1&#8243; admin_label=&#8221;section&#8221; _builder_version=&#8221;4.23.1&#8243; custom_padding=&#8221;0px||||false|false&#8221; global_colors_info=&#8221;{}&#8221;][et_pb_row admin_label=&#8221;row&#8221; _builder_version=&#8221;4.23.1&#8243; background_color=&#8221;#f8f8f8&#8243; background_size=&#8221;initial&#8221; background_position=&#8221;top_left&#8221; background_repeat=&#8221;repeat&#8221; custom_margin=&#8221;||||false|false&#8221; custom_padding=&#8221;||65px|25px|false|false&#8221; make_fullwidth=&#8221;off&#8221; use_custom_width=&#8221;off&#8221; width_unit=&#8221;on&#8221; global_colors_info=&#8221;{}&#8221;][et_pb_column type=&#8221;4_4&#8243; _builder_version=&#8221;4.16&#8243; custom_padding=&#8221;|||&#8221; global_colors_info=&#8221;{}&#8221; custom_padding__hover=&#8221;|||&#8221;][et_pb_breadcrumbs _builder_version=&#8221;3.0.47&#8243; global_colors_info=&#8221;{}&#8221;][\/et_pb_breadcrumbs][et_pb_text _builder_version=&#8221;4.23.1&#8243; background_size=&#8221;initial&#8221; background_position=&#8221;top_left&#8221; background_repeat=&#8221;repeat&#8221; text_orientation=&#8221;justified&#8221; use_border_color=&#8221;off&#8221; global_colors_info=&#8221;{}&#8221;]<\/p>\n<h1>RELACJE INWESTORSKIE<\/h1>\n<p>[\/et_pb_text][\/et_pb_column][\/et_pb_row][et_pb_row admin_label=&#8221;row&#8221; _builder_version=&#8221;4.23.1&#8243; background_size=&#8221;initial&#8221; background_position=&#8221;top_left&#8221; background_repeat=&#8221;repeat&#8221; custom_margin=&#8221;0px|||&#8221; custom_padding=&#8221;||||false|false&#8221; make_fullwidth=&#8221;off&#8221; use_custom_width=&#8221;off&#8221; width_unit=&#8221;on&#8221; global_colors_info=&#8221;{}&#8221;][et_pb_column type=&#8221;4_4&#8243; _builder_version=&#8221;4.16&#8243; custom_padding=&#8221;|||&#8221; global_colors_info=&#8221;{}&#8221; custom_padding__hover=&#8221;|||&#8221;][et_pb_text _builder_version=&#8221;4.23.1&#8243; background_size=&#8221;initial&#8221; background_position=&#8221;top_left&#8221; background_repeat=&#8221;repeat&#8221; text_orientation=&#8221;justified&#8221; use_border_color=&#8221;off&#8221; global_colors_info=&#8221;{}&#8221;]<\/p>\n<h2>Grupa <strong>SECO\/WARWICK<\/strong> to&nbsp;<strong>sp\u00f3\u0142ka gie\u0142dowa notowana od&nbsp;2007 roku<\/strong>, nale\u017c\u0105ca do&nbsp;\u015bcis\u0142ej \u015bwiatowej czo\u0142\u00f3wki producent\u00f3w rozwi\u0105za\u0144 do&nbsp;obr\u00f3bki cieplnej metali i&nbsp;metalurgii. Si\u0142a Grupy budowana jest w&nbsp;<strong>7 oddzia\u0142ach na&nbsp;\u015bwiecie<\/strong> na&nbsp;imponuj\u0105cej powierzchni produkcyjnej <strong>bliskiej 50 000 m\u00b2<\/strong>.<\/h2>\n<p>Tworzymy <strong>piece przemys\u0142owe<\/strong> dla kluczowych bran\u017c \u015bwiatowych, tj.&nbsp;dla przemys\u0142u motoryzacyjnego, lotniczego czy&nbsp;energetycznego. Jeste\u015bmy <strong>liderem innowacji technologii obr\u00f3bki cieplnej i&nbsp;metalurgii<\/strong> \u2013 dzi\u0119ki w\u0142asnym dzia\u0142om R&amp;D z&nbsp;laboratorium metalograficznym oraz&nbsp;wsp\u00f3\u0142pracy z&nbsp;renomowanymi o\u015brodkami akademickimi w&nbsp;Polsce i&nbsp;na&nbsp;\u015bwiecie.<\/p>\n<p>Nasze rozwi\u0105zania s\u0105&nbsp;<strong>unikalne w&nbsp;skali globalnej<\/strong>, a&nbsp;ci\u0105g\u0142y rozw\u00f3j i&nbsp;inwestycje w&nbsp;badania sprawiaj\u0105, \u017ce&nbsp;SECO\/WARWICK wyznacza kierunki w&nbsp;bran\u017cy obr\u00f3bki cieplnej metali.<\/p>\n<p><strong>Inwestuj w&nbsp;przysz\u0142o\u015b\u0107. Inwestuj w&nbsp;SECO\/WARWICK.<\/strong><\/p>\n<p>[\/et_pb_text][\/et_pb_column][\/et_pb_row][\/et_pb_section][et_pb_section fb_built=&#8221;1&#8243; _builder_version=&#8221;4.16&#8243; global_colors_info=&#8221;{}&#8221;][et_pb_row column_structure=&#8221;1_4,1_4,1_4,1_4&#8243; _builder_version=&#8221;4.16&#8243; custom_padding=&#8221;0px|||&#8221; global_colors_info=&#8221;{}&#8221;][et_pb_column type=&#8221;1_4&#8243; _builder_version=&#8221;4.16&#8243; custom_padding=&#8221;|||&#8221; global_colors_info=&#8221;{}&#8221; custom_padding__hover=&#8221;|||&#8221;][et_pb_blurb title=&#8221;RAPORTY BIE\u017b\u0104CE&#8221; url=&#8221;https:\/\/www.secowarwick.com\/pl\/relacje-inwestorskie\/raporty-biezace\/&#8221; image=&#8221;https:\/\/www.secowarwick.com\/wp-content\/uploads\/2020\/01\/iko-reka.png&#8221; alt=&#8221;RAPORTY BIE\u017b\u0104CE&#8221; _builder_version=&#8221;4.23.1&#8243; header_text_align=&#8221;center&#8221; header_font_size=&#8221;16&#8243; body_font=&#8221;|600|||||||&#8221; text_orientation=&#8221;center&#8221; custom_margin=&#8221;-14px|||&#8221; global_colors_info=&#8221;{}&#8221;][\/et_pb_blurb][\/et_pb_column][et_pb_column type=&#8221;1_4&#8243; _builder_version=&#8221;4.16&#8243; custom_padding=&#8221;|||&#8221; global_colors_info=&#8221;{}&#8221; custom_padding__hover=&#8221;|||&#8221;][et_pb_blurb title=&#8221;RAPORTY OKRESOWE&#8221; url=&#8221;https:\/\/www.secowarwick.com\/pl\/relacje-inwestorskie\/raporty-okresowe\/&#8221; image=&#8221;https:\/\/www.secowarwick.com\/wp-content\/uploads\/2020\/01\/iko-okresowe.png&#8221; alt=&#8221;RAPORTY OKRESOWE&#8221; _builder_version=&#8221;4.23.1&#8243; header_text_align=&#8221;center&#8221; header_font_size=&#8221;16&#8243; body_font=&#8221;|600|||||||&#8221; text_orientation=&#8221;center&#8221; custom_margin=&#8221;5px|||&#8221; global_colors_info=&#8221;{}&#8221;][\/et_pb_blurb][\/et_pb_column][et_pb_column type=&#8221;1_4&#8243; _builder_version=&#8221;4.16&#8243; custom_padding=&#8221;|||&#8221; global_colors_info=&#8221;{}&#8221; custom_padding__hover=&#8221;|||&#8221;][et_pb_blurb title=&#8221;WYBRANE DANE FINANSOWE&#8221; url=&#8221;https:\/\/www.secowarwick.com\/pl\/relacje-inwestorskie\/wybrane-dane-finansowe\/&#8221; image=&#8221;https:\/\/www.secowarwick.com\/wp-content\/uploads\/2020\/01\/iko-wybrane.png&#8221; alt=&#8221;WYBRANE DANE FINANSOWE&#8221; _builder_version=&#8221;4.23.1&#8243; header_text_align=&#8221;center&#8221; header_font_size=&#8221;16&#8243; body_font=&#8221;|600|||||||&#8221; text_orientation=&#8221;center&#8221; custom_margin=&#8221;-5px|||&#8221; global_colors_info=&#8221;{}&#8221;][\/et_pb_blurb][\/et_pb_column][et_pb_column type=&#8221;1_4&#8243; _builder_version=&#8221;4.16&#8243; custom_padding=&#8221;|||&#8221; global_colors_info=&#8221;{}&#8221; custom_padding__hover=&#8221;|||&#8221;][et_pb_blurb title=&#8221;AKCJE SECO\/WARWICK NA\u00a0GPW&#8221; url=&#8221;https:\/\/www.secowarwick.com\/pl\/relacje-inwestorskie\/akcje-seco-warwick-na-gpw\/&#8221; image=&#8221;https:\/\/www.secowarwick.com\/wp-content\/uploads\/2020\/01\/iko-akcje.png&#8221; alt=&#8221;AKCJE SECO\/WARWICK NA\u00a0GPW&#8221; _builder_version=&#8221;4.23.1&#8243; header_text_align=&#8221;center&#8221; header_font_size=&#8221;16&#8243; body_font=&#8221;|600|||||||&#8221; text_orientation=&#8221;center&#8221; global_colors_info=&#8221;{}&#8221;][\/et_pb_blurb][\/et_pb_column][\/et_pb_row][et_pb_row column_structure=&#8221;1_4,1_4,1_4,1_4&#8243; _builder_version=&#8221;4.16&#8243; background_size=&#8221;initial&#8221; background_position=&#8221;top_left&#8221; background_repeat=&#8221;repeat&#8221; global_colors_info=&#8221;{}&#8221;][et_pb_column type=&#8221;1_4&#8243; _builder_version=&#8221;4.16&#8243; custom_padding=&#8221;|||&#8221; global_colors_info=&#8221;{}&#8221; custom_padding__hover=&#8221;|||&#8221;][et_pb_blurb title=&#8221;KALENDARIUM&#8221; url=&#8221;https:\/\/www.secowarwick.com\/pl\/relacje-inwestorskie\/kalendarium\/&#8221; image=&#8221;https:\/\/www.secowarwick.com\/wp-content\/uploads\/2020\/01\/iko_zegar-1.png&#8221; alt=&#8221;KALENDARIUM&#8221; _builder_version=&#8221;4.23.1&#8243; header_text_align=&#8221;center&#8221; header_font_size=&#8221;16&#8243; body_font=&#8221;|600|||||||&#8221; text_orientation=&#8221;center&#8221; global_colors_info=&#8221;{}&#8221;][\/et_pb_blurb][\/et_pb_column][et_pb_column type=&#8221;1_4&#8243; _builder_version=&#8221;4.16&#8243; custom_padding=&#8221;|||&#8221; global_colors_info=&#8221;{}&#8221; custom_padding__hover=&#8221;|||&#8221;][et_pb_blurb title=&#8221;AKCJONARIAT&#8221; url=&#8221;https:\/\/www.secowarwick.com\/pl\/relacje-inwestorskie\/akcjonariat\/&#8221; image=&#8221;https:\/\/www.secowarwick.com\/wp-content\/uploads\/2020\/01\/iko-akcjonariat-2.png&#8221; alt=&#8221;AKCJONARIAT&#8221; _builder_version=&#8221;4.23.1&#8243; header_text_align=&#8221;center&#8221; header_font_size=&#8221;16&#8243; body_font=&#8221;|600|||||||&#8221; text_orientation=&#8221;center&#8221; global_colors_info=&#8221;{}&#8221;][\/et_pb_blurb][\/et_pb_column][et_pb_column type=&#8221;1_4&#8243; _builder_version=&#8221;4.16&#8243; custom_padding=&#8221;|||&#8221; global_colors_info=&#8221;{}&#8221; custom_padding__hover=&#8221;|||&#8221;][et_pb_blurb title=&#8221;\u0141AD KORPORACYJNY&#8221; url=&#8221;https:\/\/www.secowarwick.com\/pl\/relacje-inwestorskie\/lad-korporacyjny\/&#8221; image=&#8221;https:\/\/www.secowarwick.com\/wp-content\/uploads\/2020\/01\/iko-kula.png&#8221; alt=&#8221;\u0141AD KORPORACYJNY&#8221; _builder_version=&#8221;4.23.1&#8243; header_text_align=&#8221;center&#8221; header_font_size=&#8221;16&#8243; body_font=&#8221;|600|||||||&#8221; text_orientation=&#8221;center&#8221; custom_margin=&#8221;-7px|||&#8221; global_colors_info=&#8221;{}&#8221;][\/et_pb_blurb][\/et_pb_column][et_pb_column type=&#8221;1_4&#8243; _builder_version=&#8221;4.16&#8243; custom_padding=&#8221;|||&#8221; global_colors_info=&#8221;{}&#8221; custom_padding__hover=&#8221;|||&#8221;][et_pb_blurb title=&#8221;DLA INWESTOR\u00d3W&#8221; url=&#8221;https:\/\/www.secowarwick.com\/wp-content\/uploads\/2025\/10\/20251128-SECO-3Q-2025-inwestorzy.pdf&#8221; url_new_window=&#8221;on&#8221; image=&#8221;https:\/\/www.secowarwick.com\/wp-content\/uploads\/2020\/01\/iko-korporacyjne.png&#8221; alt=&#8221;DLA INWESTOR\u00d3W&#8221; _builder_version=&#8221;4.23.1&#8243; header_text_align=&#8221;center&#8221; header_font_size=&#8221;16&#8243; body_font=&#8221;|600|||||||&#8221; text_orientation=&#8221;center&#8221; custom_margin=&#8221;13px|||&#8221; hover_enabled=&#8221;0&#8243; global_colors_info=&#8221;{}&#8221; sticky_enabled=&#8221;0&#8243;][\/et_pb_blurb][\/et_pb_column][\/et_pb_row][et_pb_row column_structure=&#8221;1_4,1_4,1_4,1_4&#8243; _builder_version=&#8221;4.16&#8243; background_size=&#8221;initial&#8221; background_position=&#8221;top_left&#8221; background_repeat=&#8221;repeat&#8221; global_colors_info=&#8221;{}&#8221;][et_pb_column type=&#8221;1_4&#8243; _builder_version=&#8221;4.16&#8243; custom_padding=&#8221;|||&#8221; global_colors_info=&#8221;{}&#8221; custom_padding__hover=&#8221;|||&#8221;][et_pb_blurb title=&#8221;STRUKTURA KORPORACYJNA&#8221; url=&#8221;https:\/\/www.secowarwick.com\/pl\/relacje-inwestorskie\/struktura-korporacji\/&#8221; image=&#8221;https:\/\/www.secowarwick.com\/wp-content\/uploads\/2020\/01\/iko-wladze.png&#8221; alt=&#8221;STRUKTURA KORPORACYJNA&#8221; _builder_version=&#8221;4.23.1&#8243; header_text_align=&#8221;center&#8221; header_font_size=&#8221;16&#8243; body_font=&#8221;|600|||||||&#8221; text_orientation=&#8221;center&#8221; global_colors_info=&#8221;{}&#8221;][\/et_pb_blurb][\/et_pb_column][et_pb_column type=&#8221;1_4&#8243; _builder_version=&#8221;4.16&#8243; custom_padding=&#8221;|||&#8221; global_colors_info=&#8221;{}&#8221; custom_padding__hover=&#8221;|||&#8221;][et_pb_blurb title=&#8221;ZARZ\u0104D SP\u00d3\u0141KI&#8221; url=&#8221;https:\/\/www.secowarwick.com\/pl\/ospolce\/zarzad-spolki\/&#8221; image=&#8221;https:\/\/www.secowarwick.com\/wp-content\/uploads\/2020\/01\/iko-bank.png&#8221; alt=&#8221;ZARZ\u0104D SP\u00d3\u0141KI&#8221; _builder_version=&#8221;4.23.1&#8243; header_text_align=&#8221;center&#8221; header_font_size=&#8221;16&#8243; body_font=&#8221;|600|||||||&#8221; text_orientation=&#8221;center&#8221; custom_margin=&#8221;5px|||&#8221; global_colors_info=&#8221;{}&#8221;][\/et_pb_blurb][\/et_pb_column][et_pb_column type=&#8221;1_4&#8243; _builder_version=&#8221;4.16&#8243; custom_padding=&#8221;|||&#8221; global_colors_info=&#8221;{}&#8221; custom_padding__hover=&#8221;|||&#8221;][et_pb_blurb title=&#8221;RADA NADZORCZA&#8221; url=&#8221;https:\/\/www.secowarwick.com\/pl\/relacje-inwestorskie\/rada-nadzorcza\/&#8221; image=&#8221;https:\/\/www.secowarwick.com\/wp-content\/uploads\/2020\/05\/iko-radav3-1.png&#8221; alt=&#8221;RADA NADZORCZA&#8221; _builder_version=&#8221;4.23.1&#8243; header_text_align=&#8221;center&#8221; header_font_size=&#8221;16&#8243; body_font=&#8221;|600|||||||&#8221; text_orientation=&#8221;center&#8221; custom_margin=&#8221;36px|||&#8221; custom_css_blurb_image=&#8221;max-width: 120px;||&#8221; global_colors_info=&#8221;{}&#8221;][\/et_pb_blurb][\/et_pb_column][et_pb_column type=&#8221;1_4&#8243; _builder_version=&#8221;4.16&#8243; custom_padding=&#8221;|||&#8221; global_colors_info=&#8221;{}&#8221; custom_padding__hover=&#8221;|||&#8221;][et_pb_blurb title=&#8221;INFORMACJE GIE\u0141DOWE&#8221; url=&#8221;https:\/\/www.secowarwick.com\/pl\/relacje-inwestorskie\/informacje-gieldowe\/&#8221; image=&#8221;https:\/\/www.secowarwick.com\/wp-content\/uploads\/2020\/05\/informacje-gieldowe.png&#8221; alt=&#8221;INFORMACJE GIE\u0141DOWE&#8221; _builder_version=&#8221;4.23.1&#8243; header_text_align=&#8221;center&#8221; header_font_size=&#8221;16&#8243; body_font=&#8221;|600|||||||&#8221; text_orientation=&#8221;center&#8221; custom_margin=&#8221;12px|||&#8221; global_colors_info=&#8221;{}&#8221;][\/et_pb_blurb][\/et_pb_column][\/et_pb_row][et_pb_row disabled_on=&#8221;on|on|on&#8221; _builder_version=&#8221;4.16&#8243; disabled=&#8221;on&#8221; global_colors_info=&#8221;{}&#8221;][et_pb_column type=&#8221;4_4&#8243; _builder_version=&#8221;4.16&#8243; custom_padding=&#8221;|||&#8221; global_colors_info=&#8221;{}&#8221; custom_padding__hover=&#8221;|||&#8221;][et_pb_text admin_label=&#8221;contctUS&#8221; _builder_version=&#8221;4.16&#8243; background_size=&#8221;initial&#8221; background_position=&#8221;top_left&#8221; background_repeat=&#8221;repeat&#8221; use_border_color=&#8221;off&#8221; global_colors_info=&#8221;{}&#8221;]<\/p>\n<h2>FAKTY<span style=\"color: #dc291e;\">\/ <\/span>O&nbsp;NAS<\/h2>\n<p>[\/et_pb_text][et_pb_text _builder_version=&#8221;4.16&#8243; background_size=&#8221;initial&#8221; background_position=&#8221;top_left&#8221; background_repeat=&#8221;repeat&#8221; text_orientation=&#8221;justified&#8221; use_border_color=&#8221;off&#8221; global_colors_info=&#8221;{}&#8221;]Dzia\u0142alno\u015b\u0107 grupy SECO\/WARWICK obejmuje produkcj\u0119\u00a0pi\u0119ciu g\u0142\u00f3wnych grup produkt\u00f3w: piec\u00f3w pr\u00f3\u017cniowych, linii do&nbsp;lutowania aluminiowych wymiennik\u00f3w ciep\u0142a, linii do&nbsp;obr\u00f3bki cieplnej aluminium, piec\u00f3w atmosferowych oraz&nbsp;piec\u00f3w topialnych. Grup\u0119 SECO\/WARWICK tworz\u0105 sp\u00f3\u0142ki zale\u017cne ulokowane w&nbsp;6 krajach \u015bwiata na&nbsp;trzech kontynentach, a&nbsp;nasze produkty sprzedajemy do&nbsp;70 kraj\u00f3w \u015bwiata. Do&nbsp;g\u0142\u00f3wnych rynk\u00f3w, w&nbsp;kt\u00f3rych&nbsp;dzia\u0142aj\u0105 odbiorcy produkt\u00f3w zaliczy\u0107 mo\u017cna przemys\u0142 motoryzacyjny, lotniczy, maszynowy, narz\u0119dziowy i&nbsp;metalurgi\u0119 aluminium. W\u015br\u00f3d naszych klient\u00f3w znale\u017ali si\u0119 m.in.&nbsp;tacy potentaci jak Bosh, Siemens, Valeo, General Electric, Honeywell, Ford, Volkswagen czy&nbsp;Rolls Royce.[\/et_pb_text][\/et_pb_column][\/et_pb_row][\/et_pb_section][et_pb_section fb_built=&#8221;1&#8243; _builder_version=&#8221;4.16&#8243; global_colors_info=&#8221;{}&#8221;][et_pb_row column_structure=&#8221;1_2,1_2&#8243; _builder_version=&#8221;4.16&#8243; background_size=&#8221;initial&#8221; background_position=&#8221;top_left&#8221; background_repeat=&#8221;repeat&#8221; global_colors_info=&#8221;{}&#8221;][et_pb_column type=&#8221;1_2&#8243; _builder_version=&#8221;4.16&#8243; custom_padding=&#8221;|||&#8221; global_colors_info=&#8221;{}&#8221; custom_padding__hover=&#8221;|||&#8221;][et_pb_image src=&#8221;https:\/\/www.secowarwick.com\/wp-content\/uploads\/2018\/10\/Kontakt.png&#8221; align_tablet=&#8221;center&#8221; align_phone=&#8221;&#8221; align_last_edited=&#8221;on|desktop&#8221; _builder_version=&#8221;4.16&#8243; global_colors_info=&#8221;{}&#8221;][\/et_pb_image][\/et_pb_column][et_pb_column type=&#8221;1_2&#8243; _builder_version=&#8221;4.16&#8243; custom_padding=&#8221;|||&#8221; global_colors_info=&#8221;{}&#8221; custom_padding__hover=&#8221;|||&#8221;][et_pb_text _builder_version=&#8221;4.16&#8243; global_colors_info=&#8221;{}&#8221;]<\/p>\n<h2><span style=\"color: #dc291e;\">\/<\/span>KONTAKT<\/h2>\n<p>&nbsp;<\/p>\n<h3 class=\"employee-name\"><span style=\"color: #dc291e;\"><strong>KATARZYNA MUCHA<\/strong><\/span><\/h3>\n<p class=\"employee-position\">RELACJE INWESTORSKIE \u2013 CC GROUP SP. Z&nbsp;O. O.<\/p>\n<p class=\"employee-phone\">Telefon: +48 22 440 1 440<\/p>\n<p class=\"employee-email\">Email:\u00a0katarzyna.mucha@ccgroup.pl<\/p>\n<p>[\/et_pb_text][\/et_pb_column][\/et_pb_row][\/et_pb_section]<\/p>\n","protected":false},"excerpt":{"rendered":"<p>[et_pb_breadcrumbs _builder_version=&#8221;3.0.47&#8243; global_colors_info=&#8221;{}&#8221;][\/et_pb_breadcrumbs]RELACJE INWESTORSKIEGrupa SECO\/WARWICK to&nbsp;sp\u00f3\u0142ka gie\u0142dowa notowana od&nbsp;2007 roku, nale\u017c\u0105ca do&nbsp;\u015bcis\u0142ej \u015bwiatowej czo\u0142\u00f3wki producent\u00f3w rozwi\u0105za\u0144 do&nbsp;obr\u00f3bki cieplnej metali i&nbsp;metalurgii. Si\u0142a Grupy budowana jest w&nbsp;7 oddzia\u0142ach na&nbsp;\u015bwiecie na&nbsp;imponuj\u0105cej powierzchni produkcyjnej bliskiej 50 000 m\u00b2. Tworzymy piece przemys\u0142owe dla kluczowych bran\u017c \u015bwiatowych, tj.&nbsp;dla przemys\u0142u motoryzacyjnego, lotniczego czy&nbsp;energetycznego. Jeste\u015bmy liderem innowacji technologii obr\u00f3bki cieplnej i&nbsp;metalurgii \u2013 dzi\u0119ki [&hellip;]<\/p>\n","protected":false},"author":9,"featured_media":0,"parent":0,"menu_order":0,"comment_status":"closed","ping_status":"closed","template":"","meta":{"_acf_changed":false,"_et_pb_use_builder":"on","_et_pb_old_content":"","_et_gb_content_width":"","footnotes":""},"class_list":["post-6367","page","type-page","status-publish"],"acf":[],"_links":{"self":[{"href":"https:\/\/www.secowarwick.com\/pl\/wp-json\/wp\/v2\/pages\/6367","targetHints":{"allow":["GET"]}}],"collection":[{"href":"https:\/\/www.secowarwick.com\/pl\/wp-json\/wp\/v2\/pages"}],"about":[{"href":"https:\/\/www.secowarwick.com\/pl\/wp-json\/wp\/v2\/types\/page"}],"author":[{"embeddable":true,"href":"https:\/\/www.secowarwick.com\/pl\/wp-json\/wp\/v2\/users\/9"}],"replies":[{"embeddable":true,"href":"https:\/\/www.secowarwick.com\/pl\/wp-json\/wp\/v2\/comments?post=6367"}],"version-history":[{"count":10,"href":"https:\/\/www.secowarwick.com\/pl\/wp-json\/wp\/v2\/pages\/6367\/revisions"}],"predecessor-version":[{"id":188283,"href":"https:\/\/www.secowarwick.com\/pl\/wp-json\/wp\/v2\/pages\/6367\/revisions\/188283"}],"wp:attachment":[{"href":"https:\/\/www.secowarwick.com\/pl\/wp-json\/wp\/v2\/media?parent=6367"}],"curies":[{"name":"wp","href":"https:\/\/api.w.org\/{rel}","templated":true}]}}