{"id":63962,"date":"2018-05-09T12:17:22","date_gmt":"2018-05-09T10:17:22","guid":{"rendered":"http:\/\/www.secowarwick.com\/?page_id=63962"},"modified":"2025-02-28T08:52:40","modified_gmt":"2025-02-28T07:52:40","slug":"regulamin-seminarium-2019","status":"publish","type":"page","link":"https:\/\/www.secowarwick.com\/pl\/regulamin-seminarium-2019\/","title":{"rendered":"Regulamin Seminarium 2019"},"content":{"rendered":"<p>[et_pb_section fb_built=&#8221;1&#8243; _builder_version=&#8221;4.16&#8243; global_colors_info=&#8221;{}&#8221;][et_pb_row _builder_version=&#8221;4.16&#8243; background_size=&#8221;initial&#8221; background_position=&#8221;top_left&#8221; background_repeat=&#8221;repeat&#8221; global_colors_info=&#8221;{}&#8221;][et_pb_column type=&#8221;4_4&#8243; _builder_version=&#8221;4.16&#8243; custom_padding=&#8221;|||&#8221; global_colors_info=&#8221;{}&#8221; custom_padding__hover=&#8221;|||&#8221;][et_pb_text _builder_version=&#8221;4.23.1&#8243; hover_enabled=&#8221;0&#8243; global_colors_info=&#8221;{}&#8221; sticky_enabled=&#8221;0&#8243;]<\/p>\n<h2 style=\"text-align: center;\">Regulamin uczestnictwa w Seminarium Szkoleniowym organizowanym przez<br \/>SECO\/WARWICK S.A.<br \/>z dnia 16 kwietnia 2019r.<\/h2>\n<h2>\u00a0<\/h2>\n<h3 style=\"text-align: center;\"><strong>1. Postanowienia og\u00f3lne<\/strong><\/h3>\n<p><strong>1.1.<\/strong>\u00a0Seminarium Szkoleniowe \u201eObr\u00f3bka Cieplna 4.0\u201d firmy SECO\/WARWICK S.A., zwane w dalszej cz\u0119\u015bci Regulaminu Seminarium, odbywa si\u0119 w terminie i miejscu wskazanym przez SECO\/WARWICK S.A., zwanej w dalszej cz\u0119\u015bci Regulaminu Organizatorem.<\/p>\n<p><strong>1.2.<\/strong>\u00a0Organizatorem Seminarium jest firma SECO\/WARWICK S.A. z siedzib\u0105 w \u015awiebodzinie<strong>,<br \/><\/strong>ul. Sobieskiego 8, 66-200 \u015awiebodzin, NIP: 9270100756, REGON: 970011679, wpisan\u0105 do rejestru przedsi\u0119biorc\u00f3w Krajowego Rejestru S\u0105dowego, prowadzonego przez S\u0105d Rejonowy w Zielonej G\u00f3rze, Wydzia\u0142 VIII Gospodarczy KRS pod numerem 0000271014, kapita\u0142 zak\u0142adowy: 2.059.710,80 z\u0142, w ca\u0142o\u015bci wp\u0142acony.<\/p>\n<p><strong>1.3.<\/strong>\u00a0Przepisy niniejszego Regulaminu stanowi\u0105 integraln\u0105 cz\u0119\u015b\u0107 Zg\u0142oszenia uczestnictwa w Seminarium i obowi\u0105zuj\u0105 wszystkich Uczestnik\u00f3w i Zamawiaj\u0105cych.<\/p>\n<p><strong>1.4.<\/strong>\u00a0Uczestnikami Seminarium s\u0105 \u00a0specjali\u015bci z bran\u017cy przemys\u0142owej, obr\u00f3bki cieplnej metali oraz inne osoby zwi\u0105zane zawodowo z tematyk\u0105 Seminarium, kt\u00f3rzy zostali zg\u0142oszeni do uczestnictwa w szkoleniu przez Zamawiaj\u0105cego.<\/p>\n<p><strong>1.5.<\/strong>\u00a0W ramach Seminarium b\u0119d\u0105 odbywa\u0142y si\u0119 sesje naukowo-dydaktyczne oraz wystawa firm z przemys\u0142u i bran\u017cy obr\u00f3bki cieplnej metali.<\/p>\n<p><strong>1.6.<\/strong>\u00a0Oficjalny serwis internetowy Seminarium znajduje si\u0119 pod adresem:\u00a0https:\/\/www.secowarwick.com\/pl\/informacje\/seminarium-2019\/<\/p>\n<p>1.7. Zamawiaj\u0105cym nie jest konsument w rozumieniu art. 22 (1) ustawy z dnia 23 kwietnia 1964 r. \u2013 Kodeks cywilny oraz ustawy z dnia 30 maja 2014 r. o prawach konsumenta.<\/p>\n<h3 style=\"text-align: center;\"><strong>2. Uczestnictwo w Seminarium<\/strong><\/h3>\n<p><strong>2.1.<\/strong>\u00a0Warunkami uczestnictwa w Seminarium s\u0105:<\/p>\n<p><strong>2.1.1.<\/strong>\u00a0Zg\u0142oszenie uczestnictwa w Seminarium poprzez wype\u0142nienie i podpisanie formularza zg\u0142oszeniowego dost\u0119pnego na stronie internetowej Seminarium lub otrzymanego od Organizatora drog\u0105 e-mailow\u0105 lub pocztow\u0105 oraz przes\u0142anie formularza rejestracyjnego na adres korespondencyjny Organizatora lub na adres e-mail (<a href=\"mailto:events@secowarwick.com\">events@secowarwick.com<\/a>) w podanym przez Organizatora terminie. Zg\u0142oszenie uczestnictwa mo\u017ce by\u0107 dokonane wy\u0142\u0105cznie przez osoby upowa\u017cnione do zawarcia umowy o szkolenie (\u201eObr\u00f3bka Cieplna 4.0\u201d firmy SECO\/WARWICK S.A.), w tym zaci\u0105gania zobowi\u0105za\u0144 finansowych w imieniu Zamawiaj\u0105cego.<\/p>\n<p><strong>2.1.2.<\/strong>\u00a0Zapoznanie si\u0119 i zaakceptowanie niniejszego Regulaminu Seminarium Szkoleniowego.<\/p>\n<p><strong>2.1.3.<\/strong>\u00a0Uiszczenie op\u0142aty w wysoko\u015bci i terminie podanym przez Organizatora. Op\u0142at\u0119 uwa\u017ca si\u0119 za uiszczon\u0105 w chwili zaksi\u0119gowania jej na rachunku bankowym Organizatora.<\/p>\n<p><strong>2.1.4.<\/strong>\u00a0Potwierdzenie uczestnictwa w Seminarium przez Organizatora.<\/p>\n<p><strong>2.2.<\/strong>\u00a0Op\u0142at\u0119 za udzia\u0142 w Seminarium nale\u017cy przes\u0142a\u0107 zgodnie z informacjami otrzymanymi od Organizatora, na konto wskazane przez Organizatora. Informacje o op\u0142atach znajduj\u0105 si\u0119 r\u00f3wnie\u017c na stronie internetowego serwisu Seminarium pod adresem <a href=\"https:\/\/www.secowarwick.com\/pl\/informacje\/seminarium-2019\/\" target=\"_blank\" rel=\"noopener\">https:\/\/www.secowarwick.com\/pl\/informacje\/seminarium-2019\/<\/a><\/p>\n<p><strong>2.3.<\/strong>\u00a0Organizator wystawi faktur\u0119 VAT zgodnie z pkt. 2.7..<\/p>\n<p><strong>2.4.<\/strong>\u00a0Zg\u0142aszaj\u0105c ch\u0119\u0107 uczestnictwa w Seminarium uczestnik nie nabywa prawa do uczestnictwa w Seminarium &#8211; konieczne jest potwierdzenie uczestnictwa w Seminarium przez Organizatora.<\/p>\n<p><strong>2.5.\u00a0<\/strong>Uczestnikiem Zaanga\u017cowanym, jest uczestnik, kt\u00f3ry wyg\u0142asza w\u0142asn\u0105 prezentacj\u0119 na dany temat, i w ramach tego, uczestniczy czynnie w sesji naukowo-dydaktycznej, oraz zosta\u0142 zakwalifikowany do takiej kategorii Uczestnik\u00f3w przez Organizatora i poinformowany o tym fakcie przez Organizatora. Uczestnik Zaanga\u017cowany nie musi zg\u0142asza\u0107 swojego uczestnictwa za po\u015brednictwem formularza zg\u0142oszeniowego.<\/p>\n<p><strong>2.6.\u00a0<\/strong>Uczestnikiem Zwyk\u0142ym, jest osoba, kt\u00f3ra uczestniczy w sesji naukowo-dydaktycznej<br \/>w spos\u00f3b bierny, tj. nie wyg\u0142osi w\u0142asnej prezentacji na dany temat oraz do terminu wskazanego przez Organizatora, zg\u0142osi\u0142a swoje uczestnictwo zgodnie z pkt. 2.1.1.oraz dokona\u0142a stosownej op\u0142aty za udzia\u0142 w Seminarium, a Organizator potwierdzi\u0142 fakt uczestnictwa w Seminarium.<\/p>\n<p><strong>2.7.<\/strong>\u00a0Warunkiem koniecznym uczestnictwa w Seminarium Uczestnika Zwyk\u0142ego, o kt\u00f3rym mowa w punkcie 2.6., jest potwierdzenie uczestnictwa w Seminarium przez Organizatora. Organizator zobowi\u0105zany jest do potwierdzenia uczestnictwa w terminie 7 dni od daty zg\u0142oszenia uczestnictwa. Brak potwierdzenia uczestnictwa w Seminarium w tym terminie skutkuje uznaniem, i\u017c osoba zg\u0142aszaj\u0105ca ch\u0119\u0107 uczestnictwa w Seminarium nie zosta\u0142a zakwalifikowana do uczestnictwa w Seminarium. W terminie 14 dni od daty up\u0142ywu terminu do zg\u0142aszania ch\u0119ci uczestnictwa w Seminarium Organizator dokona zwrotu wniesionych op\u0142at tym osobom, kt\u00f3re nie zosta\u0142y zakwalifikowane do uczestnictwa w Seminarium. Z chwil\u0105 potwierdzenia uczestnictwa przez Organizatora, Organizator wystawi faktur\u0119 vat z 14 dniowym terminem p\u0142atno\u015bci licz\u0105c od dnia jej wystawienia<\/p>\n<p><strong>2.8.<\/strong>\u00a0Wy\u0142\u0105czne prawo do potwierdzenia uczestnictwa w Seminarium lub odmowy potwierdzenia uczestnictwa w Seminarium przys\u0142uguje Organizatorowi, kt\u00f3ry jest uprawniony do nie potwierdzenia uczestnictwa w Seminarium bez podania przyczyny.<\/p>\n<p><strong>2.9.\u00a0<\/strong>Ka\u017cdy Uczestnik, po zako\u0144czeniu Seminarium, otrzyma certyfikat uczestnictwa w Seminarium.<\/p>\n<p>2.10.\u00a0Op\u0142ata za uczestnictwo stanowi jednocze\u015bnie op\u0142at\u0119 za pobyt (w tym 2 noclegi), wy\u017cywienie zgodnie z programem Organizatora, uczestnictwo w sesji naukowo-dydaktycznej. Wszelkie pozosta\u0142e koszty, w tym koszt przejazdu, koszty parkingu, koszty o kt\u00f3rych mowa w \u00a77 pkt. 7.7. Uczestnik\/Zamawiaj\u0105cy pokrywa we w\u0142asnym zakresie.<\/p>\n<p><strong>2.11.\u00a0<\/strong>Z zastrze\u017ceniem postanowie\u0144 \u00a7 3 Regulaminu uprawniaj\u0105cych Organizatora do zatrzymania uiszczonej wp\u0142aty, \u00a0termin nadsy\u0142ania zg\u0142oszenia uczestnictwa w Seminarium up\u0142ywa w dniu03.09.2019. chyba, \u017ce limit miejsc zostanie wyczerpany wcze\u015bniej. O wyczerpaniu limitu miejsc Organizator poinformuje na stronie internetowej https:\/\/www.secowarwick.com\/pl\/informacje\/seminarium-2019\/ .<\/p>\n<h4 style=\"text-align: center;\"><strong>3. Rezygnacja z udzia\u0142u w Seminarium<\/strong><\/h4>\n<p><strong>3.1.\u00a0<\/strong>Mo\u017cliwa jest rezygnacja z uczestnictwa w Seminarium. Celem rezygnacji z udzia\u0142u nale\u017cy z\u0142o\u017cy\u0107 Organizatorowi o\u015bwiadczenie woli o rezygnacji z uczestnictwa. O\u015bwiadczenie woli o rezygnacji z uczestnictwa powinno by\u0107 dor\u0119czone Organizatorowi<br \/>w formie pisemnej (dopuszczalna jest r\u00f3wnie\u017c rezygnacja e-mail na adres e-mail Organizatora:\u00a0<a href=\"mailto:events@secowarwick.com\">events@secowarwick.com<\/a>\u00a0).<\/p>\n<p><strong>3.2.\u00a0<\/strong>W przypadku rezygnacji z udzia\u0142u w Seminarium:<\/p>\n<p><strong>3.2.1.\u00a0<\/strong>Gdy Organizator otrzyma o\u015bwiadczenie o rezygnacji do 1.07.2019, Organizator zwr\u00f3ci Zamawiaj\u0105cemu wp\u0142acon\u0105 kwot\u0119 pod warunkiem wcze\u015bniejszego otrzymania wp\u0142aty za udzia\u0142.<\/p>\n<p><strong>3.2.2.\u00a0<\/strong>Gdy Organizator otrzyma\u00a0 o\u015bwiadczenie o rezygnacji do 1.08.2019, Organizator ma prawo zatrzyma\u0107 po\u0142ow\u0119 otrzymanej wp\u0142aty.<\/p>\n<p><strong>3.2.3<\/strong>. Gdy Organizator otrzyma o\u015bwiadczenie o rezygnacji po 1.08.2019, Organizator ma prawo zatrzyma\u0107 ca\u0142\u0105 otrzyman\u0105 wp\u0142at\u0119.<\/p>\n<h4 style=\"text-align: center;\"><strong>4. Op\u0142aty<\/strong><\/h4>\n<p><strong>4.1.\u00a0<\/strong>Op\u0142aty za uczestnictwo w Seminarium s\u0105 zamieszczone na stronie internetowej Seminarium pod adresem\u00a0<a href=\"https:\/\/www.secowarwick.com\/pl\/informacje\/seminarium-2019\/\" target=\"_blank\" rel=\"noopener\">https:\/\/www.secowarwick.com\/pl\/informacje\/seminarium-2019\/<\/a><\/p>\n<p><strong>4.2.\u00a0<\/strong>P\u0142atnikiem (adresatem faktury) jest podmiot zamawiaj\u0105cy poszczeg\u00f3lne us\u0142ugi zwi\u0105zane<br \/>z uczestnictwem w Seminarium (Zamawiaj\u0105cy).<\/p>\n<p><strong>4.3.\u00a0<\/strong>Brak uregulowania nale\u017cno\u015bci za udzia\u0142 w Seminarium w terminie podanym przez Organizatora na stronie internetowej Seminarium upowa\u017cnia Organizatora do anulowania zg\u0142oszenia uczestnictwa, bez ponoszenia z tego tytu\u0142u jakiejkolwiek odpowiedzialno\u015bci odszkodowawczej.<\/p>\n<h4 style=\"text-align: center;\"><strong>5. Reklamacje<\/strong><\/h4>\n<p><strong>5.1.<\/strong>\u00a0Wszelkie reklamacje wobec Organizatora powinny by\u0107 zg\u0142aszane w formie pisemnej listem poleconym za potwierdzeniem odbioru na adres siedziby Organizatora.<\/p>\n<p><strong>5.2.<\/strong>\u00a0Reklamacje mog\u0105 by\u0107 zg\u0142aszane nie p\u00f3\u017aniej ni\u017c w terminie 3 dni od dnia zako\u0144czenia Seminarium w formie pisemnej.<\/p>\n<p><strong>5.3.<\/strong>\u00a0Po up\u0142ywie wy\u017cej okre\u015blonego terminu \u017cadne reklamacje nie b\u0119d\u0105 rozpatrywane.<\/p>\n<h4 style=\"text-align: center;\"><strong>6. Nadz\u00f3r nad Seminarium<\/strong><\/h4>\n<p><strong>6.1.<\/strong>\u00a0Nadz\u00f3r nad Seminarium \u201eObr\u00f3bka cieplna 4.0\u201d sprawuje Zarz\u0105d sp\u00f3\u0142ki SECO\/WARWICK S.A.<\/p>\n<p><strong>6.2.<\/strong>\u00a0W ramach nadzoru, o kt\u00f3rym mowa w ust. 6.1. Zarz\u0105d w szczeg\u00f3lno\u015bci:<\/p>\n<p><strong>6.2.1.<\/strong>\u00a0Zapewnia nale\u017cyt\u0105 organizacj\u0119 Seminarium.<\/p>\n<p><strong>6.2.2.<\/strong>\u00a0Zapewnia nale\u017cyt\u0105 organizacj\u0119 sesji naukowo-dydaktycznych oraz prezentacji firm<br \/>w ramach Seminarium,<\/p>\n<p><strong>6.3.<\/strong>\u00a0Bezpiecze\u0144stwo, us\u0142ugi hotelowe, ich jako\u015b\u0107, a tak\u017ce posi\u0142ki i napoje w trakcie Seminarium, zapewniane s\u0105 przez hotel, w kt\u00f3rym Seminarium b\u0119dzie si\u0119 odbywa\u0107. Organizator nie ponosi odpowiedzialno\u015bci w tym zakresie.<\/p>\n<h4 style=\"text-align: center;\"><strong>7. Postanowienia ko\u0144cowe<\/strong><\/h4>\n<p><strong>7.1.<\/strong>\u00a0W przypadku, gdy Seminarium nie odb\u0119dzie si\u0119 z przyczyn zale\u017cnych wy\u0142\u0105cznie od Organizatora, Organizator niezw\u0142ocznie zwr\u00f3ci kwoty wp\u0142acone przez Zamawiaj\u0105cego na wskazane przez nich konta bankowe.<\/p>\n<p><strong>7.2.<\/strong>\u00a0W przypadku, gdy Seminarium nie odb\u0119dzie si\u0119 z przyczyn niezale\u017cnych od Organizatora, tzw. \u201esi\u0142y wy\u017cszej\u201d (np. pow\u00f3d\u017a, huragan, \u015bnie\u017cyca itp.), Zamawiaj\u0105cemu nie przys\u0142uguje prawo do odszkodowania lub do zwrotu jakichkolwiek op\u0142at zwi\u0105zanych z uczestnictwem<br \/>w Seminarium, a tak\u017ce koszt\u00f3w us\u0142ug dodatkowych zleconych Organizatorowi przez Zamawiaj\u0105cego .<\/p>\n<p><strong>7.3.<\/strong>\u00a0Wszelkie spory mog\u0105ce wynikn\u0105\u0107 z tytu\u0142u uczestnictwa w Seminarium b\u0119d\u0105 rozstrzygane przez s\u0105d w\u0142a\u015bciwy dla siedziby Organizatora.<\/p>\n<p><strong>7.4.<\/strong>\u00a0W sprawach nieuregulowanych niniejszym Regulaminem zastosowanie maj\u0105 przepisy Kodeksu cywilnego.<\/p>\n<p><strong>7.5.<\/strong>\u00a0 Szczeg\u00f3\u0142owy obowi\u0105zek informacyjny zgodny z art. 13 Rozporz\u0105dzenia Parlamentu Europejskiego i Rady (UE) 2016\/679 z dnia 27 kwietnia 2016 r. w sprawie ochrony os\u00f3b fizycznych w zwi\u0105zku z przetwarzaniem danych osobowych i w sprawie swobodnego przep\u0142ywu takich danych oraz uchylenia dyrektywy 94\/46\/WE (og\u00f3lnego rozporz\u0105dzenia o ochronie danych osobowych) (Dz. Urz. UE L 119 z 04.05.2016 zosta\u0142 zamieszczony w formularzu zg\u0142oszeniowym.<\/p>\n<p><strong>7.6.<\/strong>\u00a0Organizator nie ponosi odpowiedzialno\u015bci za rzeczy Uczestnik\u00f3w, kt\u00f3re mog\u0105 zosta\u0107 zgubione, zniszczone lub skradzione podczas Seminarium.<\/p>\n<p><strong>7.7.<\/strong>\u00a0Zamawiaj\u0105cy ponosi pe\u0142n\u0105 odpowiedzialno\u015b\u0107 tj. osobist\u0105 i materialn\u0105 za wszelkie wyrz\u0105dzone przez siebie (lub przez osoby kt\u00f3re zosta\u0142y zg\u0142oszone przez Zamawiaj\u0105cego do udzia\u0142u w szkoleniu) szkody na terenie obiekt\u00f3w, w kt\u00f3rych prowadzone s\u0105 jakiekolwiek dzia\u0142ania zwi\u0105zane z Seminarium, jak r\u00f3wnie\u017c w miejscach zakwaterowania. Zamawiaj\u0105cy oraz Uczestnik zobowi\u0105zany jest do naprawienia szkody wyrz\u0105dzonej przez siebie b\u0105d\u017a bezpo\u015brednio w\u0142a\u015bcicielowi maj\u0105tku, w kt\u00f3rym powsta\u0142a szkoda, b\u0105d\u017a do zwrotu odszkodowania Organizatorowi, w przypadku gdy Organizator pokry\u0142 ju\u017c uprzednio szkod\u0119 wzgl\u0119dem Poszkodowanego.<\/p>\n<p>Ka\u017cdy Uczestnik\/Zamawiaj\u0105cy zobowi\u0105zany jest tak\u017ce do uregulowania nale\u017cno\u015bci bezpo\u015brednio na rzecz obiektu, w kt\u00f3rym odbywa\u0142o si\u0119 Seminarium za us\u0142ugi i towary,<br \/>z kt\u00f3rych korzysta\u0142 w obiekcie, w kt\u00f3rym odbywa\u0142o si\u0119 Seminarium, a kt\u00f3re to towary i us\u0142ugi nie zosta\u0142y wprost wskazane przez Organizatora w specyfikacji koszt\u00f3w szkolenia (tj. mi\u0119dzy innymi: koszty dodatkowych posi\u0142k\u00f3w, napoi, korzystanie z bark\u00f3w umieszczonych<br \/>w pokojach hotelowych, op\u0142aty za parking, op\u0142ata za zgubion\u0105 kart\u0119 parkingow\u0105, op\u0142ata za parkowanie w niedozwolonym miejscu, korzystanie z us\u0142ug pralniczych i prasowania, korzystanie z us\u0142ug z zakresu spa i wellness). W razie uiszczenia przez Organizatora nale\u017cno\u015bci za us\u0142ugi i towary, z kt\u00f3rych korzysta\u0142 Uczestnik\/Zamawiaj\u0105cy (kt\u00f3re nie zosta\u0142y wskazane przez Organizatora w specyfikacji koszt\u00f3w szkolenia), Zamawiaj\u0105cy zobowi\u0105zany jest do uiszczenia kwoty stanowi\u0105cej r\u00f3wnowarto\u015b\u0107 koszt\u00f3w poniesionych przez Organizatora w terminie 7 dni od dnia otrzymania wezwania Organizatora.<\/p>\n<p>7.8. Zamawiaj\u0105cy zobowi\u0105zuje si\u0119 do poinformowania zg\u0142oszonych przez niego uczestnik\u00f3w o obowi\u0105zku ponoszenia przez uczestnik\u00f3w koszt\u00f3w, kt\u00f3re nie zosta\u0142y wskazane przez Organizatora w specyfikacji koszt\u00f3w szkolenia (kt\u00f3re nie s\u0105 obj\u0119te op\u0142at\u0105 za uczestnictwo zgodnie z pkt. 2.10 niniejszego Regulaminu).<\/p>\n<p><strong>7.8<\/strong>. Podczas szkolenia obowi\u0105zuje zakaz nagrywania zaj\u0119\u0107 dydaktycznych za pomoc\u0105 wszelkich urz\u0105dze\u0144 audiowizualnych np. dyktafon\u00f3w, mp3, telefon\u00f3w, kamer, bez uzyskania uprzedniej pisemnej zgody prowadz\u0105cego i Organizatora.<\/p>\n<p><strong>7.9.<\/strong>\u00a0Materia\u0142y szkoleniowe, kt\u00f3re Uczestnik otrzyma podczas szkolenia, wr\u0119czane s\u0105 na potrzeby szkolenia i nie s\u0142u\u017c\u0105 do rozpowszechniania ich, zw\u0142aszcza w celach komercyjnych\/sprzeda\u017cowych osobom trzecim.<\/p>\n<p><strong>7.10.<\/strong>\u00a0Niniejszy Regulamin wchodzi w \u017cycie z dniem jego zamieszczenia na stronie internetowej\u00a0<a href=\"https:\/\/www.secowarwick.com\/pl\/informacje\/seminarium-2019\/\">https:\/\/www.secowarwick.com\/pl\/informacje\/seminarium-2019\/<\/a><\/p>\n<p><strong>7.11.<\/strong>\u00a0Organizator ma prawo zmiany postanowie\u0144 Regulaminu. Zmiany wchodz\u0105 w \u017cycie\u00a0 w terminie 7 dni od dnia ich zamieszczenia na stronie internetowej\u00a0<a href=\"https:\/\/www.secowarwick.com\/pl\/informacje\/seminarium-2019\/\">https:\/\/www.secowarwick.com\/pl\/informacje\/seminarium-2019\/<\/a><\/p>\n<p>&nbsp;<\/p>\n<p>&nbsp;<\/p>\n<h4 style=\"text-align: center;\"><strong>FORMUALRZ ZG\u0141OSZENIOWY \u2013 zapisy: <\/strong><\/h4>\n<p>Pocz\u0105tek formularza<\/p>\n<p>*\u00a0Zg\u0142aszaj\u0105cy o\u015bwiadcza, \u017ce zapozna\u0142 si\u0119 z tre\u015bci\u0105 Regulaminu Seminarium Szkoleniowego (tre\u015b\u0107 Regulaminu umieszczona zosta\u0142a na stronie internetowej <a href=\"https:\/\/www.secowarwick.com\/pl\/informacje\/seminarium-2019\/\">https:\/\/www.secowarwick.com\/pl\/informacje\/seminarium-2019\/<\/a><\/p>\n<p>akceptuje jego tre\u015b\u0107 i zobowi\u0105zuje si\u0119 do przestrzegania postanowie\u0144 tam zawartych.<\/p>\n<p>Zg\u0142aszaj\u0105cy o\u015bwiadcza, \u017ce wyra\u017ca zgod\u0119 na przetwarzanie jego danych osobowych w celach marketingowych poprzez przesy\u0142anie informacji o seminariach organizowanych przez SECO\/WARWICK S.A, (z siedzib\u0105 w \u015awiebodzinie, ul. Sobieskiego 8 (kod pocztowy 66-200) wpisana do rejestru przedsi\u0119biorc\u00f3w Krajowego Rejestru S\u0105dowego prowadzonego przez S\u0105d Rejonowy w Zielonej G\u00f3rze Wydzia\u0142 Gospodarczy Krajowego Rejestru S\u0105dowego pod numerem KRS 0000271014, NIP 927-010-07-56., REGON: 970011679, \u00a0kapita\u0142 zak\u0142adowy: 2.059.710,80 z\u0142, w ca\u0142o\u015bci wp\u0142acony) na podany w formularzu zg\u0142oszeniowym adres e-mail.<\/p>\n<p>* pola obowi\u0105zkowe<\/p>\n<p>D\u00f3\u0142 formularza<\/p>\n<p>&nbsp;<\/p>\n<h4 style=\"text-align: center;\"><strong>INFORMACJA O PRZETWARZANIU DANYCH OSOBOWYCH <\/strong><\/h4>\n<p>Zgodnie z art. 13 ust. 1 i 2 og\u00f3lnego rozporz\u0105dzenia Parlamentu Europejskiego i\u00a0Rady (UE) 2016\/679 z\u00a0dnia 27 kwietnia 2016 r. w\u00a0sprawie ochrony os\u00f3b fizycznych w\u00a0zwi\u0105zku z\u00a0przetwarzaniem danych osobowych i\u00a0w\u00a0sprawie swobodnego przep\u0142ywu takich danych oraz\u00a0uchylenia dyrektywy 95\/46\/WE (dalej: \u201cRODO\u201d) SECO\/WARWICK S.A. informuje, \u017ce:<\/p>\n<ol>\n<li>Administratorem Pani \/Pana danych jest SECO\/WARWICK S.A, z siedzib\u0105 w \u015awiebodzinie, ul. Sobieskiego 8 (kod pocztowy 66-200) wpisana do rejestru przedsi\u0119biorc\u00f3w Krajowego Rejestru S\u0105dowego prowadzonego przez S\u0105d Rejonowy w Zielonej G\u00f3rze Wydzia\u0142 Gospodarczy Krajowego Rejestru S\u0105dowego pod numerem KRS 0000271014, NIP 927-010-07-56., REGON: 970011679, kapita\u0142 zak\u0142adowy: 2.059.710,80 z\u0142, w ca\u0142o\u015bci wp\u0142acony +48 68 38 20\u00a0500, adres @ <a href=\"mailto:info-poland@secowarwick.com\">info-poland@secowarwick.com<\/a>.<\/li>\n<li>W kwestiach zwi\u0105zanych z\u00a0przetwarzaniem Pa\u0144stwa danych osobowych mo\u017cna kontaktowa\u0107 si\u0119 z\u00a0osob\u0105 wyznaczon\u0105 przez Administratora na Pe\u0142nomocnika ds. Danych Osobowych \/Inspektora Ochrony Danych (IOD)<\/li>\n<li>Pa\u0144stwa dane osobowe s\u0105 pozyskiwane i\u00a0przetwarzane w\u00a0celu:<\/li>\n<li>a) realizacji obowi\u0105zk\u00f3w wynikaj\u0105cych z \u0142\u0105cz\u0105cej nas umowy, w tym na potrzeby bie\u017c\u0105cego kontaktu na podstawie art. 6 ust. 1 lit. b rozporz\u0105dzenia RODO,<\/li>\n<li>b) prowadzenia ksi\u0105g rachunkowych oraz rozlicze\u0144 um\u00f3w zawartych z Administratorem (dla cel\u00f3w podatkowych i rachunkowych)\u2013 co wi\u0105\u017ce si\u0119 z wype\u0142nieniem obowi\u0105zku prawnego ci\u0105\u017c\u0105cego na Administratorze \u2013 tj. na podstawie art. 6 ust. 1 lit. c RODO oraz w zw. z art. 74 ust. 2 ustawy z dnia 29 wrze\u015bnia 1994 r. o rachunkowo\u015bci,<\/li>\n<li>c) ustalenia lub dochodzenia ewentualnych roszcze\u0144 lub obrony przed takimi roszczeniami przez Administratora &#8211; co mo\u017ce wi\u0105za\u0107 si\u0119 z konieczno\u015bci\u0105 przetwarzania danych osobowych w celu prawnie uzasadnionego interesu Administratora tj. na podstawie art. 6 ust. 1 lit. b oraz lit. f RODO,<\/li>\n<li>d) w pozosta\u0142ym zakresie na podstawie art. 6 ust. 1 lit. a RODO tj. na podstawie i w granicach udzielonej zgody.<\/li>\n<\/ol>\n<p>&nbsp;<\/p>\n<ol start=\"4\">\n<li>Pa\u0144stwa dane osobowe b\u0119d\u0105 przetwarzane przez okres niezb\u0119dny dla realizacji celu, w\u00a0jakim zosta\u0142y zebrane. Pa\u0144stwa dane b\u0119d\u0105 przetwarzane przez nast\u0119puj\u0105ce okresy:<\/li>\n<li>a) dane osobowe pozyskane w zakresie zawarcia umowy &#8211; b\u0119d\u0105 przetwarzane przez okres obowi\u0105zywania umowy oraz po up\u0142ywie okresu obowi\u0105zywania umowy do czasu przedawnienia roszcze\u0144 wynikaj\u0105cych z umowy,<\/li>\n<li>b) dane osobowe przetwarzane na podstawie zgody &#8211; b\u0119d\u0105 przetwarzane do czasu wycofania zgody przez osob\u0119, kt\u00f3rej dane dotycz\u0105,<\/li>\n<li>c) dane osobowe przetwarzane dla cel\u00f3w podatkowych i rachunkowych \u2013 b\u0119d\u0105 przetwarzane w zakresie i przez okres wymagany przepisami prawa do wype\u0142nienia obowi\u0105zku podatkowego i rachunkowego.<\/li>\n<li>Podanie danych jest dobrowolne, ale niezb\u0119dne w celu wykonywania czynno\u015bci przed zawarciem umowy, w celu zawarcia umowy, a nast\u0119pnie jej realizacji, a tak\u017ce w celu realizacji wszelkich obowi\u0105zk\u00f3w wynikaj\u0105cych z wzajemnej wsp\u00f3\u0142pracy.<\/li>\n<li>Pani\/ Pana dane osobowe mog\u0105 by\u0107 udost\u0119pniane podmiotom przetwarzaj\u0105cym je na\u00a0nasze zlecenie, tj. np. nast\u0119puj\u0105cym kategoriom podmiot\u00f3w:<\/li>\n<\/ol>\n<ul>\n<li>kancelaria prawna obs\u0142uguj\u0105ca sp\u00f3\u0142k\u0119,<\/li>\n<li>dostawcy rozwi\u0105za\u0144 informatycznych.<\/li>\n<\/ul>\n<p>&nbsp;<\/p>\n<p>7) Maj\u0105 Pa\u0144stwo prawo dost\u0119pu do danych osobowych, ich sprostowania, usuni\u0119cia lub ograniczenia przetwarzania, a tak\u017ce prawo do wniesienia sprzeciwu wobec przetwarzania oraz prawo do przenoszenia danych. Dysponuj\u0105 Pa\u0144stwo prawem do cofni\u0119cia udzielonej uprzednio zgody na przetwarzanie danych osobowych \u2013 w przypadku danych osobowych pozyskanych przez Administratora na podstawie zgody. Cofni\u0119cie zgody pozostaje bez wp\u0142ywu na zgodno\u015b\u0107 z prawem przetwarzania, kt\u00f3rego dokonano na podstawie zgody przed jej cofni\u0119ciem.<\/p>\n<p>&nbsp;<\/p>\n<p>8) W przypadku gdy uznaj\u0105 Pa\u0144stwo, \u017ce przetwarzanie danych osobowych narusza przepisy RODO, maj\u0105 Pa\u0144stwo prawo do wniesienia skargi do Prezesa Urz\u0119du Ochrony Danych Osobowych.<\/p>\n<p>&nbsp;<\/p>\n<p>9) Pa\u0144stwa dane osobowe nie podlegaj\u0105 zautomatyzowanemu podejmowaniu decyzji, w tym profilowaniu.<\/p>\n<p>&nbsp;<\/p>\n<p>&nbsp;<\/p>\n<p>&nbsp;<\/p>\n<p>&nbsp;<\/p>\n<p>&nbsp;<\/p>\n<p><em>\u00a0<\/em><\/p>\n<p>[\/et_pb_text][\/et_pb_column][\/et_pb_row][\/et_pb_section]<\/p>\n","protected":false},"excerpt":{"rendered":"<p>Regulamin uczestnictwa w Seminarium Szkoleniowym organizowanym przezSECO\/WARWICK S.A.z dnia 16 kwietnia 2019r. \u00a0 1. Postanowienia og\u00f3lne 1.1.\u00a0Seminarium Szkoleniowe \u201eObr\u00f3bka Cieplna 4.0\u201d firmy SECO\/WARWICK S.A., zwane w dalszej cz\u0119\u015bci Regulaminu Seminarium, odbywa si\u0119 w terminie i miejscu wskazanym przez SECO\/WARWICK S.A., zwanej w dalszej cz\u0119\u015bci Regulaminu Organizatorem. 1.2.\u00a0Organizatorem Seminarium jest firma SECO\/WARWICK S.A. z siedzib\u0105 w [&hellip;]<\/p>\n","protected":false},"author":2,"featured_media":0,"parent":0,"menu_order":0,"comment_status":"closed","ping_status":"closed","template":"","meta":{"_acf_changed":false,"_et_pb_use_builder":"on","_et_pb_old_content":"","_et_gb_content_width":"","footnotes":""},"class_list":["post-63962","page","type-page","status-publish"],"acf":[],"_links":{"self":[{"href":"https:\/\/www.secowarwick.com\/pl\/wp-json\/wp\/v2\/pages\/63962","targetHints":{"allow":["GET"]}}],"collection":[{"href":"https:\/\/www.secowarwick.com\/pl\/wp-json\/wp\/v2\/pages"}],"about":[{"href":"https:\/\/www.secowarwick.com\/pl\/wp-json\/wp\/v2\/types\/page"}],"author":[{"embeddable":true,"href":"https:\/\/www.secowarwick.com\/pl\/wp-json\/wp\/v2\/users\/2"}],"replies":[{"embeddable":true,"href":"https:\/\/www.secowarwick.com\/pl\/wp-json\/wp\/v2\/comments?post=63962"}],"version-history":[{"count":1,"href":"https:\/\/www.secowarwick.com\/pl\/wp-json\/wp\/v2\/pages\/63962\/revisions"}],"predecessor-version":[{"id":172826,"href":"https:\/\/www.secowarwick.com\/pl\/wp-json\/wp\/v2\/pages\/63962\/revisions\/172826"}],"wp:attachment":[{"href":"https:\/\/www.secowarwick.com\/pl\/wp-json\/wp\/v2\/media?parent=63962"}],"curies":[{"name":"wp","href":"https:\/\/api.w.org\/{rel}","templated":true}]}}