{"id":64077,"date":"2018-05-10T13:55:06","date_gmt":"2018-05-10T11:55:06","guid":{"rendered":"http:\/\/www.secowarwick.com\/?page_id=64077"},"modified":"2020-03-31T14:22:42","modified_gmt":"2020-03-31T12:22:42","slug":"szczegoly-pakietow-sponsorskich-seminarium","status":"publish","type":"page","link":"https:\/\/www.secowarwick.com\/pl\/szczegoly-pakietow-sponsorskich-seminarium\/","title":{"rendered":"Szczeg\u00f3\u0142y pakiet\u00f3w sponsorskich Seminarium"},"content":{"rendered":"<p>[et_pb_section bb_built=&#8221;1&#8243;][et_pb_row][et_pb_column type=&#8221;4_4&#8243;][et_pb_text _builder_version=&#8221;3.6&#8243; module_class=&#8221;tabelasponsorskie&#8221;]<\/p>\n<table class=\"pakietypartnerskie\" style=\"width: 100%; height: 45px;\">\n<tbody>\n<tr>\n<td style=\"background-color: #f9f9f9; width: 55%;\" width=\"428\">\n<h3>Pakiety sponsorskie<\/h3>\n<\/td>\n<td style=\"background-color: #f9f9f9; width: 15%;\" width=\"72\">\n<p style=\"text-align: center;\"><span style=\"color: #993300;\"><strong><span style=\"font-size: 14pt;\">BRONZE<\/span><\/strong><\/span><br \/>\n499 z\u0142<\/p>\n<\/td>\n<td style=\"background-color: #f9f9f9; width: 15%;\" width=\"72\">\n<p style=\"text-align: center;\"><span style=\"color: #808080;\"><strong><span style=\"font-size: 14pt;\">SILVER<\/span><\/strong><\/span><br \/>\n799 z\u0142<\/p>\n<\/td>\n<td style=\"background-color: #f9f9f9; width: 15%;\" width=\"71\">\n<p style=\"text-align: center;\"><span style=\"font-size: 14pt;\"><strong><span style=\"color: #ffcc00;\">GOLD<\/span><\/strong><\/span><br \/>\n1 199 z\u0142<\/p>\n<\/td>\n<\/tr>\n<tr>\n<td style=\"width: 55%;\">Publikacja na stronie internetowej Organizatora w zak\u0142adce Seminarium w bloku Partnerzy (umieszczenie podlinkowanego logotypu Partnera na podstronie wydarzenia w zak\u0142adce Seminarium)<\/td>\n<td style=\"text-align: center; width: 15%;\"><img decoding=\"async\" class=\"alignnone wp-image-64196 aligncenter\" src=\"https:\/\/www.secowarwick.com\/wp-content\/uploads\/2018\/05\/ok.png\" alt=\"\" width=\"17\" height=\"17\" \/><\/td>\n<td style=\"text-align: center; width: 15%;\"><img decoding=\"async\" class=\"alignnone wp-image-64196 aligncenter\" src=\"https:\/\/www.secowarwick.com\/wp-content\/uploads\/2018\/05\/ok.png\" alt=\"\" width=\"17\" height=\"17\" \/><\/td>\n<td style=\"text-align: center; width: 15%;\"><img decoding=\"async\" class=\"alignnone wp-image-64196 aligncenter\" src=\"https:\/\/www.secowarwick.com\/wp-content\/uploads\/2018\/05\/ok.png\" alt=\"\" width=\"17\" height=\"17\" \/><\/td>\n<\/tr>\n<tr>\n<td style=\"width: 55%;\" width=\"428\">Wskazanie i oznaczenie w publikacjach i mediach spo\u0142eczno\u015bciowych Organizatora: Facebook (FB), Twitter (TT), LinkedIn (In)<\/td>\n<td style=\"text-align: center; width: 15%;\" width=\"72\"><img decoding=\"async\" class=\"alignnone wp-image-64180\" src=\"https:\/\/www.secowarwick.com\/wp-content\/uploads\/2018\/05\/social-bronze.png\" alt=\"\" width=\"13\" height=\"20\" \/><\/td>\n<td style=\"text-align: center; width: 15%;\" width=\"72\"><img decoding=\"async\" class=\"alignnone wp-image-64187\" src=\"https:\/\/www.secowarwick.com\/wp-content\/uploads\/2018\/05\/social-silver.png\" alt=\"\" width=\"39\" height=\"20\" \/><\/td>\n<td style=\"text-align: center; width: 15%;\" width=\"71\"><img decoding=\"async\" class=\"alignnone wp-image-90542\" src=\"https:\/\/www.secowarwick.com\/wp-content\/uploads\/2020\/03\/social-seminar.png\" alt=\"\" width=\"64\" height=\"20\" \/><\/td>\n<\/tr>\n<tr>\n<td style=\"width: 55%;\">Logotyp Partnera wy\u015bwietlane rotacyjnie przy recepcji Seminarium podczas przerwy kawowej<\/td>\n<td style=\"text-align: center; width: 15%;\"><img decoding=\"async\" class=\"alignnone wp-image-64196 aligncenter\" src=\"https:\/\/www.secowarwick.com\/wp-content\/uploads\/2018\/05\/ok.png\" alt=\"\" width=\"17\" height=\"17\" \/><\/td>\n<td style=\"text-align: center; width: 15%;\"><img decoding=\"async\" class=\"alignnone wp-image-64196 aligncenter\" src=\"https:\/\/www.secowarwick.com\/wp-content\/uploads\/2018\/05\/ok.png\" alt=\"\" width=\"17\" height=\"17\" \/><\/td>\n<td style=\"text-align: center; width: 15%;\"><img decoding=\"async\" class=\"alignnone wp-image-64196 aligncenter\" src=\"https:\/\/www.secowarwick.com\/wp-content\/uploads\/2018\/05\/ok.png\" alt=\"\" width=\"17\" height=\"17\" \/><\/td>\n<\/tr>\n<tr>\n<td style=\"width: 55%;\">Umieszczenie roll up\u00f3w w lobby<\/td>\n<td style=\"text-align: center; width: 15%;\"><img decoding=\"async\" class=\"alignnone wp-image-64196 aligncenter\" src=\"https:\/\/www.secowarwick.com\/wp-content\/uploads\/2018\/05\/ok.png\" alt=\"\" width=\"17\" height=\"17\" \/><\/td>\n<td style=\"text-align: center; width: 15%;\"><img decoding=\"async\" class=\"alignnone wp-image-64196 aligncenter\" src=\"https:\/\/www.secowarwick.com\/wp-content\/uploads\/2018\/05\/ok.png\" alt=\"\" width=\"17\" height=\"17\" \/><\/td>\n<td style=\"text-align: center; width: 15%;\"><img decoding=\"async\" class=\"alignnone wp-image-64196 aligncenter\" src=\"https:\/\/www.secowarwick.com\/wp-content\/uploads\/2018\/05\/ok.png\" alt=\"\" width=\"17\" height=\"17\" \/><\/td>\n<\/tr>\n<tr>\n<td style=\"width: 55%;\">Prezentacja Partnera w galerii zdj\u0119\u0107 na stronie Organizatora w zak\u0142adce Seminarium<\/td>\n<td style=\"text-align: center; width: 15%;\"><img decoding=\"async\" class=\"alignnone wp-image-64196 aligncenter\" src=\"https:\/\/www.secowarwick.com\/wp-content\/uploads\/2018\/05\/ok.png\" alt=\"\" width=\"17\" height=\"17\" \/><\/td>\n<td style=\"text-align: center; width: 15%;\"><img decoding=\"async\" class=\"alignnone wp-image-64196 aligncenter\" src=\"https:\/\/www.secowarwick.com\/wp-content\/uploads\/2018\/05\/ok.png\" alt=\"\" width=\"17\" height=\"17\" \/><\/td>\n<td style=\"text-align: center; width: 15%;\"><img decoding=\"async\" class=\"alignnone wp-image-64196 aligncenter\" src=\"https:\/\/www.secowarwick.com\/wp-content\/uploads\/2018\/05\/ok.png\" alt=\"\" width=\"17\" height=\"17\" \/><\/td>\n<\/tr>\n<tr>\n<td style=\"width: 55%;\" width=\"428\">Umieszczenie logotypu Partnera w materia\u0142ach konferencyjnych wydarzenia<\/td>\n<td style=\"text-align: center; width: 15%;\" width=\"72\"><\/td>\n<td style=\"text-align: center; width: 15%;\" width=\"72\"><img decoding=\"async\" class=\"alignnone wp-image-64196\" src=\"https:\/\/www.secowarwick.com\/wp-content\/uploads\/2018\/05\/ok.png\" alt=\"\" width=\"17\" height=\"17\" \/><\/td>\n<td style=\"text-align: center; width: 15%;\" width=\"71\"><img decoding=\"async\" class=\"alignnone wp-image-64196\" src=\"https:\/\/www.secowarwick.com\/wp-content\/uploads\/2018\/05\/ok.png\" alt=\"\" width=\"17\" height=\"17\" \/><\/td>\n<\/tr>\n<tr>\n<td style=\"background-color: #f9f9f9;\" width=\"428\">Ekspozycja logotypu Partnera na scenie podczas konferencji<\/td>\n<td style=\"background-color: #f9f9f9; width: 72px; height: 45px;\" width=\"72\"><\/td>\n<td style=\"background-color: #f9f9f9;\" width=\"72\"><img decoding=\"async\" class=\"alignnone wp-image-64196 aligncenter\" src=\"https:\/\/www.secowarwick.com\/wp-content\/uploads\/2018\/05\/ok.png\" alt=\"\" width=\"17\" height=\"17\" \/><\/td>\n<td style=\"background-color: #f9f9f9;\" width=\"71\"><img decoding=\"async\" class=\"alignnone wp-image-64196 aligncenter\" src=\"https:\/\/www.secowarwick.com\/wp-content\/uploads\/2018\/05\/ok.png\" alt=\"\" width=\"17\" height=\"17\" \/><\/td>\n<\/tr>\n<tr>\n<td style=\"height: 45px; width: 55%;\" width=\"428\">Umieszczenie logotypu Partnera w mailingu promuj\u0105cym wydarzenie<\/td>\n<td style=\"text-align: center; width: 15%;\" width=\"72\"><\/td>\n<td style=\"text-align: center; width: 15%;\" width=\"72\"><img decoding=\"async\" class=\"alignnone wp-image-64196 aligncenter\" src=\"https:\/\/www.secowarwick.com\/wp-content\/uploads\/2018\/05\/ok.png\" alt=\"\" width=\"17\" height=\"17\" \/><\/td>\n<td style=\"text-align: center; width: 15%;\" width=\"71\"><img decoding=\"async\" class=\"alignnone wp-image-64196 aligncenter\" src=\"https:\/\/www.secowarwick.com\/wp-content\/uploads\/2018\/05\/ok.png\" alt=\"\" width=\"17\" height=\"17\" \/><\/td>\n<\/tr>\n<tr>\n<td style=\"background-color: #f9f9f9; height: 45px;\" width=\"428\">Powierzchnia wystawiennicza w lobby<\/td>\n<td style=\"background-color: #f9f9f9; height: 45px;\" width=\"72\"><\/td>\n<td style=\"background-color: #f9f9f9; height: 45px; text-align: center;\" width=\"72\">1,5m x 2m<\/td>\n<td style=\"background-color: #f9f9f9; height: 45px; text-align: center;\" width=\"71\">2,0m x 2,0m<\/td>\n<\/tr>\n<tr>\n<td style=\"height: 45px; width: 55%;\" width=\"428\">Umieszczenie roll up\u00f3w na sali plenarnej<\/td>\n<td style=\"text-align: center; width: 15%;\" width=\"72\"><\/td>\n<td style=\"text-align: center; width: 15%;\" width=\"72\"><\/td>\n<td style=\"text-align: center; width: 15%;\" width=\"71\"><img decoding=\"async\" class=\"alignnone wp-image-64196 aligncenter\" src=\"https:\/\/www.secowarwick.com\/wp-content\/uploads\/2018\/05\/ok.png\" alt=\"\" width=\"17\" height=\"17\" \/><\/td>\n<\/tr>\n<tr>\n<td style=\"height: 45px; width: 55%;\" width=\"428\">Materia\u0142y promocyjne Partnera w start packach (ulotki max 6 stron w formacie A4)<\/td>\n<td style=\"text-align: center; width: 15%;\" width=\"72\"><\/td>\n<td style=\"text-align: center; width: 15%;\" width=\"72\"><\/td>\n<td style=\"text-align: center; width: 15%;\" width=\"71\"><img decoding=\"async\" class=\"alignnone wp-image-64196 aligncenter\" src=\"https:\/\/www.secowarwick.com\/wp-content\/uploads\/2018\/05\/ok.png\" alt=\"\" width=\"17\" height=\"17\" \/><\/td>\n<\/tr>\n<tr>\n<td style=\"height: 45px; width: 55%;\" width=\"428\">Informacja wizualna (logotyp) o Partnerze w komunikatach prasowych dystrybu\u0142owanych do medi\u00f3w<\/td>\n<td style=\"width: 15%; height: 45px; text-align: center;\" width=\"72\"><\/td>\n<td style=\"text-align: center; width: 15%;\" width=\"72\"><\/td>\n<td style=\"text-align: center; width: 15%;\" width=\"71\"><img decoding=\"async\" class=\"alignnone wp-image-64196 aligncenter\" src=\"https:\/\/www.secowarwick.com\/wp-content\/uploads\/2018\/05\/ok.png\" alt=\"\" width=\"17\" height=\"17\" \/><\/td>\n<\/tr>\n<tr>\n<td style=\"height: 45px; width: 55%;\" width=\"428\"><\/td>\n<td style=\"text-align: center; width: 15%;\" width=\"72\">Zam\u00f3w<\/td>\n<td style=\"text-align: center; width: 15%;\" width=\"72\">Zam\u00f3w<\/td>\n<td style=\"text-align: center; width: 15%;\" width=\"71\">Zam\u00f3w<\/td>\n<\/tr>\n<\/tbody>\n<\/table>\n<p>[\/et_pb_text][\/et_pb_column][\/et_pb_row][\/et_pb_section]<\/p>\n","protected":false},"excerpt":{"rendered":"<p><div class=\"et_pb_row et_pb_row_0 et_pb_row_empty\">\n\t\t\t\t\n\t\t\t\t\n\t\t\t\t\n\t\t\t\t\n\t\t\t\t\n\t\t\t<\/div> Pakiety sponsorskie BRONZE 499 z\u0142 SILVER 799 z\u0142 GOLD 1 199 z\u0142 Publikacja na stronie internetowej Organizatora w zak\u0142adce Seminarium w bloku Partnerzy (umieszczenie podlinkowanego logotypu Partnera na podstronie wydarzenia w zak\u0142adce Seminarium) Wskazanie i oznaczenie w publikacjach i mediach spo\u0142eczno\u015bciowych Organizatora: Facebook (FB), Twitter (TT), LinkedIn (In) Logotyp Partnera wy\u015bwietlane rotacyjnie przy recepcji [&hellip;]<\/p>\n","protected":false},"author":2,"featured_media":0,"parent":0,"menu_order":0,"comment_status":"closed","ping_status":"closed","template":"","meta":{"_acf_changed":false,"_et_pb_use_builder":"on","_et_pb_old_content":"","_et_gb_content_width":"","footnotes":""},"class_list":["post-64077","page","type-page","status-publish"],"acf":[],"_links":{"self":[{"href":"https:\/\/www.secowarwick.com\/pl\/wp-json\/wp\/v2\/pages\/64077","targetHints":{"allow":["GET"]}}],"collection":[{"href":"https:\/\/www.secowarwick.com\/pl\/wp-json\/wp\/v2\/pages"}],"about":[{"href":"https:\/\/www.secowarwick.com\/pl\/wp-json\/wp\/v2\/types\/page"}],"author":[{"embeddable":true,"href":"https:\/\/www.secowarwick.com\/pl\/wp-json\/wp\/v2\/users\/2"}],"replies":[{"embeddable":true,"href":"https:\/\/www.secowarwick.com\/pl\/wp-json\/wp\/v2\/comments?post=64077"}],"version-history":[{"count":0,"href":"https:\/\/www.secowarwick.com\/pl\/wp-json\/wp\/v2\/pages\/64077\/revisions"}],"wp:attachment":[{"href":"https:\/\/www.secowarwick.com\/pl\/wp-json\/wp\/v2\/media?parent=64077"}],"curies":[{"name":"wp","href":"https:\/\/api.w.org\/{rel}","templated":true}]}}