{"id":64158,"date":"2018-05-11T08:27:39","date_gmt":"2018-05-11T06:27:39","guid":{"rendered":"http:\/\/www.secowarwick.com\/?page_id=64158"},"modified":"2025-02-06T17:06:05","modified_gmt":"2025-02-06T16:06:05","slug":"piotr-skarbinski","status":"publish","type":"page","link":"https:\/\/www.secowarwick.com\/pl\/piotr-skarbinski\/","title":{"rendered":"Piotr Skarbi\u0144ski"},"content":{"rendered":"<p>[et_pb_section fb_built=&#8221;1&#8243; admin_label=&#8221;section&#8221; _builder_version=&#8221;4.16&#8243; custom_padding=&#8221;0px|||&#8221; transparent_background=&#8221;off&#8221; make_fullwidth=&#8221;off&#8221; use_custom_width=&#8221;off&#8221; width_unit=&#8221;on&#8221; global_colors_info=&#8221;{}&#8221;][et_pb_row admin_label=&#8221;row&#8221; _builder_version=&#8221;4.16&#8243; background_color=&#8221;#f8f8f8&#8243; background_size=&#8221;initial&#8221; background_position=&#8221;top_left&#8221; background_repeat=&#8221;repeat&#8221; custom_margin=&#8221;||45px|&#8221; custom_padding=&#8221;|||25px&#8221; make_fullwidth=&#8221;off&#8221; use_custom_width=&#8221;off&#8221; width_unit=&#8221;on&#8221; global_colors_info=&#8221;{}&#8221;][et_pb_column type=&#8221;4_4&#8243; _builder_version=&#8221;4.16&#8243; custom_padding=&#8221;|||&#8221; global_colors_info=&#8221;{}&#8221; custom_padding__hover=&#8221;|||&#8221;][et_pb_breadcrumbs _builder_version=&#8221;3.0.47&#8243; global_colors_info=&#8221;{}&#8221;][\/et_pb_breadcrumbs][et_pb_text _builder_version=&#8221;4.16&#8243; background_size=&#8221;initial&#8221; background_position=&#8221;top_left&#8221; background_repeat=&#8221;repeat&#8221; use_border_color=&#8221;off&#8221; global_colors_info=&#8221;{}&#8221;]<\/p>\n<h1>PRELEGENT<\/h1>\n<p>[\/et_pb_text][\/et_pb_column][\/et_pb_row][et_pb_row column_structure=&#8221;1_3,2_3&#8243; admin_label=&#8221;row&#8221; _builder_version=&#8221;4.16&#8243; background_size=&#8221;initial&#8221; background_position=&#8221;top_left&#8221; background_repeat=&#8221;repeat&#8221; global_colors_info=&#8221;{}&#8221;][et_pb_column type=&#8221;1_3&#8243; _builder_version=&#8221;4.16&#8243; custom_padding=&#8221;|||&#8221; global_colors_info=&#8221;{}&#8221; custom_padding__hover=&#8221;|||&#8221;][et_pb_image src=&#8221;https:\/\/www.secowarwick.com\/wp-content\/uploads\/2018\/05\/skarbinski-szary-1.jpg&#8221; alt=&#8221;Piotr Skarbi\u0144ski&#8221; align_tablet=&#8221;center&#8221; align_phone=&#8221;center&#8221; align_last_edited=&#8221;on|desktop&#8221; _builder_version=&#8221;4.23.1&#8243; hover_enabled=&#8221;0&#8243; use_border_color=&#8221;off&#8221; border_color=&#8221;#ffffff&#8221; border_style=&#8221;solid&#8221; animation=&#8221;left&#8221; sticky=&#8221;off&#8221; global_colors_info=&#8221;{}&#8221; sticky_enabled=&#8221;0&#8243;][\/et_pb_image][\/et_pb_column][et_pb_column type=&#8221;2_3&#8243; _builder_version=&#8221;4.16&#8243; custom_padding=&#8221;|||&#8221; global_colors_info=&#8221;{}&#8221; custom_padding__hover=&#8221;|||&#8221;][et_pb_text _builder_version=&#8221;4.16&#8243; use_border_color=&#8221;off&#8221; border_color=&#8221;#ffffff&#8221; border_style=&#8221;solid&#8221; global_colors_info=&#8221;{}&#8221;]<span style=\"font-size: 14pt;\"><strong><span style=\"color: #dc291e;\">PIOTR SKARBI\u0143SKI<\/span><\/strong><\/span><br \/>\n<span style=\"font-size: 14pt;\">SECO\/WARWICK, WICEPREZES, SEGMENT PRODUKT\u00d3W ALUMINUM I CAB<\/span><\/p>\n<p class=\"employee-about\">Uzyska\u0142 dyplom magistra na Wydziale Mechanicznym obecnego Uniwersytetu Zielonog\u00f3rskiego specjalizuj\u0105c si\u0119 w instrumentach precyzyjnych i biomedycznych. Ca\u0142a jego kariera zwi\u0105zana jest z urz\u0105dzeniami do obr\u00f3bki cieplnej. Rozpocz\u0105\u0142 prac\u0119 w roku 1988 w Eltermie jako in\u017cynier projektu. Od roku 1990 w SECO\/WARWICK, ponownie jako in\u017cynier projektu a nast\u0119pnie in\u017cynier sprzeda\u017cy piec\u00f3w atmosferycznych. Od roku 1995 Kierownik Zespo\u0142u piec\u00f3w atmosferycznych. Od roku 2000 odpowiedzialny za lini\u0119 produkcyjn\u0105 CAB w SW Polska jako dyrektor Zespo\u0142u. Od roku 2006 zarz\u0105dza produktem CAB w innych lokalizacjach SECO\/WARWICK jako Globalny Lider Produktu. Cz\u0142onek zarz\u0105du Cuprobraze Alliance.<\/p>\n<p>[\/et_pb_text][\/et_pb_column][\/et_pb_row][\/et_pb_section]<\/p>\n","protected":false},"excerpt":{"rendered":"<p>[et_pb_breadcrumbs _builder_version=&#8221;3.0.47&#8243; global_colors_info=&#8221;{}&#8221;][\/et_pb_breadcrumbs]PRELEGENT PIOTR SKARBI\u0143SKI SECO\/WARWICK, WICEPREZES, SEGMENT PRODUKT\u00d3W ALUMINUM I CAB Uzyska\u0142 dyplom magistra na Wydziale Mechanicznym obecnego Uniwersytetu Zielonog\u00f3rskiego specjalizuj\u0105c si\u0119 w instrumentach precyzyjnych i biomedycznych. Ca\u0142a jego kariera zwi\u0105zana jest z urz\u0105dzeniami do obr\u00f3bki cieplnej. Rozpocz\u0105\u0142 prac\u0119 w roku 1988 w Eltermie jako in\u017cynier projektu. Od roku 1990 w SECO\/WARWICK, ponownie jako [&hellip;]<\/p>\n","protected":false},"author":2,"featured_media":0,"parent":0,"menu_order":0,"comment_status":"closed","ping_status":"closed","template":"","meta":{"_acf_changed":false,"_et_pb_use_builder":"on","_et_pb_old_content":"","_et_gb_content_width":"","footnotes":""},"class_list":["post-64158","page","type-page","status-publish"],"acf":[],"_links":{"self":[{"href":"https:\/\/www.secowarwick.com\/pl\/wp-json\/wp\/v2\/pages\/64158","targetHints":{"allow":["GET"]}}],"collection":[{"href":"https:\/\/www.secowarwick.com\/pl\/wp-json\/wp\/v2\/pages"}],"about":[{"href":"https:\/\/www.secowarwick.com\/pl\/wp-json\/wp\/v2\/types\/page"}],"author":[{"embeddable":true,"href":"https:\/\/www.secowarwick.com\/pl\/wp-json\/wp\/v2\/users\/2"}],"replies":[{"embeddable":true,"href":"https:\/\/www.secowarwick.com\/pl\/wp-json\/wp\/v2\/comments?post=64158"}],"version-history":[{"count":3,"href":"https:\/\/www.secowarwick.com\/pl\/wp-json\/wp\/v2\/pages\/64158\/revisions"}],"predecessor-version":[{"id":171755,"href":"https:\/\/www.secowarwick.com\/pl\/wp-json\/wp\/v2\/pages\/64158\/revisions\/171755"}],"wp:attachment":[{"href":"https:\/\/www.secowarwick.com\/pl\/wp-json\/wp\/v2\/media?parent=64158"}],"curies":[{"name":"wp","href":"https:\/\/api.w.org\/{rel}","templated":true}]}}