{"id":64317,"date":"2018-05-14T10:46:36","date_gmt":"2018-05-14T08:46:36","guid":{"rendered":"http:\/\/www.secowarwick.com\/?page_id=64317"},"modified":"2025-02-06T17:09:07","modified_gmt":"2025-02-06T16:09:07","slug":"michal-sut-2","status":"publish","type":"page","link":"https:\/\/www.secowarwick.com\/pl\/michal-sut-2\/","title":{"rendered":"Micha\u0142 Sut"},"content":{"rendered":"<p>[et_pb_section fb_built=&#8221;1&#8243; admin_label=&#8221;section&#8221; _builder_version=&#8221;4.16&#8243; custom_padding=&#8221;0px|||&#8221; transparent_background=&#8221;off&#8221; make_fullwidth=&#8221;off&#8221; use_custom_width=&#8221;off&#8221; width_unit=&#8221;on&#8221; global_colors_info=&#8221;{}&#8221;][et_pb_row admin_label=&#8221;row&#8221; _builder_version=&#8221;4.16&#8243; background_color=&#8221;#f8f8f8&#8243; background_size=&#8221;initial&#8221; background_position=&#8221;top_left&#8221; background_repeat=&#8221;repeat&#8221; custom_margin=&#8221;||45px|&#8221; custom_padding=&#8221;|||25px&#8221; make_fullwidth=&#8221;off&#8221; use_custom_width=&#8221;off&#8221; width_unit=&#8221;on&#8221; global_colors_info=&#8221;{}&#8221;][et_pb_column type=&#8221;4_4&#8243; _builder_version=&#8221;4.16&#8243; custom_padding=&#8221;|||&#8221; global_colors_info=&#8221;{}&#8221; custom_padding__hover=&#8221;|||&#8221;][et_pb_breadcrumbs _builder_version=&#8221;3.0.47&#8243; global_colors_info=&#8221;{}&#8221;][\/et_pb_breadcrumbs][et_pb_text _builder_version=&#8221;4.16&#8243; background_size=&#8221;initial&#8221; background_position=&#8221;top_left&#8221; background_repeat=&#8221;repeat&#8221; use_border_color=&#8221;off&#8221; global_colors_info=&#8221;{}&#8221;]<\/p>\n<h1>PRELEGENT<\/h1>\n<p>[\/et_pb_text][\/et_pb_column][\/et_pb_row][et_pb_row admin_label=&#8221;row&#8221; _builder_version=&#8221;4.16&#8243; background_size=&#8221;initial&#8221; background_position=&#8221;top_left&#8221; background_repeat=&#8221;repeat&#8221; global_colors_info=&#8221;{}&#8221; column_structure=&#8221;1_3,2_3&#8243;][et_pb_column type=&#8221;1_3&#8243; _builder_version=&#8221;4.16&#8243; custom_padding=&#8221;|||&#8221; global_colors_info=&#8221;{}&#8221; custom_padding__hover=&#8221;|||&#8221;][et_pb_image src=&#8221;https:\/\/www.secowarwick.com\/wp-content\/uploads\/2018\/05\/sut-szary-3.jpg&#8221; align_tablet=&#8221;center&#8221; align_last_edited=&#8221;on|desktop&#8221; _builder_version=&#8221;4.23.1&#8243; animation_style=&#8221;slide&#8221; animation_direction=&#8221;left&#8221; animation_duration=&#8221;500ms&#8221; animation_intensity_slide=&#8221;10%&#8221; hover_enabled=&#8221;0&#8243; use_border_color=&#8221;off&#8221; global_colors_info=&#8221;{}&#8221; alt=&#8221;Micha\u0142 Sut&#8221; sticky_enabled=&#8221;0&#8243; align_phone=&#8221;center&#8221;][\/et_pb_image][\/et_pb_column][et_pb_column type=&#8221;2_3&#8243; _builder_version=&#8221;4.16&#8243; custom_padding=&#8221;|||&#8221; global_colors_info=&#8221;{}&#8221; custom_padding__hover=&#8221;|||&#8221;][et_pb_text _builder_version=&#8221;4.16&#8243; use_border_color=&#8221;off&#8221; border_color=&#8221;#ffffff&#8221; border_style=&#8221;solid&#8221; global_colors_info=&#8221;{}&#8221;]<span style=\"font-size: 14pt;\"><strong><span style=\"color: #dc291e;\">MICHA\u0141 SUT<\/span><\/strong><\/span><br \/>\n<span style=\"font-size: 14pt;\">SECO\/WARWICK, TECHNOLOG OBR\u00d3BKI CIEPLNEJ<\/span><\/p>\n<p>Absolwent Wydzia\u0142u In\u017cynierii Materia\u0142owej Politechniki Warszawskiej z tytu\u0142em mgr in\u017c. (2012 r.). W trakcie studi\u00f3w bra\u0142 udzia\u0142 w projekcie \u201eOpracowanie obr\u00f3bki cieplnej pozwalaj\u0105cej na wytworzenie struktur nanokrystalicznych w wybranych stalach \u0142o\u017cyskowych, spr\u0119\u017cynowych, narz\u0119dziowych i konstrukcyjnych\u201d. Uczestniczy\u0142 r\u00f3wnie\u017c w licznych ekspertyzach materia\u0142owych dotycz\u0105cych przyczyn zniszcze\u0144 element\u00f3w maszyn i urz\u0105dze\u0144.<\/p>\n<p>Wsp\u00f3\u0142autor 6 artyku\u0142\u00f3w naukowych dotycz\u0105cych wytwarzania struktur nanobainitycznych oraz naw\u0119glania pr\u00f3\u017cniowego.<\/p>\n<p>W 2013 roku rozpocz\u0105\u0142 prac\u0119 w firmie Seco\/Warwick na stanowisku technologa obr\u00f3bki cieplnej. Od wrze\u015bnia 2017 obj\u0105\u0142 stanowisko starszego technologa obr\u00f3bki cieplnej. Specjalizuje si\u0119 w obr\u00f3bce cieplnej w piecach pr\u00f3\u017cniowych ze szczeg\u00f3lnym naciskiem na naw\u0119glanie pr\u00f3\u017cniowe i ulepszanie cieplne.<\/p>\n<p>Zainteresowania: obr\u00f3bka cieplna i cieplno-chemiczna, in\u017cynieria powierzchni, kowalstwo, bro\u0144 bia\u0142a.<br \/>\n[\/et_pb_text][\/et_pb_column][\/et_pb_row][\/et_pb_section]<\/p>\n","protected":false},"excerpt":{"rendered":"<p>[et_pb_breadcrumbs _builder_version=&#8221;3.0.47&#8243; global_colors_info=&#8221;{}&#8221;][\/et_pb_breadcrumbs]PRELEGENT MICHA\u0141 SUT SECO\/WARWICK, TECHNOLOG OBR\u00d3BKI CIEPLNEJ Absolwent Wydzia\u0142u In\u017cynierii Materia\u0142owej Politechniki Warszawskiej z tytu\u0142em mgr in\u017c. (2012 r.). W trakcie studi\u00f3w bra\u0142 udzia\u0142 w projekcie \u201eOpracowanie obr\u00f3bki cieplnej pozwalaj\u0105cej na wytworzenie struktur nanokrystalicznych w wybranych stalach \u0142o\u017cyskowych, spr\u0119\u017cynowych, narz\u0119dziowych i konstrukcyjnych\u201d. Uczestniczy\u0142 r\u00f3wnie\u017c w licznych ekspertyzach materia\u0142owych dotycz\u0105cych przyczyn zniszcze\u0144 element\u00f3w maszyn [&hellip;]<\/p>\n","protected":false},"author":2,"featured_media":0,"parent":0,"menu_order":0,"comment_status":"closed","ping_status":"closed","template":"","meta":{"_acf_changed":false,"_et_pb_use_builder":"on","_et_pb_old_content":"","_et_gb_content_width":"","footnotes":""},"class_list":["post-64317","page","type-page","status-publish"],"acf":[],"_links":{"self":[{"href":"https:\/\/www.secowarwick.com\/pl\/wp-json\/wp\/v2\/pages\/64317","targetHints":{"allow":["GET"]}}],"collection":[{"href":"https:\/\/www.secowarwick.com\/pl\/wp-json\/wp\/v2\/pages"}],"about":[{"href":"https:\/\/www.secowarwick.com\/pl\/wp-json\/wp\/v2\/types\/page"}],"author":[{"embeddable":true,"href":"https:\/\/www.secowarwick.com\/pl\/wp-json\/wp\/v2\/users\/2"}],"replies":[{"embeddable":true,"href":"https:\/\/www.secowarwick.com\/pl\/wp-json\/wp\/v2\/comments?post=64317"}],"version-history":[{"count":1,"href":"https:\/\/www.secowarwick.com\/pl\/wp-json\/wp\/v2\/pages\/64317\/revisions"}],"predecessor-version":[{"id":171758,"href":"https:\/\/www.secowarwick.com\/pl\/wp-json\/wp\/v2\/pages\/64317\/revisions\/171758"}],"wp:attachment":[{"href":"https:\/\/www.secowarwick.com\/pl\/wp-json\/wp\/v2\/media?parent=64317"}],"curies":[{"name":"wp","href":"https:\/\/api.w.org\/{rel}","templated":true}]}}