{"id":64373,"date":"2018-05-16T10:45:37","date_gmt":"2018-05-16T08:45:37","guid":{"rendered":"http:\/\/www.secowarwick.com\/?page_id=64373"},"modified":"2025-01-13T07:43:25","modified_gmt":"2025-01-13T06:43:25","slug":"autonomiczny-system-monitorowania-i-przetwarzania-parametrow-pracy-pieca-wglebnego-dla-potrzeb-industry-4-0-w-procesach-naweglania-niskocisnieniowego","status":"publish","type":"page","link":"https:\/\/www.secowarwick.com\/pl\/ospolce\/projekty\/autonomiczny-system-monitorowania-i-przetwarzania-parametrow-pracy-pieca-wglebnego-dla-potrzeb-industry-4-0-w-procesach-naweglania-niskocisnieniowego\/","title":{"rendered":"Autonomiczny system monitorowania i przetwarzania parametr\u00f3w pracy pieca wg\u0142\u0119bnego dla potrzeb Industry 4.0 w procesach naw\u0119glania niskoci\u015bnieniowego"},"content":{"rendered":"<p>[et_pb_section fb_built=&#8221;1&#8243; admin_label=&#8221;section&#8221; _builder_version=&#8221;4.16&#8243; background_color=&#8221;#f8f8f8&#8243; transparent_background=&#8221;off&#8221; global_colors_info=&#8221;{}&#8221;][et_pb_row admin_label=&#8221;row&#8221; _builder_version=&#8221;4.16&#8243; background_size=&#8221;initial&#8221; background_position=&#8221;top_left&#8221; background_repeat=&#8221;repeat&#8221; global_colors_info=&#8221;{}&#8221;][et_pb_column type=&#8221;4_4&#8243; _builder_version=&#8221;4.16&#8243; custom_padding=&#8221;|||&#8221; global_colors_info=&#8221;{}&#8221; custom_padding__hover=&#8221;|||&#8221;][et_pb_breadcrumbs _builder_version=&#8221;3.0.47&#8243; global_colors_info=&#8221;{}&#8221;][\/et_pb_breadcrumbs][et_pb_text _builder_version=&#8221;4.16&#8243; header_font=&#8221;|||on|&#8221; background_size=&#8221;initial&#8221; background_position=&#8221;top_left&#8221; background_repeat=&#8221;repeat&#8221; use_border_color=&#8221;off&#8221; border_color=&#8221;#ffffff&#8221; border_style=&#8221;solid&#8221; global_colors_info=&#8221;{}&#8221;]<\/p>\n<h1>Autonomiczny system monitorowania i przetwarzania parametr\u00f3w pracy pieca wg\u0142\u0119bnego dla potrzeb Industry 4.0 w procesach naw\u0119glania niskoci\u015bnieniowego<\/h1>\n<p>[\/et_pb_text][\/et_pb_column][\/et_pb_row][\/et_pb_section][et_pb_section fb_built=&#8221;1&#8243; _builder_version=&#8221;4.16&#8243; global_colors_info=&#8221;{}&#8221;][et_pb_row _builder_version=&#8221;4.16&#8243; background_size=&#8221;initial&#8221; background_position=&#8221;top_left&#8221; background_repeat=&#8221;repeat&#8221; custom_margin=&#8221;0px|||&#8221; custom_padding=&#8221;0px|||&#8221; global_colors_info=&#8221;{}&#8221; column_structure=&#8221;1_3,1_3,1_3&#8243;][et_pb_column type=&#8221;1_3&#8243; _builder_version=&#8221;4.16&#8243; custom_padding=&#8221;|||&#8221; global_colors_info=&#8221;{}&#8221; custom_padding__hover=&#8221;|||&#8221;][et_pb_image src=&#8221;https:\/\/www.secowarwick.com\/wp-content\/uploads\/2017\/10\/fundusze-europejskie-inteli.png&#8221; align=&#8221;center&#8221; align_tablet=&#8221;center&#8221; align_last_edited=&#8221;on|desktop&#8221; _builder_version=&#8221;4.23.1&#8243; animation_style=&#8221;slide&#8221; animation_direction=&#8221;bottom&#8221; animation_duration=&#8221;500ms&#8221; animation_intensity_slide=&#8221;10%&#8221; hover_enabled=&#8221;0&#8243; use_border_color=&#8221;off&#8221; border_color=&#8221;#ffffff&#8221; border_style=&#8221;solid&#8221; animation=&#8221;bottom&#8221; sticky=&#8221;off&#8221; always_center_on_mobile=&#8221;on&#8221; global_colors_info=&#8221;{}&#8221; sticky_enabled=&#8221;0&#8243; alt=&#8221;Fundusze Europejskie\/Inteligentny Rozw\u00f3j&#8221; align_phone=&#8221;center&#8221;][\/et_pb_image][\/et_pb_column][et_pb_column type=&#8221;1_3&#8243; _builder_version=&#8221;4.16&#8243; custom_padding=&#8221;|||&#8221; global_colors_info=&#8221;{}&#8221; custom_padding__hover=&#8221;|||&#8221;][et_pb_image src=&#8221;https:\/\/www.secowarwick.com\/wp-content\/uploads\/2018\/05\/projekty_rp.png&#8221; align=&#8221;center&#8221; align_tablet=&#8221;center&#8221; align_last_edited=&#8221;on|desktop&#8221; _builder_version=&#8221;4.23.1&#8243; animation_style=&#8221;slide&#8221; animation_direction=&#8221;bottom&#8221; animation_duration=&#8221;500ms&#8221; animation_intensity_slide=&#8221;10%&#8221; hover_enabled=&#8221;0&#8243; use_border_color=&#8221;off&#8221; border_color=&#8221;#ffffff&#8221; border_style=&#8221;solid&#8221; animation=&#8221;bottom&#8221; sticky=&#8221;off&#8221; global_colors_info=&#8221;{}&#8221; alt=&#8221;Rzeczpospolita Polska&#8221; sticky_enabled=&#8221;0&#8243; align_phone=&#8221;center&#8221;][\/et_pb_image][\/et_pb_column][et_pb_column type=&#8221;1_3&#8243; _builder_version=&#8221;4.16&#8243; custom_padding=&#8221;|||&#8221; global_colors_info=&#8221;{}&#8221; custom_padding__hover=&#8221;|||&#8221;][et_pb_image src=&#8221;https:\/\/www.secowarwick.com\/wp-content\/uploads\/2017\/10\/eu-regionalny.png&#8221; align=&#8221;center&#8221; align_tablet=&#8221;center&#8221; align_last_edited=&#8221;on|desktop&#8221; _builder_version=&#8221;4.23.1&#8243; animation_style=&#8221;slide&#8221; animation_direction=&#8221;bottom&#8221; animation_duration=&#8221;500ms&#8221; animation_intensity_slide=&#8221;10%&#8221; hover_enabled=&#8221;0&#8243; use_border_color=&#8221;off&#8221; border_color=&#8221;#ffffff&#8221; border_style=&#8221;solid&#8221; animation=&#8221;bottom&#8221; sticky=&#8221;off&#8221; always_center_on_mobile=&#8221;on&#8221; global_colors_info=&#8221;{}&#8221; alt=&#8221;Unia Europejska\/Europejski Fundusz Rozwoju Regionalnego&#8221; sticky_enabled=&#8221;0&#8243; align_phone=&#8221;center&#8221;][\/et_pb_image][\/et_pb_column][\/et_pb_row][et_pb_row _builder_version=&#8221;4.16&#8243; background_size=&#8221;initial&#8221; background_position=&#8221;top_left&#8221; background_repeat=&#8221;repeat&#8221; global_colors_info=&#8221;{}&#8221;][et_pb_column type=&#8221;4_4&#8243; _builder_version=&#8221;4.16&#8243; custom_padding=&#8221;|||&#8221; global_colors_info=&#8221;{}&#8221; custom_padding__hover=&#8221;|||&#8221;][et_pb_text _builder_version=&#8221;4.16&#8243; background_size=&#8221;initial&#8221; background_position=&#8221;top_left&#8221; background_repeat=&#8221;repeat&#8221; use_border_color=&#8221;off&#8221; border_color=&#8221;#ffffff&#8221; border_style=&#8221;solid&#8221; global_colors_info=&#8221;{}&#8221;]Firma SECO\/WARWICK S.A. jest partnerem projektu realizowanego przez UNIWERSYTET ZIELONOG\u00d3RSKI na podstawie Umowy o dofinansowanie z dnia 28.03.2018 r., nr POIR.04.01.02-00-0064\/17 w ramach Dzia\u0142ania 4.1 \u201eBadania naukowe i prace rozwojowe\u201d Poddzia\u0142ania \u201eRegionalne agendy naukowo-badawcze\u201d Programu Operacyjnego Inteligentny Rozw\u00f3j 2014-2020, pt. ,, Autonomiczny system monitorowania i przetwarzania parametr\u00f3w pracy pieca wg\u0142\u0119bnego dla potrzeb Industry 4.0 w procesach naw\u0119glania niskoci\u015bnieniowego\u201d.<\/p>\n<p>Celem projektu jest opracowanie systemu umo\u017cliwiaj\u0105cego autodiagnozowanie pr\u00f3\u017cniowego pieca wg\u0142\u0119bnego na podstawie monitorowania i analizy kluczowych parametr\u00f3w jego eksploatacji. G\u0142\u00f3wnymi rezultatami realizowanego projektu jest znacz\u0105ce udoskonalenie unikalnego na skal\u0119 \u015bwiatow\u0105 pr\u00f3\u017cniowego pieca wg\u0142\u0119bnego poprzez wyposa\u017cenie go w system autodiagnozowania i zapobiegania awariom. System umo\u017cliwi monitorowanie i analiz\u0119 parametr\u00f3w pracy pieca pr\u00f3\u017cniowego w celu redukcji czasu przestoj\u00f3w, koszt\u00f3w serwisowania a w rezultacie ca\u0142kowitych koszt\u00f3w eksploatacji urz\u0105dzenia (poprawa parametr\u00f3w eksploatacyjnych i redukcja energoch\u0142onno\u015bci procesu obr\u00f3bki cieplnej). Ponadto system autodiagnozowania&nbsp;umo\u017cliwi wymian\u0119 danych uzyskanych z pr\u00f3\u017cniowego pieca wg\u0142\u0119bnego z innymi urz\u0105dzeniami linii technologicznej zgodnie z za\u0142o\u017ceniami koncepcji Industry 4.0. Analiza danych&nbsp;eksploatacyjnych piec\u00f3w pr\u00f3\u017cniowych, rejestrowanych w chmurze, pozwoli na zwi\u0119kszenie efektywno\u015bci obs\u0142ugi gwarancyjnej i pogwarancyjnej klient\u00f3w, popraw\u0119 parametr\u00f3w&nbsp;eksploatacyjnych oraz konstruowanie lepszych i ta\u0144szych urz\u0105dze\u0144.<\/p>\n<p>Projekt jest wsp\u00f3\u0142finansowany ze \u015brodk\u00f3w Europejskiego Funduszu Rozwoju Regionalnego (EFRR) w wysoko\u015bci 1 530 460,70 PLN<br \/>\nCa\u0142kowity koszt realizacji projektu: 1 960 863,24 PLN<br \/>\n[\/et_pb_text][\/et_pb_column][\/et_pb_row][\/et_pb_section]<\/p>\n","protected":false},"excerpt":{"rendered":"<p>[et_pb_breadcrumbs _builder_version=&#8221;3.0.47&#8243; global_colors_info=&#8221;{}&#8221;][\/et_pb_breadcrumbs]Autonomiczny system monitorowania i przetwarzania parametr\u00f3w pracy pieca wg\u0142\u0119bnego dla potrzeb Industry 4.0 w procesach naw\u0119glania niskoci\u015bnieniowego Firma SECO\/WARWICK S.A. jest partnerem projektu realizowanego przez UNIWERSYTET ZIELONOG\u00d3RSKI na podstawie Umowy o dofinansowanie z dnia 28.03.2018 r., nr POIR.04.01.02-00-0064\/17 w ramach Dzia\u0142ania 4.1 \u201eBadania naukowe i prace rozwojowe\u201d Poddzia\u0142ania \u201eRegionalne agendy naukowo-badawcze\u201d Programu Operacyjnego [&hellip;]<\/p>\n","protected":false},"author":2,"featured_media":0,"parent":46731,"menu_order":0,"comment_status":"closed","ping_status":"closed","template":"","meta":{"_acf_changed":false,"_et_pb_use_builder":"on","_et_pb_old_content":"","_et_gb_content_width":"","footnotes":""},"class_list":["post-64373","page","type-page","status-publish"],"acf":[],"_links":{"self":[{"href":"https:\/\/www.secowarwick.com\/pl\/wp-json\/wp\/v2\/pages\/64373","targetHints":{"allow":["GET"]}}],"collection":[{"href":"https:\/\/www.secowarwick.com\/pl\/wp-json\/wp\/v2\/pages"}],"about":[{"href":"https:\/\/www.secowarwick.com\/pl\/wp-json\/wp\/v2\/types\/page"}],"author":[{"embeddable":true,"href":"https:\/\/www.secowarwick.com\/pl\/wp-json\/wp\/v2\/users\/2"}],"replies":[{"embeddable":true,"href":"https:\/\/www.secowarwick.com\/pl\/wp-json\/wp\/v2\/comments?post=64373"}],"version-history":[{"count":1,"href":"https:\/\/www.secowarwick.com\/pl\/wp-json\/wp\/v2\/pages\/64373\/revisions"}],"predecessor-version":[{"id":168797,"href":"https:\/\/www.secowarwick.com\/pl\/wp-json\/wp\/v2\/pages\/64373\/revisions\/168797"}],"up":[{"embeddable":true,"href":"https:\/\/www.secowarwick.com\/pl\/wp-json\/wp\/v2\/pages\/46731"}],"wp:attachment":[{"href":"https:\/\/www.secowarwick.com\/pl\/wp-json\/wp\/v2\/media?parent=64373"}],"curies":[{"name":"wp","href":"https:\/\/api.w.org\/{rel}","templated":true}]}}