{"id":64556,"date":"2018-05-22T12:02:56","date_gmt":"2018-05-22T10:02:56","guid":{"rendered":"http:\/\/www.secowarwick.com\/?page_id=64556"},"modified":"2019-08-18T21:03:15","modified_gmt":"2019-08-18T19:03:15","slug":"jerzy-kreczmer","status":"publish","type":"page","link":"https:\/\/www.secowarwick.com\/pl\/jerzy-kreczmer\/","title":{"rendered":"Jerzy Kreczmer"},"content":{"rendered":"<p>[et_pb_section bb_built=&#8221;1&#8243; admin_label=&#8221;section&#8221; transparent_background=&#8221;off&#8221; allow_player_pause=&#8221;off&#8221; inner_shadow=&#8221;off&#8221; parallax=&#8221;off&#8221; parallax_method=&#8221;on&#8221; custom_padding=&#8221;0px|||&#8221; make_fullwidth=&#8221;off&#8221; use_custom_width=&#8221;off&#8221; width_unit=&#8221;on&#8221; make_equal=&#8221;off&#8221; use_custom_gutter=&#8221;off&#8221; prev_background_color=&#8221;#000000&#8243; next_background_color=&#8221;#000000&#8243;][et_pb_row admin_label=&#8221;row&#8221; make_fullwidth=&#8221;off&#8221; use_custom_width=&#8221;off&#8221; width_unit=&#8221;on&#8221; use_custom_gutter=&#8221;off&#8221; custom_padding=&#8221;|||25px&#8221; custom_margin=&#8221;||45px|&#8221; background_color=&#8221;#f8f8f8&#8243; allow_player_pause=&#8221;off&#8221; parallax=&#8221;off&#8221; parallax_method=&#8221;on&#8221; make_equal=&#8221;off&#8221; parallax_1=&#8221;off&#8221; parallax_method_1=&#8221;off&#8221; background_position=&#8221;top_left&#8221; background_repeat=&#8221;repeat&#8221; background_size=&#8221;initial&#8221;][et_pb_column type=&#8221;4_4&#8243;][et_pb_breadcrumbs \/][et_pb_text use_border_color=&#8221;off&#8221; border_color=&#8221;#ffffff&#8221; border_style=&#8221;solid&#8221; _builder_version=&#8221;3.3.1&#8243;]<\/p>\n<h1>PRELEGENT<\/h1>\n<p>[\/et_pb_text][\/et_pb_column][\/et_pb_row][et_pb_row admin_label=&#8221;row&#8221; background_position=&#8221;top_left&#8221; background_repeat=&#8221;repeat&#8221; background_size=&#8221;initial&#8221;][et_pb_column type=&#8221;1_3&#8243;][et_pb_image src=&#8221;https:\/\/www.secowarwick.com\/wp-content\/uploads\/2018\/06\/kerczmer-szary.jpg&#8221; animation=&#8221;left&#8221; sticky=&#8221;off&#8221; use_border_color=&#8221;off&#8221; border_color=&#8221;#ffffff&#8221; border_style=&#8221;solid&#8221; _builder_version=&#8221;3.4.1&#8243; \/][\/et_pb_column][et_pb_column type=&#8221;2_3&#8243;][et_pb_text use_border_color=&#8221;off&#8221; border_color=&#8221;#ffffff&#8221; border_style=&#8221;solid&#8221; _builder_version=&#8221;3.6&#8243;]<\/p>\n<p><span style=\"font-size: 14pt;\"><strong><span style=\"color: #dc291e;\">JERZY KRECZMER<\/span><\/strong><\/span><br \/>\n<span style=\"font-size: 14pt;\">DZIA\u0141 ROZWOJU &#8211; KIEROWNIK SEKCJI OBR\u00d3BKI CIEPLNEJ AESCULAP \u2013 CHIFA SP. ZO.O.<\/span><\/p>\n<p>Absolwent  wydzia\u0142u metalurgicznego Akademii G\u00f3rniczo \u2013 Hutniczej w Krakowie (1982), z tytu\u0142em mgr in\u017c. hutnika o specjalno\u015bci przer\u00f3bka plastyczna metali. Od 1982 pracujacy w fabryce produkuj\u0105cej narz\u0119dzia medyczne (dzisiaj jako Aesculap  &#8211; Chifa sp. z o.o.). Pocz\u0105tkowo, do 1990, zajmuj\u0105cy si\u0119 kuciem matrycowym, jako mistrz wydz. ku\u017ani. Nast\u0119pnie, do 2015, kieruj\u0105cy wydzia\u0142em Obr\u00f3bki Cieplnej.<\/p>\n<p>[\/et_pb_text][\/et_pb_column][\/et_pb_row][\/et_pb_section]<\/p>\n","protected":false},"excerpt":{"rendered":"<p>[et_pb_breadcrumbs \/] PRELEGENT JERZY KRECZMER DZIA\u0141 ROZWOJU &#8211; KIEROWNIK SEKCJI OBR\u00d3BKI CIEPLNEJ AESCULAP \u2013 CHIFA SP. ZO.O. Absolwent wydzia\u0142u metalurgicznego Akademii G\u00f3rniczo \u2013 Hutniczej w Krakowie (1982), z tytu\u0142em mgr in\u017c. hutnika o specjalno\u015bci przer\u00f3bka plastyczna metali. Od 1982 pracujacy w fabryce produkuj\u0105cej narz\u0119dzia medyczne (dzisiaj jako Aesculap &#8211; Chifa sp. z o.o.). Pocz\u0105tkowo, do [&hellip;]<\/p>\n","protected":false},"author":2,"featured_media":0,"parent":0,"menu_order":0,"comment_status":"closed","ping_status":"closed","template":"","meta":{"_acf_changed":false,"_et_pb_use_builder":"on","_et_pb_old_content":"","_et_gb_content_width":"","footnotes":""},"class_list":["post-64556","page","type-page","status-publish"],"acf":[],"_links":{"self":[{"href":"https:\/\/www.secowarwick.com\/pl\/wp-json\/wp\/v2\/pages\/64556","targetHints":{"allow":["GET"]}}],"collection":[{"href":"https:\/\/www.secowarwick.com\/pl\/wp-json\/wp\/v2\/pages"}],"about":[{"href":"https:\/\/www.secowarwick.com\/pl\/wp-json\/wp\/v2\/types\/page"}],"author":[{"embeddable":true,"href":"https:\/\/www.secowarwick.com\/pl\/wp-json\/wp\/v2\/users\/2"}],"replies":[{"embeddable":true,"href":"https:\/\/www.secowarwick.com\/pl\/wp-json\/wp\/v2\/comments?post=64556"}],"version-history":[{"count":0,"href":"https:\/\/www.secowarwick.com\/pl\/wp-json\/wp\/v2\/pages\/64556\/revisions"}],"wp:attachment":[{"href":"https:\/\/www.secowarwick.com\/pl\/wp-json\/wp\/v2\/media?parent=64556"}],"curies":[{"name":"wp","href":"https:\/\/api.w.org\/{rel}","templated":true}]}}