{"id":64716,"date":"2018-05-23T12:09:33","date_gmt":"2018-05-23T10:09:33","guid":{"rendered":"http:\/\/www.secowarwick.com\/?page_id=64716"},"modified":"2019-08-28T14:32:47","modified_gmt":"2019-08-28T12:32:47","slug":"lukasz-piechowicz","status":"publish","type":"page","link":"https:\/\/www.secowarwick.com\/pl\/lukasz-piechowicz\/","title":{"rendered":"\u0141ukasz Piechowicz"},"content":{"rendered":"<p>[et_pb_section bb_built=&#8221;1&#8243; admin_label=&#8221;section&#8221; transparent_background=&#8221;off&#8221; allow_player_pause=&#8221;off&#8221; inner_shadow=&#8221;off&#8221; parallax=&#8221;off&#8221; parallax_method=&#8221;on&#8221; custom_padding=&#8221;0px|||&#8221; make_fullwidth=&#8221;off&#8221; use_custom_width=&#8221;off&#8221; width_unit=&#8221;on&#8221; make_equal=&#8221;off&#8221; use_custom_gutter=&#8221;off&#8221; prev_background_color=&#8221;#000000&#8243; next_background_color=&#8221;#000000&#8243;][et_pb_row admin_label=&#8221;row&#8221; make_fullwidth=&#8221;off&#8221; use_custom_width=&#8221;off&#8221; width_unit=&#8221;on&#8221; use_custom_gutter=&#8221;off&#8221; custom_padding=&#8221;|||25px&#8221; custom_margin=&#8221;||45px|&#8221; background_color=&#8221;#f8f8f8&#8243; allow_player_pause=&#8221;off&#8221; parallax=&#8221;off&#8221; parallax_method=&#8221;on&#8221; make_equal=&#8221;off&#8221; parallax_1=&#8221;off&#8221; parallax_method_1=&#8221;off&#8221; background_position=&#8221;top_left&#8221; background_repeat=&#8221;repeat&#8221; background_size=&#8221;initial&#8221;][et_pb_column type=&#8221;4_4&#8243;][et_pb_breadcrumbs \/][et_pb_text use_border_color=&#8221;off&#8221; border_color=&#8221;#ffffff&#8221; border_style=&#8221;solid&#8221; _builder_version=&#8221;3.3.1&#8243;]<\/p>\n<h1>PRELEGENT<\/h1>\n<p>[\/et_pb_text][\/et_pb_column][\/et_pb_row][et_pb_row admin_label=&#8221;row&#8221; background_position=&#8221;top_left&#8221; background_repeat=&#8221;repeat&#8221; background_size=&#8221;initial&#8221;][et_pb_column type=&#8221;1_3&#8243;][et_pb_image src=&#8221;https:\/\/www.secowarwick.com\/wp-content\/uploads\/2018\/06\/piechowicz-szary.jpg&#8221; animation=&#8221;left&#8221; sticky=&#8221;off&#8221; use_border_color=&#8221;off&#8221; border_color=&#8221;#ffffff&#8221; border_style=&#8221;solid&#8221; _builder_version=&#8221;3.4.1&#8243; \/][\/et_pb_column][et_pb_column type=&#8221;2_3&#8243;][et_pb_text use_border_color=&#8221;off&#8221; border_color=&#8221;#ffffff&#8221; border_style=&#8221;solid&#8221; _builder_version=&#8221;3.6&#8243;]<\/p>\n<p><span style=\"font-size: 14pt;\"><strong><span style=\"color: #dc291e;\">\u0141UKASZ PIECHOWICZ<\/span><\/strong><\/span><br \/>\n<span style=\"font-size: 14pt;\">SECO\/WARWICK, DYREKTOR DZIA\u0141U DS. BADA\u0143, ROZWOJU TECHNOLOGII I KONSTRUKCJI <\/span><\/p>\n<p><strong>Do\u015bwiadczenie zawodowe<br \/>\n<\/strong>Dr in\u017c. \u0141ukasz Piechowicz jest absolwentem Wydzia\u0142u In\u017cynierii Procesowej, Materia\u0142owej i Fizyki Stosowanej Politechniki Cz\u0119stochowskiej. W 2009 roku uzyska\u0142 na Politechnice Cz\u0119stochowskiej stopie\u0144 doktora w dziedzinie nauk technicznych (dyscyplina: metalurgia, specjalno\u015bci: nagrzewanie wsadu, technika cieplna). Jest autorem lub wsp\u00f3\u0142autorem ok. 50 publikacji, w tym artyku\u0142\u00f3w w czasopismach o zasi\u0119gu krajowym i mi\u0119dzynarodowym, oraz jednego patentu. Od 2009 r. zdobywa do\u015bwiadczenie zawodowe w Grupie SECO\/WARWICK. W latach 2009-2012 pe\u0142ni\u0142 funkcj\u0119 G\u0142\u00f3wnego Specjalisty ds. Techniki Cieplnej oraz Koordynatora ds. Badawczo-Rozwojowych. Obecnie pe\u0142ni funkcj\u0119 Dyrektora Dzia\u0142u R&amp;D i jest odpowiedzialny m.in. za realizacj\u0119 projekt\u00f3w badawczo-rozwojowych oraz za wsp\u00f3\u0142prac\u0119 z o\u015brodkami naukowo-badawczymi. Kieruje zespo\u0142em wysoko wykwalifikowanych specjalist\u00f3w z zakresu in\u017cynierii materia\u0142owej, metalurgii, symulacji komputerowych oraz automatyki przemys\u0142owej. Obecnie rozwija swoje zainteresowania naukowe w zakresie zastosowania algorytm\u00f3w fenomenologicznych do modelowania i sterowania procesami cieplnymi w obr\u00f3bce cieplnej matali.<\/p>\n<p>[\/et_pb_text][\/et_pb_column][\/et_pb_row][\/et_pb_section]<\/p>\n","protected":false},"excerpt":{"rendered":"<p>[et_pb_breadcrumbs \/] PRELEGENT \u0141UKASZ PIECHOWICZ SECO\/WARWICK, DYREKTOR DZIA\u0141U DS. BADA\u0143, ROZWOJU TECHNOLOGII I KONSTRUKCJI Do\u015bwiadczenie zawodowe Dr in\u017c. \u0141ukasz Piechowicz jest absolwentem Wydzia\u0142u In\u017cynierii Procesowej, Materia\u0142owej i Fizyki Stosowanej Politechniki Cz\u0119stochowskiej. W 2009 roku uzyska\u0142 na Politechnice Cz\u0119stochowskiej stopie\u0144 doktora w dziedzinie nauk technicznych (dyscyplina: metalurgia, specjalno\u015bci: nagrzewanie wsadu, technika cieplna). Jest autorem lub wsp\u00f3\u0142autorem [&hellip;]<\/p>\n","protected":false},"author":2,"featured_media":0,"parent":0,"menu_order":0,"comment_status":"closed","ping_status":"closed","template":"","meta":{"_acf_changed":false,"_et_pb_use_builder":"on","_et_pb_old_content":"","_et_gb_content_width":"","footnotes":""},"class_list":["post-64716","page","type-page","status-publish"],"acf":[],"_links":{"self":[{"href":"https:\/\/www.secowarwick.com\/pl\/wp-json\/wp\/v2\/pages\/64716","targetHints":{"allow":["GET"]}}],"collection":[{"href":"https:\/\/www.secowarwick.com\/pl\/wp-json\/wp\/v2\/pages"}],"about":[{"href":"https:\/\/www.secowarwick.com\/pl\/wp-json\/wp\/v2\/types\/page"}],"author":[{"embeddable":true,"href":"https:\/\/www.secowarwick.com\/pl\/wp-json\/wp\/v2\/users\/2"}],"replies":[{"embeddable":true,"href":"https:\/\/www.secowarwick.com\/pl\/wp-json\/wp\/v2\/comments?post=64716"}],"version-history":[{"count":0,"href":"https:\/\/www.secowarwick.com\/pl\/wp-json\/wp\/v2\/pages\/64716\/revisions"}],"wp:attachment":[{"href":"https:\/\/www.secowarwick.com\/pl\/wp-json\/wp\/v2\/media?parent=64716"}],"curies":[{"name":"wp","href":"https:\/\/api.w.org\/{rel}","templated":true}]}}