{"id":64732,"date":"2018-05-23T12:29:40","date_gmt":"2018-05-23T10:29:40","guid":{"rendered":"http:\/\/www.secowarwick.com\/?page_id=64732"},"modified":"2025-02-06T16:44:28","modified_gmt":"2025-02-06T15:44:28","slug":"jaroslaw-bielawski","status":"publish","type":"page","link":"https:\/\/www.secowarwick.com\/pl\/jaroslaw-bielawski\/","title":{"rendered":"Jaros\u0142aw Bielawski"},"content":{"rendered":"<p>[et_pb_section fb_built=&#8221;1&#8243; admin_label=&#8221;section&#8221; _builder_version=&#8221;4.16&#8243; custom_padding=&#8221;0px|||&#8221; transparent_background=&#8221;off&#8221; make_fullwidth=&#8221;off&#8221; use_custom_width=&#8221;off&#8221; width_unit=&#8221;on&#8221; global_colors_info=&#8221;{}&#8221;][et_pb_row admin_label=&#8221;row&#8221; _builder_version=&#8221;4.16&#8243; background_color=&#8221;#f8f8f8&#8243; background_size=&#8221;initial&#8221; background_position=&#8221;top_left&#8221; background_repeat=&#8221;repeat&#8221; custom_margin=&#8221;||45px|&#8221; custom_padding=&#8221;|||25px&#8221; make_fullwidth=&#8221;off&#8221; use_custom_width=&#8221;off&#8221; width_unit=&#8221;on&#8221; global_colors_info=&#8221;{}&#8221;][et_pb_column type=&#8221;4_4&#8243; _builder_version=&#8221;4.16&#8243; custom_padding=&#8221;|||&#8221; global_colors_info=&#8221;{}&#8221; custom_padding__hover=&#8221;|||&#8221;][et_pb_breadcrumbs _builder_version=&#8221;3.0.47&#8243; global_colors_info=&#8221;{}&#8221;][\/et_pb_breadcrumbs][et_pb_text _builder_version=&#8221;4.16&#8243; use_border_color=&#8221;off&#8221; border_color=&#8221;#ffffff&#8221; border_style=&#8221;solid&#8221; global_colors_info=&#8221;{}&#8221;]<\/p>\n<h1>PRELEGENT<\/h1>\n<p>[\/et_pb_text][\/et_pb_column][\/et_pb_row][et_pb_row admin_label=&#8221;row&#8221; _builder_version=&#8221;4.16&#8243; background_size=&#8221;initial&#8221; background_position=&#8221;top_left&#8221; background_repeat=&#8221;repeat&#8221; global_colors_info=&#8221;{}&#8221; column_structure=&#8221;1_3,2_3&#8243;][et_pb_column type=&#8221;1_3&#8243; _builder_version=&#8221;4.16&#8243; custom_padding=&#8221;|||&#8221; global_colors_info=&#8221;{}&#8221; custom_padding__hover=&#8221;|||&#8221;][et_pb_image src=&#8221;https:\/\/www.secowarwick.com\/wp-content\/uploads\/2018\/05\/bielawski-szary-2.jpg&#8221; align_tablet=&#8221;center&#8221; align_last_edited=&#8221;on|desktop&#8221; _builder_version=&#8221;4.23.1&#8243; animation_style=&#8221;slide&#8221; animation_direction=&#8221;left&#8221; animation_duration=&#8221;500ms&#8221; animation_intensity_slide=&#8221;10%&#8221; hover_enabled=&#8221;0&#8243; use_border_color=&#8221;off&#8221; global_colors_info=&#8221;{}&#8221; alt=&#8221;Jaros\u0142aw Bielawski&#8221; sticky_enabled=&#8221;0&#8243; align_phone=&#8221;center&#8221;][\/et_pb_image][\/et_pb_column][et_pb_column type=&#8221;2_3&#8243; _builder_version=&#8221;4.16&#8243; custom_padding=&#8221;|||&#8221; global_colors_info=&#8221;{}&#8221; custom_padding__hover=&#8221;|||&#8221;][et_pb_text _builder_version=&#8221;4.16&#8243; use_border_color=&#8221;off&#8221; border_color=&#8221;#ffffff&#8221; border_style=&#8221;solid&#8221; global_colors_info=&#8221;{}&#8221;]<span style=\"font-size: 14pt;\"><strong><span style=\"color: #dc291e;\">Jaros\u0142aw Bielawski<\/span><\/strong><\/span><br \/>\n<span style=\"font-size: 14pt;\">SECO\/WARWICK, TECHNOLOG W ZAK\u0141ADZIE PIEC\u00d3W ATMOSFEROWYCH<\/span><\/p>\n<p>Dr in\u017c. Jaros\u0142aw Bielawski jest absolwentem Wydzia\u0142u Mechanicznego Politechniki Szczeci\u0144skiej \u2013 kierunek In\u017cyniera Materia\u0142owa (2003). Doktorat, uzyska\u0142 w Zachodniopomorskim Uniwersytecie Technologicznym w Szczecinie (2013) w dyscyplinie In\u017cynieria Materia\u0142owa. W latach 2004 \u2013 2007 jest cz\u0142onkiem zespo\u0142u pracuj\u0105cym nad \u201eNiskotemperaturowym azotowaniem stali austenitycznych\u201d.<br \/>\nW okresie 2006 \u2013 2009 bierze udzia\u0142 w grancie badawczym dotycz\u0105cym \u201eWarstw odpornych na korozj\u0119 i zu\u017cycie na stalach wysokochromowych\u201d. Jest r\u00f3wnie\u017c uczestnikiem grantu celowego (2007 &#8211; 2008) dotycz\u0105cego \u201eWdro\u017cenia technologii obr\u00f3bki powierzchniowej element\u00f3w nowoczesnej hydrauliki si\u0142owej pracuj\u0105cej w warunkach wysokich obci\u0105\u017ce\u0144 w przemy\u015ble wydobywczym i budownictwie\u201d.<br \/>\nW roku 2009 \u2013 2011 realizuje grant promotorski (Formowanie warstwy azotowanej na stali ferrytyczno-austenitycznej X2 CrNiMo 2253). Jest on autorem i wsp\u00f3\u0142autorem 17 publikacji<br \/>\nw czasopismach krajowych i zagranicznych. W latach 2013-2015 obejmuje stanowisko Technologa-Metalurga w firmie Caparo Forging (Bomet). Od 2016 jest pracownikiem SecoWarwick w Zak\u0142adzie Piec\u00f3w Atmosferowych pe\u0142ni\u0105c funkcj\u0119 Technologa.<br \/>\n[\/et_pb_text][\/et_pb_column][\/et_pb_row][\/et_pb_section]<\/p>\n","protected":false},"excerpt":{"rendered":"<p>[et_pb_breadcrumbs _builder_version=&#8221;3.0.47&#8243; global_colors_info=&#8221;{}&#8221;][\/et_pb_breadcrumbs]PRELEGENT Jaros\u0142aw Bielawski SECO\/WARWICK, TECHNOLOG W ZAK\u0141ADZIE PIEC\u00d3W ATMOSFEROWYCH Dr in\u017c. Jaros\u0142aw Bielawski jest absolwentem Wydzia\u0142u Mechanicznego Politechniki Szczeci\u0144skiej \u2013 kierunek In\u017cyniera Materia\u0142owa (2003). Doktorat, uzyska\u0142 w Zachodniopomorskim Uniwersytecie Technologicznym w Szczecinie (2013) w dyscyplinie In\u017cynieria Materia\u0142owa. W latach 2004 \u2013 2007 jest cz\u0142onkiem zespo\u0142u pracuj\u0105cym nad \u201eNiskotemperaturowym azotowaniem stali austenitycznych\u201d. W okresie [&hellip;]<\/p>\n","protected":false},"author":2,"featured_media":0,"parent":0,"menu_order":0,"comment_status":"closed","ping_status":"closed","template":"","meta":{"_acf_changed":false,"_et_pb_use_builder":"on","_et_pb_old_content":"","_et_gb_content_width":"","footnotes":""},"class_list":["post-64732","page","type-page","status-publish"],"acf":[],"_links":{"self":[{"href":"https:\/\/www.secowarwick.com\/pl\/wp-json\/wp\/v2\/pages\/64732","targetHints":{"allow":["GET"]}}],"collection":[{"href":"https:\/\/www.secowarwick.com\/pl\/wp-json\/wp\/v2\/pages"}],"about":[{"href":"https:\/\/www.secowarwick.com\/pl\/wp-json\/wp\/v2\/types\/page"}],"author":[{"embeddable":true,"href":"https:\/\/www.secowarwick.com\/pl\/wp-json\/wp\/v2\/users\/2"}],"replies":[{"embeddable":true,"href":"https:\/\/www.secowarwick.com\/pl\/wp-json\/wp\/v2\/comments?post=64732"}],"version-history":[{"count":1,"href":"https:\/\/www.secowarwick.com\/pl\/wp-json\/wp\/v2\/pages\/64732\/revisions"}],"predecessor-version":[{"id":171734,"href":"https:\/\/www.secowarwick.com\/pl\/wp-json\/wp\/v2\/pages\/64732\/revisions\/171734"}],"wp:attachment":[{"href":"https:\/\/www.secowarwick.com\/pl\/wp-json\/wp\/v2\/media?parent=64732"}],"curies":[{"name":"wp","href":"https:\/\/api.w.org\/{rel}","templated":true}]}}