{"id":64847,"date":"2018-05-25T15:16:36","date_gmt":"2018-05-25T13:16:36","guid":{"rendered":"http:\/\/www.secowarwick.com\/?page_id=64847"},"modified":"2020-09-10T09:57:57","modified_gmt":"2020-09-10T07:57:57","slug":"informacja-o-przetwarzaniu-danych-osobowych","status":"publish","type":"page","link":"https:\/\/www.secowarwick.com\/pl\/informacja-o-przetwarzaniu-danych-osobowych\/","title":{"rendered":"INFORMACJA O PRZETWARZANIU DANYCH OSOBOWYCH KLIENT\u00d3W I KONTRAHENT\u00d3W"},"content":{"rendered":"<p>W zwi\u0105zku z uchwaleniem rozporz\u0105dzenia Parlamentu Europejskiego i Rady (UE) 2016\/679 z dnia 27 kwietnia 2016 r. w sprawie ochrony os\u00f3b fizycznych w zwi\u0105zku z przetwarzaniem danych osobowych i w sprawie swobodnego przep\u0142ywu takich danych oraz uchylenia dyrektywy 95\/46\/WE (\u201crozporz\u0105dzenie RODO\u201d) niniejszym informujemy, \u017ce przetwarzamy Pa\u0144stwa dane osobowe.<br \/>\nAdministratorem danych jest SECO\/WARWICK S.A, z siedzib\u0105 w \u015awiebodzinie, ul. Sobieskiego 8 wpisana do rejestru przedsi\u0119biorc\u00f3w Krajowego Rejestru S\u0105dowego prowadzonego przez S\u0105d Rejonowy w Zielonej G\u00f3rze Wydzia\u0142 Gospodarczy Krajowego Rejestru S\u0105dowego pod numerem KRS 0000271014, NIP 927-010-07-56.<\/p>\n<p>Pa\u0144stwa dane osobowe b\u0119d\u0105 przetwarzane:<\/p>\n<ol style=\"list-style-type: lower-alpha;\">\n<li>na podstawie art. 6 ust. 1 pkt b) rozporz\u0105dzenia RODO, w celu realizacji obowi\u0105zk\u00f3w wynikaj\u0105cych z \u0142\u0105cz\u0105cej nas umowy, w tym na potrzeby bie\u017c\u0105cego kontaktu, a tak\u017ce w zwi\u0105zku z ewentualnym dochodzeniem roszcze\u0144 po wyga\u015bni\u0119ciu umowy lub zrealizowaniu us\u0142ugi,<\/li>\n<li>w pozosta\u0142ym zakresie na podstawie art. 6 ust. 1 pkt a) rozporz\u0105dzenia RODO, tj. na podstawie i w granicach udzielonej przez Pa\u0144stwo zgody na przetwarzanie danych osobowych.<\/li>\n<\/ol>\n<p>B\u0119dziemy przetwarza\u0107 w szczeg\u00f3lno\u015bci nast\u0119puj\u0105ce kategorie Pa\u0144stwa danych:<\/p>\n<ul>\n<li>imi\u0119 i nazwisko,<\/li>\n<li>adres zamieszkania,<\/li>\n<li>adres do korespondencji,<\/li>\n<li>adres e-mail,<\/li>\n<li>nr telefonu,<\/li>\n<li>nr PESEL,<\/li>\n<li>nr NIP,<\/li>\n<li>nr rachunku bankowego.<\/li>\n<\/ul>\n<p>Pa\u0144stwa dane osobowe mog\u0105 by\u0107 udost\u0119pniane podmiotom przetwarzaj\u0105cym je na nasze zlecenie, tj. np. nast\u0119puj\u0105cym kategoriom podmiot\u00f3w:<\/p>\n<ul>\n<li>kancelaria prawna obs\u0142uguj\u0105ca sp\u00f3\u0142k\u0119,<\/li>\n<li>notariusz,<\/li>\n<li>biuro finansowo-ksi\u0119gowe obs\u0142uguj\u0105ce sp\u00f3\u0142k\u0119,<\/li>\n<li>dostawcy rozwi\u0105za\u0144 informatycznych.<\/li>\n<\/ul>\n<p>Nie przekazujemy Pana\/i danych poza Europejski Obszar Gospodarczy.<\/p>\n<p>Pa\u0144stwa dane b\u0119dziemy przetwarza\u0107 przez czas realizacji umowy oraz po jej zako\u0144czeniu, do czasu przedawnienia ewentualnych roszcze\u0144 wynikaj\u0105cych z umowy. W przypadku danych powierzonych na podstawie udzielonej zgody \u2013 przetwarzane one b\u0119d\u0105 do ustania przyczyn biznesowych oraz do momentu odwo\u0142ania zgody.<\/p>\n<p>Posiadaj\u0105 Pa\u0144stwo prawo \u017c\u0105dania od administratora dost\u0119pu do danych osobowych, ich sprostowania, usuni\u0119cia lub ograniczenia przetwarzania, a tak\u017ce prawo do wniesienia sprzeciwu wobec przetwarzania oraz prawo do przenoszenia danych.<\/p>\n<p>Podanie danych jest dobrowolne, jednak niezb\u0119dne do zawarcia i realizacji ww. cel\u00f3w.<\/p>\n<p>Posiadaj\u0105 Pa\u0144stwo prawo do wniesienia skargi do organu nadzorczego \u2013 Prezesa Urz\u0119du Ochrony Danych Osobowych lub innego w\u0142a\u015bciwego organu nadzorczego, je\u017celi uwa\u017caj\u0105 Pa\u0144stwo, \u017ce przetwarzamy dane niezgodnie z prawem.<\/p>\n<p>W razie jakichkolwiek pyta\u0144 lub w\u0105tpliwo\u015bci zach\u0119camy do kontaktu pod adresem e-mail: RODO@secowarwick.com<\/p>\n","protected":false},"excerpt":{"rendered":"<p>W zwi\u0105zku z uchwaleniem rozporz\u0105dzenia Parlamentu Europejskiego i Rady (UE) 2016\/679 z dnia 27 kwietnia 2016 r. w sprawie ochrony os\u00f3b fizycznych w zwi\u0105zku z przetwarzaniem danych osobowych i w sprawie swobodnego przep\u0142ywu takich danych oraz uchylenia dyrektywy 95\/46\/WE (\u201crozporz\u0105dzenie RODO\u201d) niniejszym informujemy, \u017ce przetwarzamy Pa\u0144stwa dane osobowe. Administratorem danych jest SECO\/WARWICK S.A, z siedzib\u0105 [&hellip;]<\/p>\n","protected":false},"author":2,"featured_media":0,"parent":0,"menu_order":0,"comment_status":"closed","ping_status":"closed","template":"","meta":{"_acf_changed":false,"_et_pb_use_builder":"","_et_pb_old_content":"","_et_gb_content_width":"","footnotes":""},"class_list":["post-64847","page","type-page","status-publish"],"acf":[],"_links":{"self":[{"href":"https:\/\/www.secowarwick.com\/pl\/wp-json\/wp\/v2\/pages\/64847","targetHints":{"allow":["GET"]}}],"collection":[{"href":"https:\/\/www.secowarwick.com\/pl\/wp-json\/wp\/v2\/pages"}],"about":[{"href":"https:\/\/www.secowarwick.com\/pl\/wp-json\/wp\/v2\/types\/page"}],"author":[{"embeddable":true,"href":"https:\/\/www.secowarwick.com\/pl\/wp-json\/wp\/v2\/users\/2"}],"replies":[{"embeddable":true,"href":"https:\/\/www.secowarwick.com\/pl\/wp-json\/wp\/v2\/comments?post=64847"}],"version-history":[{"count":0,"href":"https:\/\/www.secowarwick.com\/pl\/wp-json\/wp\/v2\/pages\/64847\/revisions"}],"wp:attachment":[{"href":"https:\/\/www.secowarwick.com\/pl\/wp-json\/wp\/v2\/media?parent=64847"}],"curies":[{"name":"wp","href":"https:\/\/api.w.org\/{rel}","templated":true}]}}