{"id":65990,"date":"2018-06-15T15:24:52","date_gmt":"2018-06-15T13:24:52","guid":{"rendered":"http:\/\/www.secowarwick.com\/?page_id=65990"},"modified":"2025-06-02T09:02:13","modified_gmt":"2025-06-02T07:02:13","slug":"seco-predictive","status":"publish","type":"page","link":"https:\/\/www.secowarwick.com\/pl\/profesjonalne-uslugi-serwisowe\/seco-predictive\/","title":{"rendered":"SECO PREDICTIVE"},"content":{"rendered":"<p>[et_pb_section fb_built=&#8221;1&#8243; admin_label=&#8221;section&#8221; _builder_version=&#8221;4.16&#8243; background_color=&#8221;#f8f8f8&#8243; custom_padding=&#8221;0px|||&#8221; global_colors_info=&#8221;{}&#8221;][et_pb_row column_structure=&#8221;3_4,1_4&#8243; admin_label=&#8221;row&#8221; _builder_version=&#8221;4.23.1&#8243; background_size=&#8221;initial&#8221; background_position=&#8221;top_left&#8221; background_repeat=&#8221;repeat&#8221; global_colors_info=&#8221;{}&#8221;][et_pb_column type=&#8221;3_4&#8243; _builder_version=&#8221;4.16&#8243; custom_padding=&#8221;|||&#8221; global_colors_info=&#8221;{}&#8221; custom_padding__hover=&#8221;|||&#8221;][et_pb_code module_class=&#8221;custom-bread&#8221; _builder_version=&#8221;4.23.1&#8243; _module_preset=&#8221;default&#8221; global_colors_info=&#8221;{}&#8221;]<\/p>\n<div class=\"et_pb_module et_pb_breadcrumbs   et_pb_breadcrumbs_0\"><!-- [et_pb_line_break_holder] -->\t\t\t\t<pee id=\"breadcrumbs\"><span><span><a href=\"https:\/\/www.secowarwick.com\/pl\/\">HOME<\/a><\/span> \/ <span><a href=\"https:\/\/www.secowarwick.com\/pl\/service\/automatyka\/\">AUTOMATYKA<\/a><\/span> \/ <span class=\"breadcrumb_last\" aria-current=\"page\">SECO PREDICTIVE<\/span><\/span><\/pee><!-- [et_pb_line_break_holder] -->\t\t\t<\/div>\n<p>[\/et_pb_code][et_pb_text module_class=&#8221;podtytuly&#8221; _builder_version=&#8221;4.23.1&#8243; background_size=&#8221;initial&#8221; background_position=&#8221;top_left&#8221; background_repeat=&#8221;repeat&#8221; hover_enabled=&#8221;0&#8243; use_border_color=&#8221;off&#8221; global_colors_info=&#8221;{}&#8221; sticky_enabled=&#8221;0&#8243;]<\/p>\n<h1>SECO\/PREDICTIVE \u2013 nowoczesny monitoring i\u00a0diagnostyka urz\u0105dze\u0144<\/h1>\n<h2 style=\"text-align: justify;\"><img decoding=\"async\" class=\"alignleft wp-image-158445\" src=\"https:\/\/www.secowarwick.com\/wp-content\/uploads\/2024\/05\/sw-predictive-icon_2.svg\" alt=\"SECO\/PREDICTIVE\" width=\"80\" \/>Ryzyko awarii ograniczone do\u00a0minimum i\u00a0pewno\u015b\u0107 efektywnej pracy Twoich\u00a0urz\u0105dze\u0144. Wiemy, jakie to\u00a0wa\u017cne, gdy\u00a0zarz\u0105dzasz firm\u0105.<\/h2>\n<p>[\/et_pb_text][et_pb_text _builder_version=&#8221;4.16&#8243; background_size=&#8221;initial&#8221; background_position=&#8221;top_left&#8221; background_repeat=&#8221;repeat&#8221; use_border_color=&#8221;off&#8221; global_colors_info=&#8221;{}&#8221;]<\/p>\n<p style=\"text-align: justify;\">Maj\u0105c na&nbsp;uwadze liczb\u0119 decyzji biznesowych, jakie musisz podj\u0105\u0107 ka\u017cdego dnia i&nbsp;konieczno\u015b\u0107 nieprzerwanej dost\u0119pno\u015bci Twoich&nbsp;urz\u0105dze\u0144, wprowadzili\u015bmy do&nbsp;naszej oferty autorski system SECO\/PREDICTIVE.<\/p>\n<p style=\"text-align: justify;\">SECO\/PREDICTIVE to&nbsp;zaawansowany, inteligentny system kontroli urz\u0105dze\u0144 umo\u017cliwiaj\u0105cy <strong>wykrywanie ich potencjalnych awarii jeszcze przed&nbsp;ich wyst\u0105pieniem.<\/strong> SECO\/PREDICTIVE gwarantuje <strong>wysok\u0105 skuteczno\u015b\u0107 we&nbsp;wsparciu proces\u00f3w<\/strong> utrzymania ruchu i&nbsp;zapewnia <strong>maksymaln\u0105 wygod\u0119 u\u017cytkowania<\/strong>.<\/p>\n<p>&nbsp;[\/et_pb_text][\/et_pb_column][et_pb_column type=&#8221;1_4&#8243; _builder_version=&#8221;4.23.1&#8243; custom_padding=&#8221;68px||||false|false&#8221; custom_padding_tablet=&#8221;0px||||false|false&#8221; custom_padding_phone=&#8221;0px||||false|false&#8221; custom_padding_last_edited=&#8221;on|desktop&#8221; custom_css_main_element=&#8221;text-align:left;&#8221; global_colors_info=&#8221;{}&#8221; custom_padding__hover=&#8221;|||&#8221;][et_pb_text admin_label=&#8221;btn_pl_premiumlibrary&#8221; module_class=&#8221;premium-library-button&#8221; _builder_version=&#8221;4.23.1&#8243; _module_preset=&#8221;default&#8221; text_orientation=&#8221;center&#8221; global_module=&#8221;157169&#8243; saved_tabs=&#8221;all&#8221; locked=&#8221;off&#8221; global_colors_info=&#8221;{}&#8221;]<\/p>\n<a href='https:\/\/www.secowarwick.com\/pl\/trescipremium\/' class='small-button smallred'><span>TRE\u015aCI PREMIUM<\/span><\/a>\n<p>[\/et_pb_text][et_pb_text admin_label=&#8221;R&#038;D PL&#8221; module_class=&#8221;product_widget_wrap_rd&#8221; _builder_version=&#8221;4.23.1&#8243; _module_preset=&#8221;default&#8221; text_orientation=&#8221;center&#8221; global_module=&#8221;165497&#8243; saved_tabs=&#8221;all&#8221; locked=&#8221;off&#8221; global_colors_info=&#8221;{}&#8221;]<\/p>\n<p><a href=\"https:\/\/www.secowarwick.com\/pl\/rd\/\"><span class=\"product_wigtet_name\">R&amp;D<\/span><\/a><\/p>\n<p>[\/et_pb_text][et_pb_text admin_label=&#8221;PRODUKTY pl&#8221; module_class=&#8221;product_widget_wrap_products&#8221; _builder_version=&#8221;4.23.1&#8243; _module_preset=&#8221;default&#8221; global_module=&#8221;178154&#8243; saved_tabs=&#8221;all&#8221; locked=&#8221;off&#8221; global_colors_info=&#8221;{}&#8221;]<\/p>\n<p><a href=\"https:\/\/www.secowarwick.com\/pl\/produkty\/\" target=\"_blank\" rel=\"noopener\"><span class=\"product_wigtet_name\">PRODUKTY<\/span><\/a><\/p>\n<p>[\/et_pb_text][et_pb_text admin_label=&#8221;SERVICE PL&#8221; module_class=&#8221;product_widget_wrap_service&#8221; _builder_version=&#8221;4.23.1&#8243; _module_preset=&#8221;default&#8221; global_module=&#8221;165500&#8243; saved_tabs=&#8221;all&#8221; locked=&#8221;off&#8221; global_colors_info=&#8221;{}&#8221;]<\/p>\n<p><a href=\"https:\/\/www.secowarwick.com\/pl\/profesjonalne-uslugi-serwisowe\/\"><span class=\"product_wigtet_name\">SERWIS<\/span><\/a><\/p>\n<p>[\/et_pb_text][et_pb_text admin_label=&#8221;SUPLEMENTALS PL&#8221; module_class=&#8221;product_widget_wrap_supleme&#8221; _builder_version=&#8221;4.23.1&#8243; _module_preset=&#8221;default&#8221; global_module=&#8221;165502&#8243; saved_tabs=&#8221;all&#8221; locked=&#8221;off&#8221; global_colors_info=&#8221;{}&#8221;]<\/p>\n<p><span class=\"product_wigtet_name\">DODATKOWE:<\/span><\/p>\n<p>[\/et_pb_text][et_pb_text admin_label=&#8221;Product brochure&#8221; module_class=&#8221;suplementals_product_brochure suplementals_wrap&#8221; _builder_version=&#8221;4.23.1&#8243; _module_preset=&#8221;default&#8221; locked=&#8221;off&#8221; global_colors_info=&#8221;{}&#8221;]<\/p>\n<p><a href=\"https:\/\/www.secowarwick.com\/wp-content\/uploads\/2019\/05\/Profesjonalne-uslugi-serwisowe.pdf\" target=\"_blank\" rel=\"noopener\">Broszura produktu<\/a><\/p>\n<p>[\/et_pb_text][et_pb_text admin_label=&#8221;dnabook-pl&#8221; module_class=&#8221;suplementals_product_dna suplementals_wrap&#8221; _builder_version=&#8221;4.23.1&#8243; _module_preset=&#8221;default&#8221; global_module=&#8221;165509&#8243; saved_tabs=&#8221;all&#8221; locked=&#8221;off&#8221; global_colors_info=&#8221;{}&#8221;]<\/p>\n<p><a href=\"https:\/\/www.secowarwick.com\/wp-content\/uploads\/2024\/02\/2024_SECO_WARWICK_Catalog_DNA_EN_SECOLOGY.pdf\" target=\"_blank\" rel=\"noopener\">DNA\/BOOK<\/a><\/p>\n<p>[\/et_pb_text][et_pb_text admin_label=&#8221;ECO\/BOOK-pl&#8221; module_class=&#8221;suplementals_product_eco suplementals_wrap&#8221; _builder_version=&#8221;4.23.1&#8243; _module_preset=&#8221;default&#8221; global_module=&#8221;165511&#8243; saved_tabs=&#8221;all&#8221; locked=&#8221;off&#8221; global_colors_info=&#8221;{}&#8221;]<\/p>\n<p><a href=\"https:\/\/www.secowarwick.com\/wp-content\/uploads\/2023\/06\/ECOBOOK-2-1.pdf\" target=\"_blank\" rel=\"noopener\">ECO\/BOOK<\/a><\/p>\n<p>[\/et_pb_text][\/et_pb_column][\/et_pb_row][\/et_pb_section][et_pb_section fb_built=&#8221;1&#8243; admin_label=&#8221;section&#8221; _builder_version=&#8221;4.16&#8243; custom_padding=&#8221;0px|||&#8221; global_colors_info=&#8221;{}&#8221;][et_pb_row column_structure=&#8221;3_4,1_4&#8243; admin_label=&#8221;row&#8221; _builder_version=&#8221;4.16&#8243; background_size=&#8221;initial&#8221; background_position=&#8221;top_left&#8221; background_repeat=&#8221;repeat&#8221; custom_padding=&#8221;||0px|&#8221; global_colors_info=&#8221;{}&#8221;][et_pb_column type=&#8221;3_4&#8243; _builder_version=&#8221;4.16&#8243; custom_padding=&#8221;|||&#8221; global_colors_info=&#8221;{}&#8221; custom_padding__hover=&#8221;|||&#8221;][et_pb_tabs module_class=&#8221;red-tabs&#8221; _builder_version=&#8221;4.23.1&#8243; global_colors_info=&#8221;{}&#8221;][et_pb_tab title=&#8221;Opis&#8221; _builder_version=&#8221;4.23.1&#8243; global_colors_info=&#8221;{}&#8221;]<\/p>\n<h2>SECO<span style=\"color: #dc291e;\">\/<\/span>PREDICTIVE to:<\/h2>\n<ul>\n<li>inteligentny, zaawansowany i&nbsp;w&nbsp;pe\u0142ni autorski system kontroli urz\u0105dze\u0144,<\/li>\n<li>mo\u017cliwo\u015b\u0107 wykrycia awarii przed&nbsp;ich wyst\u0105pieniem,<\/li>\n<li>minimalizacja nieplanowanych przestoj\u00f3w urz\u0105dze\u0144,<\/li>\n<li>kompatybilno\u015b\u0107 z&nbsp;urz\u0105dzeniami do&nbsp;obr\u00f3bki cieplnej metali i&nbsp;metalurgii pr\u00f3\u017cniowej,<\/li>\n<li>interaktywny kalendarz przegl\u0105d\u00f3w i&nbsp;prac konserwacyjnych,<\/li>\n<li>funkcja raport\u00f3w i&nbsp;analiz,<\/li>\n<li>system zdalnego dost\u0119pu.<\/li>\n<\/ul>\n<p style=\"text-align: justify;\">SECO\/PREDICTIVE to&nbsp;rozwi\u0105zanie s\u0142u\u017c\u0105ce do&nbsp;zbierania danych z&nbsp;inteligentnych czujnik\u00f3w i&nbsp;zapisywania ich w&nbsp;chmurze SECO\/WARWICK, a&nbsp;w&nbsp;dalszym kroku analizy pozyskanych informacji i&nbsp;propozycji optymalizacji, kt\u00f3re mog\u0105 by\u0107 zaimplementowane w&nbsp;urz\u0105dzeniu po&nbsp;przeprowadzeniu jego audytu. Rozwi\u0105zanie uzupe\u0142nia system zdalnego dost\u0119pu i&nbsp;powiadamiania oraz&nbsp;funkcja raport\u00f3w i&nbsp;analiz, a&nbsp;tak\u017ce interaktywny kalendarz informuj\u0105cy o&nbsp;wymaganych przegl\u0105dach i&nbsp;pracach konserwacyjnych.<\/p>\n<p>[\/et_pb_tab][et_pb_tab title=&#8221;Funkcje&#8221; _builder_version=&#8221;4.23.1&#8243; global_colors_info=&#8221;{}&#8221;]<\/p>\n<h2>SECO<span style=\"color: #dc291e;\">\/<\/span>PREDICTIVE zapewnia m.in.:<\/h2>\n<ul>\n<li>on-line monitoring urz\u0105dzenia,<\/li>\n<li>zagregowan\u0105 histori\u0119 zdarze\u0144 i&nbsp;alarm\u00f3w z&nbsp;urz\u0105dzenia,<\/li>\n<li>aplikacj\u0119 mobiln\u0105 SECO\/PREDICTIVE dost\u0119pn\u0105 w&nbsp;Google Play oraz&nbsp;App Store,<\/li>\n<li>archiwizacj\u0119 danych w&nbsp;chmurze lub innej wskazanej lokalizacji,<\/li>\n<li>narz\u0119dzia do&nbsp;analizy danych wraz z&nbsp;systemem eksperckim,<\/li>\n<li>prezentacj\u0119 i&nbsp;analiz\u0119 wska\u017anik\u00f3w OEE (dash board),<\/li>\n<li>analiza i&nbsp;raportowanie zu\u017cycia medi\u00f3w (profile energetyczne, raport koszt\u00f3w)<\/li>\n<li>systemem monitorowania pracy system\u00f3w m.in.:\n<ul>\n<li>grzejnego (element\u00f3w grzejnych, warunk\u00f3w pracy, stanu komory grzejnej etc.),<\/li>\n<li>pompowego (praca pomp, nieszczelno\u015bci, wydajno\u015bci systemu),<\/li>\n<li>wodnego (wykrywanie niedro\u017cno\u015bci, kontrola przep\u0142ywu, temperatury czynnika ch\u0142odz\u0105cego),<\/li>\n<li>automatyki steruj\u0105cej (pe\u0142na diagnostyka systemu, statystyka prze\u0142\u0105cze\u0144, analiza i&nbsp;nadz\u00f3r sieci po\u0142\u0105cze\u0144 etc)<\/li>\n<li>transportowego (infrastruktur\u0105 wibrodiagnostyki \u0142o\u017cysk silnik\u00f3w i&nbsp;nap\u0119d\u00f3w,<\/li>\n<li>kontrol\u0105 kolizji, optymalizacj\u0105 kolejkowania wsad\u00f3w)medi\u00f3w (bilansowanie, zaopatrzenie, kontrola zu\u017cycia) etc.<\/li>\n<\/ul>\n<\/li>\n<\/ul>\n<p>[\/et_pb_tab][et_pb_tab title=&#8221;Cloud&#8221; _builder_version=&#8221;4.23.1&#8243; global_colors_info=&#8221;{}&#8221;]<\/p>\n<h2>SECO<span style=\"color: #dc291e;\">\/<\/span>PREDICTIVE CLOUD<\/h2>\n<p style=\"text-align: justify;\">To&nbsp;najszybszy zwrot z&nbsp;inwestycji ze&nbsp;wzgl\u0119du na&nbsp;liczb\u0119 przy\u0142\u0105czonych urz\u0105dze\u0144 i&nbsp;us\u0142ug powi\u0105zanych. Si\u0142\u0105 systemu jest du\u017ca baza danych z&nbsp;r\u00f3\u017cnych urz\u0105dze\u0144. Zaawansowane algorytmy analizy danych zapewniaj\u0105 najwi\u0119ksz\u0105 skuteczno\u015b\u0107 wykrywania potencjalnych awarii.<br \/>Powi\u0105zanie z&nbsp;systemem monitoringu aktywno\u015bci serwisowej dodatkowo umo\u017cliwia rezerwacj\u0119 zasob\u00f3w i&nbsp;odpowiednich materia\u0142\u00f3w na&nbsp;stanach magazynowych SECO\/WARWICK, b\u0105d\u017a w&nbsp;siedzibie klienta po&nbsp;to, by&nbsp;jeszcze bardziej skr\u00f3ci\u0107 czas wymaganego przestoju. Bezpiecze\u0144stwo gwarantuj\u0105 wbudowane mechanizmy szyfrowania danych zar\u00f3wno na&nbsp;etapie przesy\u0142ania jak i&nbsp;przechowywania danych oraz&nbsp;system zabezpiecze\u0144 dost\u0119pu aktualizowany w&nbsp;trybie online.<\/p>\n<p>[\/et_pb_tab][\/et_pb_tabs][\/et_pb_column][et_pb_column type=&#8221;1_4&#8243; _builder_version=&#8221;4.16&#8243; custom_padding=&#8221;|||&#8221; global_colors_info=&#8221;{}&#8221; custom_padding__hover=&#8221;|||&#8221;][et_pb_image src=&#8221;https:\/\/www.secowarwick.com\/wp-content\/uploads\/2018\/10\/2018_SECOPREDICTIVE_AlCircle_225x450.gif&#8221; alt=&#8221;SECO\/PREDICTIVE sprawd\u017a co\u00a0mo\u017cemy Ci\u00a0zaoferowa\u0107 dzi\u0119ki nowoczesnemu systemowi predykcji&#8221; title_text=&#8221;Oferta SECO\/PREDICTIVE od\u00a0SECO\/WARWICK&#8221; align_tablet=&#8221;center&#8221; align_phone=&#8221;center&#8221; align_last_edited=&#8221;on|desktop&#8221; _builder_version=&#8221;4.16&#8243; global_colors_info=&#8221;{}&#8221;][\/et_pb_image][\/et_pb_column][\/et_pb_row][\/et_pb_section][et_pb_section fb_built=&#8221;1&#8243; _builder_version=&#8221;4.16&#8243; custom_margin=&#8221;0px||0px|&#8221; custom_padding=&#8221;0px||0px|&#8221; global_colors_info=&#8221;{}&#8221;][et_pb_row _builder_version=&#8221;4.16&#8243; custom_margin=&#8221;0px||0px|&#8221; custom_padding=&#8221;0px||0px|&#8221; global_colors_info=&#8221;{}&#8221;][et_pb_column type=&#8221;4_4&#8243; _builder_version=&#8221;4.16&#8243; custom_padding=&#8221;|||&#8221; global_colors_info=&#8221;{}&#8221; custom_padding__hover=&#8221;|||&#8221;][et_pb_text _builder_version=&#8221;4.23.1&#8243; custom_margin=&#8221;0px||0px|&#8221; custom_padding=&#8221;0px||0px|&#8221; global_colors_info=&#8221;{}&#8221;]<\/p>\n<p><iframe loading=\"lazy\" title=\"SECO\/PREDICTIVE | Predict what\u2019s unpredictable with an intelligent device control system\" width=\"1080\" height=\"608\" src=\"https:\/\/www.youtube.com\/embed\/XRjlijDtdq0?feature=oembed\"  allow=\"accelerometer; autoplay; clipboard-write; encrypted-media; gyroscope; picture-in-picture; web-share\" referrerpolicy=\"strict-origin-when-cross-origin\" allowfullscreen><\/iframe><\/p>\n<p>[\/et_pb_text][\/et_pb_column][\/et_pb_row][et_pb_row _builder_version=&#8221;4.23.1&#8243; _module_preset=&#8221;default&#8221; global_colors_info=&#8221;{}&#8221;][et_pb_column type=&#8221;4_4&#8243; _builder_version=&#8221;4.23.1&#8243; _module_preset=&#8221;default&#8221; global_colors_info=&#8221;{}&#8221;][\/et_pb_column][\/et_pb_row][et_pb_row column_structure=&#8221;3_4,1_4&#8243; use_custom_gutter=&#8221;on&#8221; gutter_width=&#8221;2&#8243; module_class=&#8221;automatycy-wiersz-korzysci&#8221; _builder_version=&#8221;4.23.1&#8243; _module_preset=&#8221;default&#8221; locked=&#8221;off&#8221; global_colors_info=&#8221;{}&#8221;][et_pb_column type=&#8221;3_4&#8243; _builder_version=&#8221;4.23.1&#8243; _module_preset=&#8221;default&#8221; global_colors_info=&#8221;{}&#8221;][et_pb_text module_class=&#8221;przecinek-tlo-nizej&#8221; _builder_version=&#8221;4.23.1&#8243; text_text_color=&#8221;#000000&#8243; background_size=&#8221;initial&#8221; background_position=&#8221;top_left&#8221; background_repeat=&#8221;repeat&#8221; use_border_color=&#8221;off&#8221; global_colors_info=&#8221;{}&#8221;]SECO\/PREDICTIVE &#8211; KORZY\u015aCI[\/et_pb_text][et_pb_text module_class=&#8221;opis-korzysci&#8221; _builder_version=&#8221;4.23.1&#8243; _module_preset=&#8221;default&#8221; custom_margin=&#8221;20px||||false|false&#8221; global_colors_info=&#8221;{}&#8221;]<\/p>\n<p><strong><span style=\"color: #dc291e;\">\/<\/span><\/strong><strong>\u00a0Utrzymanie ci\u0105g\u0142o\u015bci produkcji <\/strong>i&nbsp;wykrywanie potencjalnych awarii przed&nbsp;ich wyst\u0105pieniem.<br \/><strong><span style=\"color: #dc291e;\">\/<\/span>\u00a0Zapobieganie awariom<\/strong> i&nbsp;przestojom zamiast walki z&nbsp;ich nast\u0119pstwami.<br \/><strong><span style=\"color: #dc291e;\">\/<\/span>\u00a0Skuteczne i&nbsp;wydajne planowanie produkcji<\/strong>, przestoj\u00f3w i&nbsp;przegl\u0105d\u00f3w okresowych, bo&nbsp;wiemy jak wa\u017cna jest wydajno\u015b\u0107 i&nbsp;efektywno\u015b\u0107 produkcji oraz&nbsp;optymalizacja prac dzia\u0142u utrzymania ruchu.<\/p>\n<p>[\/et_pb_text][\/et_pb_column][et_pb_column type=&#8221;1_4&#8243; _builder_version=&#8221;4.23.1&#8243; _module_preset=&#8221;default&#8221; global_colors_info=&#8221;{}&#8221;][et_pb_image src=&#8221;https:\/\/www.secowarwick.com\/wp-content\/uploads\/2024\/05\/korzysci.png&#8221; alt=&#8221;korzy\u015bci&#8221; align=&#8221;center&#8221; module_class=&#8221;obraz-korzysci&#8221; _builder_version=&#8221;4.23.1&#8243; _module_preset=&#8221;default&#8221; global_colors_info=&#8221;{}&#8221;][\/et_pb_image][\/et_pb_column][\/et_pb_row][et_pb_row _builder_version=&#8221;4.23.1&#8243; _module_preset=&#8221;default&#8221; global_colors_info=&#8221;{}&#8221;][et_pb_column type=&#8221;4_4&#8243; _builder_version=&#8221;4.23.1&#8243; _module_preset=&#8221;default&#8221; global_colors_info=&#8221;{}&#8221;][\/et_pb_column][\/et_pb_row][\/et_pb_section]<\/p>\n","protected":false},"excerpt":{"rendered":"<p>SECO\/PREDICTIVE \u2013 nowoczesny monitoring i\u00a0diagnostyka urz\u0105dze\u0144 Ryzyko awarii ograniczone do\u00a0minimum i\u00a0pewno\u015b\u0107 efektywnej pracy Twoich\u00a0urz\u0105dze\u0144. Wiemy, jakie to\u00a0wa\u017cne, gdy\u00a0zarz\u0105dzasz firm\u0105.Maj\u0105c na&nbsp;uwadze liczb\u0119 decyzji biznesowych, jakie musisz podj\u0105\u0107 ka\u017cdego dnia i&nbsp;konieczno\u015b\u0107 nieprzerwanej dost\u0119pno\u015bci Twoich&nbsp;urz\u0105dze\u0144, wprowadzili\u015bmy do&nbsp;naszej oferty autorski system SECO\/PREDICTIVE. SECO\/PREDICTIVE to&nbsp;zaawansowany, inteligentny system kontroli urz\u0105dze\u0144 umo\u017cliwiaj\u0105cy wykrywanie ich potencjalnych awarii jeszcze przed&nbsp;ich wyst\u0105pieniem. SECO\/PREDICTIVE gwarantuje wysok\u0105 [&hellip;]<\/p>\n","protected":false},"author":9,"featured_media":0,"parent":53793,"menu_order":0,"comment_status":"closed","ping_status":"closed","template":"","meta":{"_acf_changed":false,"_et_pb_use_builder":"on","_et_pb_old_content":"","_et_gb_content_width":"","footnotes":""},"class_list":["post-65990","page","type-page","status-publish"],"acf":[],"_links":{"self":[{"href":"https:\/\/www.secowarwick.com\/pl\/wp-json\/wp\/v2\/pages\/65990","targetHints":{"allow":["GET"]}}],"collection":[{"href":"https:\/\/www.secowarwick.com\/pl\/wp-json\/wp\/v2\/pages"}],"about":[{"href":"https:\/\/www.secowarwick.com\/pl\/wp-json\/wp\/v2\/types\/page"}],"author":[{"embeddable":true,"href":"https:\/\/www.secowarwick.com\/pl\/wp-json\/wp\/v2\/users\/9"}],"replies":[{"embeddable":true,"href":"https:\/\/www.secowarwick.com\/pl\/wp-json\/wp\/v2\/comments?post=65990"}],"version-history":[{"count":17,"href":"https:\/\/www.secowarwick.com\/pl\/wp-json\/wp\/v2\/pages\/65990\/revisions"}],"predecessor-version":[{"id":178220,"href":"https:\/\/www.secowarwick.com\/pl\/wp-json\/wp\/v2\/pages\/65990\/revisions\/178220"}],"up":[{"embeddable":true,"href":"https:\/\/www.secowarwick.com\/pl\/wp-json\/wp\/v2\/pages\/53793"}],"wp:attachment":[{"href":"https:\/\/www.secowarwick.com\/pl\/wp-json\/wp\/v2\/media?parent=65990"}],"curies":[{"name":"wp","href":"https:\/\/api.w.org\/{rel}","templated":true}]}}