{"id":6697,"date":"2016-11-21T15:33:49","date_gmt":"2016-11-21T14:33:49","guid":{"rendered":"http:\/\/www.secowarwick.com\/pl\/ospolce\/partner\/"},"modified":"2017-04-24T21:42:35","modified_gmt":"2017-04-24T19:42:35","slug":"referencje","status":"publish","type":"page","link":"https:\/\/www.secowarwick.com\/pl\/ospolce\/referencje\/","title":{"rendered":"Osi\u0105gni\u0119cia"},"content":{"rendered":"<p>Opinia naszych klient\u00f3w by\u0142a, jest i b\u0119dzie wa\u017cna, st\u0105d to co pisz\u0105 o nas nasi klienci w referencjach jest istotne. To wyraz dobrej wsp\u00f3\u0142pracy, wysokiej jako\u015bci naszych produkt\u00f3w i doradztwa w zakresie reorganizacji park\u00f3w maszynowych, dobierania technologii, kt\u00f3re nie tylko s\u0105 wydajne, ale pozwalaj\u0105 w przysz\u0142o\u015bci na rozw\u00f3j, zmiany skali i funkcjonalno\u015bci.<\/p>\n<p>\u017byw\u0105 referencj\u0105 jest jednak trwa\u0142a wsp\u00f3\u0142praca z naszymi klientami i stale poszerzaj\u0105ce si\u0119 grono nowych klient\u00f3w na ca\u0142ym \u015bwiecie. W tej chwili to ju\u017c ponad 3000 urz\u0105dze\u0144 dzia\u0142aj\u0105cych w ponad 70 krajach na ca\u0142ym \u015bwiecie, dziesi\u0105tki patent\u00f3w nagr\u00f3d i certyfikat\u00f3w, tysi\u0105ce powierzchni produkcyjnej w 6 zak\u0142adach oraz ponad 1000 pracownik\u00f3w z setk\u0105 in\u017cynier\u00f3w projektant\u00f3w urz\u0105dze\u0144.<\/p>\n<p>Mo\u017cemy pochwali\u0107 si\u0119 dobrymi referencjami klient\u00f3w z wielu bran\u017c przemys\u0142u \u2013 mi\u0119dzy innymi energetycznej, lotniczej, samochodowej, maszynowej, medycznej, czy nuklearnej.<\/p>\n<p>Poni\u017cej lista referencji wybranych klient\u00f3w.<\/p>\n","protected":false},"excerpt":{"rendered":"<p>Opinia naszych klient\u00f3w by\u0142a, jest i b\u0119dzie wa\u017cna, st\u0105d to co pisz\u0105 o nas nasi klienci w referencjach jest istotne. To wyraz dobrej wsp\u00f3\u0142pracy, wysokiej jako\u015bci naszych produkt\u00f3w i doradztwa w zakresie reorganizacji park\u00f3w maszynowych, dobierania technologii, kt\u00f3re nie tylko s\u0105 wydajne, ale pozwalaj\u0105 w przysz\u0142o\u015bci na rozw\u00f3j, zmiany skali i funkcjonalno\u015bci. \u017byw\u0105 referencj\u0105 jest [&hellip;]<\/p>\n","protected":false},"author":2,"featured_media":0,"parent":6349,"menu_order":0,"comment_status":"closed","ping_status":"closed","template":"","meta":{"_acf_changed":false,"_et_pb_use_builder":"","_et_pb_old_content":"","_et_gb_content_width":"","footnotes":""},"class_list":["post-6697","page","type-page","status-publish"],"acf":[],"_links":{"self":[{"href":"https:\/\/www.secowarwick.com\/pl\/wp-json\/wp\/v2\/pages\/6697","targetHints":{"allow":["GET"]}}],"collection":[{"href":"https:\/\/www.secowarwick.com\/pl\/wp-json\/wp\/v2\/pages"}],"about":[{"href":"https:\/\/www.secowarwick.com\/pl\/wp-json\/wp\/v2\/types\/page"}],"author":[{"embeddable":true,"href":"https:\/\/www.secowarwick.com\/pl\/wp-json\/wp\/v2\/users\/2"}],"replies":[{"embeddable":true,"href":"https:\/\/www.secowarwick.com\/pl\/wp-json\/wp\/v2\/comments?post=6697"}],"version-history":[{"count":0,"href":"https:\/\/www.secowarwick.com\/pl\/wp-json\/wp\/v2\/pages\/6697\/revisions"}],"up":[{"embeddable":true,"href":"https:\/\/www.secowarwick.com\/pl\/wp-json\/wp\/v2\/pages\/6349"}],"wp:attachment":[{"href":"https:\/\/www.secowarwick.com\/pl\/wp-json\/wp\/v2\/media?parent=6697"}],"curies":[{"name":"wp","href":"https:\/\/api.w.org\/{rel}","templated":true}]}}